{"id":49,"date":"2024-04-04T08:53:23","date_gmt":"2024-04-04T05:53:23","guid":{"rendered":"https:\/\/sisu.ut.ee\/biogymnaasium\/moodul5\/"},"modified":"2024-04-04T08:54:45","modified_gmt":"2024-04-04T05:54:45","slug":"moodul5","status":"publish","type":"page","link":"https:\/\/sisu.ut.ee\/biogymnaasium\/moodul5\/","title":{"rendered":"5. Moodul"},"content":{"rendered":"<h4>\n\t\u00a0Inimese talitluse regulatsioon<br>\n<\/h4>\n<p>\n\t<img loading=\"lazy\" decoding=\"async\" width=\"500\" height=\"500\" class=\"alignnone wp-image-352\" style=\"width: 150px;height: 150px;margin-left: 10px;margin-right: 10px;float: left\" src=\"https:\/\/sisu.ut.ee\/wp-content\/uploads\/sites\/647\/5teema.png\" title=\"5teema.png\" alt=\"5teema\" srcset=\"https:\/\/sisu.ut.ee\/wp-content\/uploads\/sites\/647\/5teema.png 500w, https:\/\/sisu.ut.ee\/wp-content\/uploads\/sites\/647\/5teema-300x300.png 300w, https:\/\/sisu.ut.ee\/wp-content\/uploads\/sites\/647\/5teema-150x150.png 150w\" sizes=\"auto, (max-width: 500px) 100vw, 500px\"><strong>TEEMA MOTO \u2013 INIMENE TOIMIB S\u00dcSTEEMINA, mille k\u00f5ik komponendid on eluliselt t\u00e4htsad<\/strong>\n<\/p>\n<p>\n\tViiendal n\u00e4dalal on j\u00e4rg inimese anatoomia ja f\u00fcsioloogia k\u00e4es. Vaatame, millised on inimorganismi regulatsioonimehhanismid, kuidas toimib immuuns\u00fcsteem ja millised on selle h\u00e4ired, mis on sisekeskkonna stabiilsus ehk hom\u00f6ostaas. Juttu tuleb ka inimese energiavajadusest. P\u00e4rast materjali l\u00e4bit\u00f6\u00f6tamist peaksid m\u00f5istma inimese regulatsioonimehhanismide olemust ja eesm\u00e4rke, immuuns\u00fcsteemi toimemehhanisme ja energia-bilansi t\u00e4htsust inimese organismis.\u00a0\n<\/p>\n<p>\n\t\u00a0\n<\/p>\n<h4>\n\t5. Mooduli sissejuhatav video<br>\n<\/h4>\n<p>\n\t\u201cInimese talitluse regulatsioon\u201d \u2013 Sulev Kuuse \u00a0(T\u00dc Molekulaar- ja rakubioloogia instituudi vivaariumi juhataja)\n<\/p>\n<p>\n\t<\/p><div class=\"ratio ratio-16x9 mb-3\"><div class=\"video-placeholder-wrapper video-placeholder-wrapper--16x9\">\n\t\t\t    <div class=\"video-placeholder d-flex justify-content-center align-items-center\">\n\t\t\t        <div class=\"overlay text-white p-2 w-100 text-center d-block justify-content-center align-items-center\">\n\t\t\t            <div>Kolmandate osapoolte sisu n\u00e4gemiseks palun n\u00f5ustu k\u00fcpsistega.<\/div>\n\t\t\t            <button class=\"btn btn-secondary btn-sm mt-1 consent-change\">Muuda n\u00f5usolekut<\/button>\n\t\t\t        <\/div>\n\t\t\t    <\/div>\n\t\t\t<\/div>\n<\/div>\n\n<p style=\"text-align: center\">\n\tNB Video vaatamiseks t\u00e4isekraanil kl\u00f5psa nupule\u00a0<img decoding=\"async\" alt=\"T\u00e4isekraani nupp\" data-file_info=\"%7B%22fid%22:%2280964%22,%22view_mode%22:%22default%22,%22type%22:%22media%22%7D\" src=\"https:\/\/sisu.ut.ee\/wp-content\/uploads\/sites\/647\/nupp_taisekraan.png\" title=\"\"><\/p>\n","protected":false},"excerpt":{"rendered":"<p>\u00a0Inimese talitluse regulatsioon TEEMA MOTO \u2013 INIMENE TOIMIB S\u00dcSTEEMINA, mille k\u00f5ik komponendid on eluliselt t\u00e4htsad Viiendal n\u00e4dalal on j\u00e4rg inimese anatoomia ja f\u00fcsioloogia k\u00e4es. Vaatame, millised on inimorganismi regulatsioonimehhanismid, kuidas toimib immuuns\u00fcsteem ja millised on selle h\u00e4ired, mis on sisekeskkonna &#8230;<\/p>\n","protected":false},"author":319,"featured_media":0,"parent":0,"menu_order":0,"comment_status":"closed","ping_status":"closed","template":"","meta":{"_acf_changed":false,"inline_featured_image":false,"footnotes":""},"class_list":["post-49","page","type-page","status-publish","hentry"],"acf":[],"_links":{"self":[{"href":"https:\/\/sisu.ut.ee\/biogymnaasium\/wp-json\/wp\/v2\/pages\/49","targetHints":{"allow":["GET"]}}],"collection":[{"href":"https:\/\/sisu.ut.ee\/biogymnaasium\/wp-json\/wp\/v2\/pages"}],"about":[{"href":"https:\/\/sisu.ut.ee\/biogymnaasium\/wp-json\/wp\/v2\/types\/page"}],"author":[{"embeddable":true,"href":"https:\/\/sisu.ut.ee\/biogymnaasium\/wp-json\/wp\/v2\/users\/319"}],"replies":[{"embeddable":true,"href":"https:\/\/sisu.ut.ee\/biogymnaasium\/wp-json\/wp\/v2\/comments?post=49"}],"version-history":[{"count":1,"href":"https:\/\/sisu.ut.ee\/biogymnaasium\/wp-json\/wp\/v2\/pages\/49\/revisions"}],"predecessor-version":[{"id":458,"href":"https:\/\/sisu.ut.ee\/biogymnaasium\/wp-json\/wp\/v2\/pages\/49\/revisions\/458"}],"wp:attachment":[{"href":"https:\/\/sisu.ut.ee\/biogymnaasium\/wp-json\/wp\/v2\/media?parent=49"}],"curies":[{"name":"wp","href":"https:\/\/api.w.org\/{rel}","templated":true}]}}