{"id":47,"date":"2024-04-04T08:53:23","date_gmt":"2024-04-04T05:53:23","guid":{"rendered":"https:\/\/sisu.ut.ee\/biogymnaasium\/moodul3\/"},"modified":"2024-04-04T08:54:45","modified_gmt":"2024-04-04T05:54:45","slug":"moodul3","status":"publish","type":"page","link":"https:\/\/sisu.ut.ee\/biogymnaasium\/moodul3\/","title":{"rendered":"3. moodul"},"content":{"rendered":"<p>\u00a0\u00a0<\/p>\n<h4>\n\tAine- ja energiavahetus<br>\n<\/h4>\n<p>\n\t<img loading=\"lazy\" decoding=\"async\" width=\"500\" height=\"500\" class=\"alignnone wp-image-349\" style=\"width: 150px;height: 150px;float: left;margin-left: 10px;margin-right: 10px\" src=\"https:\/\/sisu.ut.ee\/wp-content\/uploads\/sites\/647\/screenshot_2023-03-21_at_09.32.46.png\" title=\"screenshot_2023-03-21_at_09.32.46.png\" alt=\"3teema\" srcset=\"https:\/\/sisu.ut.ee\/wp-content\/uploads\/sites\/647\/screenshot_2023-03-21_at_09.32.46.png 500w, https:\/\/sisu.ut.ee\/wp-content\/uploads\/sites\/647\/screenshot_2023-03-21_at_09.32.46-300x300.png 300w, https:\/\/sisu.ut.ee\/wp-content\/uploads\/sites\/647\/screenshot_2023-03-21_at_09.32.46-150x150.png 150w\" sizes=\"auto, (max-width: 500px) 100vw, 500px\"><strong>TEEMA MOTO\u00a0\u2013 ELU TAGAB PIDEV ENERGIA JUURDEVOOL V\u00c4LJASTPOOLT<\/strong>\n<\/p>\n<p>\n\tKolmandal n\u00e4dalal on teemaks organismide ainevahetus ja sellega seotud ained ja protsessid:\u00a0energia- ja s\u00fcsinikuvajadus, ATP, rakuhingamine, k\u00e4\u00e4rimine ja fotos\u00fcntees.\u00a0\u00a0P\u00e4rast materjali l\u00e4bit\u00f6\u00f6tamist peaksid m\u00f5istma energia ja s\u00fcsiniku rolli organismide elus ja aine- ja energiavahetuse p\u00f5hiprotsesse\u00a0 (fotos\u00fcnteesi ja rakuhingamist).\n<\/p>\n<p>\n\t\u00a0\n<\/p>\n<p>\n\t\u00a0\n<\/p>\n<h4>\n\t3. Mooduli sissejuhatav video<br>\n<\/h4>\n<p>\n\t\u201cAine- ja energiavahetus\u201d \u2013 Prof. Ants Kurg (T\u00dc Molekulaar- ja rakubioloogia instituudi biotehnoloogia \u00f5ppetooli juhataja)\n<\/p>\n<p>\n\t<\/p><div class=\"ratio ratio-16x9 mb-3\"><div class=\"video-placeholder-wrapper video-placeholder-wrapper--16x9\">\n\t\t\t    <div class=\"video-placeholder d-flex justify-content-center align-items-center\">\n\t\t\t        <div class=\"overlay text-white p-2 w-100 text-center d-block justify-content-center align-items-center\">\n\t\t\t            <div>Kolmandate osapoolte sisu n\u00e4gemiseks palun n\u00f5ustu k\u00fcpsistega.<\/div>\n\t\t\t            <button class=\"btn btn-secondary btn-sm mt-1 consent-change\">Muuda n\u00f5usolekut<\/button>\n\t\t\t        <\/div>\n\t\t\t    <\/div>\n\t\t\t<\/div>\n<\/div>\n\n<p style=\"text-align: center\">\n\tNB Video vaatamiseks t\u00e4isekraanil kl\u00f5psa nupule\u00a0<img decoding=\"async\" alt=\"T\u00e4isekraani nupp\" data-file_info=\"%7B%22fid%22:%2280964%22,%22view_mode%22:%22default%22,%22type%22:%22media%22%7D\" src=\"https:\/\/sisu.ut.ee\/wp-content\/uploads\/sites\/647\/nupp_taisekraan.png\" title=\"\"><\/p>\n","protected":false},"excerpt":{"rendered":"<p>\u00a0\u00a0 Aine- ja energiavahetus TEEMA MOTO\u00a0\u2013 ELU TAGAB PIDEV ENERGIA JUURDEVOOL V\u00c4LJASTPOOLT Kolmandal n\u00e4dalal on teemaks organismide ainevahetus ja sellega seotud ained ja protsessid:\u00a0energia- ja s\u00fcsinikuvajadus, ATP, rakuhingamine, k\u00e4\u00e4rimine ja fotos\u00fcntees.\u00a0\u00a0P\u00e4rast materjali l\u00e4bit\u00f6\u00f6tamist peaksid m\u00f5istma energia ja s\u00fcsiniku rolli organismide &#8230;<\/p>\n","protected":false},"author":319,"featured_media":0,"parent":0,"menu_order":0,"comment_status":"closed","ping_status":"closed","template":"","meta":{"_acf_changed":false,"inline_featured_image":false,"footnotes":""},"class_list":["post-47","page","type-page","status-publish","hentry"],"acf":[],"_links":{"self":[{"href":"https:\/\/sisu.ut.ee\/biogymnaasium\/wp-json\/wp\/v2\/pages\/47","targetHints":{"allow":["GET"]}}],"collection":[{"href":"https:\/\/sisu.ut.ee\/biogymnaasium\/wp-json\/wp\/v2\/pages"}],"about":[{"href":"https:\/\/sisu.ut.ee\/biogymnaasium\/wp-json\/wp\/v2\/types\/page"}],"author":[{"embeddable":true,"href":"https:\/\/sisu.ut.ee\/biogymnaasium\/wp-json\/wp\/v2\/users\/319"}],"replies":[{"embeddable":true,"href":"https:\/\/sisu.ut.ee\/biogymnaasium\/wp-json\/wp\/v2\/comments?post=47"}],"version-history":[{"count":1,"href":"https:\/\/sisu.ut.ee\/biogymnaasium\/wp-json\/wp\/v2\/pages\/47\/revisions"}],"predecessor-version":[{"id":460,"href":"https:\/\/sisu.ut.ee\/biogymnaasium\/wp-json\/wp\/v2\/pages\/47\/revisions\/460"}],"wp:attachment":[{"href":"https:\/\/sisu.ut.ee\/biogymnaasium\/wp-json\/wp\/v2\/media?parent=47"}],"curies":[{"name":"wp","href":"https:\/\/api.w.org\/{rel}","templated":true}]}}