{"id":46,"date":"2024-04-04T08:53:23","date_gmt":"2024-04-04T05:53:23","guid":{"rendered":"https:\/\/sisu.ut.ee\/biogymnaasium\/moodul2\/"},"modified":"2024-04-04T08:54:45","modified_gmt":"2024-04-04T05:54:45","slug":"moodul2","status":"publish","type":"page","link":"https:\/\/sisu.ut.ee\/biogymnaasium\/moodul2\/","title":{"rendered":"2. Moodul"},"content":{"rendered":"<h4>\n\tRaku\u00f5petus<br>\n<\/h4>\n<p>\n\t<img loading=\"lazy\" decoding=\"async\" width=\"500\" height=\"500\" class=\"alignnone wp-image-348\" style=\"width: 150px;height: 150px;margin: 10px 20px;float: left\" src=\"https:\/\/sisu.ut.ee\/wp-content\/uploads\/sites\/647\/teema2.png\" title=\"teema2.png\" alt=\"Moodul 2\" srcset=\"https:\/\/sisu.ut.ee\/wp-content\/uploads\/sites\/647\/teema2.png 500w, https:\/\/sisu.ut.ee\/wp-content\/uploads\/sites\/647\/teema2-300x300.png 300w, https:\/\/sisu.ut.ee\/wp-content\/uploads\/sites\/647\/teema2-150x150.png 150w\" sizes=\"auto, (max-width: 500px) 100vw, 500px\"><strong>TEEMA MOTO \u2013 KOGU ELU ALGAB RAKUST, sest rakul on k\u00f5ik elu tunnused, mis tagavad ka hulkrakste organismide toimimise.<\/strong>\n<\/p>\n<p>\n\tTeisel n\u00e4dalal r\u00e4\u00e4gime rakkudest ja rakuteooria p\u00f5hiseisukohtadest. Uurime, milline on eukar\u00fcootse raku ehitus ja mille poolest sarnanevad v\u00f5i erinevad\u00a0looma-, taime-, seene- ja bakterirakk. Juttu tuleb ka\u00a0bakterite ja seente t\u00e4htsusest looduses ja inimese elus.\u00a0\n<\/p>\n<p>\n\tP\u00e4rast materjali l\u00e4bit\u00f6\u00f6tamist peaksid m\u00f5istma rakuteooria p\u00f5hiseisukohti, aru saama rakkude mitmekesisusest ja selle p\u00f5hjustest ning teadma rakkude ehituse ja talitluse koosk\u00f5la ning rakkude ehitusest tingitud erinevusi organismide ehituses ja talitluses.\n<\/p>\n<p>\n\t\u00a0\n<\/p>\n<h4>\n\t2. Mooduli sissejuhatav video<br>\n<\/h4>\n<p>\n\t\u201cRaku\u00f5petus\u201d \u2013 prof Toivo Maimets (T\u00dc molekulaar- ja rakubioloogia instituudi rakubioloogia \u00f5ppetooli juhataja)\n<\/p>\n<p>\n\t<\/p><div class=\"ratio ratio-16x9 mb-3\"><div class=\"video-placeholder-wrapper video-placeholder-wrapper--16x9\">\n\t\t\t    <div class=\"video-placeholder d-flex justify-content-center align-items-center\">\n\t\t\t        <div class=\"overlay text-white p-2 w-100 text-center d-block justify-content-center align-items-center\">\n\t\t\t            <div>Kolmandate osapoolte sisu n\u00e4gemiseks palun n\u00f5ustu k\u00fcpsistega.<\/div>\n\t\t\t            <button class=\"btn btn-secondary btn-sm mt-1 consent-change\">Muuda n\u00f5usolekut<\/button>\n\t\t\t        <\/div>\n\t\t\t    <\/div>\n\t\t\t<\/div>\n<\/div>\n\n<p style=\"text-align: center\">\n\tNB Video vaatamiseks t\u00e4isekraanil kl\u00f5psa nupule\u00a0<img decoding=\"async\" alt=\"T\u00e4isekraani nupp\" data-file_info=\"%7B%22fid%22:%2280964%22,%22view_mode%22:%22default%22,%22type%22:%22media%22%7D\" src=\"https:\/\/sisu.ut.ee\/wp-content\/uploads\/sites\/647\/nupp_taisekraan.png\" title=\"\"><\/p>\n","protected":false},"excerpt":{"rendered":"<p>Raku\u00f5petus TEEMA MOTO \u2013 KOGU ELU ALGAB RAKUST, sest rakul on k\u00f5ik elu tunnused, mis tagavad ka hulkrakste organismide toimimise. Teisel n\u00e4dalal r\u00e4\u00e4gime rakkudest ja rakuteooria p\u00f5hiseisukohtadest. Uurime, milline on eukar\u00fcootse raku ehitus ja mille poolest sarnanevad v\u00f5i erinevad\u00a0looma-, taime-, &#8230;<\/p>\n","protected":false},"author":319,"featured_media":0,"parent":0,"menu_order":0,"comment_status":"closed","ping_status":"closed","template":"","meta":{"_acf_changed":false,"inline_featured_image":false,"footnotes":""},"class_list":["post-46","page","type-page","status-publish","hentry"],"acf":[],"_links":{"self":[{"href":"https:\/\/sisu.ut.ee\/biogymnaasium\/wp-json\/wp\/v2\/pages\/46","targetHints":{"allow":["GET"]}}],"collection":[{"href":"https:\/\/sisu.ut.ee\/biogymnaasium\/wp-json\/wp\/v2\/pages"}],"about":[{"href":"https:\/\/sisu.ut.ee\/biogymnaasium\/wp-json\/wp\/v2\/types\/page"}],"author":[{"embeddable":true,"href":"https:\/\/sisu.ut.ee\/biogymnaasium\/wp-json\/wp\/v2\/users\/319"}],"replies":[{"embeddable":true,"href":"https:\/\/sisu.ut.ee\/biogymnaasium\/wp-json\/wp\/v2\/comments?post=46"}],"version-history":[{"count":1,"href":"https:\/\/sisu.ut.ee\/biogymnaasium\/wp-json\/wp\/v2\/pages\/46\/revisions"}],"predecessor-version":[{"id":461,"href":"https:\/\/sisu.ut.ee\/biogymnaasium\/wp-json\/wp\/v2\/pages\/46\/revisions\/461"}],"wp:attachment":[{"href":"https:\/\/sisu.ut.ee\/biogymnaasium\/wp-json\/wp\/v2\/media?parent=46"}],"curies":[{"name":"wp","href":"https:\/\/api.w.org\/{rel}","templated":true}]}}