{"id":45,"date":"2024-04-04T08:53:23","date_gmt":"2024-04-04T05:53:23","guid":{"rendered":"https:\/\/sisu.ut.ee\/biogymnaasium\/moodul1\/"},"modified":"2024-04-04T08:54:45","modified_gmt":"2024-04-04T05:54:45","slug":"moodul1","status":"publish","type":"page","link":"https:\/\/sisu.ut.ee\/biogymnaasium\/moodul1\/","title":{"rendered":"1. Moodul"},"content":{"rendered":"<h4>\n\tBioloogia \u2013 teadus elust ja elu keemia<br>\n<\/h4>\n<p>\n\t<img loading=\"lazy\" decoding=\"async\" width=\"500\" height=\"500\" class=\"alignnone wp-image-347\" style=\"width: 150px;height: 150px;float: left;margin: 10px 20px\" src=\"https:\/\/sisu.ut.ee\/wp-content\/uploads\/sites\/647\/teema1.png\" title=\"teema1.png\" alt=\"Moodul 1\" srcset=\"https:\/\/sisu.ut.ee\/wp-content\/uploads\/sites\/647\/teema1.png 500w, https:\/\/sisu.ut.ee\/wp-content\/uploads\/sites\/647\/teema1-300x300.png 300w, https:\/\/sisu.ut.ee\/wp-content\/uploads\/sites\/647\/teema1-150x150.png 150w\" sizes=\"auto, (max-width: 500px) 100vw, 500px\"><strong>TEEMA MOTOKS ON \u2013 SA OLED SEE, MIDA SA S\u00d6\u00d6D, sest see peat\u00fckk r\u00e4\u00e4gib elust, selle koostisest ja tervislikust toidust, mis tagab elus olemise.<\/strong>\n<\/p>\n<p>\n\tEsimesel n\u00e4dalal r\u00e4\u00e4gime bioloogiast kui elu teadusest. Vaatame, millised on elu tunnused ja organiseerituse tasemed ning mida bioloogias uuritakse.\n<\/p>\n<p>\n\tTuleb juttu ka sellest, millest organismid koosnevad, biomolekulidest ja tervislikust toidust.\u00a0\n<\/p>\n<p>\n\tP\u00e4rast materjali l\u00e4bit\u00f6\u00f6tamist peaksid m\u00f5istma elu olemust ja organismide koostist ning teadma peamisi teadusliku uurimismeetodi etappe.\n<\/p>\n<p>\n\t\u00a0\n<\/p>\n<h4>\n\t1. Mooduli sissejuhatav video<br>\n<\/h4>\n<p>\n\t\u201cMis on bioloogia\u201d \u2013 prof Toivo Maimets (T\u00dc molekulaar- ja rakubioloogia instituudi rakubioloogia \u00f5ppetooli juhataja)\n<\/p>\n<p>\n\t<\/p><div class=\"ratio ratio-16x9 mb-3\"><div class=\"video-placeholder-wrapper video-placeholder-wrapper--16x9\">\n\t\t\t    <div class=\"video-placeholder d-flex justify-content-center align-items-center\">\n\t\t\t        <div class=\"overlay text-white p-2 w-100 text-center d-block justify-content-center align-items-center\">\n\t\t\t            <div>Kolmandate osapoolte sisu n\u00e4gemiseks palun n\u00f5ustu k\u00fcpsistega.<\/div>\n\t\t\t            <button class=\"btn btn-secondary btn-sm mt-1 consent-change\">Muuda n\u00f5usolekut<\/button>\n\t\t\t        <\/div>\n\t\t\t    <\/div>\n\t\t\t<\/div>\n<\/div>\n\n<p style=\"text-align: center\">\n\tNB Video vaatamiseks t\u00e4isekraanil kl\u00f5psa nupule\u00a0<img decoding=\"async\" alt=\"T\u00e4isekraani nupp\" data-file_info=\"%7B%22fid%22:%2280964%22,%22view_mode%22:%22default%22,%22type%22:%22media%22%7D\" src=\"https:\/\/sisu.ut.ee\/wp-content\/uploads\/sites\/647\/nupp_taisekraan.png\" title=\"\"><\/p>\n","protected":false},"excerpt":{"rendered":"<p>Bioloogia \u2013 teadus elust ja elu keemia TEEMA MOTOKS ON \u2013 SA OLED SEE, MIDA SA S\u00d6\u00d6D, sest see peat\u00fckk r\u00e4\u00e4gib elust, selle koostisest ja tervislikust toidust, mis tagab elus olemise. Esimesel n\u00e4dalal r\u00e4\u00e4gime bioloogiast kui elu teadusest. Vaatame, millised &#8230;<\/p>\n","protected":false},"author":319,"featured_media":0,"parent":0,"menu_order":0,"comment_status":"closed","ping_status":"closed","template":"","meta":{"_acf_changed":false,"inline_featured_image":false,"footnotes":""},"class_list":["post-45","page","type-page","status-publish","hentry"],"acf":[],"_links":{"self":[{"href":"https:\/\/sisu.ut.ee\/biogymnaasium\/wp-json\/wp\/v2\/pages\/45","targetHints":{"allow":["GET"]}}],"collection":[{"href":"https:\/\/sisu.ut.ee\/biogymnaasium\/wp-json\/wp\/v2\/pages"}],"about":[{"href":"https:\/\/sisu.ut.ee\/biogymnaasium\/wp-json\/wp\/v2\/types\/page"}],"author":[{"embeddable":true,"href":"https:\/\/sisu.ut.ee\/biogymnaasium\/wp-json\/wp\/v2\/users\/319"}],"replies":[{"embeddable":true,"href":"https:\/\/sisu.ut.ee\/biogymnaasium\/wp-json\/wp\/v2\/comments?post=45"}],"version-history":[{"count":1,"href":"https:\/\/sisu.ut.ee\/biogymnaasium\/wp-json\/wp\/v2\/pages\/45\/revisions"}],"predecessor-version":[{"id":462,"href":"https:\/\/sisu.ut.ee\/biogymnaasium\/wp-json\/wp\/v2\/pages\/45\/revisions\/462"}],"wp:attachment":[{"href":"https:\/\/sisu.ut.ee\/biogymnaasium\/wp-json\/wp\/v2\/media?parent=45"}],"curies":[{"name":"wp","href":"https:\/\/api.w.org\/{rel}","templated":true}]}}