{"id":42,"date":"2024-04-04T08:53:23","date_gmt":"2024-04-04T05:53:23","guid":{"rendered":"https:\/\/sisu.ut.ee\/biogymnaasium\/test5\/"},"modified":"2024-04-05T11:04:06","modified_gmt":"2024-04-05T08:04:06","slug":"test5","status":"publish","type":"page","link":"https:\/\/sisu.ut.ee\/biogymnaasium\/test5\/","title":{"rendered":"Enesekontrollitest"},"content":{"rendered":"<ul>\r\n\t<li>\r\n\t\tEnesekontrollitestis on 7-10 juhuslikult valitud k\u00fcsimust;\r\n\t<\/li>\r\n\t<li>\r\n\t\tIga k\u00fcsimuse vastust on v\u00f5imalik kohe peale vastamist kontrollida, vajutades nupule \u201cKontrolli\u201d;\r\n\t<\/li>\r\n\t<li>\r\n\t\tP\u00e4rast k\u00f5ikidele k\u00fcsimustele vastamist saab testi vastused\u00a0\u00fcle vaadata ning n\u00e4ha ka \u00f5igeid vastuseid.\r\n\t<\/li>\r\n<\/ul>\r\n\r\n<div class=\"h5p-iframe-wrapper\"><div class=\"video-placeholder-wrapper video-placeholder-wrapper--fixed\" style=\"height: 366px;\">\n\t\t\t    <div class=\"video-placeholder d-flex justify-content-center align-items-center\">\n\t\t\t        <div class=\"overlay text-white p-2 w-100 text-center d-block justify-content-center align-items-center\">\n\t\t\t            <div>Kolmandate osapoolte sisu n\u00e4gemiseks palun n\u00f5ustu k\u00fcpsistega.<\/div>\n\t\t\t            <button class=\"btn btn-secondary btn-sm mt-1 consent-change\">Muuda n\u00f5usolekut<\/button>\n\t\t\t        <\/div>\n\t\t\t    <\/div>\n\t\t\t<\/div>\n<\/div>\r\n","protected":false},"excerpt":{"rendered":"<p>Enesekontrollitestis on 7-10 juhuslikult valitud k\u00fcsimust; Iga k\u00fcsimuse vastust on v\u00f5imalik kohe peale vastamist kontrollida, vajutades nupule \u201cKontrolli\u201d; P\u00e4rast k\u00f5ikidele k\u00fcsimustele vastamist saab testi vastused\u00a0\u00fcle vaadata ning n\u00e4ha ka \u00f5igeid vastuseid.<\/p>\n","protected":false},"author":319,"featured_media":0,"parent":0,"menu_order":0,"comment_status":"closed","ping_status":"closed","template":"","meta":{"_acf_changed":false,"inline_featured_image":false,"footnotes":""},"class_list":["post-42","page","type-page","status-publish","hentry"],"acf":[],"_links":{"self":[{"href":"https:\/\/sisu.ut.ee\/biogymnaasium\/wp-json\/wp\/v2\/pages\/42","targetHints":{"allow":["GET"]}}],"collection":[{"href":"https:\/\/sisu.ut.ee\/biogymnaasium\/wp-json\/wp\/v2\/pages"}],"about":[{"href":"https:\/\/sisu.ut.ee\/biogymnaasium\/wp-json\/wp\/v2\/types\/page"}],"author":[{"embeddable":true,"href":"https:\/\/sisu.ut.ee\/biogymnaasium\/wp-json\/wp\/v2\/users\/319"}],"replies":[{"embeddable":true,"href":"https:\/\/sisu.ut.ee\/biogymnaasium\/wp-json\/wp\/v2\/comments?post=42"}],"version-history":[{"count":3,"href":"https:\/\/sisu.ut.ee\/biogymnaasium\/wp-json\/wp\/v2\/pages\/42\/revisions"}],"predecessor-version":[{"id":517,"href":"https:\/\/sisu.ut.ee\/biogymnaasium\/wp-json\/wp\/v2\/pages\/42\/revisions\/517"}],"wp:attachment":[{"href":"https:\/\/sisu.ut.ee\/biogymnaasium\/wp-json\/wp\/v2\/media?parent=42"}],"curies":[{"name":"wp","href":"https:\/\/api.w.org\/{rel}","templated":true}]}}