{"id":40,"date":"2024-04-04T08:53:22","date_gmt":"2024-04-04T05:53:22","guid":{"rendered":"https:\/\/sisu.ut.ee\/biogymnaasium\/avaleht\/"},"modified":"2024-04-04T08:54:45","modified_gmt":"2024-04-04T05:54:45","slug":"avaleht","status":"publish","type":"page","link":"https:\/\/sisu.ut.ee\/biogymnaasium\/","title":{"rendered":"Avaleht"},"content":{"rendered":"<h4 dir=\"ltr\">\n\tTere tulemast!<br>\n<\/h4>\n<blockquote>\n<p dir=\"ltr\">\n\t\tKursus viidi l\u00e4bi aprill-mai 2023. aastal. Kursuse ettevalmistamist\u00a0ja l\u00e4biviimist toetas Haridus- ja Teadusministeerium.<br>Kursuse \u00f5ppematerjale saab kasutada iseseisvaks \u00f5ppimiseks.\n\t<\/p>\n<\/blockquote>\n<p dir=\"ltr\">\n\t<strong>Kursuse eesm\u00e4rgiks<\/strong> on anda s\u00fcstemaatiline \u00fclevaade g\u00fcmnaasiumi bioloogias k\u00e4sitletavatest teemadest. Kursusel l\u00e4htutakse g\u00fcmnaasiumi bioloogia \u00f5ppekavast.\n<\/p>\n<p dir=\"ltr\">\n\tKursuse\u00a0\u00f5ppematerjalid on m\u00f5eldud neile, kes:\n<\/p>\n<ul dir=\"ltr\">\n<li>\n\t\tplaanivad\u00a0teha bioloogia l\u00f5pueksamit;\n\t<\/li>\n<li>\n\t\tsoovivad\u00a0oma \u00f5pinguid j\u00e4tkata \u00fclikoolis;\n\t<\/li>\n<li>\n\t\thuvituvad bioloogiast.<br>\u00a0\n\t<\/li>\n<\/ul>\n<h4>\n\tKursuse sissejuhatav video<br>\n<\/h4>\n<p>\n\t<\/p><div class=\"ratio ratio-16x9 mb-3\"><div class=\"video-placeholder-wrapper video-placeholder-wrapper--16x9\">\n\t\t\t    <div class=\"video-placeholder d-flex justify-content-center align-items-center\">\n\t\t\t        <div class=\"overlay text-white p-2 w-100 text-center d-block justify-content-center align-items-center\">\n\t\t\t            <div>Kolmandate osapoolte sisu n\u00e4gemiseks palun n\u00f5ustu k\u00fcpsistega.<\/div>\n\t\t\t            <button class=\"btn btn-secondary btn-sm mt-1 consent-change\">Muuda n\u00f5usolekut<\/button>\n\t\t\t        <\/div>\n\t\t\t    <\/div>\n\t\t\t<\/div>\n<\/div>\n\n<p style=\"text-align: center\">\n\tNB Video vaatamiseks t\u00e4isekraanil kl\u00f5psa nupule\u00a0<img decoding=\"async\" alt=\"T\u00e4isekraani nupp\" data-file_info=\"%7B%22fid%22:%2280964%22,%22view_mode%22:%22default%22,%22type%22:%22media%22%7D\" src=\"https:\/\/sisu.ut.ee\/wp-content\/uploads\/sites\/647\/nupp_taisekraan.png\" title=\"\">\n<\/p>\n<h4>\n\tMoodulid ja teemad<br>\n<\/h4>\n<p>\n\tIga mooduli l\u00f5pus on enesekontrollitest, mille k\u00fcsimused juhuslikult varieeruvad.\n<\/p>\n<table class=\"table table-hover\" border=\"1\" cellpadding=\"3\" cellspacing=\"0\" style=\"width: 600px\">\n<thead>\n<tr>\n<th scope=\"col\">\n\t\t\t\t<b>Moodul<\/b>\n\t\t\t<\/th>\n<th scope=\"col\">\n\t\t\t\t<strong>Teema ja otselink<\/strong>\n\t\t\t<\/th>\n<\/tr>\n<\/thead>\n<tbody>\n<tr>\n<td>\n\t\t\t\t1. moodul\n\t\t\t<\/td>\n<td>\n\t\t\t\t<a data-url=\"http:\/\/sisu.ut.ee\/biogymnaasium\/moodul1\" href=\"http:\/\/sisu.ut.ee\/biogymnaasium\/moodul1\" title=\"\">Bioloogia \u2013 teadus elust ja elu keemia<\/a>\n\t\t\t<\/td>\n<\/tr>\n<tr>\n<td>\n\t\t\t\t2. moodul\n\t\t\t<\/td>\n<td>\n\t\t\t\t<a data-url=\"http:\/\/sisu.ut.ee\/biogymnaasium\/moodul2\" href=\"http:\/\/sisu.ut.ee\/biogymnaasium\/moodul2\" title=\"\">Raku\u00f5petus<\/a>\n\t\t\t<\/td>\n<\/tr>\n<tr>\n<td>\n\t\t\t\t3. moodul\n\t\t\t<\/td>\n<td>\n\t\t\t\t<a data-url=\"http:\/\/sisu.ut.ee\/biogymnaasium\/moodul3\" href=\"http:\/\/sisu.ut.ee\/biogymnaasium\/moodul3\" title=\"\">Aine- ja energiavahetus<\/a>\n\t\t\t<\/td>\n<\/tr>\n<tr>\n<td>\n\t\t\t\t4. moodul\n\t\t\t<\/td>\n<td>\n\t\t\t\t<a data-url=\"http:\/\/sisu.ut.ee\/biogymnaasium\/moodul4\" href=\"http:\/\/sisu.ut.ee\/biogymnaasium\/moodul4\" title=\"\">Organismide paljunemine ja areng<\/a>\n\t\t\t<\/td>\n<\/tr>\n<tr>\n<td>\n\t\t\t\t5. moodul\n\t\t\t<\/td>\n<td>\n\t\t\t\t<a data-url=\"http:\/\/sisu.ut.ee\/biogymnaasium\/moodul5\" href=\"http:\/\/sisu.ut.ee\/biogymnaasium\/moodul5\" title=\"\">Inimese talitluse regulatsioon<\/a>\n\t\t\t<\/td>\n<\/tr>\n<tr>\n<td>\n\t\t\t\t6. moodul\n\t\t\t<\/td>\n<td>\n\t\t\t\t<a data-url=\"http:\/\/sisu.ut.ee\/biogymnaasium\/moodul6\" href=\"http:\/\/sisu.ut.ee\/biogymnaasium\/moodul6\" title=\"\">P\u00e4rilikkus ja muutlikkus<\/a>\n\t\t\t<\/td>\n<\/tr>\n<tr>\n<td>\n\t\t\t\t7. moodul\n\t\t\t<\/td>\n<td>\n\t\t\t\t<a data-url=\"http:\/\/sisu.ut.ee\/biogymnaasium\/moodul7\" href=\"http:\/\/sisu.ut.ee\/biogymnaasium\/moodul7\" target=\"_blank\" title=\"\" rel=\"noopener\">\u00d6koloogia ja keskkonnakaitse<\/a>\n\t\t\t<\/td>\n<\/tr>\n<tr>\n<td>\n\t\t\t\t8. moodul\n\t\t\t<\/td>\n<td>\n\t\t\t\t<a data-url=\"http:\/\/sisu.ut.ee\/biogymnaasium\/moodul8\" href=\"http:\/\/sisu.ut.ee\/biogymnaasium\/moodul8\" target=\"_blank\" title=\"\" rel=\"noopener\">Evolutsiooniteooria<\/a>\n\t\t\t<\/td>\n<\/tr>\n<\/tbody>\n<\/table>\n<p>\n\t\u00a0\n<\/p>\n<p>\n\tKursuse \u00f5ppematerjalid on kokku pannud Anne Laius (PhD),\u00a0T\u00dc Loodusteadusliku hariduse keskuse\u00a0bioloogiahariduse kaasprofessor.<\/p>\n","protected":false},"excerpt":{"rendered":"<p>Tere tulemast! Kursus viidi l\u00e4bi aprill-mai 2023. aastal. Kursuse ettevalmistamist\u00a0ja l\u00e4biviimist toetas Haridus- ja Teadusministeerium.Kursuse \u00f5ppematerjale saab kasutada iseseisvaks \u00f5ppimiseks. Kursuse eesm\u00e4rgiks on anda s\u00fcstemaatiline \u00fclevaade g\u00fcmnaasiumi bioloogias k\u00e4sitletavatest teemadest. Kursusel l\u00e4htutakse g\u00fcmnaasiumi bioloogia \u00f5ppekavast. Kursuse\u00a0\u00f5ppematerjalid on m\u00f5eldud neile, kes: &#8230;<\/p>\n","protected":false},"author":319,"featured_media":0,"parent":0,"menu_order":0,"comment_status":"closed","ping_status":"closed","template":"","meta":{"_acf_changed":false,"inline_featured_image":false,"footnotes":""},"class_list":["post-40","page","type-page","status-publish","hentry"],"acf":[],"_links":{"self":[{"href":"https:\/\/sisu.ut.ee\/biogymnaasium\/wp-json\/wp\/v2\/pages\/40","targetHints":{"allow":["GET"]}}],"collection":[{"href":"https:\/\/sisu.ut.ee\/biogymnaasium\/wp-json\/wp\/v2\/pages"}],"about":[{"href":"https:\/\/sisu.ut.ee\/biogymnaasium\/wp-json\/wp\/v2\/types\/page"}],"author":[{"embeddable":true,"href":"https:\/\/sisu.ut.ee\/biogymnaasium\/wp-json\/wp\/v2\/users\/319"}],"replies":[{"embeddable":true,"href":"https:\/\/sisu.ut.ee\/biogymnaasium\/wp-json\/wp\/v2\/comments?post=40"}],"version-history":[{"count":1,"href":"https:\/\/sisu.ut.ee\/biogymnaasium\/wp-json\/wp\/v2\/pages\/40\/revisions"}],"predecessor-version":[{"id":467,"href":"https:\/\/sisu.ut.ee\/biogymnaasium\/wp-json\/wp\/v2\/pages\/40\/revisions\/467"}],"wp:attachment":[{"href":"https:\/\/sisu.ut.ee\/biogymnaasium\/wp-json\/wp\/v2\/media?parent=40"}],"curies":[{"name":"wp","href":"https:\/\/api.w.org\/{rel}","templated":true}]}}