{"id":24,"date":"2024-04-04T08:53:21","date_gmt":"2024-04-04T05:53:21","guid":{"rendered":"https:\/\/sisu.ut.ee\/biogymnaasium\/5-kestlik-areng-ja-keskkonnakaitse\/"},"modified":"2024-04-04T08:54:46","modified_gmt":"2024-04-04T05:54:46","slug":"5-kestlik-areng-ja-keskkonnakaitse","status":"publish","type":"page","link":"https:\/\/sisu.ut.ee\/biogymnaasium\/5-kestlik-areng-ja-keskkonnakaitse\/","title":{"rendered":"5. Kestlik areng ja keskkonnakaitse"},"content":{"rendered":"<p dir=\"ltr\">\n\t<strong>Kestlik areng ehk s\u00e4\u00e4stev areng ehk j\u00e4tkusuutlik areng<\/strong>\n<\/p>\n<p>\n\tKestlik areng (ka j\u00e4tkusuutlik v\u00f5i s\u00e4\u00e4stev areng) on sotsiaal-, keskkonna- ja majandusvaldkonna koosk\u00f5laline arendamine.\n<\/p>\n<p>\n\tRiik on j\u00e4tkusuutlik, kui inimeste eluj\u00e4rg paraneb, meil on turvaline ja puhas elukeskkond ning majanduse konkurentsiv\u00f5ime suurendamiseks kasutatakse loodusvarasid m\u00f5istlikult, samal ajal ei kahandata inimeste heaolu ja tehnoloogia kasutamist.<\/p>\n<p>Eesti s\u00e4\u00e4stva arengu eesm\u00e4rgid aastani 2030 on kokku lepitud strateegias\u00a0<a href=\"https:\/\/www.riigiteataja.ee\/akt\/940717\" target=\"_blank\" rel=\"noopener\">S\u00e4\u00e4stev Eesti 21<\/a>\u00a0ja nendeks on Eesti kultuuriruumi eluj\u00f5ulisus, inimese heaolu kasv, sotsiaalselt sidus \u00fchiskond, \u00f6koloogiline tasakaal.\n<\/p>\n<p>\n\tRahvusvaheliselt on p\u00fcstitatud <strong>kestliku arengu 17 eesm\u00e4rki:<\/strong>\n<\/p>\n<p>\n\t<br><img loading=\"lazy\" decoding=\"async\" width=\"951\" height=\"476\" class=\"alignnone wp-image-300\" src=\"https:\/\/sisu.ut.ee\/wp-content\/uploads\/sites\/647\/saastev_areng.png\" title=\"saastev_areng.png\" alt=\"S\u00e4\u00e4stev areng\" srcset=\"https:\/\/sisu.ut.ee\/wp-content\/uploads\/sites\/647\/saastev_areng.png 951w, https:\/\/sisu.ut.ee\/wp-content\/uploads\/sites\/647\/saastev_areng-300x150.png 300w, https:\/\/sisu.ut.ee\/wp-content\/uploads\/sites\/647\/saastev_areng-768x384.png 768w\" sizes=\"auto, (max-width: 951px) 100vw, 951px\"><\/p>\n<p>Kestlik areng on keerukas ja kompleksne ning on saavutatav ainult juhul, kui h\u00f5lmab korraga k\u00f5iki kolme dimensiooni:<br><img loading=\"lazy\" decoding=\"async\" width=\"685\" height=\"515\" class=\"alignnone wp-image-301\" src=\"https:\/\/sisu.ut.ee\/wp-content\/uploads\/sites\/647\/dimensioonid.jpg\" title=\"dimensioonid.jpg\" alt=\"Dimensioonid\" srcset=\"https:\/\/sisu.ut.ee\/wp-content\/uploads\/sites\/647\/dimensioonid.jpg 685w, https:\/\/sisu.ut.ee\/wp-content\/uploads\/sites\/647\/dimensioonid-300x226.jpg 300w\" sizes=\"auto, (max-width: 685px) 100vw, 685px\"><\/p>\n<p>Keskkond seab piirid \u00fchiskonna ja majanduse arengule, inim\u00fchiskond omakorda majanduse arengule.<br><img loading=\"lazy\" decoding=\"async\" width=\"575\" height=\"518\" class=\"alignnone wp-image-302\" src=\"https:\/\/sisu.ut.ee\/wp-content\/uploads\/sites\/647\/keskkond.jpg\" title=\"keskkond.jpg\" alt=\"Keskkond\" srcset=\"https:\/\/sisu.ut.ee\/wp-content\/uploads\/sites\/647\/keskkond.jpg 575w, https:\/\/sisu.ut.ee\/wp-content\/uploads\/sites\/647\/keskkond-300x270.jpg 300w\" sizes=\"auto, (max-width: 575px) 100vw, 575px\"><\/p>\n<p><strong>Keskkonnakaitse\u00a0<\/strong><br>on\u00a0\u00fchiskonna,\u00a0organisatsioonide\u00a0ja\u00a0\u00fcksikisikute\u00a0tegevus, mille abil kaitstakse nii inimese vahetut\u00a0elukeskkonda\u00a0kui\u00a0 ka\u00a0loodust\u00a0tervikuna\u00a0inimtegevuse\u00a0negatiivsete m\u00f5jude eest eluj\u00f5ulise keskkonna s\u00e4ilitamiseks.<br>Keskkonnakaitse olulisteks valdkondadeks on\u00a0\u00f5hu-,\u00a0vee-,\u00a0mulla-, puhta\u00a0joogivee\u00a0kaitse,\u00a0j\u00e4\u00e4tmetega\u00a0tegelemine jne).<\/p>\n<p><strong>Looduskaitse<\/strong>\u00a0<br>on mitmet\u00e4henduslik\u00a0termin, mis kokkuv\u00f5tvalt h\u00f5lmab\u00a0loodusvarade, looduskeskkonna,\u00a0elurikkuse\u00a0kaitset\u00a0inimm\u00f5ju\u00a0(antropogeensed tegurid) negatiivsete aspektide eest, hooldamist ja v\u00f5imalusel ka taastamist.\n<\/p>\n<table class=\"table table-hover\" border=\"1\" cellpadding=\"5\" cellspacing=\"0\">\n<caption>\n\t\t<strong>Keskkonna- ja looduskaitse<\/strong><br>\n\t<\/caption>\n<tbody>\n<tr>\n<td>\n\t\t\t\t<strong>Liigikaitse<\/strong><br>\u00fcksikute liikide kaitsmisel v\u00f5etakse aluseks<br>Punase Raamatu kaitsealuste liikide kategooriad:<br>piirkonnas v\u00e4lja surnud;\u00a0 kriitilises seisundis; v\u00e4ljasuremisohus; puuduliku andmestikuga; mittehinnatav v\u00f5i hindamata; ohualdis; ohul\u00e4hedane; soodsas seisundis\n\t\t\t<\/td>\n<td>\n\t\t\t\t<img loading=\"lazy\" decoding=\"async\" width=\"320\" height=\"363\" class=\"alignnone wp-image-303\" style=\"width: 200px;height: 227px\" src=\"https:\/\/sisu.ut.ee\/wp-content\/uploads\/sites\/647\/punane_raamat.jpg\" title=\"punane_raamat.jpg\" alt=\"Punane raamat\" srcset=\"https:\/\/sisu.ut.ee\/wp-content\/uploads\/sites\/647\/punane_raamat.jpg 320w, https:\/\/sisu.ut.ee\/wp-content\/uploads\/sites\/647\/punane_raamat-264x300.jpg 264w\" sizes=\"auto, (max-width: 320px) 100vw, 320px\">\n\t\t\t<\/td>\n<\/tr>\n<tr>\n<td>\n\t\t\t\t<strong>Liigi elupaikade kaitse<\/strong><br>on jagatud j\u00e4rgmisteks aladeks, kus kehtivad kindlad kaitsmise kriteeriumid:<br>p\u00fcsielupaik,\u00a0hoiuala, maastikukaitseala, looduskaitseala ja\u00a0rahvuspargid (Eestis):<br>Lahemaa,\u00a0Vilsandi, Karula, Matsalu, Soomaa ja Alutaguse\n\t\t\t<\/td>\n<td>\n\t\t\t\tSoomaa Rahvuspargi nn 5. aastaaeg<br><img loading=\"lazy\" decoding=\"async\" width=\"330\" height=\"247\" class=\"alignnone wp-image-304\" style=\"width: 200px;height: 150px\" src=\"https:\/\/sisu.ut.ee\/wp-content\/uploads\/sites\/647\/raudna_jogi-soomaa.jpg\" title=\"raudna_jogi-soomaa.jpg\" alt=\"raudna_jogi soomaal\" srcset=\"https:\/\/sisu.ut.ee\/wp-content\/uploads\/sites\/647\/raudna_jogi-soomaa.jpg 330w, https:\/\/sisu.ut.ee\/wp-content\/uploads\/sites\/647\/raudna_jogi-soomaa-300x225.jpg 300w\" sizes=\"auto, (max-width: 330px) 100vw, 330px\">\n\t\t\t<\/td>\n<\/tr>\n<tr>\n<td>\n\t\t\t\t<strong>Elupaikade taastamine<\/strong><br>p\u00e4randkooslused,\u00a0luited, liivikud, n\u00f5mmed,\u00a0rabad,\u00a0mageveekogud jne<br>\u00a0\n\t\t\t<\/td>\n<td>\n\t\t\t\tTaastatud Viru raba<br><img loading=\"lazy\" decoding=\"async\" width=\"200\" height=\"95\" class=\"alignnone wp-image-305\" style=\"width: 200px;height: 95px\" src=\"https:\/\/sisu.ut.ee\/wp-content\/uploads\/sites\/647\/200px-viru_raba_aerofoto.jpg\" title=\"200px-viru_raba_aerofoto.jpg\" alt=\"Viru raba\"><br>\u00a0\n\t\t\t<\/td>\n<\/tr>\n<tr>\n<td>\n<p>\n\t\t\t\t\t<strong>Uute populatsioonide rajamine ja liikide\u00a0\u00a0<\/strong><strong>taastamine ning l<\/strong><strong>iikide kaitse ja paljundamine tehis\u00adtingimustes<\/strong>\n\t\t\t\t<\/p>\n<p>\t\t\t\tEuroopa naaritsa paljundamine Tallinna loomaaias ning Hiiumaale asustamine\n\t\t\t<\/p><\/td>\n<td>\n\t\t\t\t<img loading=\"lazy\" decoding=\"async\" width=\"330\" height=\"320\" class=\"alignnone wp-image-306\" style=\"width: 200px;height: 194px\" src=\"https:\/\/sisu.ut.ee\/wp-content\/uploads\/sites\/647\/euroopa_naarits.jpg\" title=\"euroopa_naarits.jpg\" alt=\"Euroopa naarits\" srcset=\"https:\/\/sisu.ut.ee\/wp-content\/uploads\/sites\/647\/euroopa_naarits.jpg 330w, https:\/\/sisu.ut.ee\/wp-content\/uploads\/sites\/647\/euroopa_naarits-300x291.jpg 300w\" sizes=\"auto, (max-width: 330px) 100vw, 330px\">\n\t\t\t<\/td>\n<\/tr>\n<tr>\n<td>\n<p>\n\t\t\t\t\t<strong>Rahvusvahelised kokkulepped\u00a0\u2013 \u00dcRO keskkonna- ja arengukonverentsid<\/strong><br>nt. \u00dcRO kliimamuutuste raamkonventsioon 1992. aasta juunis\u00a0<strong>Rio de Janeiro<\/strong>s.\n\t\t\t\t<\/p>\n<p>\n\t\t\t\t\t<strong>Kyoto protokoll\u00a0<\/strong>\u00a011. detsembril 1997\u00a0v\u00f5eti Jaapanis Kyotos\u00a0vastu Kyoto protokoll.\u00a0jt.\n\t\t\t\t<\/p>\n<\/td>\n<td>\n\t\t\t\t<img loading=\"lazy\" decoding=\"async\" width=\"225\" height=\"225\" class=\"alignnone wp-image-307\" style=\"width: 200px;height: 200px\" src=\"https:\/\/sisu.ut.ee\/wp-content\/uploads\/sites\/647\/konventsioonid.png\" title=\"konventsioonid.png\" alt=\"\u00dcRO konventsioonid\" srcset=\"https:\/\/sisu.ut.ee\/wp-content\/uploads\/sites\/647\/konventsioonid.png 225w, https:\/\/sisu.ut.ee\/wp-content\/uploads\/sites\/647\/konventsioonid-150x150.png 150w\" sizes=\"auto, (max-width: 225px) 100vw, 225px\">\n\t\t\t<\/td>\n<\/tr>\n<\/tbody>\n<\/table>\n<blockquote>\n<p>\n\t\t<br><strong>T\u00e4iendav info ja harjutus\u00fclesanded<\/strong>\n\t<\/p>\n<p>\n\t\tLoodus- ja keskkonnakaitse n\u00fc\u00fcdisaegsed suunad\u00a0<a href=\"https:\/\/vara.e-koolikott.ee\/taxonomy\/term\/2444\" target=\"_blank\" rel=\"noopener\">https:\/\/vara.e-koolikott.ee\/taxonomy\/term\/2444<\/a><br>Liikide kaitse v\u00f5imalused\u00a0<a href=\"https:\/\/vara.e-koolikott.ee\/taxonomy\/term\/2443\" target=\"_blank\" rel=\"noopener\">https:\/\/vara.e-koolikott.ee\/taxonomy\/term\/2443<\/a>\u00a0<br>Liikide h\u00e4vimist p\u00f5hjustavad tegurid\u00a0<a href=\"https:\/\/vara.e-koolikott.ee\/taxonomy\/term\/2442\" target=\"_blank\" rel=\"noopener\">https:\/\/vara.e-koolikott.ee\/taxonomy\/term\/2442<\/a><br>Bioloogilise mitmekesisuse kaitse\u00a0<a href=\"https:\/\/vara.e-koolikott.ee\/taxonomy\/term\/2437\" target=\"_blank\" rel=\"noopener\">https:\/\/vara.e-koolikott.ee\/taxonomy\/term\/2437<\/a><br>S\u00e4\u00e4stva arengu strateegia rakendmine\u00a0<a href=\"https:\/\/vara.e-koolikott.ee\/taxonomy\/term\/2447\" target=\"_blank\" rel=\"noopener\">https:\/\/vara.e-koolikott.ee\/taxonomy\/term\/2447<\/a><br>Eesti looduskaitse ja keskkonnapoliitika\u00a0<a href=\"https:\/\/vara.e-koolikott.ee\/taxonomy\/term\/2438\" target=\"_blank\" rel=\"noopener\">https:\/\/vara.e-koolikott.ee\/taxonomy\/term\/2438<\/a><br>Eesti looduskaitseseadus\u00a0<a href=\"https:\/\/vara.e-koolikott.ee\/taxonomy\/term\/2446\" target=\"_blank\" rel=\"noopener\">https:\/\/vara.e-koolikott.ee\/taxonomy\/term\/2446<\/a><br>Keskkonna dilemmaprobleemide lahendamine\u00a0<a href=\"https:\/\/vara.e-koolikott.ee\/taxonomy\/term\/2440\" target=\"_blank\" rel=\"noopener\">https:\/\/vara.e-koolikott.ee\/taxonomy\/term\/2440<\/a><br>Kogukonnaaktiivsus loodus- ja keskkonnakaitses\u00a0<a href=\"https:\/\/vara.e-koolikott.ee\/taxonomy\/term\/2441\" target=\"_blank\" rel=\"noopener\">https:\/\/vara.e-koolikott.ee\/taxonomy\/term\/2441<\/a>\n\t<\/p>\n<\/blockquote>\n<blockquote>\n<p dir=\"ltr\">\n\t\t<strong>Vaata videoid<\/strong><br>Vesi ja keskkonnaprobleemid\u00a0<a href=\"https:\/\/www.youtube.com\/watch?v=qJP8pdrHVdE\" target=\"_blank\" rel=\"noopener\">https:\/\/www.youtube.com\/watch?v=qJP8pdrHVdE<\/a><br>Kuidas m\u00f5jutab kliimamuutus maailma toidutootmist?\u00a0\u00a0<a href=\"https:\/\/www.youtube.com\/watch?v=CeK3cg9FjLY\" target=\"_blank\" rel=\"noopener\">https:\/\/www.youtube.com\/watch?v=CeK3cg9FjLY<\/a><br>S\u00fcsinikuringe, kasvuhooneefekt ja kliima soojenemine\u00a0<a href=\"https:\/\/www.youtube.com\/watch?v=WEK8XnBnlNI&amp;t=7s\" target=\"_blank\" rel=\"noopener\">https:\/\/www.youtube.com\/watch?v=WEK8XnBnlNI&amp;t=7s<\/a>\u00a0 \u00a0\u00a0\n\t<\/p>\n<\/blockquote>\n","protected":false},"excerpt":{"rendered":"<p>Kestlik areng ehk s\u00e4\u00e4stev areng ehk j\u00e4tkusuutlik areng Kestlik areng (ka j\u00e4tkusuutlik v\u00f5i s\u00e4\u00e4stev areng) on sotsiaal-, keskkonna- ja majandusvaldkonna koosk\u00f5laline arendamine. Riik on j\u00e4tkusuutlik, kui inimeste eluj\u00e4rg paraneb, meil on turvaline ja puhas elukeskkond ning majanduse konkurentsiv\u00f5ime suurendamiseks kasutatakse &#8230;<\/p>\n","protected":false},"author":319,"featured_media":0,"parent":0,"menu_order":0,"comment_status":"closed","ping_status":"closed","template":"","meta":{"_acf_changed":false,"inline_featured_image":false,"footnotes":""},"class_list":["post-24","page","type-page","status-publish","hentry"],"acf":[],"_links":{"self":[{"href":"https:\/\/sisu.ut.ee\/biogymnaasium\/wp-json\/wp\/v2\/pages\/24","targetHints":{"allow":["GET"]}}],"collection":[{"href":"https:\/\/sisu.ut.ee\/biogymnaasium\/wp-json\/wp\/v2\/pages"}],"about":[{"href":"https:\/\/sisu.ut.ee\/biogymnaasium\/wp-json\/wp\/v2\/types\/page"}],"author":[{"embeddable":true,"href":"https:\/\/sisu.ut.ee\/biogymnaasium\/wp-json\/wp\/v2\/users\/319"}],"replies":[{"embeddable":true,"href":"https:\/\/sisu.ut.ee\/biogymnaasium\/wp-json\/wp\/v2\/comments?post=24"}],"version-history":[{"count":1,"href":"https:\/\/sisu.ut.ee\/biogymnaasium\/wp-json\/wp\/v2\/pages\/24\/revisions"}],"predecessor-version":[{"id":483,"href":"https:\/\/sisu.ut.ee\/biogymnaasium\/wp-json\/wp\/v2\/pages\/24\/revisions\/483"}],"wp:attachment":[{"href":"https:\/\/sisu.ut.ee\/biogymnaasium\/wp-json\/wp\/v2\/media?parent=24"}],"curies":[{"name":"wp","href":"https:\/\/api.w.org\/{rel}","templated":true}]}}