{"id":22,"date":"2024-04-04T08:53:20","date_gmt":"2024-04-04T05:53:20","guid":{"rendered":"https:\/\/sisu.ut.ee\/biogymnaasium\/3-okosusteemid-terviklikud\/"},"modified":"2024-04-04T08:54:46","modified_gmt":"2024-04-04T05:54:46","slug":"3-okosusteemid-terviklikud","status":"publish","type":"page","link":"https:\/\/sisu.ut.ee\/biogymnaasium\/3-okosusteemid-terviklikud\/","title":{"rendered":"3. \u00d6kos\u00fcsteemid on terviklikud"},"content":{"rendered":"<p dir=\"ltr\">\n\t\u00d6kos\u00fcsteem\u00a0on isereguleeruv ja arenev tervik, mille moodustavad\u00a0toitumissuhete\u00a0ja\u00a0kommunikatsiooni\u00a0kaudu \u00fcksteisega seotud\u00a0organismid\u00a0koos neid \u00fcmbritseva\u00a0keskkonnaga.\n<\/p>\n<p dir=\"ltr\">\n\t<img loading=\"lazy\" decoding=\"async\" width=\"1156\" height=\"675\" class=\"alignnone wp-image-279\" src=\"https:\/\/sisu.ut.ee\/wp-content\/uploads\/sites\/647\/okosusteem.jpg\" title=\"okosusteem.jpg\" alt=\"\u00d6kos\u00fcsteem\" srcset=\"https:\/\/sisu.ut.ee\/wp-content\/uploads\/sites\/647\/okosusteem.jpg 1156w, https:\/\/sisu.ut.ee\/wp-content\/uploads\/sites\/647\/okosusteem-300x175.jpg 300w, https:\/\/sisu.ut.ee\/wp-content\/uploads\/sites\/647\/okosusteem-1024x598.jpg 1024w, https:\/\/sisu.ut.ee\/wp-content\/uploads\/sites\/647\/okosusteem-768x448.jpg 768w\" sizes=\"auto, (max-width: 1156px) 100vw, 1156px\">\n<\/p>\n<p dir=\"ltr\">\n\t\u00d6kos\u00fcsteemis on organismid omavahel seotud toiduahelate, toiduv\u00f5rgustike\u00a0 ja aineringete kaudu.\n<\/p>\n<table class=\"table table-hover\" border=\"1\" cellpadding=\"5\" cellspacing=\"0\">\n<caption>\n\t\t<strong>Troofilised tasemed (\u00fche palju muundumisi l\u00e4binud toitumistasemed)<\/strong><br>\n\t<\/caption>\n<thead>\n<tr>\n<th scope=\"col\">\n\t\t\t\tTootjad ehk produtsendid\n\t\t\t<\/th>\n<th scope=\"col\">\n\t\t\t\tTarbijad ehk konsumendid\n\t\t\t<\/th>\n<th scope=\"col\">\n\t\t\t\tLagundajad ehk destruendid\n\t\t\t<\/th>\n<\/tr>\n<\/thead>\n<tbody>\n<tr>\n<td>\n\t\t\t\tesmase orgaanilise aine tootjad\n\t\t\t<\/td>\n<td>\n\t\t\t\torgaanilise aine kasutajad\n\t\t\t<\/td>\n<td>\n\t\t\t\tsurnud orgaanilise aine lagundajad\n\t\t\t<\/td>\n<\/tr>\n<tr>\n<td>\n\t\t\t\ttoitumist\u00fc\u00fcbilt autotroofid\n\t\t\t<\/td>\n<td>\n\t\t\t\ttoitumist\u00fc\u00fcbilt heterotoofid\n\t\t\t<\/td>\n<td>\n\t\t\t\ttoitumist\u00fc\u00fcbilt saprotroofid\u00a0\n\t\t\t<\/td>\n<\/tr>\n<tr>\n<td>\n\t\t\t\ttaimed, vetikad ja autotroofsed bakterid\n\t\t\t<\/td>\n<td>\n\t\t\t\tloomad\n\t\t\t<\/td>\n<td>\n\t\t\t\tseened ja heterotroofsed bakterid\n\t\t\t<\/td>\n<\/tr>\n<tr>\n<td>\n\t\t\t\t<img loading=\"lazy\" decoding=\"async\" width=\"556\" height=\"566\" class=\"alignnone wp-image-280\" style=\"width: 300px;height: 400px\" src=\"https:\/\/sisu.ut.ee\/wp-content\/uploads\/sites\/647\/taimed.jpg\" title=\"taimed.jpg\" alt=\"Taimed\" srcset=\"https:\/\/sisu.ut.ee\/wp-content\/uploads\/sites\/647\/taimed.jpg 556w, https:\/\/sisu.ut.ee\/wp-content\/uploads\/sites\/647\/taimed-295x300.jpg 295w\" sizes=\"auto, (max-width: 556px) 100vw, 556px\">\n\t\t\t<\/td>\n<td>\n\t\t\t\t<img loading=\"lazy\" decoding=\"async\" width=\"487\" height=\"521\" class=\"alignnone wp-image-281\" style=\"width: 374px;height: 400px\" src=\"https:\/\/sisu.ut.ee\/wp-content\/uploads\/sites\/647\/loomad2.jpg\" title=\"loomad2.jpg\" alt=\"Loomad\" srcset=\"https:\/\/sisu.ut.ee\/wp-content\/uploads\/sites\/647\/loomad2.jpg 487w, https:\/\/sisu.ut.ee\/wp-content\/uploads\/sites\/647\/loomad2-280x300.jpg 280w\" sizes=\"auto, (max-width: 487px) 100vw, 487px\">\n\t\t\t<\/td>\n<td>\n\t\t\t\t<img loading=\"lazy\" decoding=\"async\" width=\"405\" height=\"428\" class=\"alignnone wp-image-282\" style=\"width: 379px;height: 400px\" src=\"https:\/\/sisu.ut.ee\/wp-content\/uploads\/sites\/647\/lagundajad.jpg\" title=\"lagundajad.jpg\" alt=\"Lagundajad\" srcset=\"https:\/\/sisu.ut.ee\/wp-content\/uploads\/sites\/647\/lagundajad.jpg 405w, https:\/\/sisu.ut.ee\/wp-content\/uploads\/sites\/647\/lagundajad-284x300.jpg 284w\" sizes=\"auto, (max-width: 405px) 100vw, 405px\">\n\t\t\t<\/td>\n<\/tr>\n<\/tbody>\n<\/table>\n<p><strong>Toiduahel<\/strong>\u00a0\u2013\u00a0on jada organisme (liigi tasemel), keda seostab j\u00e4rjestikku toitumine ja sealhulgas ka toiduobjektiks olemine.<br>Toiduahel algab alati tootjatest ehk produtsentidest (rohelised taimed, vetikad ja fotos\u00fcnteesivad bakterid) ja l\u00f5ppeb konsumentidega (tippkiskjad, nt\u00a0 hundid ja karud).<\/p>\n<p>Toiduahelas<strong>\u00a0<\/strong>on harilikult looduses 4-6 l\u00fcli ja nool toiduahelas n\u00e4itab troofilistel tasemetel liikumise suunda ehk kes-keda-s\u00f6\u00f6b, st nool algab madalamalt tasemelt k\u00f5rgemale.<br><img loading=\"lazy\" decoding=\"async\" width=\"567\" height=\"68\" class=\"alignnone wp-image-283\" src=\"https:\/\/sisu.ut.ee\/wp-content\/uploads\/sites\/647\/toiduahel.jpg\" title=\"toiduahel.jpg\" alt=\"Toiduahel\" srcset=\"https:\/\/sisu.ut.ee\/wp-content\/uploads\/sites\/647\/toiduahel.jpg 567w, https:\/\/sisu.ut.ee\/wp-content\/uploads\/sites\/647\/toiduahel-300x36.jpg 300w\" sizes=\"auto, (max-width: 567px) 100vw, 567px\"><br>\u00a0<\/p>\n<table class=\"table table-hover\" border=\"1\" cellpadding=\"5\" cellspacing=\"0\">\n<caption>\n\t\t<strong>Toiduahel veekogus<\/strong><br>\n\t<\/caption>\n<thead>\n<tr>\n<th scope=\"col\">\n\t\t\t\tTootja\n\t\t\t<\/th>\n<th scope=\"col\">\n\t\t\t\t\u00a0I astme tarbija\n\t\t\t<\/th>\n<th scope=\"col\">\n\t\t\t\tII astme tarbija\u00a0\n\t\t\t<\/th>\n<th scope=\"col\">\n\t\t\t\tIII astme tarbija\u00a0\n\t\t\t<\/th>\n<th scope=\"col\">\n\t\t\t\t\u00a0Tipptarbija\n\t\t\t<\/th>\n<\/tr>\n<\/thead>\n<tbody>\n<tr>\n<td>\n\t\t\t\tf\u00fctoplankton ehk taimh\u00f5ljum\n\t\t\t<\/td>\n<td>\n\t\t\t\t\u00a0zooplankton ehk loomh\u00f5ljum\u00a0\n\t\t\t<\/td>\n<td>\n\t\t\t\tbentos ehk p\u00f5hja selgrootud\n\t\t\t<\/td>\n<td>\n\t\t\t\tlepiskala (roos\u00e4rg)\n\t\t\t<\/td>\n<td>\n\t\t\t\t\u00a0r\u00f6\u00f6vkala (haug)\n\t\t\t<\/td>\n<\/tr>\n<tr>\n<td>\n\t\t\t\t\u00a0<img loading=\"lazy\" decoding=\"async\" width=\"612\" height=\"459\" class=\"alignnone wp-image-284\" style=\"width: 213px;height: 160px\" src=\"https:\/\/sisu.ut.ee\/wp-content\/uploads\/sites\/647\/futoplankton.jpg\" title=\"futoplankton.jpg\" alt=\"F\u00fctoplankton\" srcset=\"https:\/\/sisu.ut.ee\/wp-content\/uploads\/sites\/647\/futoplankton.jpg 612w, https:\/\/sisu.ut.ee\/wp-content\/uploads\/sites\/647\/futoplankton-300x225.jpg 300w\" sizes=\"auto, (max-width: 612px) 100vw, 612px\">\n\t\t\t<\/td>\n<td>\n\t\t\t\t\u00a0<img loading=\"lazy\" decoding=\"async\" width=\"540\" height=\"612\" class=\"alignnone wp-image-285\" style=\"width: 141px;height: 160px\" src=\"https:\/\/sisu.ut.ee\/wp-content\/uploads\/sites\/647\/zooplankton.jpg\" title=\"zooplankton.jpg\" alt=\"Zooplankton\" srcset=\"https:\/\/sisu.ut.ee\/wp-content\/uploads\/sites\/647\/zooplankton.jpg 540w, https:\/\/sisu.ut.ee\/wp-content\/uploads\/sites\/647\/zooplankton-265x300.jpg 265w\" sizes=\"auto, (max-width: 540px) 100vw, 540px\">\n\t\t\t<\/td>\n<td>\n\t\t\t\t\u00a0<img loading=\"lazy\" decoding=\"async\" width=\"257\" height=\"202\" class=\"alignnone wp-image-286\" style=\"width: 204px;height: 160px\" src=\"https:\/\/sisu.ut.ee\/wp-content\/uploads\/sites\/647\/257px-benthic_glerl_1.jpg\" title=\"257px-benthic_glerl_1.jpg\" alt=\"Bentos\">\n\t\t\t<\/td>\n<td>\n\t\t\t\t\u00a0<img loading=\"lazy\" decoding=\"async\" width=\"224\" height=\"144\" class=\"alignnone wp-image-287\" style=\"width: 249px;height: 160px\" src=\"https:\/\/sisu.ut.ee\/wp-content\/uploads\/sites\/647\/carassiuscarassiusjuvenile.jpg\" title=\"carassiuscarassiusjuvenile.jpg\" alt=\"Lepiskala\">\n\t\t\t<\/td>\n<td>\n\t\t\t\t\u00a0<img loading=\"lazy\" decoding=\"async\" width=\"220\" height=\"165\" class=\"alignnone wp-image-288\" style=\"width: 213px;height: 160px\" src=\"https:\/\/sisu.ut.ee\/wp-content\/uploads\/sites\/647\/haug.jpg\" title=\"haug.jpg\" alt=\"Haug\">\n\t\t\t<\/td>\n<\/tr>\n<\/tbody>\n<\/table>\n<p><strong>Laguahel\u00a0<\/strong>\u2013\u00a0\u00a0on\u00a0toiduahela t\u00fc\u00fcp, mis algab esmaste lagundajatega\u00a0ehk\u00a0detrivooridega\u00a0(kakandilised,\u00a0vihmaussid), kes tarbivad detriiti (pudemeid), kelle lagundavad teisesed\u00a0\u00a0lagundajad eht destruendid (n\u00e4iteks\u00a0bakterid,\u00a0mikroseened). Protsess kestab seni, kuni orgaaniline aine on mineraliseerunud anorgaanilisteks aineteks ja taaskasutatav\u00a0produtsentidele.<br><img loading=\"lazy\" decoding=\"async\" width=\"886\" height=\"386\" class=\"alignnone wp-image-289\" src=\"https:\/\/sisu.ut.ee\/wp-content\/uploads\/sites\/647\/laguahel.jpg\" title=\"laguahel.jpg\" alt=\"Laguahel\" srcset=\"https:\/\/sisu.ut.ee\/wp-content\/uploads\/sites\/647\/laguahel.jpg 886w, https:\/\/sisu.ut.ee\/wp-content\/uploads\/sites\/647\/laguahel-300x131.jpg 300w, https:\/\/sisu.ut.ee\/wp-content\/uploads\/sites\/647\/laguahel-768x335.jpg 768w\" sizes=\"auto, (max-width: 886px) 100vw, 886px\"><\/p>\n<p><strong>Nugiahel\u00a0<\/strong>\u2013\u00a0toiduahela erijuht, mis illustreerib peremehe ja parasiidi suhteid, kus iga j\u00e4rgmine l\u00fcli parasiteerib eelneval ahela l\u00fclil.<\/p>\n<p><img loading=\"lazy\" decoding=\"async\" width=\"845\" height=\"217\" class=\"alignnone wp-image-290\" src=\"https:\/\/sisu.ut.ee\/wp-content\/uploads\/sites\/647\/nugiahel.jpg\" title=\"nugiahel.jpg\" alt=\"Nugiahel\" srcset=\"https:\/\/sisu.ut.ee\/wp-content\/uploads\/sites\/647\/nugiahel.jpg 845w, https:\/\/sisu.ut.ee\/wp-content\/uploads\/sites\/647\/nugiahel-300x77.jpg 300w, https:\/\/sisu.ut.ee\/wp-content\/uploads\/sites\/647\/nugiahel-768x197.jpg 768w\" sizes=\"auto, (max-width: 845px) 100vw, 845px\"><\/p>\n<p>\n\t\u00a0\n<\/p>\n<p dir=\"ltr\">\n\t<strong>Toiduv\u00f5rgud<\/strong>\u00a0\u2013\u00a0on\u00a0omavahel p\u00f5imunud toiduahelad, millel on \u00fchiseid l\u00fclisid (joonisel on \u00fchiseks toiduobjektiks mitmetele tarbijatele hiired).\n<\/p>\n<p>\n\t<img loading=\"lazy\" decoding=\"async\" width=\"612\" height=\"485\" class=\"alignnone wp-image-291\" src=\"https:\/\/sisu.ut.ee\/wp-content\/uploads\/sites\/647\/toiduvorgustik.jpg\" title=\"toiduvorgustik.jpg\" alt=\"Toiiduv\u00f5rgustik\" srcset=\"https:\/\/sisu.ut.ee\/wp-content\/uploads\/sites\/647\/toiduvorgustik.jpg 612w, https:\/\/sisu.ut.ee\/wp-content\/uploads\/sites\/647\/toiduvorgustik-300x238.jpg 300w\" sizes=\"auto, (max-width: 612px) 100vw, 612px\">\n<\/p>\n<p>\n\t<strong>\u00d6koloogiline tasakaal<\/strong>\u00a0ehk\u00a0<strong>\u00f6kos\u00fcsteemi tasakaal<\/strong>\u00a0\u00f6kos\u00fcsteemide loomulikus arengus saavutatav olukord, kus\u00a0\u00a0\u00f6kos\u00fcsteem\u00a0on\u00a0enam-v\u00e4hem p\u00fcsivas seisundis, milles\u00a0koosluste\u00a0liigiline koosseis on p\u00fcsiv ning\u00a0aine-\u00a0ja\u00a0energiabilanss\u00a0on nullil\u00e4hedased. Tasakaalus \u00f6kos\u00fcsteemis on k\u00f5ik \u00f6koni\u0161id (liigi \u00fclesanded ja roll \u00f6kos\u00fcsteemis) t\u00e4idetud ning\u00a0liikidevaheline\u00a0konkurents\u00a0madal.\n<\/p>\n<p>\n\t\u00d6koloogiline s\u00fcsteem on tavaliselt stabiilses tasakaalus: v\u00e4ike muutus parandatakse negatiivse tagasisidega. See viib selle tunnuse koos \u00fclej\u00e4\u00e4nud s\u00fcsteemiga tagasi tasakaaluasendisse.\n<\/p>\n<p>\n\tSee v\u00f5ib kehtida juhul, kui populatsioonid s\u00f5ltuvad \u00fcksteisest, n\u00e4iteks r\u00f6\u00f6vloomade ja saagi vahel v\u00f5i taimetoiduliste ja taimede vahel.\u00a0 Sama suur muutus v\u00f5ib viia \u00f6kos\u00fcsteemi tasakaalust v\u00e4lja, millel enamasti on ka negatiivsed tagaj\u00e4rjed kooslustele.\n<\/p>\n<p dir=\"ltr\">\n\tTasakaalu saavutanud \u00f6kos\u00fcsteemi nimetatakse\u00a0kliimaks\u00f6kos\u00fcsteemiks.\u00a0Eesti oludes on enamasti kliimaks- ehk l\u00f5ppkoosluseks raba.\u00a0\n<\/p>\n<p dir=\"ltr\">\n\t\u00a0\n<\/p>\n<table class=\"table table-hover\" border=\"1\" cellpadding=\"5\" cellspacing=\"0\">\n<caption>\n\t\t<strong>Suktsessioonid \u2013 koosluste j\u00e4rgnevused ajas<\/strong><br>\n\t<\/caption>\n<thead>\n<tr>\n<th scope=\"col\">\n\t\t\t\tPrimaarne suktsessioon\n\t\t\t<\/th>\n<th scope=\"col\">\n\t\t\t\tSekundaarne suktsessioon\n\t\t\t<\/th>\n<th scope=\"col\">\n\t\t\t\tKliimakskooslus\n\t\t\t<\/th>\n<\/tr>\n<\/thead>\n<tbody>\n<tr>\n<td>\n\t\t\t\tElukoosluse tekkimine varem asustamata aladele\n\t\t\t<\/td>\n<td>\n\t\t\t\tElukoosluse taastumine vahepeal h\u00e4vinud\u00a0 aladel\n\t\t\t<\/td>\n<td>\n\t\t\t\tL\u00f5ppkooslus pikaajaliselt p\u00fcsivates tingimustes\u00a0\n\t\t\t<\/td>\n<\/tr>\n<tr>\n<td>\n\t\t\t\tliivaluidetel, kaljudel\n\t\t\t<\/td>\n<td>\n\t\t\t\tmetsatulekahju j\u00e4rel lagendiku asustamine algul rohttaimede, seej\u00e4rel lehpuude jt-ga\n\t\t\t<\/td>\n<td>\n\t\t\t\tOlukorras, kus sademeid on rohkem kui aurumist, toimub metsade soostumine ja j\u00e4rvede kinnikasvamine, mis viib rabade ehk k\u00f5rgsoode tekkimiseni\n\t\t\t<\/td>\n<\/tr>\n<tr>\n<td>\n<p>\n\t\t\t\t\tLiiv-vareskaer hakkab mere\u00a0\u00e4\u00e4res kasvades kinnitama liiva, valmistades ette kasvukohta teistele taimedele\n\t\t\t\t<\/p>\n<\/td>\n<td>\n\t\t\t\tP\u00f5drakanep on \u00fcks esimesi saabujaid p\u00e4rast metsatulekahjusid\n\t\t\t<\/td>\n<td>\n\t\t\t\t\u00a0Kaasikj\u00e4rve raba\n\t\t\t<\/td>\n<\/tr>\n<tr>\n<td>\n\t\t\t\t<img loading=\"lazy\" decoding=\"async\" width=\"250\" height=\"160\" class=\"alignnone wp-image-292\" style=\"width: 250px;height: 160px\" src=\"https:\/\/sisu.ut.ee\/wp-content\/uploads\/sites\/647\/varekaerleymus-arenarius.png\" title=\"varekaerleymus-arenarius.png\" alt=\"Liiv-vareskaer\">\n\t\t\t<\/td>\n<td>\n\t\t\t\t<img loading=\"lazy\" decoding=\"async\" width=\"612\" height=\"408\" class=\"alignnone wp-image-293\" style=\"width: 250px;height: 167px\" src=\"https:\/\/sisu.ut.ee\/wp-content\/uploads\/sites\/647\/podrakanep.jpg\" title=\"podrakanep.jpg\" alt=\"P\u00f5drakanep\" srcset=\"https:\/\/sisu.ut.ee\/wp-content\/uploads\/sites\/647\/podrakanep.jpg 612w, https:\/\/sisu.ut.ee\/wp-content\/uploads\/sites\/647\/podrakanep-300x200.jpg 300w\" sizes=\"auto, (max-width: 612px) 100vw, 612px\">\n\t\t\t<\/td>\n<td>\n\t\t\t\t<img loading=\"lazy\" decoding=\"async\" width=\"220\" height=\"147\" class=\"alignnone wp-image-294\" style=\"width: 250px;height: 167px\" src=\"https:\/\/sisu.ut.ee\/wp-content\/uploads\/sites\/647\/kaasikjarve_raba02.jpg\" title=\"kaasikjarve_raba02.jpg\" alt=\"kaasikj\u00e4rve_raba\">\n\t\t\t<\/td>\n<\/tr>\n<\/tbody>\n<\/table>\n<blockquote>\n<p>\n\t\t<strong>T\u00e4iendav info ja harjutus\u00fclesanded<\/strong><br>Toiduahel\u00a0<a href=\"https:\/\/vara.e-koolikott.ee\/taxonomy\/term\/2552\" target=\"_blank\" rel=\"noopener\">https:\/\/vara.e-koolikott.ee\/taxonomy\/term\/2552<\/a><br>\u00d6kos\u00fcsteemi struktuur\u00a0<a href=\"https:\/\/vara.e-koolikott.ee\/taxonomy\/term\/2554\" target=\"_blank\" rel=\"noopener\">https:\/\/vara.e-koolikott.ee\/taxonomy\/term\/2554<\/a><br>Iseregulatsioon \u00f6kos\u00fcsteemis\u00a0<a href=\"https:\/\/vara.e-koolikott.ee\/taxonomy\/term\/2551\" target=\"_blank\" rel=\"noopener\">https:\/\/vara.e-koolikott.ee\/taxonomy\/term\/2551<\/a><br>\u00d6koloogiline tasakaal\u00a0<a href=\"https:\/\/vara.e-koolikott.ee\/taxonomy\/term\/2555\" target=\"_blank\" rel=\"noopener\">https:\/\/vara.e-koolikott.ee\/taxonomy\/term\/2555<\/a><br>Suktsessioonid\u00a0<a href=\"https:\/\/www.youtube.com\/watch?v=d7xbyNSxxrI\" target=\"_blank\" rel=\"noopener\">https:\/\/www.youtube.com\/watch?v=d7xbyNSxxrI<\/a>\u00a0\n\t<\/p>\n<\/blockquote>\n<blockquote>\n<p>\n\t\t<strong>Vaata videoid<\/strong><br>\u00d6kos\u00fcsteemid ja bioomid\u00a0<a href=\"https:\/\/www.youtube.com\/watch?v=A495e31cDdE\" target=\"_blank\" rel=\"noopener\">https:\/\/www.youtube.com\/watch?v=A495e31cDdE<\/a>\n\t<\/p>\n<\/blockquote>\n","protected":false},"excerpt":{"rendered":"<p>\u00d6kos\u00fcsteem\u00a0on isereguleeruv ja arenev tervik, mille moodustavad\u00a0toitumissuhete\u00a0ja\u00a0kommunikatsiooni\u00a0kaudu \u00fcksteisega seotud\u00a0organismid\u00a0koos neid \u00fcmbritseva\u00a0keskkonnaga. \u00d6kos\u00fcsteemis on organismid omavahel seotud toiduahelate, toiduv\u00f5rgustike\u00a0 ja aineringete kaudu. Troofilised tasemed (\u00fche palju muundumisi l\u00e4binud toitumistasemed) Tootjad ehk produtsendid Tarbijad ehk konsumendid Lagundajad ehk destruendid esmase orgaanilise aine &#8230;<\/p>\n","protected":false},"author":319,"featured_media":0,"parent":0,"menu_order":0,"comment_status":"closed","ping_status":"closed","template":"","meta":{"_acf_changed":false,"inline_featured_image":false,"footnotes":""},"class_list":["post-22","page","type-page","status-publish","hentry"],"acf":[],"_links":{"self":[{"href":"https:\/\/sisu.ut.ee\/biogymnaasium\/wp-json\/wp\/v2\/pages\/22","targetHints":{"allow":["GET"]}}],"collection":[{"href":"https:\/\/sisu.ut.ee\/biogymnaasium\/wp-json\/wp\/v2\/pages"}],"about":[{"href":"https:\/\/sisu.ut.ee\/biogymnaasium\/wp-json\/wp\/v2\/types\/page"}],"author":[{"embeddable":true,"href":"https:\/\/sisu.ut.ee\/biogymnaasium\/wp-json\/wp\/v2\/users\/319"}],"replies":[{"embeddable":true,"href":"https:\/\/sisu.ut.ee\/biogymnaasium\/wp-json\/wp\/v2\/comments?post=22"}],"version-history":[{"count":1,"href":"https:\/\/sisu.ut.ee\/biogymnaasium\/wp-json\/wp\/v2\/pages\/22\/revisions"}],"predecessor-version":[{"id":485,"href":"https:\/\/sisu.ut.ee\/biogymnaasium\/wp-json\/wp\/v2\/pages\/22\/revisions\/485"}],"wp:attachment":[{"href":"https:\/\/sisu.ut.ee\/biogymnaasium\/wp-json\/wp\/v2\/media?parent=22"}],"curies":[{"name":"wp","href":"https:\/\/api.w.org\/{rel}","templated":true}]}}