{"id":21,"date":"2024-04-04T08:53:20","date_gmt":"2024-04-04T05:53:20","guid":{"rendered":"https:\/\/sisu.ut.ee\/biogymnaasium\/2-liikidevahelised-suhted\/"},"modified":"2024-04-04T08:54:46","modified_gmt":"2024-04-04T05:54:46","slug":"2-liikidevahelised-suhted","status":"publish","type":"page","link":"https:\/\/sisu.ut.ee\/biogymnaasium\/2-liikidevahelised-suhted\/","title":{"rendered":"2. Liikidevahelised suhted"},"content":{"rendered":"<table class=\"table table-hover\" border=\"1\" cellpadding=\"5\" cellspacing=\"0\" id=\"yui_3_17_2_1_1703845763808_49\">\n<caption id=\"yui_3_17_2_1_1703845763808_54\">\n\t\t<strong>Liikidevaheliste suhete t\u00fc\u00fcbid<\/strong><br>\n\t<\/caption>\n<tbody id=\"yui_3_17_2_1_1703845763808_48\">\n<tr id=\"yui_3_17_2_1_1703845763808_51\">\n<td id=\"yui_3_17_2_1_1703845763808_50\">\n\t\t\t\t<strong>S\u00fcmbioos<\/strong><br>on eri liikidesse kuuluvate\u00a0organismide\u00a0(s\u00fcmbiontide) vaheline kooselu.<br>Mitte ainult vastastikku kasulik kooselu. (Sooles elavad bakterid).<br>\u00a0\n\t\t\t<\/td>\n<td>\n\t\t\t\t<img loading=\"lazy\" decoding=\"async\" width=\"612\" height=\"459\" class=\"alignnone wp-image-261\" style=\"width: 300px;height: 225px\" src=\"https:\/\/sisu.ut.ee\/wp-content\/uploads\/sites\/647\/microbiota.jpg\" title=\"microbiota.jpg\" alt=\"S\u00fcmbioos\" srcset=\"https:\/\/sisu.ut.ee\/wp-content\/uploads\/sites\/647\/microbiota.jpg 612w, https:\/\/sisu.ut.ee\/wp-content\/uploads\/sites\/647\/microbiota-300x225.jpg 300w\" sizes=\"auto, (max-width: 612px) 100vw, 612px\">\n\t\t\t<\/td>\n<\/tr>\n<tr>\n<td>\n\t\t\t\t<strong>Mutualism<\/strong><br>vastastikku kasulik kooselu, mis on m\u00f5lemale osapoolele\u00a0kasulik. N\u00e4iteks sambliku eluvorm, milles seen saab fotobiondilt\u00a0orgaanilisi aineid ja annab omakorda vastu mineraalaineid ja vett.<br>\u00a0\n\t\t\t<\/td>\n<td>\n\t\t\t\t<img loading=\"lazy\" decoding=\"async\" width=\"612\" height=\"386\" class=\"alignnone wp-image-262\" style=\"width: 300px;height: 189px\" src=\"https:\/\/sisu.ut.ee\/wp-content\/uploads\/sites\/647\/samblik.jpg\" title=\"samblik.jpg\" alt=\"Samblik\" srcset=\"https:\/\/sisu.ut.ee\/wp-content\/uploads\/sites\/647\/samblik.jpg 612w, https:\/\/sisu.ut.ee\/wp-content\/uploads\/sites\/647\/samblik-300x189.jpg 300w\" sizes=\"auto, (max-width: 612px) 100vw, 612px\">\n\t\t\t<\/td>\n<\/tr>\n<tr>\n<td>\n\t\t\t\t<strong>Parasitism<\/strong><br>on\u00a0organismidevaheline suhe, mille puhul \u00fcks organism (parasiit,\u00a0nugiline) kasutab teist organismi (peremeesorganismi, peremeest) oma elutegevuseks, p\u00f5hjustades peremeesorganismile toitainete kaotust, h\u00e4vitades kudesid, saastates teda oma ainevahetuse j\u00e4\u00e4kidega.\n\t\t\t<\/td>\n<td>\n\t\t\t\t<img loading=\"lazy\" decoding=\"async\" width=\"612\" height=\"407\" class=\"alignnone wp-image-263\" style=\"width: 300px;height: 200px\" src=\"https:\/\/sisu.ut.ee\/wp-content\/uploads\/sites\/647\/parasiidid.jpg\" title=\"parasiidid.jpg\" alt=\"Parasitism\" srcset=\"https:\/\/sisu.ut.ee\/wp-content\/uploads\/sites\/647\/parasiidid.jpg 612w, https:\/\/sisu.ut.ee\/wp-content\/uploads\/sites\/647\/parasiidid-300x200.jpg 300w\" sizes=\"auto, (max-width: 612px) 100vw, 612px\">\n\t\t\t<\/td>\n<\/tr>\n<tr>\n<td>\n\t\t\t\t\u00a01.\u00a0<strong>\u00a0Ektoparasitism\u00a0\u2013<\/strong><br>parasiit elab peremeesorganismi pinnal v\u00f5i l\u00e4heduses.<br>Ektoparasiitideks liigitatakse ka\u00a0loomade\u00a0seedetraktis\u00a0elavad organismid.\u00a0T\u00fc\u00fcpilisteks ektoparasiitideks on n\u00e4iteks soojavereliste<br>loomade verd imevad\u00a0putukad.\n\t\t\t<\/td>\n<td>\n\t\t\t\t\u00a0<img loading=\"lazy\" decoding=\"async\" width=\"612\" height=\"408\" class=\"alignnone wp-image-264\" style=\"width: 300px;height: 200px\" src=\"https:\/\/sisu.ut.ee\/wp-content\/uploads\/sites\/647\/mosquito.jpg\" title=\"mosquito.jpg\" alt=\"Moskiito\" srcset=\"https:\/\/sisu.ut.ee\/wp-content\/uploads\/sites\/647\/mosquito.jpg 612w, https:\/\/sisu.ut.ee\/wp-content\/uploads\/sites\/647\/mosquito-300x200.jpg 300w\" sizes=\"auto, (max-width: 612px) 100vw, 612px\">\n\t\t\t<\/td>\n<\/tr>\n<tr>\n<td>\n\t\t\t\t2.\u00a0<strong>Endoparasitism\u00a0\u2013<\/strong><br>parasiit elab peremeesorganismi\u00a0kudedes\u00a0v\u00f5i\u00a0rakkudes.<br>Endoparasiitide hulka kuuluvad paljud\u00a0bakterid\u00a0ja\u00a0viirused.<br>\u00a0\n\t\t\t<\/td>\n<td>\n\t\t\t\t\u00a0<img loading=\"lazy\" decoding=\"async\" width=\"612\" height=\"344\" class=\"alignnone wp-image-265\" style=\"width: 300px;height: 169px\" src=\"https:\/\/sisu.ut.ee\/wp-content\/uploads\/sites\/647\/sooleparasiidid.jpg\" title=\"sooleparasiidid.jpg\" alt=\"Sooleparasiidid\" srcset=\"https:\/\/sisu.ut.ee\/wp-content\/uploads\/sites\/647\/sooleparasiidid.jpg 612w, https:\/\/sisu.ut.ee\/wp-content\/uploads\/sites\/647\/sooleparasiidid-300x169.jpg 300w\" sizes=\"auto, (max-width: 612px) 100vw, 612px\">\n\t\t\t<\/td>\n<\/tr>\n<tr>\n<td>\n\t\t\t\t\u00a03.\u00a0<strong>Fakultatiivne parasitism\u00a0\u2013<\/strong><br>parasiit on v\u00f5imeline elama ja paljunema ka ilma peremeesorganismita.<br>N\u00e4iteks k\u00fclmaseened.\n\t\t\t<\/td>\n<td>\n\t\t\t\t\u00a0<img loading=\"lazy\" decoding=\"async\" width=\"480\" height=\"360\" class=\"alignnone wp-image-266\" style=\"width: 300px;height: 225px\" src=\"https:\/\/sisu.ut.ee\/wp-content\/uploads\/sites\/647\/fak_parasiit_kulmaseen.jpg\" title=\"fak_parasiit_kulmaseen.jpg\" alt=\"parasiit_kulmaseen\" srcset=\"https:\/\/sisu.ut.ee\/wp-content\/uploads\/sites\/647\/fak_parasiit_kulmaseen.jpg 480w, https:\/\/sisu.ut.ee\/wp-content\/uploads\/sites\/647\/fak_parasiit_kulmaseen-300x225.jpg 300w\" sizes=\"auto, (max-width: 480px) 100vw, 480px\">\n\t\t\t<\/td>\n<\/tr>\n<tr>\n<td>\n\t\t\t\t\u00a04.\u00a0\u00a0<strong>Obligatoorne parasitism\u00a0\u2013<\/strong><br>parasiit vajab peremeesorganismi v\u00e4ltimatult.<br>Enamasti on sel puhul tegemist parasiitse eluvormiga,\u00a0mis on t\u00e4ielikult\u00a0kohastunud\u00a0peremeesorganismiga.<br>Tuntuimad n\u00e4ited on mitmesugused\u00a0soolenugilised\u00a0\u00a0(laiuss,\u00a0paeluss,\u00a0solkmed\u00a0jmt).\n\t\t\t<\/td>\n<td>\n\t\t\t\t\u00a0<img loading=\"lazy\" decoding=\"async\" width=\"612\" height=\"408\" class=\"alignnone wp-image-267\" style=\"width: 300px;height: 200px\" src=\"https:\/\/sisu.ut.ee\/wp-content\/uploads\/sites\/647\/solkmed.jpg\" title=\"solkmed.jpg\" alt=\"solkmed\" srcset=\"https:\/\/sisu.ut.ee\/wp-content\/uploads\/sites\/647\/solkmed.jpg 612w, https:\/\/sisu.ut.ee\/wp-content\/uploads\/sites\/647\/solkmed-300x200.jpg 300w\" sizes=\"auto, (max-width: 612px) 100vw, 612px\">\n\t\t\t<\/td>\n<\/tr>\n<tr>\n<td>\n\t\t\t\t\u00a05.\u00a0<strong>Ajutine parasitism\u00a0<\/strong><br>esineb vaid organismi(de) elu teatud perioodidel v\u00f5i teatud eluts\u00fcklitel.\n\t\t\t<\/td>\n<td>\n\t\t\t\t\u00a0<img loading=\"lazy\" decoding=\"async\" width=\"612\" height=\"408\" class=\"alignnone wp-image-268\" style=\"width: 300px;height: 200px\" src=\"https:\/\/sisu.ut.ee\/wp-content\/uploads\/sites\/647\/puuk.jpg\" title=\"puuk.jpg\" alt=\"puuk\" srcset=\"https:\/\/sisu.ut.ee\/wp-content\/uploads\/sites\/647\/puuk.jpg 612w, https:\/\/sisu.ut.ee\/wp-content\/uploads\/sites\/647\/puuk-300x200.jpg 300w\" sizes=\"auto, (max-width: 612px) 100vw, 612px\">\n\t\t\t<\/td>\n<\/tr>\n<tr>\n<td>\n\t\t\t\t\u00a06.\u00a0\u00a0<strong>Alaline parasitism,<\/strong><br>mille\u00a0puhul\u00a0elavad organismid kogu elu koos.\n\t\t\t<\/td>\n<td>\n\t\t\t\t\u00a0<img loading=\"lazy\" decoding=\"async\" width=\"612\" height=\"459\" class=\"alignnone wp-image-269\" style=\"width: 300px;height: 225px\" src=\"https:\/\/sisu.ut.ee\/wp-content\/uploads\/sites\/647\/paeluss.jpg\" title=\"paeluss.jpg\" alt=\"Paeluss\" srcset=\"https:\/\/sisu.ut.ee\/wp-content\/uploads\/sites\/647\/paeluss.jpg 612w, https:\/\/sisu.ut.ee\/wp-content\/uploads\/sites\/647\/paeluss-300x225.jpg 300w\" sizes=\"auto, (max-width: 612px) 100vw, 612px\">\n\t\t\t<\/td>\n<\/tr>\n<tr>\n<td>\n\t\t\t\t\u00a07.\u00a0<strong>Nekrotroofne parasitism\u00a0\u2013<\/strong><br>\u00a0parasiit (<strong>parasitoid<\/strong>) p\u00f5hjustab oma elutegevusega peremeesorganismi\u00a0<br><a href=\"https:\/\/et.wikipedia.org\/wiki\/Surm\" title=\"Surm\">surma<\/a>, olles enamasti v\u00f5imeline iseseisvalt edasi elama.\u00a0Nt herilased munevad teiste putukate munadesse.\n\t\t\t<\/td>\n<td>\n\t\t\t\t\u00a0<img loading=\"lazy\" decoding=\"async\" width=\"612\" height=\"446\" class=\"alignnone wp-image-270\" style=\"width: 300px;height: 219px\" src=\"https:\/\/sisu.ut.ee\/wp-content\/uploads\/sites\/647\/parasitoid.jpg\" title=\"parasitoid.jpg\" alt=\"Parasitoid\" srcset=\"https:\/\/sisu.ut.ee\/wp-content\/uploads\/sites\/647\/parasitoid.jpg 612w, https:\/\/sisu.ut.ee\/wp-content\/uploads\/sites\/647\/parasitoid-300x219.jpg 300w\" sizes=\"auto, (max-width: 612px) 100vw, 612px\">\n\t\t\t<\/td>\n<\/tr>\n<tr>\n<td>\n\t\t\t\t\u00a08.\u00a0\u00a0<strong>Biotroofne parasitism\u00a0\u2013<\/strong>\u00a0<br>parasiit ei p\u00f5hjusta peremehe surma, sest peremehe surma korral pole\u00a0parasiit v\u00f5imeline enam\u00a0iseseisvalt edasi elama.<br>Nt koerliblikate r\u00f6\u00f6vikud ei s\u00f6\u00f6 kogu n\u00f5geselehte \u00e4ra.\n\t\t\t<\/td>\n<td>\n\t\t\t\t\u00a0<img loading=\"lazy\" decoding=\"async\" width=\"220\" height=\"206\" class=\"alignnone wp-image-271\" style=\"width: 300px;height: 281px\" src=\"https:\/\/sisu.ut.ee\/wp-content\/uploads\/sites\/647\/220px-aglais_urticae_28larve29-2.png\" title=\"220px-aglais_urticae_28larve29-2.png\" alt=\"aglais_urticae\">\n\t\t\t<\/td>\n<\/tr>\n<tr id=\"yui_3_17_2_1_1703845763808_47\">\n<td id=\"yui_3_17_2_1_1703845763808_46\">\n\t\t\t\t\u00a09. <strong>Pesaparasitismi<\/strong><br>\u00a0puhul \u00fcks\u00a0organism\u00a0(pesaparasiit)\u00a0muneb\u00a0v\u00f5i\u00a0koeb\u00a0oma j\u00e4rglased\u00a0teise organismi (peremeesorganismi)\u00a0pessa, lastes oma<br>j\u00e4rglased ka nii \u00fcles kasvatada. See on \u00fcks\u00a0paljunemisstrateegiatest,\u00a0mida on leitud\u00a0\u00e4mblikel,\u00a0putukatel,\u00a0kaladel\u00a0ja\u00a0kahepaiksetel,<br>kuid eriti esineb seda just\u00a0lindudel.\n\t\t\t<\/td>\n<td>\n\t\t\t\t\u00a0<img loading=\"lazy\" decoding=\"async\" width=\"612\" height=\"406\" class=\"alignnone wp-image-272\" style=\"width: 300px;height: 199px\" src=\"https:\/\/sisu.ut.ee\/wp-content\/uploads\/sites\/647\/pesaparasitism.jpg\" title=\"pesaparasitism.jpg\" alt=\"pesaparasitism\" srcset=\"https:\/\/sisu.ut.ee\/wp-content\/uploads\/sites\/647\/pesaparasitism.jpg 612w, https:\/\/sisu.ut.ee\/wp-content\/uploads\/sites\/647\/pesaparasitism-300x199.jpg 300w\" sizes=\"auto, (max-width: 612px) 100vw, 612px\">\n\t\t\t<\/td>\n<\/tr>\n<tr>\n<td>\n\t\t\t\t<strong>Konkurents<\/strong><br>on organismidevahelise suhte t\u00fc\u00fcp\u00a0koosluses, mille korral m\u00f5ju on vastastikku negatiivne.<br>Eri liikide vahelist konkurentsi nimetatakse\u00a0liikidevaheliseks konkurentsiks, \u00fche liigi piires toimuvat konkurentsi aga\u00a0liigisiseseks konkurentsiks.\n\t\t\t<\/td>\n<td>\n\t\t\t\t<img loading=\"lazy\" decoding=\"async\" width=\"612\" height=\"306\" class=\"alignnone wp-image-273\" style=\"width: 300px;height: 150px\" src=\"https:\/\/sisu.ut.ee\/wp-content\/uploads\/sites\/647\/kuused.jpg\" title=\"kuused.jpg\" alt=\"Kuused\" srcset=\"https:\/\/sisu.ut.ee\/wp-content\/uploads\/sites\/647\/kuused.jpg 612w, https:\/\/sisu.ut.ee\/wp-content\/uploads\/sites\/647\/kuused-300x150.jpg 300w\" sizes=\"auto, (max-width: 612px) 100vw, 612px\">\n\t\t\t<\/td>\n<\/tr>\n<tr>\n<td>\n\t\t\t\t<strong>Taimtoidulisus ehk herbivooria\u00a0\u00a0<\/strong><br>on\u00a0herbivoori\u00a0ehk taimtoidulise looma\u00a0liigi\u00a0ja\u00a0\u00a0taimeliigi\u00a0vaheline\u00a0toitumissuhe.\n\t\t\t<\/td>\n<td>\n\t\t\t\t<img loading=\"lazy\" decoding=\"async\" width=\"220\" height=\"220\" class=\"alignnone wp-image-274\" style=\"width: 300px;height: 300px\" src=\"https:\/\/sisu.ut.ee\/wp-content\/uploads\/sites\/647\/herbivooria.jpg\" title=\"herbivooria.jpg\" alt=\"herbivooria\" srcset=\"https:\/\/sisu.ut.ee\/wp-content\/uploads\/sites\/647\/herbivooria.jpg 220w, https:\/\/sisu.ut.ee\/wp-content\/uploads\/sites\/647\/herbivooria-150x150.jpg 150w\" sizes=\"auto, (max-width: 220px) 100vw, 220px\">\n\t\t\t<\/td>\n<\/tr>\n<tr>\n<td>\n\t\t\t\t<strong>\u00a0Kisklus<\/strong>\n<p>\n\t\t\t\t\ton\u00a0r\u00f6\u00f6vlooma\u00a0ja\u00a0saaklooma\u00a0vaheline\u00a0toitumissuhe.<br>Kiskjad\u00a0ehk r\u00f6\u00f6vloomad peavad jahti teistele loomadele (saakloomadele),\u00a0surmavad\u00a0nad ning\u00a0s\u00f6\u00f6vad\u00a0\u00e4ra.\u00a0<br>Samas v\u00f5ib kiskja olla m\u00f5ne teist\u00a0liiki\u00a0kiskja toiduobjekt (m\u00f5ni kiskja v\u00f5ib \u00fcheaegselt olla nii kiskja kui ka<br>saakloom, kui ta ise langeb saagiks). Sel viisil moodustub\u00a0kiskahel, mille viimaseks l\u00fcliks on\u00a0tippkiskja.\u00a0<br>Kisklus h\u00f5lmab ka\u00a0putuktoiduliste\u00a0ja\u00a0lihas\u00f6\u00f6jataimede\u00a0toitumissuhteid.\n\t\t\t\t<\/p>\n<\/td>\n<td>\n\t\t\t\t<strong>\u00a0<\/strong><img loading=\"lazy\" decoding=\"async\" width=\"612\" height=\"408\" class=\"alignnone wp-image-275\" style=\"width: 300px;height: 200px\" src=\"https:\/\/sisu.ut.ee\/wp-content\/uploads\/sites\/647\/lion.jpg\" title=\"lion.jpg\" alt=\"Kisklus\" srcset=\"https:\/\/sisu.ut.ee\/wp-content\/uploads\/sites\/647\/lion.jpg 612w, https:\/\/sisu.ut.ee\/wp-content\/uploads\/sites\/647\/lion-300x200.jpg 300w\" sizes=\"auto, (max-width: 612px) 100vw, 612px\"><br>\u00a0\n\t\t\t<\/td>\n<\/tr>\n<tr>\n<td>\n\t\t\t\t\u00a0<strong>Kommensalism<\/strong>\n<p>\n\t\t\t\t\ton eri liiki\u00a0organismide\u00a0kooselu vorm, liikidevaheline suhe\u00a0\u00f6kos\u00fcsteemis, milles \u00fcks osapool saab kasu ning<br>teisele osapoolele on see kooselu kahjutu, erilist kasu toomata (n\u00e4iteks samblik ja puu).\u00a0<br>N\u00e4iteks elab mardikas sipelgapesas ja saab sealt kaitset ja toitu, aga sipelgad ei saa sellest midagi,<br>kui mardikas nende pesas elab.\n\t\t\t\t<\/p>\n<\/td>\n<td>\n\t\t\t\t<strong>\u00a0<\/strong><img loading=\"lazy\" decoding=\"async\" width=\"612\" height=\"408\" class=\"alignnone wp-image-276\" style=\"width: 300px;height: 200px\" src=\"https:\/\/sisu.ut.ee\/wp-content\/uploads\/sites\/647\/kommensalism.jpg\" title=\"kommensalism.jpg\" alt=\"kommensalism\" srcset=\"https:\/\/sisu.ut.ee\/wp-content\/uploads\/sites\/647\/kommensalism.jpg 612w, https:\/\/sisu.ut.ee\/wp-content\/uploads\/sites\/647\/kommensalism-300x200.jpg 300w\" sizes=\"auto, (max-width: 612px) 100vw, 612px\">\n\t\t\t<\/td>\n<\/tr>\n<tr>\n<td>\n\t\t\t\t<strong>Amensalism<\/strong>\n<p>\n\t\t\t\t\ton kahe erineva\u00a0liigi\u00a0vaheline suhe, kus \u00fcks liik\u00a0 takistab v\u00f5i pidurdab teise liigi (amensaali) olelust, saamata ise sellest kasu v\u00f5i kahju.<br>Amensalism on \u00fcks liikide kooselu t\u00fc\u00fcpidest\u00a0\u00f6kos\u00fcsteemis.\u00a0N\u00e4iteks esineb amensalismi\u00a0bakterite\u00a0suhetes,<br>kus \u00fche organismi\u00a0metabolismi\u00a0k\u00e4igus vabanevad keemilised ained, mis m\u00f5juvad teisele organismile kahjulikult.\n\t\t\t\t<\/p>\n<\/td>\n<td>\n\t\t\t\t<img loading=\"lazy\" decoding=\"async\" width=\"612\" height=\"501\" class=\"alignnone wp-image-277\" style=\"width: 300px;height: 246px\" src=\"https:\/\/sisu.ut.ee\/wp-content\/uploads\/sites\/647\/bakterid_ja_penicillium.jpg\" title=\"bakterid_ja_penicillium.jpg\" alt=\"bakterid_ja_penicillium\" srcset=\"https:\/\/sisu.ut.ee\/wp-content\/uploads\/sites\/647\/bakterid_ja_penicillium.jpg 612w, https:\/\/sisu.ut.ee\/wp-content\/uploads\/sites\/647\/bakterid_ja_penicillium-300x246.jpg 300w\" sizes=\"auto, (max-width: 612px) 100vw, 612px\">\n\t\t\t<\/td>\n<\/tr>\n<tr>\n<td>\n\t\t\t\t<strong>Koloonialisus\u00a0\u2013\u00a0<\/strong><br>elamine suurtes kolooniates on turvaline k\u00f5igile\u00a0koloonias elavatele isenditele.<br>\u00a0\n\t\t\t<\/td>\n<td>\n\t\t\t\t<img loading=\"lazy\" decoding=\"async\" width=\"612\" height=\"407\" class=\"alignnone wp-image-278\" style=\"width: 300px;height: 200px\" src=\"https:\/\/sisu.ut.ee\/wp-content\/uploads\/sites\/647\/pingviinid.jpg\" title=\"pingviinid.jpg\" alt=\"Pingviinid\" srcset=\"https:\/\/sisu.ut.ee\/wp-content\/uploads\/sites\/647\/pingviinid.jpg 612w, https:\/\/sisu.ut.ee\/wp-content\/uploads\/sites\/647\/pingviinid-300x200.jpg 300w\" sizes=\"auto, (max-width: 612px) 100vw, 612px\">\n\t\t\t<\/td>\n<\/tr>\n<\/tbody>\n<\/table>\n<p>\u00a0<\/p>\n<blockquote>\n<p>\n\t\t<strong>T\u00e4iendav info ja harjutus\u00fclesanded<\/strong><br>Organismidevahelised suhted\u00a0<a href=\"https:\/\/www.taskutark.ee\/test\/organismidevahelised-suhted-vali-oiged-vastused\/\" target=\"_blank\" rel=\"noopener\">https:\/\/www.taskutark.ee\/test\/organismidevahelised-suhted-vali-oiged-vastused\/<\/a>\n\t<\/p>\n<\/blockquote>\n<blockquote>\n<p>\n\t\t<strong>Vaata videot<\/strong><br>Liikidevahelised suhted\u00a0<a href=\"https:\/\/www.youtube.com\/watch?v=q2zdiLn3gSE\" target=\"_blank\" rel=\"noopener\">https:\/\/www.youtube.com\/watch?v=q2zdiLn3gSE<\/a>\n\t<\/p>\n<\/blockquote>\n","protected":false},"excerpt":{"rendered":"<p>Liikidevaheliste suhete t\u00fc\u00fcbid S\u00fcmbiooson eri liikidesse kuuluvate\u00a0organismide\u00a0(s\u00fcmbiontide) vaheline kooselu.Mitte ainult vastastikku kasulik kooselu. (Sooles elavad bakterid).\u00a0 Mutualismvastastikku kasulik kooselu, mis on m\u00f5lemale osapoolele\u00a0kasulik. N\u00e4iteks sambliku eluvorm, milles seen saab fotobiondilt\u00a0orgaanilisi aineid ja annab omakorda vastu mineraalaineid ja vett.\u00a0 Parasitismon\u00a0organismidevaheline suhe, &#8230;<\/p>\n","protected":false},"author":319,"featured_media":0,"parent":0,"menu_order":0,"comment_status":"closed","ping_status":"closed","template":"","meta":{"_acf_changed":false,"inline_featured_image":false,"footnotes":""},"class_list":["post-21","page","type-page","status-publish","hentry"],"acf":[],"_links":{"self":[{"href":"https:\/\/sisu.ut.ee\/biogymnaasium\/wp-json\/wp\/v2\/pages\/21","targetHints":{"allow":["GET"]}}],"collection":[{"href":"https:\/\/sisu.ut.ee\/biogymnaasium\/wp-json\/wp\/v2\/pages"}],"about":[{"href":"https:\/\/sisu.ut.ee\/biogymnaasium\/wp-json\/wp\/v2\/types\/page"}],"author":[{"embeddable":true,"href":"https:\/\/sisu.ut.ee\/biogymnaasium\/wp-json\/wp\/v2\/users\/319"}],"replies":[{"embeddable":true,"href":"https:\/\/sisu.ut.ee\/biogymnaasium\/wp-json\/wp\/v2\/comments?post=21"}],"version-history":[{"count":1,"href":"https:\/\/sisu.ut.ee\/biogymnaasium\/wp-json\/wp\/v2\/pages\/21\/revisions"}],"predecessor-version":[{"id":486,"href":"https:\/\/sisu.ut.ee\/biogymnaasium\/wp-json\/wp\/v2\/pages\/21\/revisions\/486"}],"wp:attachment":[{"href":"https:\/\/sisu.ut.ee\/biogymnaasium\/wp-json\/wp\/v2\/media?parent=21"}],"curies":[{"name":"wp","href":"https:\/\/api.w.org\/{rel}","templated":true}]}}