{"id":14,"date":"2024-04-04T08:53:19","date_gmt":"2024-04-04T05:53:19","guid":{"rendered":"https:\/\/sisu.ut.ee\/biogymnaasium\/2-elu-areng-maal\/"},"modified":"2024-04-04T08:54:47","modified_gmt":"2024-04-04T05:54:47","slug":"2-elu-areng-maal","status":"publish","type":"page","link":"https:\/\/sisu.ut.ee\/biogymnaasium\/2-elu-areng-maal\/","title":{"rendered":"2. Elu areng Maal"},"content":{"rendered":"<p dir=\"ltr\">\n\tEvolutsioon\n<\/p>\n<p dir=\"ltr\">\n\t<img loading=\"lazy\" decoding=\"async\" width=\"1421\" height=\"789\" class=\"alignnone wp-image-195\" src=\"https:\/\/sisu.ut.ee\/wp-content\/uploads\/sites\/647\/elu_areng_maal.jpg\" title=\"elu_areng_maal.jpg\" alt=\"Evolutsioon\" srcset=\"https:\/\/sisu.ut.ee\/wp-content\/uploads\/sites\/647\/elu_areng_maal.jpg 1421w, https:\/\/sisu.ut.ee\/wp-content\/uploads\/sites\/647\/elu_areng_maal-300x167.jpg 300w, https:\/\/sisu.ut.ee\/wp-content\/uploads\/sites\/647\/elu_areng_maal-1024x569.jpg 1024w, https:\/\/sisu.ut.ee\/wp-content\/uploads\/sites\/647\/elu_areng_maal-768x426.jpg 768w\" sizes=\"auto, (max-width: 1421px) 100vw, 1421px\">\n<\/p>\n<p dir=\"ltr\">\n\tEvolutsioon\u00a0kulges neljas etapis\n<\/p>\n<p dir=\"ltr\">\n\t\u00a0\n<\/p>\n<table class=\"table table-hover\" border=\"1\" cellpadding=\"5\" cellspacing=\"0\" style=\"width: 100%\">\n<caption>\n<p>\n\t\t\t<strong>Evolutsiooni etapid<\/strong><br>\u00a0\n\t\t<\/p>\n<\/caption>\n<tbody>\n<tr>\n<td>\n\t\t\t\t<strong>1. F\u00fc\u00fcsikaline evolutsioon<\/strong><br>Suurest Paugust kuni Universumi kujunemise, P\u00e4ikeses\u00fcsteemi\u00a0 ning planeetide tekkimiseni\n\t\t\t<\/td>\n<td>\n\t\t\t\t<img loading=\"lazy\" decoding=\"async\" width=\"576\" height=\"312\" class=\"alignnone wp-image-196\" style=\"width: 500px;height: 271px\" src=\"https:\/\/sisu.ut.ee\/wp-content\/uploads\/sites\/647\/protoplanetary-disk.jpg\" title=\"protoplanetary-disk.jpg\" alt=\"1. F\u00fc\u00fcsikaline evolutsioon\" srcset=\"https:\/\/sisu.ut.ee\/wp-content\/uploads\/sites\/647\/protoplanetary-disk.jpg 576w, https:\/\/sisu.ut.ee\/wp-content\/uploads\/sites\/647\/protoplanetary-disk-300x163.jpg 300w\" sizes=\"auto, (max-width: 576px) 100vw, 576px\">\n\t\t\t<\/td>\n<\/tr>\n<tr>\n<td>\n\t\t\t\t<strong>2. Keemiline evolutsioon<\/strong><br>Lihtsatest aatomitest kuni keeruliste molekulide tekkimiseni\n\t\t\t<\/td>\n<td>\n\t\t\t\t<img loading=\"lazy\" decoding=\"async\" width=\"256\" height=\"197\" class=\"alignnone wp-image-197\" style=\"width: 500px;height: 385px\" src=\"https:\/\/sisu.ut.ee\/wp-content\/uploads\/sites\/647\/keemiline_evolutsioon.png\" title=\"keemiline_evolutsioon.png\" alt=\"2. Keemiline evolutsioon\">\n\t\t\t<\/td>\n<\/tr>\n<tr>\n<td>\n\t\t\t\t<strong>3. Bioloogiline evolutsioon<\/strong><br>Nn mikrokerade ehk isepaljunevate valkude tekkimisest kuni inimese tekkimiseni\n\t\t\t<\/td>\n<td>\n\t\t\t\t<img loading=\"lazy\" decoding=\"async\" width=\"1548\" height=\"1199\" class=\"alignnone wp-image-198\" style=\"width: 500px;height: 387px\" src=\"https:\/\/sisu.ut.ee\/wp-content\/uploads\/sites\/647\/1548px-timeline_evolution_of_life.svg_.png\" title=\"1548px-timeline_evolution_of_life.svg_.png\" alt=\"3. Bioloogiline evolutsioon\" srcset=\"https:\/\/sisu.ut.ee\/wp-content\/uploads\/sites\/647\/1548px-timeline_evolution_of_life.svg_.png 1548w, https:\/\/sisu.ut.ee\/wp-content\/uploads\/sites\/647\/1548px-timeline_evolution_of_life.svg_-300x232.png 300w, https:\/\/sisu.ut.ee\/wp-content\/uploads\/sites\/647\/1548px-timeline_evolution_of_life.svg_-1024x793.png 1024w, https:\/\/sisu.ut.ee\/wp-content\/uploads\/sites\/647\/1548px-timeline_evolution_of_life.svg_-768x595.png 768w, https:\/\/sisu.ut.ee\/wp-content\/uploads\/sites\/647\/1548px-timeline_evolution_of_life.svg_-1536x1190.png 1536w\" sizes=\"auto, (max-width: 1548px) 100vw, 1548px\">\n\t\t\t<\/td>\n<\/tr>\n<tr>\n<td>\n\t\t\t\t<strong>4. Sotsiaalne evolutsioon<\/strong><br>\u00dchiskonna areng\n\t\t\t<\/td>\n<td>\n\t\t\t\t<img loading=\"lazy\" decoding=\"async\" width=\"299\" height=\"168\" class=\"alignnone wp-image-199\" src=\"https:\/\/sisu.ut.ee\/wp-content\/uploads\/sites\/647\/horsetrain.png\" title=\"horsetrain.png\" alt=\"Sotsiaalne revolutsioon\">\n\t\t\t<\/td>\n<\/tr>\n<\/tbody>\n<\/table>\n<p>Elu areng Maal<\/p>\n<p>\u00a0<\/p>\n<table class=\"table table-hover\">\n<thead>\n<tr>\n<th scope=\"col\">\n\t\t\t\tTaimeriigi evolutsioon\n\t\t\t<\/th>\n<th scope=\"col\">\n\t\t\t\tLoomariigi evolutsioon\n\t\t\t<\/th>\n<th scope=\"col\">\n\t\t\t\tSeeneriigi evolutsioon\n\t\t\t<\/th>\n<th scope=\"col\">\n\t\t\t\tInimese evolutsioon\n\t\t\t<\/th>\n<\/tr>\n<\/thead>\n<tbody>\n<tr>\n<th scope=\"row\">\n\t\t\t\t\u00a0\n\t\t\t<\/th>\n<td>\n\t\t\t\t\u00a0\n\t\t\t<\/td>\n<td>\n\t\t\t\t\u00a0\n\t\t\t<\/td>\n<td>\n\t\t\t\t\u00a0\n\t\t\t<\/td>\n<\/tr>\n<\/tbody>\n<\/table>\n<blockquote>\n<p>\n\t\t<br><strong>Vaata detailset esitlust<\/strong>\n\t<\/p>\n<p>\n\t\t<a data-analytics='{\"event\":\"search-result-click\",\"providerSource\":\"delta\",\"resultType\":\"searchResult\",\"zone\":\"center\",\"ordinal\":4}' href=\"https:\/\/vara.e-koolikott.ee\/h5p\/embed\/717\" rel=\"nofollow noopener noreferrer\" target=\"_blank\">Bioevolutsiooni etapid ja elu areng Maal<\/a>\u00a0<a href=\"https:\/\/vara.e-koolikott.ee\/h5p\/embed\/717\" target=\"_blank\" rel=\"noopener\">https:\/\/vara.e-koolikott.ee\/h5p\/embed\/717<\/a>\n\t<\/p>\n<\/blockquote>\n<blockquote>\n<p>\n\t\t<strong>T\u00e4iendav info ja harjutus\u00fclesanded<\/strong>\n\t<\/p>\n<p>\n\t\tElu p\u00e4ritolu Maal\u00a0<a href=\"https:\/\/vara.e-koolikott.ee\/taxonomy\/term\/2395\" target=\"_blank\" rel=\"noopener\">https:\/\/vara.e-koolikott.ee\/taxonomy\/term\/2395<\/a><br>Bioevolutsiooni varased etapid ja elu areng Maal\u00a0<a href=\"https:\/\/vara.e-koolikott.ee\/taxonomy\/term\/2393\" target=\"_blank\" rel=\"noopener\">https:\/\/vara.e-koolikott.ee\/taxonomy\/term\/2393<\/a>\n\t<\/p>\n<\/blockquote>\n<blockquote>\n<p>\n\t\t<strong>Vaata videot<\/strong>\n\t<\/p>\n<p>\n\t\tMaa ajalugu bioloogilises v\u00f5tmes\u00a0<a data-url=\"https:\/\/www.youtube.com\/watch?v=FFRnYBq53OI\" href=\"https:\/\/www.youtube.com\/watch?v=FFRnYBq53OI\" target=\"_blank\" title=\"\" rel=\"noopener\">https:\/\/www.youtube.com\/watch?v=FFRnYBq53OI<\/a>\n\t<\/p>\n<\/blockquote>\n","protected":false},"excerpt":{"rendered":"<p>Evolutsioon Evolutsioon\u00a0kulges neljas etapis \u00a0 Evolutsiooni etapid\u00a0 1. F\u00fc\u00fcsikaline evolutsioonSuurest Paugust kuni Universumi kujunemise, P\u00e4ikeses\u00fcsteemi\u00a0 ning planeetide tekkimiseni 2. Keemiline evolutsioonLihtsatest aatomitest kuni keeruliste molekulide tekkimiseni 3. Bioloogiline evolutsioonNn mikrokerade ehk isepaljunevate valkude tekkimisest kuni inimese tekkimiseni 4. Sotsiaalne evolutsioon\u00dchiskonna &#8230;<\/p>\n","protected":false},"author":319,"featured_media":0,"parent":0,"menu_order":0,"comment_status":"closed","ping_status":"closed","template":"","meta":{"_acf_changed":false,"inline_featured_image":false,"footnotes":""},"class_list":["post-14","page","type-page","status-publish","hentry"],"acf":[],"_links":{"self":[{"href":"https:\/\/sisu.ut.ee\/biogymnaasium\/wp-json\/wp\/v2\/pages\/14","targetHints":{"allow":["GET"]}}],"collection":[{"href":"https:\/\/sisu.ut.ee\/biogymnaasium\/wp-json\/wp\/v2\/pages"}],"about":[{"href":"https:\/\/sisu.ut.ee\/biogymnaasium\/wp-json\/wp\/v2\/types\/page"}],"author":[{"embeddable":true,"href":"https:\/\/sisu.ut.ee\/biogymnaasium\/wp-json\/wp\/v2\/users\/319"}],"replies":[{"embeddable":true,"href":"https:\/\/sisu.ut.ee\/biogymnaasium\/wp-json\/wp\/v2\/comments?post=14"}],"version-history":[{"count":1,"href":"https:\/\/sisu.ut.ee\/biogymnaasium\/wp-json\/wp\/v2\/pages\/14\/revisions"}],"predecessor-version":[{"id":493,"href":"https:\/\/sisu.ut.ee\/biogymnaasium\/wp-json\/wp\/v2\/pages\/14\/revisions\/493"}],"wp:attachment":[{"href":"https:\/\/sisu.ut.ee\/biogymnaasium\/wp-json\/wp\/v2\/media?parent=14"}],"curies":[{"name":"wp","href":"https:\/\/api.w.org\/{rel}","templated":true}]}}