{"id":13,"date":"2024-04-04T08:53:19","date_gmt":"2024-04-04T05:53:19","guid":{"rendered":"https:\/\/sisu.ut.ee\/biogymnaasium\/1-evolutsiooniteooria-kujunemine\/"},"modified":"2024-04-04T08:54:47","modified_gmt":"2024-04-04T05:54:47","slug":"1-evolutsiooniteooria-kujunemine","status":"publish","type":"page","link":"https:\/\/sisu.ut.ee\/biogymnaasium\/1-evolutsiooniteooria-kujunemine\/","title":{"rendered":"1. Evolutsiooniteooria kujunemine"},"content":{"rendered":"<blockquote>\n<p>\n\t\t<strong>Evolutsiooniteooria p\u00f5hiseisukohad<\/strong><br>1. Evolutsiooniprotsess juhib nii elu mitmekesisust kui ka \u00fchtsust.<br>2. Elu j\u00e4rjepidev areng toimub pidevalt muutuvas keskkonnas.<br>3. Liikide tekkimine ja v\u00e4ljasuremine on toimunud kogu Maa ajaloo v\u00e4ltel.\n\t<\/p>\n<\/blockquote>\n<h3 dir=\"ltr\">\n\tAvastused enne Charles Darwinit, mis sillutasid teed evolutsiooniteooriale<br>\n<\/h3>\n<table class=\"table table-hover\" border=\"1\" cellpadding=\"5\" cellspacing=\"0\" style=\"width: 100%\">\n<caption>\n<p>\n\t\t\t\u00a0\n\t\t<\/p>\n<\/caption>\n<tbody>\n<tr>\n<td>\n\t\t\t\t<strong>Georges-Louis Leclerc de Buffon<\/strong>\u00a0<br>Buffon oli\u00a0 isaks kogu loodusloolisele m\u00f5ttele,\u00a0mis 18. sajandi teisel poolel ilmavalgust n\u00e4gi. Ta\u00a0koostas\u00a044-k\u00f6itelise\u00a0loodusloo ents\u00fcklopeedia\u00a0ning seadis kahtluse alla piibli v\u00e4ite, et Maa on\u00a0vaid\u00a06000 aastat\u00a0vana. Tema arvates arenesid\u00a0liigid suhteliselt v\u00e4ikesest hulgast eellasliikidest,\u00a0kuid ta ei suutnud esitada t\u00f5siselt v\u00f5etavat\u00a0mehhanismi liikide muutumise kohta ega<br>t\u00f5endeid Maa vanuse kohta.\u00a0\n\t\t\t<\/td>\n<td>\n\t\t\t\t<img loading=\"lazy\" decoding=\"async\" width=\"220\" height=\"326\" class=\"alignnone wp-image-177\" src=\"https:\/\/sisu.ut.ee\/wp-content\/uploads\/sites\/647\/buffon_1707-1788.jpg\" title=\"buffon_1707-1788.jpg\" alt=\"buffon\" srcset=\"https:\/\/sisu.ut.ee\/wp-content\/uploads\/sites\/647\/buffon_1707-1788.jpg 220w, https:\/\/sisu.ut.ee\/wp-content\/uploads\/sites\/647\/buffon_1707-1788-202x300.jpg 202w\" sizes=\"auto, (max-width: 220px) 100vw, 220px\"><br><strong>Georges-Louis Leclerc de Buffon<\/strong><br>(1707- 1788)\n\t\t\t<\/td>\n<\/tr>\n<tr>\n<td>\n\t\t\t\t<strong>Jean-Baptiste Lamarck<\/strong>\u00a0<br>Lamarcki peateos oli \u201cPhilosophie Zoologique\u201d (1809),\u00a0kus ta avaldas oma teooria\u00a0liikide\u00a0muutumisest ja\u00a0selle p\u00f5hjustest. See oli esimene terviklik\u00a0evolutsiooniteooria,\u00a0mida hakati nimetama\u00a0lamarkismiks\u00a0ning mille\u00a0\u00a0peamised seisukohad olid:\u00a0<br>1)\u00a0 elu iset\u00e4rkamine Maal;<br>2) elul on eneset\u00e4iustumise tung;<br>3) omandatud tunnuste p\u00e4randumine\u00a0\u00a0j\u00e4rglastele\u00a0(mida ilmselt on\u00a0 ekslikult omistatud\u00a0\u00a0lamarkismile).<br>Tuntud n\u00e4ited selle kohta on\u00a0ringelnud kirjanduses \u2013 partide ujulestade ja kaelkirjakute\u00a0pikkade\u00a0\u00a0kaelte p\u00e4randumine j\u00e4rgmisele p\u00f5lvkonnale.\n\t\t\t<\/td>\n<td>\n\t\t\t\t<img loading=\"lazy\" decoding=\"async\" width=\"220\" height=\"278\" class=\"alignnone wp-image-176\" src=\"https:\/\/sisu.ut.ee\/wp-content\/uploads\/sites\/647\/jean-baptiste_de_lamarck.jpg\" title=\"jean-baptiste_de_lamarck.jpg\" alt=\"jean-baptiste_de_lamarck\"><br><strong>Jean-Baptiste-Pierre-Antoine de Monet,\u00a0<em>chevalier<\/em>\u00a0de Lamarck\u00a0<\/strong><br>(1744\u20131829)<br>\u00a0\n\t\t\t<\/td>\n<\/tr>\n<tr>\n<td>\n\t\t\t\t\u00a0<strong>Paleontoloogia<\/strong>\u00a0on teadusharu, mille rajajaks\u00a0on\u00a0Cuvier\u00a0ja\u00a0mis uurib muistsete organismide\u00a0maailma fossiilide abil.\u00a0<br>Fossiilid ehk kivistised\u00a0on ammustel aegadel\u00a0elanud organismide j\u00e4\u00e4nused.<br>Fossiilsetele leidudele tuginedes t\u00f5estas ta\u00a0liikide v\u00e4ljasuremise ning see on ka Cuvieri\u00a0teene evolutsiooni\u00adteooria arengus. Samas arvas ta,\u00a0et liigid on muutumatud \u2013 alguses loodi lihtsalt\u00a0v\u00e4ga palju liike, millest osa aja jooksul\u00a0katastroofiliste s\u00fcndmuste t\u00f5ttu v\u00e4lja suri.\n\t\t\t<\/td>\n<td>\n\t\t\t\t<strong>\u00a0<\/strong><img loading=\"lazy\" decoding=\"async\" width=\"220\" height=\"275\" class=\"alignnone wp-image-178\" src=\"https:\/\/sisu.ut.ee\/wp-content\/uploads\/sites\/647\/220px-georges_cuvier_1.png\" title=\"220px-georges_cuvier_1.png\" alt=\"georges_cuvier\"><br><strong>Georges L\u00e9opold Chr\u00e9tien<br>Fr\u00e9d\u00e9ric Dagobert Cuvier<\/strong><strong>\u00a0<\/strong><br>(1769\u00a0\u2013\u00a01832)\n\t\t\t<\/td>\n<\/tr>\n<tr>\n<td>\n\t\t\t\t<strong>James Hutton<\/strong>\u00a0<br>Inglise geoloog, kes\u00a0pakkus v\u00e4lja idee,\u00a0et Maa on palju vanem kui piiblis kirjas\u00a0\u00a0ning Maad kujundavad j\u00f5ud tegutsevad<br>v\u00e4ga aeglaselt ja kogu aeg. Nende meelest\u00a0polnud liikide v\u00e4ljasuremiseks vaja katastroofe,\u00a0Maal toimuvad protsessid v\u00f5ivad seda<br>p\u00f5hjustada sama efektiivselt.\n\t\t\t<\/td>\n<td>\n\t\t\t\t<img loading=\"lazy\" decoding=\"async\" width=\"220\" height=\"262\" class=\"alignnone wp-image-179\" style=\"width: 220px;height: 262px\" src=\"https:\/\/sisu.ut.ee\/wp-content\/uploads\/sites\/647\/220px-sir_henry_raeburn_-_james_hutton_1726_-_1797._geologist_-_google_art_project.jpg\" title=\"220px-sir_henry_raeburn_-_james_hutton_1726_-_1797._geologist_-_google_art_project.jpg\" alt=\"James Hutton\"><br><strong>James Hutton<\/strong><br>(1726-1797)\n\t\t\t<\/td>\n<\/tr>\n<tr>\n<td>\n\t\t\t\t\u00a0<strong>Charles Lyell<\/strong><br>aitas\u00a0 19. sajandil biogeograafia arendamisele kaasa,\u00a0arendades edasi\u00a0uniformismi\u00a0teooriat. Selle kohaselt ei kujundanud maailma \u00fcks\u00a0katastroofiline\u00a0s\u00fcndmus. Maad kujundasid hoomamatult aeglased muutused, mida v\u00f5ime n\u00e4ha t\u00e4nap\u00e4eval meie \u00fcmber. Vihm kulutab m\u00e4gesid ning samal ajal sulanud kivim kerkib \u00fclespoole, tekitades uusi m\u00e4gesid. Maad kujundavad protsessid on ajas \u00fchtlased. Charles Lyell uskus, et Maa ajalugu on \u00e4\u00e4retult pikk ning sihitu ning et ka elu ajalugu on samasugune. Charles Lyelli uniformism m\u00f5jutas tugevasti\u00a0<a href=\"https:\/\/et.wikipedia.org\/wiki\/Charles_Darwin\" title=\"Charles Darwin\">Charles Darwini<\/a>\u00a0evolutsiooniteooria arengut.\n\t\t\t<\/td>\n<td>\n\t\t\t\t\u00a0<img loading=\"lazy\" decoding=\"async\" width=\"220\" height=\"220\" class=\"alignnone wp-image-180\" src=\"https:\/\/sisu.ut.ee\/wp-content\/uploads\/sites\/647\/220px-lyell_1840.jpg\" title=\"220px-lyell_1840.jpg\" alt=\"-lyell\" srcset=\"https:\/\/sisu.ut.ee\/wp-content\/uploads\/sites\/647\/220px-lyell_1840.jpg 220w, https:\/\/sisu.ut.ee\/wp-content\/uploads\/sites\/647\/220px-lyell_1840-150x150.jpg 150w\" sizes=\"auto, (max-width: 220px) 100vw, 220px\"><br><strong>Charles Lyell<\/strong><br>(1797-1875)\n\t\t\t<\/td>\n<\/tr>\n<\/tbody>\n<\/table>\n<h3>\n<\/h3><p>Teaduslikud evolutsiooniteooriad\u00a0<br>\n\n<\/p><table class=\"table table-hover\" border=\"1\" cellpadding=\"5\" cellspacing=\"0\">\n<caption>\n<p>\n\t\t\t<strong>Esimesed teaduslikud evlutsiooniteooriad ja nende rajajad ning edasiarendajad<\/strong>\n\t\t<\/p>\n<p>\n\t\t\t\u00a0\n\t\t<\/p>\n<\/caption>\n<tbody>\n<tr>\n<td>\n\t\t\t\t<strong>Charles Darwin,<\/strong>\u00a0<br>esimese teadusliku evolutsiooniteooria rajaja.<br>Darwini seisukohad:<br>1. organismid on arenenud \u00fchisest eellasest;<br>2. olelusv\u00f5itlus kui evolutsiooni mehhanism;<br>3. loodusliku valiku teooria\n\t\t\t<\/td>\n<td>\n<p>\n\t\t\t\t\t<img loading=\"lazy\" decoding=\"async\" width=\"220\" height=\"290\" class=\"alignnone wp-image-181\" src=\"https:\/\/sisu.ut.ee\/wp-content\/uploads\/sites\/647\/charles_robert_darwin_seated.jpg\" title=\"charles_robert_darwin_seated.jpg\" alt=\"charles_robert_darwin\">\n\t\t\t\t<\/p>\n<p>\n\t\t\t\t\t<strong><strong>Charles Darwin<\/strong>\u00a0<\/strong>\n\t\t\t\t<\/p>\n<p>\n\t\t\t\t\t(1809\u20131882)\n\t\t\t\t<\/p>\n<\/td>\n<\/tr>\n<tr>\n<td>\n\t\t\t\t<strong>Theodosius\u00a0 Dobzhansky<\/strong><br>oli silmapaistev vene ja ameerika geneetik ja evolutsioonibioloog.<br>Ta oli evolutsioonibioloogia keskne tegelane oma t\u00f6\u00f6 eest\u00a0kaasaegse s\u00fcnteesi kujundamisel.<br>Ta t\u00e4iendas Darwini evolutsiooniteooriat 20. saj. bioloogia saavutustega.\n<p>Temale kuulub tsitaat\u00a0\u201cMillelgi bioloogias ei ole m\u00f5tet, enne kui seda ei vaadata\u00a0evolutsiooni v\u00f5tmes\u201d.\n\t\t\t<\/p><\/td>\n<td>\n\t\t\t\t\u00a0<img loading=\"lazy\" decoding=\"async\" width=\"220\" height=\"318\" class=\"alignnone wp-image-182\" src=\"https:\/\/sisu.ut.ee\/wp-content\/uploads\/sites\/647\/theodosius_dobzhansky.jpg\" title=\"theodosius_dobzhansky.jpg\" alt=\"theodosius_dobzhansky\" srcset=\"https:\/\/sisu.ut.ee\/wp-content\/uploads\/sites\/647\/theodosius_dobzhansky.jpg 220w, https:\/\/sisu.ut.ee\/wp-content\/uploads\/sites\/647\/theodosius_dobzhansky-208x300.jpg 208w\" sizes=\"auto, (max-width: 220px) 100vw, 220px\"><br><strong>Theodosius Grigorievich Dobzhansky<\/strong><br>(1900-1975)\n\t\t\t<\/td>\n<\/tr>\n<tr>\n<td>\n<p id=\"firstHeading\">\n\t\t\t\t\t<strong>Julian Huxley<\/strong>\n\t\t\t\t<\/p>\n<p>\n\t\t\t\t\t\u00a0\n\t\t\t\t<\/p>\n<p>\n\t\t\t\t\toli\u00a0evolutsiooniteoreetik,\u00a0humanist\u00a0ja\u00a0internatsionalist,\u00a0loodusliku\u00a0valiku\u00a0tuline pooldaja ja\u00a0s\u00fcnteetilise evolutsiooniteooria\u00a0(neodarvinismi)\u00a0juhtkuju.\u00a01956\u00a0p\u00e4lvis ta\u00a0Londoni Kuninglikult \u00dchingult\u00a0Darwini medali.\u00a0<br>1958\u00a0p\u00e4lvis ta\u00a0Linn \u00fchingult\u00a0Darwin-Wallace\u2019i medali, mis antakse v\u00e4lja\u00a0iga 50 aasta tagant hulgale evolutsiooniteoreetikutele.\u00a0\n\t\t\t\t<\/p>\n<p>\n\t\t\t\t\tHuxley kirjutas umbes 50 populaarteaduslikku raamatut.\u00a0Peamiselt k\u00e4sitlesid need\u00a0evolutsiooni\u00a0ja sellest l\u00e4htuvat<br>inimeseks olemist.\n\t\t\t\t<\/p>\n<p>\n\t\t\t\t\t\u00a0\n\t\t\t\t<\/p>\n<\/td>\n<td>\n\t\t\t\t<img loading=\"lazy\" decoding=\"async\" width=\"220\" height=\"311\" class=\"alignnone wp-image-183\" src=\"https:\/\/sisu.ut.ee\/wp-content\/uploads\/sites\/647\/huxley-oxon-72.jpg\" title=\"huxley-oxon-72.jpg\" alt=\"huxley-oxon-\" srcset=\"https:\/\/sisu.ut.ee\/wp-content\/uploads\/sites\/647\/huxley-oxon-72.jpg 220w, https:\/\/sisu.ut.ee\/wp-content\/uploads\/sites\/647\/huxley-oxon-72-212x300.jpg 212w\" sizes=\"auto, (max-width: 220px) 100vw, 220px\">\n<p id=\"firstHeading\">\n\t\t\t\t\t<strong>Julian Sorell Huxley<\/strong>\u00a0<br>(<a href=\"https:\/\/et.wikipedia.org\/wiki\/1887\" title=\"1887\">1887<\/a>\u00a0\u2013\u00a0<a href=\"https:\/\/et.wikipedia.org\/wiki\/1975\" title=\"1975\">1975<\/a>)\n\t\t\t\t<\/p>\n<\/td>\n<\/tr>\n<\/tbody>\n<\/table>\n<p>\u00a0<\/p>\n<table class=\"table table-hover\" border=\"1\" cellpadding=\"5\" cellspacing=\"0\" style=\"width: 100%\">\n<caption>\n<h3>\n\t\t\tEvolutsiooni t\u00f5endid<br>\n\t\t<\/h3>\n<p>\n\t\t\t\u00a0\n\t\t<\/p>\n<\/caption>\n<tbody>\n<tr>\n<td>\n\t\t\t\t<strong>Fossiilid ehk kivistised<\/strong>\n\t\t\t<\/td>\n<td>\n\t\t\t\t<img loading=\"lazy\" decoding=\"async\" width=\"408\" height=\"612\" class=\"alignnone wp-image-184\" style=\"width: 400px;height: 600px\" src=\"https:\/\/sisu.ut.ee\/wp-content\/uploads\/sites\/647\/arheopteruks.jpg\" title=\"arheopteruks.jpg\" alt=\"arheopteruks\" srcset=\"https:\/\/sisu.ut.ee\/wp-content\/uploads\/sites\/647\/arheopteruks.jpg 408w, https:\/\/sisu.ut.ee\/wp-content\/uploads\/sites\/647\/arheopteruks-200x300.jpg 200w\" sizes=\"auto, (max-width: 408px) 100vw, 408px\"><br>\u00dcrglind\u00a0ehk<em>\u00a0Arhaeopteryx<\/em>\n\t\t\t<\/td>\n<\/tr>\n<tr>\n<td>\n\t\t\t\t<strong>Organismide f\u00fclogeneesiread<\/strong>\n\t\t\t<\/td>\n<td>\n\t\t\t\t<img loading=\"lazy\" decoding=\"async\" width=\"590\" height=\"329\" class=\"alignnone wp-image-185\" style=\"width: 400px;height: 223px\" src=\"https:\/\/sisu.ut.ee\/wp-content\/uploads\/sites\/647\/hobuse_ful.jpg\" title=\"hobuse_ful.jpg\" alt=\"Organismide f\u00fclogeneesiread\" srcset=\"https:\/\/sisu.ut.ee\/wp-content\/uploads\/sites\/647\/hobuse_ful.jpg 590w, https:\/\/sisu.ut.ee\/wp-content\/uploads\/sites\/647\/hobuse_ful-300x167.jpg 300w\" sizes=\"auto, (max-width: 590px) 100vw, 590px\">\n\t\t\t<\/td>\n<\/tr>\n<tr>\n<td>\n\t\t\t\t<strong>Homoloogilised elundid\u00a0<\/strong><br>on sarnase ehitusega, kuid funktsioon v\u00f5ib olla erinev,\u00a0nt selgroogsete j\u00e4semed, paremal inimese, kassi, vaala ja nahkhiire<br>j\u00e4semed,\u00a0mis k\u00f5ik on arenenud \u00fchisest\u00a0kolmeosalise ehitusplaaniga eellase j\u00e4semest.<br>NB!\u00a0analoogilised elundid ei ole evolutsiooni t\u00f5endiks,\u00a0sest nad on p\u00e4ritolult erinevate eellaste elundid<br>(nt liblika, linnu tiivad ja\u00a0 nahkhiire lennus).\n\t\t\t<\/td>\n<td>\n\t\t\t\t<img loading=\"lazy\" decoding=\"async\" width=\"578\" height=\"360\" class=\"alignnone wp-image-187\" style=\"width: 400px;height: 249px\" src=\"https:\/\/sisu.ut.ee\/wp-content\/uploads\/sites\/647\/homoloogilised_elundid2.jpg\" title=\"homoloogilised_elundid2.jpg\" alt=\"Homoloogilised elundid\" srcset=\"https:\/\/sisu.ut.ee\/wp-content\/uploads\/sites\/647\/homoloogilised_elundid2.jpg 578w, https:\/\/sisu.ut.ee\/wp-content\/uploads\/sites\/647\/homoloogilised_elundid2-300x187.jpg 300w\" sizes=\"auto, (max-width: 578px) 100vw, 578px\">\n\t\t\t<\/td>\n<\/tr>\n<tr>\n<td>\n\t\t\t\t<strong>Vestiigiumid\u00a0\u00a0<\/strong>ehk\u00a0mandunud elundid:\u00a0pimesoole ussripik,\u00a0k\u00f5rvaliigutaja lihased, kolmas silmalaug,<br>Darwini k\u00f6bruke, tarkuse- ja silmahambad, segmenteerunud\u00a0lihased jt.<br>\u00a0<br>\u00a0\n\t\t\t<\/td>\n<td>\n\t\t\t\t<img loading=\"lazy\" decoding=\"async\" width=\"508\" height=\"458\" class=\"alignnone wp-image-188\" style=\"width: 400px;height: 361px\" src=\"https:\/\/sisu.ut.ee\/wp-content\/uploads\/sites\/647\/korvaliigutajalihased.jpg\" title=\"korvaliigutajalihased.jpg\" alt=\"korvaliigutajalihased\" srcset=\"https:\/\/sisu.ut.ee\/wp-content\/uploads\/sites\/647\/korvaliigutajalihased.jpg 508w, https:\/\/sisu.ut.ee\/wp-content\/uploads\/sites\/647\/korvaliigutajalihased-300x270.jpg 300w\" sizes=\"auto, (max-width: 508px) 100vw, 508px\">\n\t\t\t<\/td>\n<\/tr>\n<tr>\n<td>\n\t\t\t\t<strong>Loote arengu v\u00f5rdlemine:\u00a0<\/strong>l\u00f5puspilude ja sabaga on loote varase arengu etapis\u00a0kala, roomaja, linnu ja inimese loode\n\t\t\t<\/td>\n<td>\n\t\t\t\t<img loading=\"lazy\" decoding=\"async\" width=\"478\" height=\"244\" class=\"alignnone wp-image-189\" style=\"width: 400px;height: 204px\" src=\"https:\/\/sisu.ut.ee\/wp-content\/uploads\/sites\/647\/loote_areng_kala_roomaja_lind_in.jpg\" title=\"loote_areng_kala_roomaja_lind_in.jpg\" alt=\"Loote arengu v\u00f5rdlemine\" srcset=\"https:\/\/sisu.ut.ee\/wp-content\/uploads\/sites\/647\/loote_areng_kala_roomaja_lind_in.jpg 478w, https:\/\/sisu.ut.ee\/wp-content\/uploads\/sites\/647\/loote_areng_kala_roomaja_lind_in-300x153.jpg 300w\" sizes=\"auto, (max-width: 478px) 100vw, 478px\">\n\t\t\t<\/td>\n<\/tr>\n<tr>\n<td>\n\t\t\t\tBiogeograafia\u00a0on\u00a0teadusharu, mis seletab ja kirjeldab\u00a0bioloogilist mitmekesisust\u00a0ajas ja ruumis.<br><strong>Liikide v\u00f5rdlus:<\/strong><br><strong>1. konvergents<\/strong>\u00a0ehk liikide sarnastumine samades keskkonnatingimustes;\n\t\t\t<\/td>\n<td>\n\t\t\t\t<img loading=\"lazy\" decoding=\"async\" width=\"699\" height=\"355\" class=\"alignnone wp-image-190\" style=\"width: 400px;height: 203px\" src=\"https:\/\/sisu.ut.ee\/wp-content\/uploads\/sites\/647\/konvergents.jpg\" title=\"konvergents.jpg\" alt=\"konvergents\" srcset=\"https:\/\/sisu.ut.ee\/wp-content\/uploads\/sites\/647\/konvergents.jpg 699w, https:\/\/sisu.ut.ee\/wp-content\/uploads\/sites\/647\/konvergents-300x152.jpg 300w\" sizes=\"auto, (max-width: 699px) 100vw, 699px\">\n\t\t\t<\/td>\n<\/tr>\n<tr>\n<td>\n\t\t\t\t<strong>Liikide v\u00f5rdlus:<\/strong><br><strong>2. divergents\u00a0<\/strong>ehk liikide eristumine erinevates keskkonnatingimustes\n\t\t\t<\/td>\n<td>\n\t\t\t\t\u00a0<img loading=\"lazy\" decoding=\"async\" width=\"631\" height=\"388\" class=\"alignnone wp-image-186\" style=\"width: 400px;height: 246px\" src=\"https:\/\/sisu.ut.ee\/wp-content\/uploads\/sites\/647\/divergents.jpg\" title=\"divergents.jpg\" alt=\"divergents\" srcset=\"https:\/\/sisu.ut.ee\/wp-content\/uploads\/sites\/647\/divergents.jpg 631w, https:\/\/sisu.ut.ee\/wp-content\/uploads\/sites\/647\/divergents-300x184.jpg 300w\" sizes=\"auto, (max-width: 631px) 100vw, 631px\">\n\t\t\t<\/td>\n<\/tr>\n<tr>\n<td>\n\t\t\t\t<strong>Kunstlik valik<\/strong> \u2013 kultuurtaimede aretus\n\t\t\t<\/td>\n<td>\n\t\t\t\t<img loading=\"lazy\" decoding=\"async\" width=\"346\" height=\"193\" class=\"alignnone wp-image-191\" src=\"https:\/\/sisu.ut.ee\/wp-content\/uploads\/sites\/647\/kustlik_valikjpg.jpg\" title=\"kustlik_valikjpg.jpg\" alt=\"Kunstlik valik taimed\" srcset=\"https:\/\/sisu.ut.ee\/wp-content\/uploads\/sites\/647\/kustlik_valikjpg.jpg 346w, https:\/\/sisu.ut.ee\/wp-content\/uploads\/sites\/647\/kustlik_valikjpg-300x167.jpg 300w\" sizes=\"auto, (max-width: 346px) 100vw, 346px\">\n\t\t\t<\/td>\n<\/tr>\n<tr>\n<td>\n\t\t\t\t\u00a0<strong>Kunstlik valik<\/strong> \u2013 t\u00f5uloomade aretus ja kodustamine\n\t\t\t<\/td>\n<td>\n\t\t\t\t\u00a0<img loading=\"lazy\" decoding=\"async\" width=\"442\" height=\"439\" class=\"alignnone wp-image-192\" style=\"width: 400px;height: 397px\" src=\"https:\/\/sisu.ut.ee\/wp-content\/uploads\/sites\/647\/kustlik_valik_kodustaminejpg.jpg\" title=\"kustlik_valik_kodustaminejpg.jpg\" alt=\"Kunstlik valik loomad\" srcset=\"https:\/\/sisu.ut.ee\/wp-content\/uploads\/sites\/647\/kustlik_valik_kodustaminejpg.jpg 442w, https:\/\/sisu.ut.ee\/wp-content\/uploads\/sites\/647\/kustlik_valik_kodustaminejpg-300x298.jpg 300w, https:\/\/sisu.ut.ee\/wp-content\/uploads\/sites\/647\/kustlik_valik_kodustaminejpg-150x150.jpg 150w\" sizes=\"auto, (max-width: 442px) 100vw, 442px\">\n\t\t\t<\/td>\n<\/tr>\n<tr>\n<td>\n\t\t\t\tMolekulaarbioloogia<br><strong>DNA ja valkude v\u00f5rdlus:<\/strong><br>aminohapete j\u00e4rjestuse\u00a0 sanasus valkudes\u00a0 ja nukleotiidide j\u00e4rjestuse sarnasus DNA-s n\u00e4itab liikide sugulusastet \u2013 mida sarnasemad, seda l\u00e4hemad sugulased need liigid evolutsiooniliselt on.\n\t\t\t<\/td>\n<td>\n\t\t\t\t\u00a0<img loading=\"lazy\" decoding=\"async\" width=\"612\" height=\"408\" class=\"alignnone wp-image-193\" style=\"width: 400px;height: 267px\" src=\"https:\/\/sisu.ut.ee\/wp-content\/uploads\/sites\/647\/sequence.jpg\" title=\"sequence.jpg\" alt=\"DNA ja valkude v\u00f5rdlus:\" srcset=\"https:\/\/sisu.ut.ee\/wp-content\/uploads\/sites\/647\/sequence.jpg 612w, https:\/\/sisu.ut.ee\/wp-content\/uploads\/sites\/647\/sequence-300x200.jpg 300w\" sizes=\"auto, (max-width: 612px) 100vw, 612px\">\n\t\t\t<\/td>\n<\/tr>\n<tr>\n<td>\n\t\t\t\t<strong>Bakterite resistentsuse tekkimine antibiootikumide suhtes<\/strong> n\u00e4itab, et bakterid v\u00f5ivad evolutsioneeruda kiiresti t\u00e4nu nende p\u00f5lvkondade kiirele vahetumisele ja selle k\u00e4igus kohastumisele\n\t\t\t<\/td>\n<td>\n\t\t\t\t\u00a0<img loading=\"lazy\" decoding=\"async\" width=\"461\" height=\"342\" class=\"alignnone wp-image-194\" style=\"width: 400px;height: 297px\" src=\"https:\/\/sisu.ut.ee\/wp-content\/uploads\/sites\/647\/resistance.jpg\" title=\"resistance.jpg\" alt=\"resistance\" srcset=\"https:\/\/sisu.ut.ee\/wp-content\/uploads\/sites\/647\/resistance.jpg 461w, https:\/\/sisu.ut.ee\/wp-content\/uploads\/sites\/647\/resistance-300x223.jpg 300w\" sizes=\"auto, (max-width: 461px) 100vw, 461px\">\n\t\t\t<\/td>\n<\/tr>\n<\/tbody>\n<\/table>\n<p>\u00a0<\/p>\n<h3 dir=\"ltr\">\n\tEvolutsiooniteooria p\u00f5hiseisukohad<br>\n<\/h3>\n<ol>\n<li>\n\t\tK\u00f5ikide liikide sigivus on selline, et isendite arv peaks kiiresti kasvama, kuid ometi s\u00e4ilitavad populatsioonid enam-v\u00e4hem p\u00fcsiva suuruse.\n\t<\/li>\n<li>\n\t\tRessursid (toit, elupaigad) on looduses piiratud.\n\t<\/li>\n<li>\n\t\tIsendite sigivust arvesse v\u00f5ttes peab paratamatult tekkima konkurents piiratud ressursside p\u00e4rast ehk\u00a0<strong>olelusv\u00f5itlus<\/strong>.\n\t<\/li>\n<li>\n\t\tIga liigi isendid erinevad \u00fcksteisest ehk populatsioonides esineb\u00a0<strong>muutlikkus<\/strong>.\n\t<\/li>\n<li>\n\t\tSuurem osa p\u00e4rilikest muutustest tekib keskkonnast s\u00f5ltumatult ehk on keskkonna suhtes\u00a0<strong>juhuslikud<\/strong>.\n\t<\/li>\n<li>\n\t\tOsa muutusi v\u00f5imaldavad isenditel keskkonnas paremini hakkama saada ehk muudavad organismid\u00a0<strong>kohasemaks<\/strong>, mist\u00f5ttu v\u00f5ivad nad v\u00f5rreldes populatsioonikaaslastega kauem elada v\u00f5i rohkem j\u00e4rglasi saada. Selline\u00a0<strong>ebav\u00f5rdne sigimine<\/strong>\u00a0aitab keskkonnaga paremini sobivatel tunnustel j\u00e4rglasp\u00f5lvkondades levida ning kaotab kahjulikud tunnused. See ongi\u00a0<strong>looduslik valik<\/strong>.\n\t<\/li>\n<li>\n\t\tSee aeglane protsess tagab populatsioonide parema kohastumise keskkonnaga, muutuste kuhjumine v\u00f5ib viia l\u00f5puks uue liigi tekkimiseni.\n\t<\/li>\n<\/ol>\n<p>\n\t\u00a0\n<\/p>\n<h3>\n\tS\u00fcnteetilise evolutsiooniteooria seisukohad<br>\n<\/h3>\n<p>\n\t<strong>S\u00fcnteetiline evolutsiooniteooria<\/strong>\u00a0on\u00a0bioloogias\u00a01930. aastatel v\u00e4lja kujunenud\u00a0neodarvinistlik\u00a0teooria, millega \u00fchendati\u00a0Charles Darwini\u00a0loodusliku valiku\u00a0teooria, mis\u00a0seletab\u00a0liikide\u00a0evolutsiooni,\u00a0Gregor Mendeli\u00a0geneetikateooriaga, mis tegeleb\u00a0p\u00e4rilikkusega.\u00a0\n<\/p>\n<p>\n\tS\u00fcnteetilise evolutsiooniteooria kujunemine muutis neodarvinismi enam kui pooleks sajandiks bioloogia valdavaks l\u00e4henemisviisiks.\n<\/p>\n<p>\n\t<strong>S\u00fcnteetilise evolutsiooniteooria j\u00e4rgi <\/strong>(selle\u00a01930.\u00a0ja\u00a01940. aastateks\u00a0v\u00e4ljakujunenud kujul)\n<\/p>\n<ol>\n<li>\n\t\tgeneetiline muutlikkus\u00a0tekib populatsioonides\u00a0juhuslikult\u00a0mutatsioonide\u00a0t\u00f5ttu (praegu teatakse, et mutatsioone tekitavad vead\u00a0DNA\u00a0replikatsioonis) ja\u00a0rekombinatsiooni\u00a0t\u00f5ttu (see on\u00a0homoloogiliste\u00a0kromosoomide\u00a0ristsiire\u00a0meioosi\u00a0ajal).\n\t<\/li>\n<li>\n\t\tevolutsioon seisneb p\u00f5hiliselt\u00a0alleelisageduste\u00a0muutumises\u00a0p\u00f5lvkondade\u00a0l\u00f5ikes\u00a0<strong>geenitriivi<\/strong>,\u00a0<strong>geenisiirde\u00a0<\/strong>ja\u00a0<strong>loodusliku valiku<\/strong>\u00a0tagaj\u00e4rjel.\u00a0\n\t<\/li>\n<li>\n\t\t<strong>Liigiteke<\/strong>\u00a0leiab aset j\u00e4rk-j\u00e4rgult, kui populatsioonid geograafiliste barj\u00e4\u00e4ride t\u00f5ttu reproduktiivselt isoleeruvad.\n\t<\/li>\n<\/ol>\n<p>\n\t\u00a0\n<\/p>\n<blockquote>\n<p>\n\t\t<strong>T\u00e4iendav info ja harjutus\u00fclesanded<\/strong><br>Bioevolutsioon ja s\u00fcstemaatika\u00a0<a href=\"https:\/\/vara.e-koolikott.ee\/taxonomy\/term\/2391\" target=\"_blank\" rel=\"noopener\">https:\/\/vara.e-koolikott.ee\/taxonomy\/term\/2391<\/a><br>Bioevolutsiooni pseudoteaduslikud k\u00e4sitlused\u00a0<a href=\"http:\/\/xn--tiendav%20info%20ja%20harjutuslesanded%20bioevolutsioon%20ja%20sstemaatika:%20https-b4g38r8a\/\/vara.e-koolikott.ee\/taxonomy\/term\/2391\" target=\"_blank\" rel=\"noopener\">http:\/\/T\u00e4iendav info ja harjutus\u00fclesanded Bioevolutsioon ja s\u00fcstemaatika: https:\/\/vara.e-koolikott.ee\/taxonomy\/term\/2391<\/a><br>Evolutsiooniidee t\u00e4iustumine\u00a0<a href=\"https:\/\/vara.e-koolikott.ee\/taxonomy\/term\/2397\" target=\"_blank\" rel=\"noopener\">https:\/\/vara.e-koolikott.ee\/taxonomy\/term\/2397<\/a>\n\t<\/p>\n<\/blockquote>\n<blockquote>\n<p>\n\t\t<strong>Vaata videoid<\/strong><br>Evolutsiooni t\u00f5endid\u00a0<a href=\"https:\/\/www.youtube.com\/watch?v=V9HlvfwXylU\" target=\"_blank\" rel=\"noopener\">https:\/\/www.youtube.com\/watch?v=V9HlvfwXylU<\/a><br>Evolutsioon ja\/v\u00f5i loomine?\u00a0<a href=\"https:\/\/www.youtube.com\/watch?v=uAbQeAzbbmc\" target=\"_blank\" rel=\"noopener\">https:\/\/www.youtube.com\/watch?v=uAbQeAzbbmc<\/a>\n\t<\/p>\n<\/blockquote>\n","protected":false},"excerpt":{"rendered":"<p>Evolutsiooniteooria p\u00f5hiseisukohad1. Evolutsiooniprotsess juhib nii elu mitmekesisust kui ka \u00fchtsust.2. Elu j\u00e4rjepidev areng toimub pidevalt muutuvas keskkonnas.3. Liikide tekkimine ja v\u00e4ljasuremine on toimunud kogu Maa ajaloo v\u00e4ltel. Avastused enne Charles Darwinit, mis sillutasid teed evolutsiooniteooriale \u00a0 Georges-Louis Leclerc de Buffon\u00a0Buffon &#8230;<\/p>\n","protected":false},"author":319,"featured_media":0,"parent":0,"menu_order":0,"comment_status":"closed","ping_status":"closed","template":"","meta":{"_acf_changed":false,"inline_featured_image":false,"footnotes":""},"class_list":["post-13","page","type-page","status-publish","hentry"],"acf":[],"_links":{"self":[{"href":"https:\/\/sisu.ut.ee\/biogymnaasium\/wp-json\/wp\/v2\/pages\/13","targetHints":{"allow":["GET"]}}],"collection":[{"href":"https:\/\/sisu.ut.ee\/biogymnaasium\/wp-json\/wp\/v2\/pages"}],"about":[{"href":"https:\/\/sisu.ut.ee\/biogymnaasium\/wp-json\/wp\/v2\/types\/page"}],"author":[{"embeddable":true,"href":"https:\/\/sisu.ut.ee\/biogymnaasium\/wp-json\/wp\/v2\/users\/319"}],"replies":[{"embeddable":true,"href":"https:\/\/sisu.ut.ee\/biogymnaasium\/wp-json\/wp\/v2\/comments?post=13"}],"version-history":[{"count":1,"href":"https:\/\/sisu.ut.ee\/biogymnaasium\/wp-json\/wp\/v2\/pages\/13\/revisions"}],"predecessor-version":[{"id":494,"href":"https:\/\/sisu.ut.ee\/biogymnaasium\/wp-json\/wp\/v2\/pages\/13\/revisions\/494"}],"wp:attachment":[{"href":"https:\/\/sisu.ut.ee\/biogymnaasium\/wp-json\/wp\/v2\/media?parent=13"}],"curies":[{"name":"wp","href":"https:\/\/api.w.org\/{rel}","templated":true}]}}