{"id":10,"date":"2024-04-04T08:53:19","date_gmt":"2024-04-04T05:53:19","guid":{"rendered":"https:\/\/sisu.ut.ee\/biogymnaasium\/3-geneetika-ulesanded\/"},"modified":"2024-04-04T08:54:47","modified_gmt":"2024-04-04T05:54:47","slug":"3-geneetika-ulesanded","status":"publish","type":"page","link":"https:\/\/sisu.ut.ee\/biogymnaasium\/3-geneetika-ulesanded\/","title":{"rendered":"3. Geneetika \u00fclesanded"},"content":{"rendered":"<p>\n\t<strong>K\u00f5igepealt vaata videot \u201cKuidas lahendada geneetika \u00fclesannet?\u201d<\/strong>\n<\/p>\n<p>\n\tSelles videos tutuvustatakse Mendeli I ja II seadusele vastavat lahendusk\u00e4iku ristamisskeemi abil.<br>Lisaks sellele on v\u00f5imalik lahendada \u00fclesannet ka Punnetti v\u00f5rgustiku alusel, mis on isegi lihtsam, sest eksimise v\u00f5imalus on v\u00e4iksem.\n<\/p>\n<p>\n\t<\/p><div class=\"ratio ratio-16x9 mb-3\"><div class=\"video-placeholder-wrapper video-placeholder-wrapper--16x9\">\n\t\t\t    <div class=\"video-placeholder d-flex justify-content-center align-items-center\">\n\t\t\t        <div class=\"overlay text-white p-2 w-100 text-center d-block justify-content-center align-items-center\">\n\t\t\t            <div>Kolmandate osapoolte sisu n\u00e4gemiseks palun n\u00f5ustu k\u00fcpsistega.<\/div>\n\t\t\t            <button class=\"btn btn-secondary btn-sm mt-1 consent-change\">Muuda n\u00f5usolekut<\/button>\n\t\t\t        <\/div>\n\t\t\t    <\/div>\n\t\t\t<\/div>\n<\/div>\n<p><img loading=\"lazy\" decoding=\"async\" width=\"1268\" height=\"709\" class=\"alignnone wp-image-170\" src=\"https:\/\/sisu.ut.ee\/wp-content\/uploads\/sites\/647\/punnett.jpg\" title=\"punnett.jpg\" alt=\"Punnetti v\u00f5rgustik\" srcset=\"https:\/\/sisu.ut.ee\/wp-content\/uploads\/sites\/647\/punnett.jpg 1268w, https:\/\/sisu.ut.ee\/wp-content\/uploads\/sites\/647\/punnett-300x168.jpg 300w, https:\/\/sisu.ut.ee\/wp-content\/uploads\/sites\/647\/punnett-1024x573.jpg 1024w, https:\/\/sisu.ut.ee\/wp-content\/uploads\/sites\/647\/punnett-768x429.jpg 768w\" sizes=\"auto, (max-width: 1268px) 100vw, 1268px\"><\/p>\n","protected":false},"excerpt":{"rendered":"<p>K\u00f5igepealt vaata videot \u201cKuidas lahendada geneetika \u00fclesannet?\u201d Selles videos tutuvustatakse Mendeli I ja II seadusele vastavat lahendusk\u00e4iku ristamisskeemi abil.Lisaks sellele on v\u00f5imalik lahendada \u00fclesannet ka Punnetti v\u00f5rgustiku alusel, mis on isegi lihtsam, sest eksimise v\u00f5imalus on v\u00e4iksem. Kolmandate osapoolte sisu &#8230;<\/p>\n","protected":false},"author":319,"featured_media":0,"parent":0,"menu_order":0,"comment_status":"closed","ping_status":"closed","template":"","meta":{"_acf_changed":false,"inline_featured_image":false,"footnotes":""},"class_list":["post-10","page","type-page","status-publish","hentry"],"acf":[],"_links":{"self":[{"href":"https:\/\/sisu.ut.ee\/biogymnaasium\/wp-json\/wp\/v2\/pages\/10","targetHints":{"allow":["GET"]}}],"collection":[{"href":"https:\/\/sisu.ut.ee\/biogymnaasium\/wp-json\/wp\/v2\/pages"}],"about":[{"href":"https:\/\/sisu.ut.ee\/biogymnaasium\/wp-json\/wp\/v2\/types\/page"}],"author":[{"embeddable":true,"href":"https:\/\/sisu.ut.ee\/biogymnaasium\/wp-json\/wp\/v2\/users\/319"}],"replies":[{"embeddable":true,"href":"https:\/\/sisu.ut.ee\/biogymnaasium\/wp-json\/wp\/v2\/comments?post=10"}],"version-history":[{"count":1,"href":"https:\/\/sisu.ut.ee\/biogymnaasium\/wp-json\/wp\/v2\/pages\/10\/revisions"}],"predecessor-version":[{"id":497,"href":"https:\/\/sisu.ut.ee\/biogymnaasium\/wp-json\/wp\/v2\/pages\/10\/revisions\/497"}],"wp:attachment":[{"href":"https:\/\/sisu.ut.ee\/biogymnaasium\/wp-json\/wp\/v2\/media?parent=10"}],"curies":[{"name":"wp","href":"https:\/\/api.w.org\/{rel}","templated":true}]}}