{"id":34,"date":"2024-04-04T05:09:10","date_gmt":"2024-04-04T02:09:10","guid":{"rendered":"https:\/\/sisu.ut.ee\/biogeomon2020\/conference-excursions\/"},"modified":"2024-04-04T05:10:23","modified_gmt":"2024-04-04T02:10:23","slug":"conference-excursions","status":"publish","type":"page","link":"https:\/\/sisu.ut.ee\/biogeomon2020\/conference-excursions\/","title":{"rendered":"Technical tours"},"content":{"rendered":"<p style=\"margin-top:12.0pt;margin-right:-31.45pt;margin-bottom:6.0pt;margin-left:0cm\">\n\t<strong><span><span>Tour 1<\/span><\/span><\/strong>\n<\/p>\n<p style=\"margin-top:12.0pt;margin-right:-31.45pt;margin-bottom:6.0pt;margin-left:0cm\">\n\t<span><span>The forest ecosystems study sites in the J\u00e4rvselja complex: free air humidity manipulation forest station (FAHM), experimental drained peatland forest experimental station for full C &amp; N cycle measurements, SMEAR Estonia (Station Measuring Forest-Atmosphere Relations) for the local regional flux analyses<\/span><\/span>\n<\/p>\n<table class=\"table table-hover\" border=\"0\" cellpadding=\"0\" cellspacing=\"1\" style=\"width: 100%;text-align:center\">\n<tbody>\n<tr>\n<td>\n\t\t\t\t<img loading=\"lazy\" decoding=\"async\" width=\"750\" height=\"563\" class=\"alignnone wp-image-68\" src=\"https:\/\/sisu.ut.ee\/wp-content\/uploads\/sites\/358\/agali.jpg\" title=\"Agali station\" alt=\"Agali station\" srcset=\"https:\/\/sisu.ut.ee\/wp-content\/uploads\/sites\/358\/agali.jpg 750w, https:\/\/sisu.ut.ee\/wp-content\/uploads\/sites\/358\/agali-300x225.jpg 300w\" sizes=\"auto, (max-width: 750px) 100vw, 750px\">\n\t\t\t<\/td>\n<td>\n\t\t\t\t<img loading=\"lazy\" decoding=\"async\" width=\"500\" height=\"747\" class=\"alignnone wp-image-66\" src=\"https:\/\/sisu.ut.ee\/wp-content\/uploads\/sites\/358\/smear.jpg\" title=\"SMEAR\" alt=\"SMEAR\" srcset=\"https:\/\/sisu.ut.ee\/wp-content\/uploads\/sites\/358\/smear.jpg 500w, https:\/\/sisu.ut.ee\/wp-content\/uploads\/sites\/358\/smear-201x300.jpg 201w\" sizes=\"auto, (max-width: 500px) 100vw, 500px\">\n\t\t\t<\/td>\n<td>\n\t\t\t\t<img loading=\"lazy\" decoding=\"async\" width=\"2048\" height=\"1360\" class=\"alignnone wp-image-65\" style=\"margin-top:0px;margin-bottom:0px\" src=\"https:\/\/sisu.ut.ee\/wp-content\/uploads\/sites\/358\/fahm.jpg\" title=\"FAHM\" alt=\"FAHM\" srcset=\"https:\/\/sisu.ut.ee\/wp-content\/uploads\/sites\/358\/fahm.jpg 2048w, https:\/\/sisu.ut.ee\/wp-content\/uploads\/sites\/358\/fahm-300x199.jpg 300w, https:\/\/sisu.ut.ee\/wp-content\/uploads\/sites\/358\/fahm-1024x680.jpg 1024w, https:\/\/sisu.ut.ee\/wp-content\/uploads\/sites\/358\/fahm-768x510.jpg 768w, https:\/\/sisu.ut.ee\/wp-content\/uploads\/sites\/358\/fahm-1536x1020.jpg 1536w, https:\/\/sisu.ut.ee\/wp-content\/uploads\/sites\/358\/fahm-1920x1275.jpg 1920w\" sizes=\"auto, (max-width: 2048px) 100vw, 2048px\">\n\t\t\t<\/td>\n<\/tr>\n<\/tbody>\n<\/table>\n<p style=\"margin-top:12.0pt;margin-right:-31.45pt;margin-bottom:6.0pt;margin-left:0cm\">\n\t<strong><span><span>Tour 2<\/span><\/span><\/strong>\n<\/p>\n<p style=\"margin-top:12.0pt;margin-right:-31.45pt;margin-bottom:6.0pt;margin-left:0cm\">\n\t<span><span>The industrial oil-shale region in North-East Estonia (oil-shale open-pit mine, restoration of mined areas) and Lake Peipsi.<\/span><\/span>\n<\/p>\n<table class=\"table table-hover\" border=\"0\" cellpadding=\"0\" cellspacing=\"0\" style=\"width: 100%;text-align:center\">\n<tbody>\n<tr>\n<td>\n\t\t\t\t<img loading=\"lazy\" decoding=\"async\" width=\"1280\" height=\"865\" class=\"alignnone wp-image-70\" src=\"https:\/\/sisu.ut.ee\/wp-content\/uploads\/sites\/358\/1280px-kivioli_tuhamagi2.jpg\" title=\"Kivi\u00f5li ash mountain\" alt=\"Kivi\u00f5li ash mountain\" srcset=\"https:\/\/sisu.ut.ee\/wp-content\/uploads\/sites\/358\/1280px-kivioli_tuhamagi2.jpg 1280w, https:\/\/sisu.ut.ee\/wp-content\/uploads\/sites\/358\/1280px-kivioli_tuhamagi2-300x203.jpg 300w, https:\/\/sisu.ut.ee\/wp-content\/uploads\/sites\/358\/1280px-kivioli_tuhamagi2-1024x692.jpg 1024w, https:\/\/sisu.ut.ee\/wp-content\/uploads\/sites\/358\/1280px-kivioli_tuhamagi2-768x519.jpg 768w\" sizes=\"auto, (max-width: 1280px) 100vw, 1280px\">\n\t\t\t<\/td>\n<td>\n\t\t\t\t\u00a0<img loading=\"lazy\" decoding=\"async\" width=\"768\" height=\"576\" class=\"alignnone wp-image-108\" src=\"https:\/\/sisu.ut.ee\/wp-content\/uploads\/sites\/358\/thumbnail_f2.jpg\" title=\"Aidu restored area\" alt=\"Aidu restored area\" srcset=\"https:\/\/sisu.ut.ee\/wp-content\/uploads\/sites\/358\/thumbnail_f2.jpg 768w, https:\/\/sisu.ut.ee\/wp-content\/uploads\/sites\/358\/thumbnail_f2-300x225.jpg 300w\" sizes=\"auto, (max-width: 768px) 100vw, 768px\">\n\t\t\t<\/td>\n<td>\n\t\t\t\t<img loading=\"lazy\" decoding=\"async\" width=\"1280\" height=\"960\" class=\"alignnone wp-image-71\" src=\"https:\/\/sisu.ut.ee\/wp-content\/uploads\/sites\/358\/1280px-kauksi_rand.jpg\" title=\"Lake Peipsi\" alt=\"Lake Peipsi\" srcset=\"https:\/\/sisu.ut.ee\/wp-content\/uploads\/sites\/358\/1280px-kauksi_rand.jpg 1280w, https:\/\/sisu.ut.ee\/wp-content\/uploads\/sites\/358\/1280px-kauksi_rand-300x225.jpg 300w, https:\/\/sisu.ut.ee\/wp-content\/uploads\/sites\/358\/1280px-kauksi_rand-1024x768.jpg 1024w, https:\/\/sisu.ut.ee\/wp-content\/uploads\/sites\/358\/1280px-kauksi_rand-768x576.jpg 768w\" sizes=\"auto, (max-width: 1280px) 100vw, 1280px\">\n\t\t\t<\/td>\n<\/tr>\n<\/tbody>\n<\/table>\n<p style=\"margin-top:12.0pt;margin-right:-31.45pt;margin-bottom:6.0pt;margin-left:0cm\">\n\t<strong><span><span>Tour 3<\/span><\/span><\/strong>\n<\/p>\n<p style=\"margin-top:12.0pt;margin-right:-31.45pt;margin-bottom:6.0pt;margin-left:0cm\">\n\t<span><span>Emaj\u00f5gi River, V\u00f5rtsj\u00e4rv lake, and limnological station + a constructed wetland for buffering agricultural runoff (V\u00e4nda constructed wetland), berry cultivation in a former peat extraction area.<\/span><\/span>\n<\/p>\n<table class=\"table table-hover\" border=\"0\" cellpadding=\"0\" cellspacing=\"0\" style=\"width: 100%;text-align:center\">\n<tbody>\n<tr>\n<td>\n\t\t\t\t<img loading=\"lazy\" decoding=\"async\" width=\"978\" height=\"733\" class=\"alignnone wp-image-76\" src=\"https:\/\/sisu.ut.ee\/wp-content\/uploads\/sites\/358\/vanda.jpg\" title=\"V\u00e4nda constructed wetland\" alt=\"V\u00e4nda constructed wetland\" srcset=\"https:\/\/sisu.ut.ee\/wp-content\/uploads\/sites\/358\/vanda.jpg 978w, https:\/\/sisu.ut.ee\/wp-content\/uploads\/sites\/358\/vanda-300x225.jpg 300w, https:\/\/sisu.ut.ee\/wp-content\/uploads\/sites\/358\/vanda-768x576.jpg 768w\" sizes=\"auto, (max-width: 978px) 100vw, 978px\">\n\t\t\t<\/td>\n<td>\n\t\t\t\t<img loading=\"lazy\" decoding=\"async\" width=\"1280\" height=\"853\" class=\"alignnone wp-image-74\" src=\"https:\/\/sisu.ut.ee\/wp-content\/uploads\/sites\/358\/paikese_tous_vortsjarvel.jpg\" title=\"V\u00f5rtsj\u00e4rv Lake\" alt=\"V\u00f5rtsj\u00e4rv Lake\" srcset=\"https:\/\/sisu.ut.ee\/wp-content\/uploads\/sites\/358\/paikese_tous_vortsjarvel.jpg 1280w, https:\/\/sisu.ut.ee\/wp-content\/uploads\/sites\/358\/paikese_tous_vortsjarvel-300x200.jpg 300w, https:\/\/sisu.ut.ee\/wp-content\/uploads\/sites\/358\/paikese_tous_vortsjarvel-1024x682.jpg 1024w, https:\/\/sisu.ut.ee\/wp-content\/uploads\/sites\/358\/paikese_tous_vortsjarvel-768x512.jpg 768w\" sizes=\"auto, (max-width: 1280px) 100vw, 1280px\">\n\t\t\t<\/td>\n<td>\n\t\t\t\t<img loading=\"lazy\" decoding=\"async\" width=\"567\" height=\"425\" class=\"alignnone wp-image-75\" src=\"https:\/\/sisu.ut.ee\/wp-content\/uploads\/sites\/358\/1386428572.jpg\" title=\"Lake museum\" alt=\"Lake museum\" srcset=\"https:\/\/sisu.ut.ee\/wp-content\/uploads\/sites\/358\/1386428572.jpg 567w, https:\/\/sisu.ut.ee\/wp-content\/uploads\/sites\/358\/1386428572-300x225.jpg 300w\" sizes=\"auto, (max-width: 567px) 100vw, 567px\">\n\t\t\t<\/td>\n<\/tr>\n<\/tbody>\n<\/table>\n<p style=\"margin-top:12.0pt;margin-right:-31.45pt;margin-bottom:6.0pt;margin-left:0cm\">\n\t<strong><span><span>Tour 4 <\/span><\/span><\/strong>\n<\/p>\n<p style=\"margin-top:12.0pt;margin-right:-31.45pt;margin-bottom:6.0pt;margin-left:0cm\">\n\t<span><span>Otep\u00e4\u00e4 and Karula hilly areas with several protected sites and cultural features (Sangaste Castle), an old forest study station (Soontaga eddy covariance tower) <\/span><\/span>\n<\/p>\n<table class=\"table table-hover\" border=\"0\" cellpadding=\"0\" cellspacing=\"0\" style=\"width: 100%;text-align:center\">\n<tbody>\n<tr>\n<td>\n\t\t\t\t<img loading=\"lazy\" decoding=\"async\" width=\"864\" height=\"576\" class=\"alignnone wp-image-78\" src=\"https:\/\/sisu.ut.ee\/wp-content\/uploads\/sites\/358\/sugisene_karula_maasik.jpg\" title=\"Karula hilly area\" alt=\"Karula hilly area\" srcset=\"https:\/\/sisu.ut.ee\/wp-content\/uploads\/sites\/358\/sugisene_karula_maasik.jpg 864w, https:\/\/sisu.ut.ee\/wp-content\/uploads\/sites\/358\/sugisene_karula_maasik-300x200.jpg 300w, https:\/\/sisu.ut.ee\/wp-content\/uploads\/sites\/358\/sugisene_karula_maasik-768x512.jpg 768w\" sizes=\"auto, (max-width: 864px) 100vw, 864px\">\n\t\t\t<\/td>\n<td>\n\t\t\t\t<img loading=\"lazy\" decoding=\"async\" width=\"575\" height=\"764\" class=\"alignnone wp-image-77\" src=\"https:\/\/sisu.ut.ee\/wp-content\/uploads\/sites\/358\/soontaga.jpg\" title=\"Soontaga\" alt=\"Soontaga\" srcset=\"https:\/\/sisu.ut.ee\/wp-content\/uploads\/sites\/358\/soontaga.jpg 575w, https:\/\/sisu.ut.ee\/wp-content\/uploads\/sites\/358\/soontaga-226x300.jpg 226w\" sizes=\"auto, (max-width: 575px) 100vw, 575px\">\n\t\t\t<\/td>\n<td>\n\t\t\t\t<img loading=\"lazy\" decoding=\"async\" width=\"832\" height=\"517\" class=\"alignnone wp-image-79\" src=\"https:\/\/sisu.ut.ee\/wp-content\/uploads\/sites\/358\/1280px-sangaste_moisa_peahoone3.jpg\" title=\"Sangaste castle\" alt=\"Sangaste castle\" srcset=\"https:\/\/sisu.ut.ee\/wp-content\/uploads\/sites\/358\/1280px-sangaste_moisa_peahoone3.jpg 832w, https:\/\/sisu.ut.ee\/wp-content\/uploads\/sites\/358\/1280px-sangaste_moisa_peahoone3-300x186.jpg 300w, https:\/\/sisu.ut.ee\/wp-content\/uploads\/sites\/358\/1280px-sangaste_moisa_peahoone3-768x477.jpg 768w\" sizes=\"auto, (max-width: 832px) 100vw, 832px\">\n\t\t\t<\/td>\n<\/tr>\n<\/tbody>\n<\/table>\n<p style=\"margin-top:12.0pt;margin-right:-31.45pt;margin-bottom:6.0pt;margin-left:0cm\">\n\t<strong><span><span>Tour 5<\/span><\/span><\/strong>\n<\/p>\n<p style=\"margin-top:12.0pt;margin-right:-31.45pt;margin-bottom:6.0pt;margin-left:0cm\">\n\tMeenikunno raised bog, traditions and culture of Seto people and visit to Piusa-V\u00f5mmorski protected area where we explore the outcome of the restoration of heathland ecosystem and creation of habitat for Northern crested newt (Triturus cristatus) in abandoned quarry.<span><span> <\/span><\/span>\n<\/p>\n<table class=\"table table-hover\" border=\"0\" cellpadding=\"0\" cellspacing=\"0\" style=\"width: 100%;text-align:center\">\n<tbody>\n<tr>\n<td>\n\t\t\t\t<img loading=\"lazy\" decoding=\"async\" width=\"1024\" height=\"683\" class=\"alignnone wp-image-82\" src=\"https:\/\/sisu.ut.ee\/wp-content\/uploads\/sites\/358\/meenikunno.jpg\" title=\"Meenikunno bog\" alt=\"Meenikunno bog\" srcset=\"https:\/\/sisu.ut.ee\/wp-content\/uploads\/sites\/358\/meenikunno.jpg 1024w, https:\/\/sisu.ut.ee\/wp-content\/uploads\/sites\/358\/meenikunno-300x200.jpg 300w, https:\/\/sisu.ut.ee\/wp-content\/uploads\/sites\/358\/meenikunno-768x512.jpg 768w\" sizes=\"auto, (max-width: 1024px) 100vw, 1024px\">\n\t\t\t<\/td>\n<td>\n\t\t\t\t<img loading=\"lazy\" decoding=\"async\" width=\"800\" height=\"600\" class=\"alignnone wp-image-84\" src=\"https:\/\/sisu.ut.ee\/wp-content\/uploads\/sites\/358\/piusa_sand_quarry_3.jpg\" title=\"Piusa\" alt=\"Piusa\" srcset=\"https:\/\/sisu.ut.ee\/wp-content\/uploads\/sites\/358\/piusa_sand_quarry_3.jpg 800w, https:\/\/sisu.ut.ee\/wp-content\/uploads\/sites\/358\/piusa_sand_quarry_3-300x225.jpg 300w, https:\/\/sisu.ut.ee\/wp-content\/uploads\/sites\/358\/piusa_sand_quarry_3-768x576.jpg 768w\" sizes=\"auto, (max-width: 800px) 100vw, 800px\">\n\t\t\t<\/td>\n<td>\n\t\t\t\t<img loading=\"lazy\" decoding=\"async\" width=\"930\" height=\"623\" class=\"alignnone wp-image-83\" src=\"https:\/\/sisu.ut.ee\/wp-content\/uploads\/sites\/358\/nkmmjoe4.jpeg\" title=\"Seto people\" alt=\"Seto people\" srcset=\"https:\/\/sisu.ut.ee\/wp-content\/uploads\/sites\/358\/nkmmjoe4.jpeg 930w, https:\/\/sisu.ut.ee\/wp-content\/uploads\/sites\/358\/nkmmjoe4-300x201.jpeg 300w, https:\/\/sisu.ut.ee\/wp-content\/uploads\/sites\/358\/nkmmjoe4-768x514.jpeg 768w\" sizes=\"auto, (max-width: 930px) 100vw, 930px\">\n\t\t\t<\/td>\n<\/tr>\n<\/tbody>\n<\/table>\n<p style=\"margin-top:12.0pt;margin-right:-31.45pt;margin-bottom:6.0pt;margin-left:0cm\">\n\t<strong><span><span>Tour 6<\/span><\/span><\/strong>\n<\/p>\n<p style=\"margin-top:12.0pt;margin-right:-31.45pt;margin-bottom:6.0pt;margin-left:0cm\">\n\t<span><span>M\u00e4nnikj\u00e4rve natural raised bog and peatland restoration sites in Laiuse and Endla <\/span><\/span>\n<\/p>\n<table class=\"table table-hover\" border=\"0\" cellpadding=\"0\" cellspacing=\"0\" style=\"width: 100%;text-align:center\">\n<tbody>\n<tr>\n<td>\n\t\t\t\t<img loading=\"lazy\" decoding=\"async\" width=\"640\" height=\"426\" class=\"alignnone wp-image-105\" src=\"https:\/\/sisu.ut.ee\/wp-content\/uploads\/sites\/358\/596_magical_bog_sven_zacek_72505.jpg\" title=\"M\u00e4nnikj\u00e4rve bog\" alt=\"M\u00e4nnikj\u00e4rve bog\" srcset=\"https:\/\/sisu.ut.ee\/wp-content\/uploads\/sites\/358\/596_magical_bog_sven_zacek_72505.jpg 640w, https:\/\/sisu.ut.ee\/wp-content\/uploads\/sites\/358\/596_magical_bog_sven_zacek_72505-300x200.jpg 300w\" sizes=\"auto, (max-width: 640px) 100vw, 640px\">\n\t\t\t<\/td>\n<td>\n\t\t\t\t<img loading=\"lazy\" decoding=\"async\" width=\"640\" height=\"480\" class=\"alignnone wp-image-85\" src=\"https:\/\/sisu.ut.ee\/wp-content\/uploads\/sites\/358\/restauration_in_endla.jpg\" title=\"Restoration in Endla\" alt=\"Restoration in Endla\" srcset=\"https:\/\/sisu.ut.ee\/wp-content\/uploads\/sites\/358\/restauration_in_endla.jpg 640w, https:\/\/sisu.ut.ee\/wp-content\/uploads\/sites\/358\/restauration_in_endla-300x225.jpg 300w\" sizes=\"auto, (max-width: 640px) 100vw, 640px\">\n\t\t\t<\/td>\n<td>\n\t\t\t\t<img loading=\"lazy\" decoding=\"async\" width=\"922\" height=\"615\" class=\"alignnone wp-image-86\" src=\"https:\/\/sisu.ut.ee\/wp-content\/uploads\/sites\/358\/laiuse_paisud_18_10_2019.jpg\" title=\"Laiuse restoration area\" alt=\"Laiuse restoration area\" srcset=\"https:\/\/sisu.ut.ee\/wp-content\/uploads\/sites\/358\/laiuse_paisud_18_10_2019.jpg 922w, https:\/\/sisu.ut.ee\/wp-content\/uploads\/sites\/358\/laiuse_paisud_18_10_2019-300x200.jpg 300w, https:\/\/sisu.ut.ee\/wp-content\/uploads\/sites\/358\/laiuse_paisud_18_10_2019-768x512.jpg 768w\" sizes=\"auto, (max-width: 922px) 100vw, 922px\">\n\t\t\t<\/td>\n<\/tr>\n<\/tbody>\n<\/table>\n<p style=\"margin-top:0cm;margin-right:-31.55pt;margin-bottom:.0001pt\">\n\t\u00a0<\/p>\n","protected":false},"excerpt":{"rendered":"<p>Tour 1 The forest ecosystems study sites in the J\u00e4rvselja complex: free air humidity manipulation forest station (FAHM), experimental drained peatland forest experimental station for full C &amp; N cycle measurements, SMEAR Estonia (Station Measuring Forest-Atmosphere Relations) for the local &#8230;<\/p>\n","protected":false},"author":345,"featured_media":0,"parent":0,"menu_order":0,"comment_status":"closed","ping_status":"closed","template":"","meta":{"_acf_changed":false,"inline_featured_image":false,"footnotes":""},"class_list":["post-34","page","type-page","status-publish","hentry"],"acf":[],"_links":{"self":[{"href":"https:\/\/sisu.ut.ee\/biogeomon2020\/wp-json\/wp\/v2\/pages\/34","targetHints":{"allow":["GET"]}}],"collection":[{"href":"https:\/\/sisu.ut.ee\/biogeomon2020\/wp-json\/wp\/v2\/pages"}],"about":[{"href":"https:\/\/sisu.ut.ee\/biogeomon2020\/wp-json\/wp\/v2\/types\/page"}],"author":[{"embeddable":true,"href":"https:\/\/sisu.ut.ee\/biogeomon2020\/wp-json\/wp\/v2\/users\/345"}],"replies":[{"embeddable":true,"href":"https:\/\/sisu.ut.ee\/biogeomon2020\/wp-json\/wp\/v2\/comments?post=34"}],"version-history":[{"count":2,"href":"https:\/\/sisu.ut.ee\/biogeomon2020\/wp-json\/wp\/v2\/pages\/34\/revisions"}],"predecessor-version":[{"id":607,"href":"https:\/\/sisu.ut.ee\/biogeomon2020\/wp-json\/wp\/v2\/pages\/34\/revisions\/607"}],"wp:attachment":[{"href":"https:\/\/sisu.ut.ee\/biogeomon2020\/wp-json\/wp\/v2\/media?parent=34"}],"curies":[{"name":"wp","href":"https:\/\/api.w.org\/{rel}","templated":true}]}}