{"id":31,"date":"2024-04-04T05:09:10","date_gmt":"2024-04-04T02:09:10","guid":{"rendered":"https:\/\/sisu.ut.ee\/biogeomon2020\/organisers\/"},"modified":"2024-04-04T05:10:23","modified_gmt":"2024-04-04T02:10:23","slug":"organisers","status":"publish","type":"page","link":"https:\/\/sisu.ut.ee\/biogeomon2020\/organisers\/","title":{"rendered":"Organisers"},"content":{"rendered":"<table class=\"table table-hover\">\n<tbody>\n<tr>\n<td>\n<p>\n\t\t\t\t\tHosts:\n\t\t\t\t<\/p>\n<\/td>\n<td>\n<p>\n\t\t\t\t\tUniversity of Tartu, Estonia<br>Czech Geological Survey, Czech Republic\n\t\t\t\t<\/p>\n<\/td>\n<\/tr>\n<tr>\n<td>\n<p>\n\t\t\t\t\tWhen:\n\t\t\t\t<\/p>\n<\/td>\n<td>\n<p>\n\t\t\t\t\t26 June, 2022\u00a0to 30 June, 2022\n\t\t\t\t<\/p>\n<\/td>\n<\/tr>\n<tr>\n<td>\n<p>\n\t\t\t\t\tWhere:\n\t\t\t\t<\/p>\n<\/td>\n<td>\n<p>\n\t\t\t\t\tTartu, Estonia\n\t\t\t\t<\/p>\n<\/td>\n<\/tr>\n<tr>\n<td>\n<p>\n\t\t\t\t\tVenue:\n\t\t\t\t<\/p>\n<\/td>\n<td>\n<p>\n\t\t\t\t\tUniversity of Tartu\n\t\t\t\t<\/p>\n<\/td>\n<\/tr>\n<tr>\n<td>\n<p>\n\t\t\t\t\tContact:\n\t\t\t\t<\/p>\n<\/td>\n<td>\n<p>\n\t\t\t\t\t\u00dclo Mander,\u00a0ulo.mander@ut.ee\n\t\t\t\t<\/p>\n<p>\n\t\t\t\t\tValentina Sagris,\u00a0valentina.sagris@ut.ee\n\t\t\t\t<\/p>\n<\/td>\n<\/tr>\n<\/tbody>\n<\/table>\n<p>\n\t\u00a0\n<\/p>\n<p>\n\t<b><span>Local scientific committee from the University of Tartu<\/span><\/b>\n<\/p>\n<p>\n\tMikk Espenberg\n<\/p>\n<p>\n\tHeikki Junninen\n<\/p>\n<p>\n\tKuno Kasak\n<\/p>\n<p>\n\t\u00dclo Mander (head)\n<\/p>\n<p>\n\tMaarja \u00d6pik\n<\/p>\n<p>\n\tIvika Ostonen\n<\/p>\n<p>\n\tJaan P\u00e4rn\n<\/p>\n<p>\n\tUrmas Peterson*\n<\/p>\n<p>\n\tValentina Sagris\n<\/p>\n<p>\n\tKristina Sohar\n<\/p>\n<p>\n\tKaido Soosaar\n<\/p>\n<p>\n\tEvelyn Uuemaa\n<\/p>\n<p>\n\t*Estonian University of Life Sciences\n<\/p>\n<p>\n\t\u00a0\n<\/p>\n<p>\n\t<b><span>International scientific committee<\/span><\/b>\n<\/p>\n<p>\n\tFran\u00e7ois Chabaux (University of Strasbourg, France)\n<\/p>\n<p>\n\tEmily M. Elliott (University of Pittsburgh, USA)\n<\/p>\n<p>\n\tMartin Forsius (Finnish Environment Institute, Finland)\n<\/p>\n<p>\n\tGerhard Gebauer (University of Bayreuth, Germany)\n<\/p>\n<p>\n\tChristine Goodale (Cornell University, USA)\n<\/p>\n<p>\n\tJakub Hru<span>\u0161<\/span>ka (Czech Geological Survey, Czech Republic)\n<\/p>\n<p>\n\tAnnalea Lohila (Finnish Meteorological Service, Finland)\n<\/p>\n<p>\n\t\u00dclo Mander (University of Tartu, Estonia, head)\n<\/p>\n<p>\n\tStephen Norton (University of Maine, USA)\n<\/p>\n<p>\n\tMartin Novak (Czech Geological Survey, Czech Republic)\n<\/p>\n<p>\n\tHana \u0160antr\u016f\u010dkov\u00e1 (University of Southern Bohemia, \u010cesk\u00e9 Bud\u011bjovice\u200e, Czech Republic)\n<\/p>\n<p>\n\tJames B. Shanley (US Geological Survey, USA)\n<\/p>\n<p>\n\tLiisa Ukonmaanaho (LUKE, Finland)\n<\/p>\n<p>\n\tMelanie Vile (Uni West Chester PA, USA)\n<\/p>\n<p>\n\tKelman Wieder\u00a0(Villanova University, USA)\n<\/p>\n<p>\n\t\u00a0\n<\/p>\n<p>\n\t<strong>Volunteers<\/strong>\n<\/p>\n<p>\n\tSharvari Gadegaonkar\n<\/p>\n<p>\n\tFahad Kazmi\n<\/p>\n<p>\n\tAlisa Krasnova\n<\/p>\n<p>\n\tMadli-Johanna Maidla\n<\/p>\n<p>\n\tMohit Masta\n<\/p>\n<p>\n\tReti Ranniku\n<\/p>\n<p>\n\tKamil Sardar\n<\/p>\n<p>\n\tTauri Tampuu\n<\/p>\n<p>\n\tSandeep Thayamkottu\n<\/p>\n<p>\n\tHanna Vahter\n<\/p>\n<p>\n\t\u00a0<\/p>\n","protected":false},"excerpt":{"rendered":"<p>Hosts: University of Tartu, EstoniaCzech Geological Survey, Czech Republic When: 26 June, 2022\u00a0to 30 June, 2022 Where: Tartu, Estonia Venue: University of Tartu Contact: \u00dclo Mander,\u00a0ulo.mander@ut.ee Valentina Sagris,\u00a0valentina.sagris@ut.ee \u00a0 Local scientific committee from the University of Tartu Mikk Espenberg Heikki &#8230;<\/p>\n","protected":false},"author":345,"featured_media":0,"parent":0,"menu_order":0,"comment_status":"closed","ping_status":"closed","template":"","meta":{"_acf_changed":false,"inline_featured_image":false,"footnotes":""},"class_list":["post-31","page","type-page","status-publish","hentry"],"acf":[],"_links":{"self":[{"href":"https:\/\/sisu.ut.ee\/biogeomon2020\/wp-json\/wp\/v2\/pages\/31","targetHints":{"allow":["GET"]}}],"collection":[{"href":"https:\/\/sisu.ut.ee\/biogeomon2020\/wp-json\/wp\/v2\/pages"}],"about":[{"href":"https:\/\/sisu.ut.ee\/biogeomon2020\/wp-json\/wp\/v2\/types\/page"}],"author":[{"embeddable":true,"href":"https:\/\/sisu.ut.ee\/biogeomon2020\/wp-json\/wp\/v2\/users\/345"}],"replies":[{"embeddable":true,"href":"https:\/\/sisu.ut.ee\/biogeomon2020\/wp-json\/wp\/v2\/comments?post=31"}],"version-history":[{"count":1,"href":"https:\/\/sisu.ut.ee\/biogeomon2020\/wp-json\/wp\/v2\/pages\/31\/revisions"}],"predecessor-version":[{"id":566,"href":"https:\/\/sisu.ut.ee\/biogeomon2020\/wp-json\/wp\/v2\/pages\/31\/revisions\/566"}],"wp:attachment":[{"href":"https:\/\/sisu.ut.ee\/biogeomon2020\/wp-json\/wp\/v2\/media?parent=31"}],"curies":[{"name":"wp","href":"https:\/\/api.w.org\/{rel}","templated":true}]}}