{"id":25,"date":"2024-04-04T05:09:10","date_gmt":"2024-04-04T02:09:10","guid":{"rendered":"https:\/\/sisu.ut.ee\/biogeomon2020\/phd-students-posters-award\/"},"modified":"2024-04-04T05:10:23","modified_gmt":"2024-04-04T02:10:23","slug":"phd-students-posters-award","status":"publish","type":"page","link":"https:\/\/sisu.ut.ee\/biogeomon2020\/phd-students-posters-award\/","title":{"rendered":"PhD students posters award"},"content":{"rendered":"<p>\n\t\u00a0\n<\/p>\n<p>\n\t<strong><span style=\"font-size:18px\">We are glad to announce the PhD students posters award results<\/span><\/strong>\n<\/p>\n<p>\n\t\u00a0\n<\/p>\n<p>\n\t<strong><span style=\"font-size:18px\">\u00a0<\/span><\/strong>\n<\/p>\n<p>\n\t<span style=\"font-size:14px\"><span style=\"font-family:Arial,Helvetica,sans-serif\"><strong>1st place\u00a0<\/strong>goes to\u00a0<u><strong>Rafa\u0142 Kie\u0142czewski<\/strong><\/u>, Mariusz Ga\u0142ka , Krzysztof Pleskot and Karina Apolinarska, poster title:\u00a0<\/span><\/span>\n<\/p>\n<p>\n\tTHE HOLOCENE RECORD OF ENVIRONMENTAL CHANGES IN THE MAKOWLANY ALKALINE SPRING-FED FEN SEDIMENT SEQUENCE, NORTH-EASTERN POLAND\n<\/p>\n<p>\n\t\u00a0\n<\/p>\n<p>\n\t<span style=\"font-size:14px\"><span style=\"font-family:Arial,Helvetica,sans-serif\"><strong>2nd place<\/strong> goes to<strong>\u00a0<\/strong><\/span><\/span><u><strong>Alisa Krasnova<\/strong><\/u>, \u00dclo Mander\u00a0, Steffen M. Noe\u00a0, Veiko Uri\u00a0, Dmitrii Krasnov\u00a0and Kaido Soosaar for poster:\u00a0\n<\/p>\n<p>\n\tHEMIBOREAL FORESTS\u2019 CO2 FLUXES RESPONSE TO THE EUROPEAN 2018 HEATWAVE\n<\/p>\n<p>\n\t\u00a0\n<\/p>\n<p>\n\t<strong>3rd place<\/strong> goes to\u00a0<u><strong>Carmen Kivistik<\/strong><\/u>, Kairi K\u00e4iro, Helen Tammert, Inna Sokolova, Veljo Kisand\u00a0and Daniel P. R. Herlemann:\n<\/p>\n<p>\n\tDISTINCT STAGES ON THE BACTERIAL COMMUNITY IN HOST PROTECTED ENVIRONMENTS AFTER DISTURBANCE\n<\/p>\n<p>\n\t\u00a0\n<\/p>\n<p>\n\t\u00a0\n<\/p>\n<p>\n\tCompetition is sponsored by\u00a0<a data-url=\"https:\/\/www.licor.com\/env\/\" href=\"https:\/\/www.licor.com\/env\/\" target=\"_blank\" title=\"\" rel=\"noopener\">LI-COR Environmental \u2013 GmbH<\/a>\u00a0\n<\/p>\n<p style=\"margin-left: 40px\">\n\t<strong>\u00a0<img loading=\"lazy\" decoding=\"async\" alt=\"\" height=\"92\" src=\"https:\/\/sisu.ut.ee\/wp-content\/uploads\/sites\/358\/li-cor.png\" width=\"287\"><\/strong><\/p>\n","protected":false},"excerpt":{"rendered":"<p>\u00a0 We are glad to announce the PhD students posters award results \u00a0 \u00a0 1st place\u00a0goes to\u00a0Rafa\u0142 Kie\u0142czewski, Mariusz Ga\u0142ka , Krzysztof Pleskot and Karina Apolinarska, poster title:\u00a0 THE HOLOCENE RECORD OF ENVIRONMENTAL CHANGES IN THE MAKOWLANY ALKALINE SPRING-FED FEN &#8230;<\/p>\n","protected":false},"author":345,"featured_media":0,"parent":0,"menu_order":0,"comment_status":"closed","ping_status":"closed","template":"","meta":{"_acf_changed":false,"inline_featured_image":false,"footnotes":""},"class_list":["post-25","page","type-page","status-publish","hentry"],"acf":[],"_links":{"self":[{"href":"https:\/\/sisu.ut.ee\/biogeomon2020\/wp-json\/wp\/v2\/pages\/25","targetHints":{"allow":["GET"]}}],"collection":[{"href":"https:\/\/sisu.ut.ee\/biogeomon2020\/wp-json\/wp\/v2\/pages"}],"about":[{"href":"https:\/\/sisu.ut.ee\/biogeomon2020\/wp-json\/wp\/v2\/types\/page"}],"author":[{"embeddable":true,"href":"https:\/\/sisu.ut.ee\/biogeomon2020\/wp-json\/wp\/v2\/users\/345"}],"replies":[{"embeddable":true,"href":"https:\/\/sisu.ut.ee\/biogeomon2020\/wp-json\/wp\/v2\/comments?post=25"}],"version-history":[{"count":1,"href":"https:\/\/sisu.ut.ee\/biogeomon2020\/wp-json\/wp\/v2\/pages\/25\/revisions"}],"predecessor-version":[{"id":572,"href":"https:\/\/sisu.ut.ee\/biogeomon2020\/wp-json\/wp\/v2\/pages\/25\/revisions\/572"}],"wp:attachment":[{"href":"https:\/\/sisu.ut.ee\/biogeomon2020\/wp-json\/wp\/v2\/media?parent=25"}],"curies":[{"name":"wp","href":"https:\/\/api.w.org\/{rel}","templated":true}]}}