{"id":24,"date":"2024-04-04T05:09:09","date_gmt":"2024-04-04T02:09:09","guid":{"rendered":"https:\/\/sisu.ut.ee\/biogeomon2020\/technical-tour-6\/"},"modified":"2024-04-04T05:10:23","modified_gmt":"2024-04-04T02:10:23","slug":"technical-tour-6","status":"publish","type":"page","link":"https:\/\/sisu.ut.ee\/biogeomon2020\/technical-tour-6\/","title":{"rendered":"Technical tour 6"},"content":{"rendered":"<p>\n\t<strong>M\u00e4nnikj\u00e4rve natural raised bog and peatland restoration sites in Laiuse and Endla<\/strong>\n<\/p>\n<p>\n\t<span lang=\"ET\"><span style=\"line-height:107%\">M\u00e4nnikj\u00e4rve raised bog is well known for its picturesque convex bog landscape with well established hollow-ridge-pool systems including more than 120 pools and Lake M\u00e4nnikj\u00e4rve. It forms part of <\/span><\/span><span lang=\"EN-GB\"><span style=\"line-height:107%\">Endla Nature Reserve which main assets are the diverse wetland habitats of bogs, overgrowing lakes and karst springs<\/span><\/span><span lang=\"ET\"><span style=\"line-height:107%\">. Here, in historical Tooma village mire research in Estonia started in 1910.<\/span><\/span>\n<\/p>\n<p>\n\t<span lang=\"ET\"><span style=\"line-height:107%\">There are eight raised bog massifs separated by rivers, bog forests and lakes, among those Linnusaare bog as on of the biggest. While core of the Linnusaare bog is in excellent natural condition and serves as strict nature reservate, silvicultural and agricultural drainage in marginal areas of the bog has been historically dug and nowadays in these areas bog restoration works have started since 2015.<\/span><\/span>\n<\/p>\n<p>\n\t<span lang=\"ET\"><span style=\"line-height:107%\">Laiuse bog is characteristic for drumlin area \u2013 long and narrow squeesed between drumlins but with deep peat layer atop of gyttja and lake sediments. Part of the bog was used as milled peat production area until activity abandonment in end of 1980-ies. Bog restoration in abandoned area started in 2017.<\/span><\/span>\n<\/p>\n<table class=\"table table-hover\" border=\"0\" cellpadding=\"0\" cellspacing=\"0\" style=\"width: 100%\">\n<tbody>\n<tr>\n<td>\n\t\t\t\t<img loading=\"lazy\" decoding=\"async\" width=\"1600\" height=\"1064\" class=\"alignnone wp-image-87\" src=\"https:\/\/sisu.ut.ee\/wp-content\/uploads\/sites\/358\/mannikjarve.jpg\" title=\"M\u00e4nnikj\u00e4rve bog\" alt=\"M\u00e4nnikj\u00e4rve bog\" srcset=\"https:\/\/sisu.ut.ee\/wp-content\/uploads\/sites\/358\/mannikjarve.jpg 1600w, https:\/\/sisu.ut.ee\/wp-content\/uploads\/sites\/358\/mannikjarve-300x200.jpg 300w, https:\/\/sisu.ut.ee\/wp-content\/uploads\/sites\/358\/mannikjarve-1024x681.jpg 1024w, https:\/\/sisu.ut.ee\/wp-content\/uploads\/sites\/358\/mannikjarve-768x511.jpg 768w, https:\/\/sisu.ut.ee\/wp-content\/uploads\/sites\/358\/mannikjarve-1536x1021.jpg 1536w\" sizes=\"auto, (max-width: 1600px) 100vw, 1600px\">\n\t\t\t<\/td>\n<td>\n\t\t\t\t<img loading=\"lazy\" decoding=\"async\" width=\"640\" height=\"480\" class=\"alignnone wp-image-85\" src=\"https:\/\/sisu.ut.ee\/wp-content\/uploads\/sites\/358\/restauration_in_endla.jpg\" title=\"Restoration in Endla\" alt=\"Restoration in Endla\" srcset=\"https:\/\/sisu.ut.ee\/wp-content\/uploads\/sites\/358\/restauration_in_endla.jpg 640w, https:\/\/sisu.ut.ee\/wp-content\/uploads\/sites\/358\/restauration_in_endla-300x225.jpg 300w\" sizes=\"auto, (max-width: 640px) 100vw, 640px\">\n\t\t\t<\/td>\n<td>\n\t\t\t\t<img loading=\"lazy\" decoding=\"async\" width=\"922\" height=\"615\" class=\"alignnone wp-image-86\" src=\"https:\/\/sisu.ut.ee\/wp-content\/uploads\/sites\/358\/laiuse_paisud_18_10_2019.jpg\" title=\"Laiuse restoration area\" alt=\"Laiuse restoration area\" srcset=\"https:\/\/sisu.ut.ee\/wp-content\/uploads\/sites\/358\/laiuse_paisud_18_10_2019.jpg 922w, https:\/\/sisu.ut.ee\/wp-content\/uploads\/sites\/358\/laiuse_paisud_18_10_2019-300x200.jpg 300w, https:\/\/sisu.ut.ee\/wp-content\/uploads\/sites\/358\/laiuse_paisud_18_10_2019-768x512.jpg 768w\" sizes=\"auto, (max-width: 922px) 100vw, 922px\">\n\t\t\t<\/td>\n<\/tr>\n<\/tbody>\n<\/table>\n<p>\n\t<span lang=\"ET\"><span style=\"line-height:107%\">The total walking distance is ca 5 km. Rubber boots or good hiking boots are recommended in Linnusaare restoration site, comfortable walking shoes can be used in M\u00e4nnikj\u00e4rve and Laiuse bog.<\/span><\/span><\/p>\n","protected":false},"excerpt":{"rendered":"<p>M\u00e4nnikj\u00e4rve natural raised bog and peatland restoration sites in Laiuse and Endla M\u00e4nnikj\u00e4rve raised bog is well known for its picturesque convex bog landscape with well established hollow-ridge-pool systems including more than 120 pools and Lake M\u00e4nnikj\u00e4rve. It forms part &#8230;<\/p>\n","protected":false},"author":345,"featured_media":0,"parent":0,"menu_order":0,"comment_status":"closed","ping_status":"closed","template":"","meta":{"_acf_changed":false,"inline_featured_image":false,"footnotes":""},"class_list":["post-24","page","type-page","status-publish","hentry"],"acf":[],"_links":{"self":[{"href":"https:\/\/sisu.ut.ee\/biogeomon2020\/wp-json\/wp\/v2\/pages\/24","targetHints":{"allow":["GET"]}}],"collection":[{"href":"https:\/\/sisu.ut.ee\/biogeomon2020\/wp-json\/wp\/v2\/pages"}],"about":[{"href":"https:\/\/sisu.ut.ee\/biogeomon2020\/wp-json\/wp\/v2\/types\/page"}],"author":[{"embeddable":true,"href":"https:\/\/sisu.ut.ee\/biogeomon2020\/wp-json\/wp\/v2\/users\/345"}],"replies":[{"embeddable":true,"href":"https:\/\/sisu.ut.ee\/biogeomon2020\/wp-json\/wp\/v2\/comments?post=24"}],"version-history":[{"count":1,"href":"https:\/\/sisu.ut.ee\/biogeomon2020\/wp-json\/wp\/v2\/pages\/24\/revisions"}],"predecessor-version":[{"id":573,"href":"https:\/\/sisu.ut.ee\/biogeomon2020\/wp-json\/wp\/v2\/pages\/24\/revisions\/573"}],"wp:attachment":[{"href":"https:\/\/sisu.ut.ee\/biogeomon2020\/wp-json\/wp\/v2\/media?parent=24"}],"curies":[{"name":"wp","href":"https:\/\/api.w.org\/{rel}","templated":true}]}}