{"id":23,"date":"2024-04-04T05:09:09","date_gmt":"2024-04-04T02:09:09","guid":{"rendered":"https:\/\/sisu.ut.ee\/biogeomon2020\/technical-tour-5\/"},"modified":"2024-04-04T05:10:23","modified_gmt":"2024-04-04T02:10:23","slug":"technical-tour-5","status":"publish","type":"page","link":"https:\/\/sisu.ut.ee\/biogeomon2020\/technical-tour-5\/","title":{"rendered":"Technical tour 5"},"content":{"rendered":"<p>\n\t<strong><span lang=\"EN-GB\"><span style=\"background:white\"><span style=\"line-height:107%\">South-East Estonia<\/span><\/span><\/span><\/strong>\n<\/p>\n<p>\n\t<br style=\"text-align:start\"><span lang=\"EN-GB\"><span style=\"line-height:107%\"><span style=\"background:white\"><span style=\"text-align:start\"><span><span><span><span><span><span style=\"float:none\"><span>We will start our day with a visit to Meenikunno Nature reserve in Southern Estonia where we take a small and easy hike in pristine and well-preserved 6000-year-old raised bog and surrounding old-growth forests.<\/span><\/span><\/span><\/span><\/span><\/span><\/span><\/span><\/span><\/span><\/span><img loading=\"lazy\" decoding=\"async\" width=\"1024\" height=\"683\" class=\"alignnone wp-image-82\" style=\"margin-left:15px;margin-right:15px;float:right\" src=\"https:\/\/sisu.ut.ee\/wp-content\/uploads\/sites\/358\/meenikunno.jpg\" title=\"Meenikunno bog\" alt=\"Meenikunno bog\" srcset=\"https:\/\/sisu.ut.ee\/wp-content\/uploads\/sites\/358\/meenikunno.jpg 1024w, https:\/\/sisu.ut.ee\/wp-content\/uploads\/sites\/358\/meenikunno-300x200.jpg 300w, https:\/\/sisu.ut.ee\/wp-content\/uploads\/sites\/358\/meenikunno-768x512.jpg 768w\" sizes=\"auto, (max-width: 1024px) 100vw, 1024px\">\n<\/p>\n<p>\n\t<br style=\"text-align:start\"><span lang=\"EN-GB\"><span style=\"line-height:107%\"><span style=\"background:white\"><span style=\"text-align:start\"><span><span><span><span><span><span style=\"float:none\"><span>Meenikunno Nature Reserve covers 2,651 hectares and it was founded to maintain and protect the unique bog, the lakes and bumps<\/span><\/span><\/span><\/span><\/span><\/span><\/span><\/span><\/span><\/span><\/span><span lang=\"EN-GB\"><span style=\"line-height:107%\"><span style=\"background:white\"><span style=\"text-align:start\"><span><span><span><span><span><span style=\"float:none\"><span> as well as<\/span><\/span><\/span><\/span><\/span><\/span><\/span><\/span><\/span><\/span><\/span><span lang=\"EN-GB\"><span style=\"line-height:107%\"><span style=\"background:white\"><span style=\"text-align:start\"><span><span><span><span><span><span style=\"float:none\"><span> the habitats of protected species. The south-western part of the bog arose when a body of water overgrew after the Ice Age more th<\/span><\/span><\/span><\/span><\/span><\/span><\/span><\/span><\/span><\/span><\/span><span lang=\"EN-GB\"><span style=\"line-height:107%\"><span style=\"background:white\"><span style=\"text-align:start\"><span><span><span><span><span><span style=\"float:none\"><span>an 8,000 years ago. The dev<\/span><\/span><\/span><\/span><\/span><\/span><\/span><\/span><\/span><\/span><\/span><span lang=\"EN-GB\"><span style=\"line-height:107%\"><span style=\"background:white\"><span style=\"text-align:start\"><span><span><span><span><span><span style=\"float:none\"><span>elopment of the rest of the bog has started in a relatively unique way for Estonia: the bog peat has sedimented directly on the sand. The peat layers of the Meenikunno b<\/span><\/span><\/span><\/span><\/span><\/span><\/span><\/span><\/span><\/span><\/span><span lang=\"EN-GB\"><span style=\"line-height:107%\"><span style=\"background:white\"><span style=\"text-align:start\"><span><span><span><span><span><span style=\"float:none\"><span>og, which are up to six metres thick, are saturated with water but the sand beneath them is saturated only partially, so that the bog is \u2018hanging\u2019 on dry sandstone. This means that the ground water is deep down and there is a dry layer under the bog. The bog with the approximate area of 1,500 hectares is predominantly covered with scattered pine trees, but there are also several bog pools and lakes (Kamarusj\u00e4rv, Middle Suuj\u00e4rv and Big Suuj\u00e4rv). Around the bog, old-growth pine and spruce forests on sandy soil d<\/span><\/span><\/span><\/span><\/span><\/span><\/span><\/span><\/span><\/span><\/span><span lang=\"EN-GB\"><span style=\"line-height:107%\"><span style=\"background:white\"><span style=\"text-align:start\"><span><span><span><span><span><span style=\"float:none\"><span>ominate.<\/span><\/span><\/span><\/span><\/span><\/span><\/span><\/span><\/span><\/span><\/span>\n<\/p>\n<p>\n\t<span lang=\"EN-GB\"><span style=\"line-height:107%\"><span style=\"background:white\"><span style=\"text-align:start\"><span><span><span><span><span><span style=\"float:none\"><span>In addition <\/span><\/span><\/span><\/span><\/span><\/span><\/span><\/span><\/span><\/span><\/span><span lang=\"EN-GB\"><span style=\"line-height:107%\"><span style=\"background:white\"><span style=\"text-align:start\"><span><span><span><span><span><span style=\"float:none\"><span>to visit to scenic bog, we will also get acquainted with future plans<\/span><\/span><\/span><\/span><\/span><\/span><\/span><\/span><\/span><\/span><\/span><span lang=\"EN-GB\"><span style=\"line-height:107%\"><span style=\"background:white\"><span style=\"text-align:start\"><span><span><span><span><span><span style=\"float:none\"><span> to restore water level in surrounding forest areas that have been drained during <\/span><\/span><\/span><\/span><\/span><\/span><\/span><\/span><\/span><\/span><\/span><span lang=\"EN-GB\"><span style=\"line-height:107%\"><span style=\"background:white\"><span style=\"text-align:start\"><span><span><span><span><span><span style=\"float:none\"><span>Soviet time.\u00a0<\/span><\/span><\/span><\/span><\/span><\/span><\/span><\/span><\/span><\/span><\/span>\n<\/p>\n<p>\n\t<span lang=\"EN-GB\"><span style=\"line-height:107%\"><span style=\"background:white\"><span style=\"text-align:start\"><span><span><span><span><span><span style=\"float:none\"><span>From Meenikunno, we will move southwards to visit culturally rich Setomaa region and have a short introduction to traditions and <\/span><\/span><\/span><\/span><\/span><\/span><\/span><\/span><\/span><\/span><\/span><span lang=\"EN-GB\"><span style=\"line-height:107%\"><span style=\"background:white\"><span style=\"text-align:start\"><span><span><span><span><span><span style=\"float:none\"><span>lifestyle of Seto people. Setos are an indigenou<\/span><\/span><\/span><\/span><\/span><\/span><\/span><\/span><\/span><\/span><\/span><span lang=\"EN-GB\"><span style=\"line-height:107%\"><span style=\"background:white\"><span style=\"text-align:start\"><span><span><span><span><span><span style=\"float:none\"><span>s ethnic and linguistic minority in south-eastern Estonia and north-western Russia. The Seto language (like Finnish and Estonian) belongs to the Finnic group of the Uralic languages. Along with Orthodox Christianity, vernacular traditional folk religion is widely practiced and supported by Setos. Seto Leelo \u2013 Seto polyphonic singing tradition \u2013 is listed as an Intangible Cultural Heritage element in Northern Europe by UNESCO. There are approximately 15,000 Setos around the world, but the bulk of them is found in the Setomaa region, which is divided between south-eastern Estonia (P\u00f5lva and V\u00f5ro counties) and the north-western Russian Federation (Pechorsky District of Pskov Oblast). Setos are an officially protected ethnic minority of P<\/span><\/span><\/span><\/span><\/span><\/span><\/span><\/span><\/span><\/span><\/span><span lang=\"EN-GB\"><span style=\"line-height:107%\"><span style=\"background:white\"><span style=\"text-align:start\"><span><span><span><span><span><span style=\"float:none\"><span>skov Oblast, Russia<\/span><\/span><\/span><\/span><\/span><\/span><\/span><\/span><\/span><\/span><\/span>\n<\/p>\n<table class=\"table table-hover\" border=\"0\" cellpadding=\"0\" cellspacing=\"0\" style=\"width: 100%\">\n<tbody>\n<tr>\n<td>\n\t\t\t\t<img loading=\"lazy\" decoding=\"async\" width=\"930\" height=\"623\" class=\"alignnone wp-image-83\" src=\"https:\/\/sisu.ut.ee\/wp-content\/uploads\/sites\/358\/nkmmjoe4.jpeg\" title=\"Seto people\" alt=\"Seto people\" srcset=\"https:\/\/sisu.ut.ee\/wp-content\/uploads\/sites\/358\/nkmmjoe4.jpeg 930w, https:\/\/sisu.ut.ee\/wp-content\/uploads\/sites\/358\/nkmmjoe4-300x201.jpeg 300w, https:\/\/sisu.ut.ee\/wp-content\/uploads\/sites\/358\/nkmmjoe4-768x514.jpeg 768w\" sizes=\"auto, (max-width: 930px) 100vw, 930px\">\n\t\t\t<\/td>\n<td>\n\t\t\t\t<img loading=\"lazy\" decoding=\"async\" width=\"800\" height=\"600\" class=\"alignnone wp-image-84\" src=\"https:\/\/sisu.ut.ee\/wp-content\/uploads\/sites\/358\/piusa_sand_quarry_3.jpg\" title=\"Piusa\" alt=\"Piusa\" srcset=\"https:\/\/sisu.ut.ee\/wp-content\/uploads\/sites\/358\/piusa_sand_quarry_3.jpg 800w, https:\/\/sisu.ut.ee\/wp-content\/uploads\/sites\/358\/piusa_sand_quarry_3-300x225.jpg 300w, https:\/\/sisu.ut.ee\/wp-content\/uploads\/sites\/358\/piusa_sand_quarry_3-768x576.jpg 768w\" sizes=\"auto, (max-width: 800px) 100vw, 800px\">\n\t\t\t<\/td>\n<td>\n\t\t\t\t<img loading=\"lazy\" decoding=\"async\" width=\"800\" height=\"1200\" class=\"alignnone wp-image-81\" src=\"https:\/\/sisu.ut.ee\/wp-content\/uploads\/sites\/358\/suure_munamae_vaatetorn.jpg\" title=\"Suur Munam\u00e4gi tower\" alt=\"Suur Munam\u00e4gi tower\" srcset=\"https:\/\/sisu.ut.ee\/wp-content\/uploads\/sites\/358\/suure_munamae_vaatetorn.jpg 800w, https:\/\/sisu.ut.ee\/wp-content\/uploads\/sites\/358\/suure_munamae_vaatetorn-200x300.jpg 200w, https:\/\/sisu.ut.ee\/wp-content\/uploads\/sites\/358\/suure_munamae_vaatetorn-683x1024.jpg 683w, https:\/\/sisu.ut.ee\/wp-content\/uploads\/sites\/358\/suure_munamae_vaatetorn-768x1152.jpg 768w\" sizes=\"auto, (max-width: 800px) 100vw, 800px\">\n\t\t\t<\/td>\n<\/tr>\n<\/tbody>\n<\/table>\n<p>\n\t\u00a0\n<\/p>\n<p>\n\t<span lang=\"EN-GB\"><span style=\"line-height:107%\"><span style=\"background:white\"><span style=\"text-align:start\"><span><span><span><span><span><span style=\"float:none\"><span>In Setomaa, we will visit Piusa-V\u00f5mmorski protected area where we explore the outcome of the restoration of heathland ecosystem from afforested area. In the same place, abandoned quarry has turned into habitat for Northern crested newt (Triturus cristatus). Together with the project manager, it is possible to discuss the ou<\/span><\/span><\/span><\/span><\/span><\/span><\/span><\/span><\/span><\/span><\/span><span lang=\"EN-GB\"><span style=\"line-height:107%\"><span style=\"background:white\"><span style=\"text-align:start\"><span><span><span><span><span><span style=\"float:none\"><span>tcome and effectiveness of restoration activities in degraded lands.<\/span><\/span><\/span><\/span><\/span><\/span><\/span><\/span><\/span><\/span><\/span>\n<\/p>\n<p>\n\t<br style=\"text-align:start\"><span lang=\"EN-GB\"><span style=\"line-height:107%\"><span style=\"background:white\"><span style=\"text-align:start\"><span><span><span><span><span><span style=\"float:none\"><span>If time allows, on our way back to Tartu we will visit the highest place of Estonia \u2013 whole 316 meters of mountain (Munam\u00e4gi hill). Don\u2019t feel disappointed by the relatively low height of the hill \u2013 it is still the highest peak in the whole Baltic region and is situated in very picturesque hilly region of Haanja Nature Park.\u00a0<\/span><\/span><\/span><\/span><\/span><\/span><\/span><\/span><\/span><\/span><\/span>\n<\/p>\n<p>\n\t\u00a0<\/p>\n","protected":false},"excerpt":{"rendered":"<p>South-East Estonia We will start our day with a visit to Meenikunno Nature reserve in Southern Estonia where we take a small and easy hike in pristine and well-preserved 6000-year-old raised bog and surrounding old-growth forests. Meenikunno Nature Reserve covers &#8230;<\/p>\n","protected":false},"author":345,"featured_media":0,"parent":0,"menu_order":0,"comment_status":"closed","ping_status":"closed","template":"","meta":{"_acf_changed":false,"inline_featured_image":false,"footnotes":""},"class_list":["post-23","page","type-page","status-publish","hentry"],"acf":[],"_links":{"self":[{"href":"https:\/\/sisu.ut.ee\/biogeomon2020\/wp-json\/wp\/v2\/pages\/23","targetHints":{"allow":["GET"]}}],"collection":[{"href":"https:\/\/sisu.ut.ee\/biogeomon2020\/wp-json\/wp\/v2\/pages"}],"about":[{"href":"https:\/\/sisu.ut.ee\/biogeomon2020\/wp-json\/wp\/v2\/types\/page"}],"author":[{"embeddable":true,"href":"https:\/\/sisu.ut.ee\/biogeomon2020\/wp-json\/wp\/v2\/users\/345"}],"replies":[{"embeddable":true,"href":"https:\/\/sisu.ut.ee\/biogeomon2020\/wp-json\/wp\/v2\/comments?post=23"}],"version-history":[{"count":1,"href":"https:\/\/sisu.ut.ee\/biogeomon2020\/wp-json\/wp\/v2\/pages\/23\/revisions"}],"predecessor-version":[{"id":574,"href":"https:\/\/sisu.ut.ee\/biogeomon2020\/wp-json\/wp\/v2\/pages\/23\/revisions\/574"}],"wp:attachment":[{"href":"https:\/\/sisu.ut.ee\/biogeomon2020\/wp-json\/wp\/v2\/media?parent=23"}],"curies":[{"name":"wp","href":"https:\/\/api.w.org\/{rel}","templated":true}]}}