{"id":5,"date":"2024-04-04T04:00:46","date_gmt":"2024-04-04T01:00:46","guid":{"rendered":"https:\/\/sisu.ut.ee\/bioettevotluspaev\/ajakava\/"},"modified":"2024-04-04T04:00:50","modified_gmt":"2024-04-04T01:00:50","slug":"ajakava","status":"publish","type":"page","link":"https:\/\/sisu.ut.ee\/bioettevotluspaev\/ajakava\/","title":{"rendered":"Ajakava"},"content":{"rendered":"<p>12.00-12.15\u00a0 <strong>Avas\u00f5nad. Biomajanduse t\u00e4htsus ja vajadus, Madis Tilga, Norden<\/strong><br><span>12.15-12.30 <strong>T\u00dcMRI live k\u00fcsitlus \u00f5ppekavade muutmise kohta<\/strong><\/span><strong><br><\/strong><span>12.30-12.40 <strong>Bioettev\u00f5tluse aine algab juba m\u00f5ne n\u00e4dala p\u00e4rast! Liina Joller, T\u00dc<\/strong><\/span><strong><br><\/strong><span>12.40-12.50 <strong>Ideelabori STARTER programm, Maret Ahonen, T\u00dc<\/strong><\/span><strong><br><\/strong><span>12.50-13.00 <strong>BioInnovation Days 27-28. apr \u2013 tule ja pane oma bioettev\u00f5tlusidee proovile! Kristiina Laurits, Civitta<\/strong><\/span><strong><br><\/strong><span>13.00-13.10 <strong>Cleantech ForEst pakutavad v\u00f5imalused bioettev\u00f5tluse edendamiseks ja haridusprogrammid, Erki Ani, CleanTech ForEst<\/strong><\/span><strong><br><\/strong>13.10-13.25 <strong>EIT Health koolitused ja toetused ettev\u00f5tlikele tudengitele 2018, Christos Vaitsis (NB! Inglise keeles)<\/strong><br>13.25-13.50 <strong>L\u00f5una<\/strong><br>13.50-13.55 <strong>Videolugu Kuidas ma otsisin t\u00f6\u00f6d?<\/strong><br>13.55-14.10 <strong>Kuidas ma otsisin t\u00f6\u00f6d? Siim Uhtj\u00e4rv<\/strong><br>14.10-14.20 <strong>MT\u00dc K\u00f5rgtehnoloogilise Ettev\u00f5tluse Toeks, Kent Langel<\/strong><br>14.20-14.35 <strong>BioAtlas O\u00dc, Lauri Koorits<\/strong><br>14.35-14.50 <strong>Graanul Invest AS, Peep Pitk<\/strong><br>14.50-15.05 <strong>BioCC O\u00dc, Liina Sadam<\/strong><br>15.05-15.20 <strong>Medikeep O\u00dc, Kerti Alev<\/strong><br>15.20-15.30 <strong>Kohvipaus<\/strong><br>15.30-16.30 <strong>Ajur\u00fcnnak: ideede genereerimise t\u00f6\u00f6tuba, Taavi Tamm, T\u00dc EIK<\/strong><br>16.30 <strong>Ideede presenteerimine<\/strong><br>17.00 <strong>Osalejate vahel kingituste loosimine<\/strong><\/p>\n","protected":false},"excerpt":{"rendered":"<p>12.00-12.15\u00a0 Avas\u00f5nad. Biomajanduse t\u00e4htsus ja vajadus, Madis Tilga, Norden12.15-12.30 T\u00dcMRI live k\u00fcsitlus \u00f5ppekavade muutmise kohta12.30-12.40 Bioettev\u00f5tluse aine algab juba m\u00f5ne n\u00e4dala p\u00e4rast! Liina Joller, T\u00dc12.40-12.50 Ideelabori STARTER programm, Maret Ahonen, T\u00dc12.50-13.00 BioInnovation Days 27-28. apr \u2013 tule ja pane oma &#8230;<\/p>\n","protected":false},"author":280,"featured_media":0,"parent":0,"menu_order":0,"comment_status":"closed","ping_status":"closed","template":"","meta":{"_acf_changed":false,"inline_featured_image":false,"footnotes":""},"class_list":["post-5","page","type-page","status-publish","hentry"],"acf":[],"_links":{"self":[{"href":"https:\/\/sisu.ut.ee\/bioettevotluspaev\/wp-json\/wp\/v2\/pages\/5","targetHints":{"allow":["GET"]}}],"collection":[{"href":"https:\/\/sisu.ut.ee\/bioettevotluspaev\/wp-json\/wp\/v2\/pages"}],"about":[{"href":"https:\/\/sisu.ut.ee\/bioettevotluspaev\/wp-json\/wp\/v2\/types\/page"}],"author":[{"embeddable":true,"href":"https:\/\/sisu.ut.ee\/bioettevotluspaev\/wp-json\/wp\/v2\/users\/280"}],"replies":[{"embeddable":true,"href":"https:\/\/sisu.ut.ee\/bioettevotluspaev\/wp-json\/wp\/v2\/comments?post=5"}],"version-history":[{"count":1,"href":"https:\/\/sisu.ut.ee\/bioettevotluspaev\/wp-json\/wp\/v2\/pages\/5\/revisions"}],"predecessor-version":[{"id":26,"href":"https:\/\/sisu.ut.ee\/bioettevotluspaev\/wp-json\/wp\/v2\/pages\/5\/revisions\/26"}],"wp:attachment":[{"href":"https:\/\/sisu.ut.ee\/bioettevotluspaev\/wp-json\/wp\/v2\/media?parent=5"}],"curies":[{"name":"wp","href":"https:\/\/api.w.org\/{rel}","templated":true}]}}