{"id":4,"date":"2024-04-04T04:00:46","date_gmt":"2024-04-04T01:00:46","guid":{"rendered":"https:\/\/sisu.ut.ee\/bioettevotluspaev\/esinejad\/"},"modified":"2024-04-04T04:00:50","modified_gmt":"2024-04-04T01:00:50","slug":"esinejad","status":"publish","type":"page","link":"https:\/\/sisu.ut.ee\/bioettevotluspaev\/esinejad\/","title":{"rendered":"Esinejad"},"content":{"rendered":"<p><span><strong>Norden<\/strong> on P\u00f5hjamaade Ministrite N\u00f5ukogu esindus Eestis, mis tegeleb P\u00f5hjamaade ja Balti riikide ekspertide kokkuviimise ja koost\u00f6\u00f6ga \u00fchist huvi pakkuvates valdkondades. \u00dcheks selliseks valdkonnaks on biomajandus, mille n\u00f5unikuks Eestis on Madis Tilga, kes avab selleaastase Bioettev\u00f5tlusp\u00e4eva. <\/span><\/p>\n<p><span><strong>Bioettev\u00f5tluse aine (LOMR.00.078)<\/strong> on parim v\u00f5imalus bioteaduste tudengil ettev\u00f5tluse v\u00f5imaluste ja v\u00e4ljakutsetega tutvust teha. V\u00f5id julgelt tulla ka siis, kui sa pole veel p\u00e4ris kindel, kas ettev\u00f5tlus \u00fcldse on sinu kutsumus. Lektor Liina Joller tunneb nii akadeemilise t\u00f6\u00f6taja kui ettev\u00f5tja r\u00f5\u00f5me ja muresid. <\/span><\/p>\n<p><span><strong>Ideelabori STARTER programmi<\/strong> tutvustab Maret Ahonen. Ideelabor pakub \u00fcli\u00f5pilastele suunatud eelinkubatsiooni teenuseid, sealhulgas \u00e4riideede arendusprogrammi STARTER, kaasates ettev\u00f5tjaid ja start-up maastikul kogenud mentoreid. Ideelabor on koht, kus p\u00f5nevatele probleemidele \u00fcheskoos uudseid lahendusi leida ning neid ellu viia. Oodatud on k\u00f5ik, kes tahavad leida oma teadmistele praktilist rakendust ning tutvuda ja t\u00f6\u00f6tada koos inimestega erinevatelt erialadelt nii \u00fclikooli seest kui v\u00e4ljast. <\/span><\/p>\n<p><span>Kristiina Laurits r\u00e4\u00e4gib 27.-28. aprillil toimuvast <strong>Bio-innovation Dayst<\/strong> \u2013 tule ja pane oma bioettev\u00f5tlusidee proovile! Kristiina on BIOWAYS projekti Eesti-poolne koordinaator. BIOWAYS on Bio-based Industries Joint Undertaking programmist Horizon 2020 teadusrahastu raames rahastatud koost\u00f6\u00f6projekt, mille eesm\u00e4rgiks on t\u00f5sta avalikkuse teadlikkust bio-p\u00f5histest toodetest ja nende kasust \u00fchiskonnale ning tutvustada bio-p\u00f5hiseid tooteid \u00fchiskonnas laiemalt. Selleks viib BIOWAYS l\u00e4bi erinevaid tegevusi (uuringud, koolitused, teabep\u00e4evad, materjalide koostamine ja levitamine). \u00dcheks projekti raames korraldatavaks \u00fcrituseks on ka Bio-innovation Day. <\/span><\/p>\n<p><span><strong>Cleantech ForEst<\/strong> on Eestis tegutsev MT\u00dc, mis pakub rohemajanduse start-upidele ettev\u00f5tluse \u00f5ppeprogramme, rahastusv\u00f5imalusi, edendab keskkonnaharidust ja toetab energiavaldkonna eksperte. Erki Ani on Cleantech ForEsti tegevjuht. <\/span><\/p>\n<p><span>Christos Vaitsis annab \u00fclevaate<strong> EIT Healthi koolitustest<\/strong> ja ettev\u00f5tlikele tudengitele m\u00f5eldud toetustest. Esineb inglise keeles! Christos Vaitsis is leading the development and implementation of the <strong>Accelerator (Business Creation) Pillar for the EIT Health Scandinavian node<\/strong>, which consists of regional, industry and educational partners in Sweden, Denmark and Estonia. Christos has a background in Computer Science and holds a MSc in Health Informatics from Karolinska Institutet where he previously worked as Researcher and Course Director in the field of Contemporary Technologies in Health (e.g. Big Data and Analytics for impacting and improving reasoning and decision making). <\/span><\/p>\n<p><span><strong>Siim Uhtj\u00e4rv jagab oma kogemusi t\u00f6\u00f6otsinguil!<\/strong> Et Siim r\u00e4\u00e4gib endast kohapeal, ei hakka me teda siin ka pikemalt kirjeldama! <\/span><\/p>\n<p><span><strong>Esimene samm on alati raskeim!<\/strong> Kent Langel on MT\u00dc K\u00f5rgtehnoloogilise Ettev\u00f5tluse Toeks kaasasutaja ja juhatuse liige. Ta r\u00e4\u00e4gib, kuidas Startmeup on kasulik iseseisvale ettev\u00f5ttele aluse panemisel ning ettev\u00f5tliku keskkonna loomisel eluteaduste \u00fcmber. <\/span><\/p>\n<p><span><strong>Bioatlas<\/strong> on alates asutamisest olnud ekspordile suunatud ettev\u00f5te. Igal aastal l\u00e4heb rohkem kui 90% nende toodetest v\u00e4lisriikidesse. P\u00f5hivaldkonnaks on PCR ja geelelektroforeesi tooted. Ettev\u00f5te tegeleb nii arendamise, tootmise kui ka m\u00fc\u00fcgiga. Lauri Koorits, kes Bioatlast tutvustama tuleb, on olnud ettev\u00f5tte tegevjuht viimased 10 aastat. <\/span><\/p>\n<div class=\"_h8t\">\n<div class=\"_5wd9 direction_ltr\">\n<div class=\"_5wde _n4o\">\n<div class=\"_5w1r _3_om _5wdf\">\n<div class=\"_4gx_\">\n<div class=\"_d97\"><strong>Graanul Invest<\/strong> on metsandusega, bioenergeetika arendamisega ja taastuvenergia tootmisega tegelev ettev\u00f5te. Graanul Invest eesm\u00e4rk on 2025 aasta perspektiivis areneda Euroopa juhtivaks 2G biok\u00fctuste,- kemikaalide ja -materjalide tootjaks. Selle arengu alustalaks on innovaatilise, k\u00f5rge konversiooni efektiivuse, v\u00e4ikese tootmismahu ja keskkonnam\u00f5juga biorafineerimise tehnoloogia arendamine ja rakendamine, seda esmalt Baltikumis. Biorafineerimise protsessi vaheproduktiks on C5\/C6 suhkrud ja k\u00f5rge puhtusega ligniin, mis on uudseks toormeks erinevates biotehnoloogilistes v\u00f5i termokeemilistes tootmisprotsessides- biok\u00fctused, bioplastid, biokomposiidid, termoplastid jne. Peep Pitk on Graanul Investi teadus- ja arendusjuht.<\/div>\n<div class=\"_d97\"><\/div>\n<\/div>\n<\/div>\n<\/div>\n<\/div>\n<\/div>\n<p><span><strong>BioCCd<\/strong> tuleb tutvustama ettev\u00f5tte mikrobioloogia labori juhataja Liina Sadam. BioCC O\u00dc on loodud 2004. aastal ettev\u00f5tete AS E-Piim Tootmine, Eesti T\u00f5uloomakasvatajate \u00dchistu, Starter ST O\u00dc ning Eesti Maa\u00fclikooli ja Tartu \u00dclikooli poolt. BioCC teeb teadus- ja arendust\u00f6\u00f6d ning osutab teenuseid kogu toiduahela ulatuses \u2014 alates looma aretusest, s\u00f6\u00f6tmisest ja -pidamisest kuni tervisele soodsate toodete loomiseni ja nende tervislikkuse t\u00f5estamiseks kliiniliste uuringute l\u00e4biviimiseni. BioCC maailmatasemel teadus-arendust\u00f6\u00f6 k\u00e4igus luuakse ja rakendatakse innovaatilisi biotehnoloogilisi lahendusi s\u00f6\u00f6dalisandite, toiduainete ja toidulisandite loomiseks, integreerides BioCC ja rahvusvahelist mikrobioloogia-, biokeemia-, geneetika-, metaboloomika-, genoomika-, bioinformaatika-, f\u00fcsioloogia-alast ja kliinilist kompetentsi. <\/span><\/p>\n<p><span><strong>MediKeep O\u00dc<\/strong> sai alguse 2015. aastal ja idee esitati idee autori Kerti Alevi poolt aasta varem Garage48 Health&amp;Wellness hackathonil. MediKeepi esmane algus s\u00fcndis Kerti enda vajadusest nutika koduapteegi j\u00e4rele, mis aitaks lastega peredel ravimikapil ja tervises\u00fcndmustel paremini silma peal hoida. Teisalt oli vajadus ravimite kohta k\u00e4iva informatsiooni j\u00e4rele ja tervisep\u00e4eviku pidamise kohta telefonis. N\u00fc\u00fcd arendab MediKeep rakendust personaalmeditsiini suunal, mis t\u00e4hendab, et t\u00e4nap\u00e4eva tehnoloogiat ja teadust arvesse v\u00f5ttes v\u00f5iks see aidata kaasa lahendustele, mis oskavad erinevaid aineid (toiduained, ravimid, kosmeetika) m\u00e4\u00e4rata iga\u00fchele personaalselt, tema geene arvesse v\u00f5ttes.<\/span><\/p>\n","protected":false},"excerpt":{"rendered":"<p>Norden on P\u00f5hjamaade Ministrite N\u00f5ukogu esindus Eestis, mis tegeleb P\u00f5hjamaade ja Balti riikide ekspertide kokkuviimise ja koost\u00f6\u00f6ga \u00fchist huvi pakkuvates valdkondades. \u00dcheks selliseks valdkonnaks on biomajandus, mille n\u00f5unikuks Eestis on Madis Tilga, kes avab selleaastase Bioettev\u00f5tlusp\u00e4eva. Bioettev\u00f5tluse aine (LOMR.00.078) on &#8230;<\/p>\n","protected":false},"author":280,"featured_media":0,"parent":0,"menu_order":0,"comment_status":"closed","ping_status":"closed","template":"","meta":{"_acf_changed":false,"inline_featured_image":false,"footnotes":""},"class_list":["post-4","page","type-page","status-publish","hentry"],"acf":[],"_links":{"self":[{"href":"https:\/\/sisu.ut.ee\/bioettevotluspaev\/wp-json\/wp\/v2\/pages\/4","targetHints":{"allow":["GET"]}}],"collection":[{"href":"https:\/\/sisu.ut.ee\/bioettevotluspaev\/wp-json\/wp\/v2\/pages"}],"about":[{"href":"https:\/\/sisu.ut.ee\/bioettevotluspaev\/wp-json\/wp\/v2\/types\/page"}],"author":[{"embeddable":true,"href":"https:\/\/sisu.ut.ee\/bioettevotluspaev\/wp-json\/wp\/v2\/users\/280"}],"replies":[{"embeddable":true,"href":"https:\/\/sisu.ut.ee\/bioettevotluspaev\/wp-json\/wp\/v2\/comments?post=4"}],"version-history":[{"count":1,"href":"https:\/\/sisu.ut.ee\/bioettevotluspaev\/wp-json\/wp\/v2\/pages\/4\/revisions"}],"predecessor-version":[{"id":27,"href":"https:\/\/sisu.ut.ee\/bioettevotluspaev\/wp-json\/wp\/v2\/pages\/4\/revisions\/27"}],"wp:attachment":[{"href":"https:\/\/sisu.ut.ee\/bioettevotluspaev\/wp-json\/wp\/v2\/media?parent=4"}],"curies":[{"name":"wp","href":"https:\/\/api.w.org\/{rel}","templated":true}]}}