{"id":3,"date":"2024-04-04T04:00:46","date_gmt":"2024-04-04T01:00:46","guid":{"rendered":"https:\/\/sisu.ut.ee\/bioettevotluspaev\/avaleht\/"},"modified":"2025-08-24T17:09:24","modified_gmt":"2025-08-24T14:09:24","slug":"avaleht","status":"publish","type":"page","link":"https:\/\/sisu.ut.ee\/bioettevotluspaev\/","title":{"rendered":"Avaleht"},"content":{"rendered":"<figure class=\"wp-block-image size-large\"><img loading=\"lazy\" decoding=\"async\" width=\"1024\" height=\"576\" src=\"https:\/\/sisu.ut.ee\/wp-content\/uploads\/sites\/269\/bioettevotluspaev_header-1024x576.gif\" alt=\"\" class=\"wp-image-17\" srcset=\"https:\/\/sisu.ut.ee\/wp-content\/uploads\/sites\/269\/bioettevotluspaev_header-1024x576.gif 1024w, https:\/\/sisu.ut.ee\/wp-content\/uploads\/sites\/269\/bioettevotluspaev_header-300x169.gif 300w, https:\/\/sisu.ut.ee\/wp-content\/uploads\/sites\/269\/bioettevotluspaev_header-768x432.gif 768w\" sizes=\"auto, (max-width: 1024px) 100vw, 1024px\"><\/figure>\n\n\n\n<p><strong>BIOETTEV\u00d5TLUSP\u00c4EV<\/strong><\/p>\n\n\n\n<p>Kas sul on bioettev\u00f5tlusidee, kuid ei tea, kuidas minna edasi? V\u00f5i soovid lihtsalt millegi p\u00f5nevaga alustada? Kas tahad rohkem teada oma v\u00f5imalustest t\u00f6\u00f6tada ja tegutseda bioettev\u00f5tluse vallas? Kui jah, siis on Bioettev\u00f5tlusp\u00e4ev just Sulle!<br>P\u00e4eva raames: <\/p>\n\n\n\n<p>test<br><strong>\u2022<\/strong> tutvustatakse mitmeid programme ja \u00fcritusi kus oma bioettev\u00f5tluse ideed arendada; <br><strong>\u2022<\/strong> jagavad infot oma tegemiste ja praktikav\u00f5imaluste kohta kohalikud edukad biomajanduse ettev\u00f5tted; <br><strong>\u2022<\/strong> r\u00e4\u00e4gib oma kogemustest t\u00f6\u00f6 leidmisel bioteaduste vilistlane; <br><strong>\u2022<\/strong> saavad k\u00f5ik oma idee leida ja kohe proovile panna ideederajus. Parimatele auhinnad!<\/p>\n\n\n\n<p>Kas oled Tartu \u00dclikooli tudeng ja otsid veel p\u00f5hjust Bioettev\u00f5tlusp\u00e4evale tulemiseks? K\u00f5ik Sinu probleemid on n\u00fc\u00fcd lahendatud: aine<strong> Ideest \u00e4riplaanini (LTMR.00.019)<\/strong> annab sulle lausa 2 EAP, kui v\u00f5tad osa Bioettev\u00f5tlusp\u00e4evast ja aprillis toimuvast Bio-innovation Dayst (selle \u00fcrituse kohta saad infot samuti Bioettev\u00f5tlusp\u00e4eval). Rohkem infot saabub juba peagi (hoidke oma \u00d5ISi postkastidel pilk peal).<\/p>\n\n\n\n<p><strong>Bioettev\u00f5tluse p\u00e4ev toimub 15. veebruaril alates kella 12st Omicumi (Riia 23b) ruumis 105. <\/strong><br>Toitlustamine toimub aatriumis ruumi 105 k\u00f5rval. <br><strong>\u00dcritus on TASUTA, kuid vajalik on eelnev registreerumine j\u00e4rgneval lingil: <\/strong><a href=\"https:\/\/l.facebook.com\/l.php?u=https%3A%2F%2Fgoo.gl%2Fx7qhBM&amp;h=ATN8kFgcPDAnNJGX5Iwl7pRu-jhmdYQco_z0WzukfeTFJl6tgBKdAAtbf0gfKZ77L9LZz5qVZH3rrYVsk0DC1ZSAhRGyw0i4MozbgNt8T1LkBv_dUzpvyAjISzfA0x3kzXYPy8dcyDjrfw\" target=\"_blank\" rel=\"nofollow noopener\">https:\/\/goo.gl\/x7qhBM<\/a><\/p>\n\n\n\n<p><strong>Registreerumine l\u00e4heb lukku 12.02 kell 12.<\/strong><\/p>\n\n\n\n<p>Tule ja saa teada, kuidas bioettev\u00f5tlusest v\u00f5ib saada sinu karj\u00e4\u00e4r!<br>Oodatud on k\u00f5ik huvilised!<\/p>\n","protected":false},"excerpt":{"rendered":"<p>BIOETTEV\u00d5TLUSP\u00c4EV Kas sul on bioettev\u00f5tlusidee, kuid ei tea, kuidas minna edasi? V\u00f5i soovid lihtsalt millegi p\u00f5nevaga alustada? Kas tahad rohkem teada oma v\u00f5imalustest t\u00f6\u00f6tada ja tegutseda bioettev\u00f5tluse vallas? Kui jah, siis on Bioettev\u00f5tlusp\u00e4ev just Sulle!P\u00e4eva raames: test\u2022 tutvustatakse mitmeid programme &#8230;<\/p>\n","protected":false},"author":280,"featured_media":0,"parent":0,"menu_order":0,"comment_status":"closed","ping_status":"closed","template":"","meta":{"_acf_changed":false,"inline_featured_image":false,"footnotes":""},"class_list":["post-3","page","type-page","status-publish","hentry"],"acf":[],"_links":{"self":[{"href":"https:\/\/sisu.ut.ee\/bioettevotluspaev\/wp-json\/wp\/v2\/pages\/3","targetHints":{"allow":["GET"]}}],"collection":[{"href":"https:\/\/sisu.ut.ee\/bioettevotluspaev\/wp-json\/wp\/v2\/pages"}],"about":[{"href":"https:\/\/sisu.ut.ee\/bioettevotluspaev\/wp-json\/wp\/v2\/types\/page"}],"author":[{"embeddable":true,"href":"https:\/\/sisu.ut.ee\/bioettevotluspaev\/wp-json\/wp\/v2\/users\/280"}],"replies":[{"embeddable":true,"href":"https:\/\/sisu.ut.ee\/bioettevotluspaev\/wp-json\/wp\/v2\/comments?post=3"}],"version-history":[{"count":4,"href":"https:\/\/sisu.ut.ee\/bioettevotluspaev\/wp-json\/wp\/v2\/pages\/3\/revisions"}],"predecessor-version":[{"id":41,"href":"https:\/\/sisu.ut.ee\/bioettevotluspaev\/wp-json\/wp\/v2\/pages\/3\/revisions\/41"}],"wp:attachment":[{"href":"https:\/\/sisu.ut.ee\/bioettevotluspaev\/wp-json\/wp\/v2\/media?parent=3"}],"curies":[{"name":"wp","href":"https:\/\/api.w.org\/{rel}","templated":true}]}}