{"id":6,"date":"2024-04-03T23:10:53","date_gmt":"2024-04-03T20:10:53","guid":{"rendered":"https:\/\/sisu.ut.ee\/beckonline\/viited-ja-salvestamine\/"},"modified":"2024-04-03T23:10:54","modified_gmt":"2024-04-03T20:10:54","slug":"viited-ja-salvestamine","status":"publish","type":"page","link":"https:\/\/sisu.ut.ee\/beckonline\/viited-ja-salvestamine\/","title":{"rendered":"Viited ja salvestamine"},"content":{"rendered":"<p>\n\tKogu nimekirja v\u00e4ljatr\u00fckkimine v\u00f5i salvestamine pole Beck Online\u2019is v\u00f5imalik, seda saab teha \u00fcksikute artiklite ja peat\u00fckkide kaupa. Selleks tuleb artikli tekst avada. Lisaks pakub andmebaas v\u00f5imalusi vaadata artiklite tsiteeritavust.\u00a0\n<\/p>\n<p>\n\t<img loading=\"lazy\" decoding=\"async\" width=\"270\" height=\"181\" class=\"alignnone wp-image-18\" src=\"https:\/\/sisu.ut.ee\/wp-content\/uploads\/sites\/23\/tsiteerimine.png\" title=\"tsiteerimine.png\" alt=\"viitamine\">\n<\/p>\n<p>\n\t<em>Joonis 1<\/em>. Kopeerimine ja viidatavuse vaatamine.\n<\/p>\n<p>\n\tLinkidel kl\u00f5psates on n\u00e4ha, millistes Beck Online\u2019is leiduvates allikates on dokumendile viidatud.\n<\/p>\n<p>\n\tArtikli teksti kopeerimiseks tuleb kl\u00f5psata ikooni. Tekst avaneb lisaaknas koos juhistega, kuidas teie veebilehitsejaga teksti endale salvestada. Tekste on v\u00f5imalik ka e-kirjaga saata, selleks tuleb kl\u00f5psata \u00fcmbrikuga ikoonil.\n<\/p>\n<table class=\"table table-hover\" align=\"center\" border=\"0\" style=\"width: 100%\">\n<tbody>\n<tr>\n<td>\n\t\t\t\t<img loading=\"lazy\" decoding=\"async\" width=\"44\" height=\"44\" class=\"alignnone wp-image-9\" style=\"float: left;width: 44px;height: 44px\" src=\"https:\/\/sisu.ut.ee\/wp-content\/uploads\/sites\/23\/alert-icon-red1.jpg\" title=\"alert-icon-red1.jpg\" alt=\"alert-icon-red1.jpg\">Beck online\u2019ist \u00a0kirjeid viidete halduritesse\u00a0<span>kanda ei saa. Andmed tuleb sisestada \u00fckshaaval k\u00e4sitsi.<\/span>\n\t\t\t<\/td>\n<\/tr>\n<\/tbody>\n<\/table>\n","protected":false},"excerpt":{"rendered":"<p>Kogu nimekirja v\u00e4ljatr\u00fckkimine v\u00f5i salvestamine pole Beck Online\u2019is v\u00f5imalik, seda saab teha \u00fcksikute artiklite ja peat\u00fckkide kaupa. Selleks tuleb artikli tekst avada. Lisaks pakub andmebaas v\u00f5imalusi vaadata artiklite tsiteeritavust.\u00a0 Joonis 1. Kopeerimine ja viidatavuse vaatamine. Linkidel kl\u00f5psates on n\u00e4ha, millistes &#8230;<\/p>\n","protected":false},"author":5,"featured_media":0,"parent":0,"menu_order":0,"comment_status":"closed","ping_status":"closed","template":"","meta":{"_acf_changed":false,"inline_featured_image":false,"footnotes":""},"class_list":["post-6","page","type-page","status-publish","hentry"],"acf":[],"_links":{"self":[{"href":"https:\/\/sisu.ut.ee\/beckonline\/wp-json\/wp\/v2\/pages\/6","targetHints":{"allow":["GET"]}}],"collection":[{"href":"https:\/\/sisu.ut.ee\/beckonline\/wp-json\/wp\/v2\/pages"}],"about":[{"href":"https:\/\/sisu.ut.ee\/beckonline\/wp-json\/wp\/v2\/types\/page"}],"author":[{"embeddable":true,"href":"https:\/\/sisu.ut.ee\/beckonline\/wp-json\/wp\/v2\/users\/5"}],"replies":[{"embeddable":true,"href":"https:\/\/sisu.ut.ee\/beckonline\/wp-json\/wp\/v2\/comments?post=6"}],"version-history":[{"count":1,"href":"https:\/\/sisu.ut.ee\/beckonline\/wp-json\/wp\/v2\/pages\/6\/revisions"}],"predecessor-version":[{"id":24,"href":"https:\/\/sisu.ut.ee\/beckonline\/wp-json\/wp\/v2\/pages\/6\/revisions\/24"}],"wp:attachment":[{"href":"https:\/\/sisu.ut.ee\/beckonline\/wp-json\/wp\/v2\/media?parent=6"}],"curies":[{"name":"wp","href":"https:\/\/api.w.org\/{rel}","templated":true}]}}