{"id":5,"date":"2024-04-03T23:10:53","date_gmt":"2024-04-03T20:10:53","guid":{"rendered":"https:\/\/sisu.ut.ee\/beckonline\/otsingutulemused\/"},"modified":"2024-04-03T23:10:54","modified_gmt":"2024-04-03T20:10:54","slug":"otsingutulemused","status":"publish","type":"page","link":"https:\/\/sisu.ut.ee\/beckonline\/otsingutulemused\/","title":{"rendered":"Otsingutulemused"},"content":{"rendered":"<p>\n\tOtsingutulemuste t\u00e4psustamiseks on vasakus men\u00fc\u00fcs n\u00e4idatud \u00f5igusvaldkonnad,\u00a0kui\u00a0palju kuskilt tulemusi saadi, ajakirjad\u00a0ja kommentaarid, kus artikleid leidus\u00a0ning\u00a0ajaperioodid koos artiklite arvuga. L\u00f5pus on ka s\u00f5napilv enam esinenud m\u00e4rks\u00f5nadest.\n<\/p>\n<table class=\"table table-hover\" border=\"0\">\n<tbody>\n<tr>\n<td>\n\t\t\t\t<img loading=\"lazy\" decoding=\"async\" width=\"589\" height=\"296\" class=\"alignnone wp-image-16\" style=\"width: 589px;height: 296px\" src=\"https:\/\/sisu.ut.ee\/wp-content\/uploads\/sites\/23\/becktulemused1.jpg\" title=\"becktulemused1.jpg\" alt=\"becktulemused1.jpg\" srcset=\"https:\/\/sisu.ut.ee\/wp-content\/uploads\/sites\/23\/becktulemused1.jpg 589w, https:\/\/sisu.ut.ee\/wp-content\/uploads\/sites\/23\/becktulemused1-300x151.jpg 300w\" sizes=\"auto, (max-width: 589px) 100vw, 589px\">\n\t\t\t<\/td>\n<td>\n<p>\n\t\t\t\t\t\u00a0\n\t\t\t\t<\/p>\n<\/td>\n<\/tr>\n<\/tbody>\n<\/table>\n<p>\n\t<em>Joonis 1<\/em>. Otsingutulemused.\n<\/p>\n<p>\n\tTulemuste lehel saab dokumendi avada tervikuna (esimene ikoon artikli ees) v\u00f5i vaadata sellest v\u00e4ljav\u00f5tet.\u00a0\n<\/p>\n<p>\n\tLinnuke m\u00e4rkeruudus tulemuste taga\u00a0lubab moodustada nimekirja huvipakkuvatest dokumentidest ning neid sorteerida kuup\u00e4eva, relevantsuse v\u00f5i t\u00e4hestiku j\u00e4rgi.\n<\/p>\n<p>\n\t\u00a0<\/p>\n","protected":false},"excerpt":{"rendered":"<p>Otsingutulemuste t\u00e4psustamiseks on vasakus men\u00fc\u00fcs n\u00e4idatud \u00f5igusvaldkonnad,\u00a0kui\u00a0palju kuskilt tulemusi saadi, ajakirjad\u00a0ja kommentaarid, kus artikleid leidus\u00a0ning\u00a0ajaperioodid koos artiklite arvuga. L\u00f5pus on ka s\u00f5napilv enam esinenud m\u00e4rks\u00f5nadest. \u00a0 Joonis 1. Otsingutulemused. Tulemuste lehel saab dokumendi avada tervikuna (esimene ikoon artikli ees) v\u00f5i &#8230;<\/p>\n","protected":false},"author":5,"featured_media":0,"parent":0,"menu_order":0,"comment_status":"closed","ping_status":"closed","template":"","meta":{"_acf_changed":false,"inline_featured_image":false,"footnotes":""},"class_list":["post-5","page","type-page","status-publish","hentry"],"acf":[],"_links":{"self":[{"href":"https:\/\/sisu.ut.ee\/beckonline\/wp-json\/wp\/v2\/pages\/5","targetHints":{"allow":["GET"]}}],"collection":[{"href":"https:\/\/sisu.ut.ee\/beckonline\/wp-json\/wp\/v2\/pages"}],"about":[{"href":"https:\/\/sisu.ut.ee\/beckonline\/wp-json\/wp\/v2\/types\/page"}],"author":[{"embeddable":true,"href":"https:\/\/sisu.ut.ee\/beckonline\/wp-json\/wp\/v2\/users\/5"}],"replies":[{"embeddable":true,"href":"https:\/\/sisu.ut.ee\/beckonline\/wp-json\/wp\/v2\/comments?post=5"}],"version-history":[{"count":1,"href":"https:\/\/sisu.ut.ee\/beckonline\/wp-json\/wp\/v2\/pages\/5\/revisions"}],"predecessor-version":[{"id":25,"href":"https:\/\/sisu.ut.ee\/beckonline\/wp-json\/wp\/v2\/pages\/5\/revisions\/25"}],"wp:attachment":[{"href":"https:\/\/sisu.ut.ee\/beckonline\/wp-json\/wp\/v2\/media?parent=5"}],"curies":[{"name":"wp","href":"https:\/\/api.w.org\/{rel}","templated":true}]}}