{"id":4,"date":"2024-04-03T23:10:53","date_gmt":"2024-04-03T20:10:53","guid":{"rendered":"https:\/\/sisu.ut.ee\/beckonline\/otsing\/"},"modified":"2024-04-03T23:10:54","modified_gmt":"2024-04-03T20:10:54","slug":"otsing","status":"publish","type":"page","link":"https:\/\/sisu.ut.ee\/beckonline\/otsing\/","title":{"rendered":"Otsing"},"content":{"rendered":"<p>\n\tBeck online otsingulahter on avalehe \u00fclaservas. \u00a0P\u00e4ringu sisestamisel on abiks kaks otsinguvormi: <em>Detailsuche<\/em> ja <em>Profisuche<\/em>. Becki otsinguga on v\u00f5imalik leida t\u00e4pseid vasteid\u00a0sisestatud l\u00fchenditele ja s\u00fcmbolitele. Seet\u00f5ttu saab otsida siit nt \u00f5igusakti l\u00fchendi v\u00f5i paragrahvi numbri \u00a0j\u00e4rgi, samuti ajakirja l\u00fchendeid kasutades.\u00a0\n<\/p>\n<p>\n\tT\u00e4pse fraasi leidmiseks saab kasutada jutum\u00e4rke. Vaikimis pannakse s\u00f5nade vahele operaator JA (UND). Kui soovite kasutada teisi operaatoreid, tuleb need sisestada saksa keeles tr\u00fckit\u00e4htedega (ODER, OHNE, NAHE).\u00a0\n<\/p>\n<p>\n\t<strong>Detailsuche<\/strong>\n<\/p>\n<table class=\"table table-hover\" border=\"0\">\n<tbody>\n<tr>\n<td>\n\t\t\t\t<img loading=\"lazy\" decoding=\"async\" width=\"300\" height=\"320\" class=\"alignnone wp-image-14\" src=\"https:\/\/sisu.ut.ee\/wp-content\/uploads\/sites\/23\/detailsuche.png\" title=\"detailsuche.png\" alt=\"otsing\" srcset=\"https:\/\/sisu.ut.ee\/wp-content\/uploads\/sites\/23\/detailsuche.png 300w, https:\/\/sisu.ut.ee\/wp-content\/uploads\/sites\/23\/detailsuche-281x300.png 281w\" sizes=\"auto, (max-width: 300px) 100vw, 300px\">\n\t\t\t<\/td>\n<td>\n<p>\n\t\t\t\t\tDetailne otsing annab ette v\u00f5imalused, kust tulemusi otsitakse (kohtulahendite, ajakirjaartiklite, \u00f5igusaktide, kommentaaride jne hulgast). Valida v\u00f5ib dokumendi t\u00fc\u00fcbi, m\u00e4rkides valikukasti linnukese. Valida saab ka konkreetse v\u00e4ljaande, kust otsida. Selle leidmiseks tuleb kl\u00f5psata otsingulahtri k\u00f5rval olevat nuppu, kust leiate v\u00e4ljaanded s\u00fcstemaatilises j\u00e4rjestuses. Samuti saab otsida mooduli, \u00f5igusnormi ja kohtu v\u00f5i \u00a0kuup\u00e4evade j\u00e4rgi. Lisaks v\u00f5ib sisestada ka enda valitud otsingus\u00f5nu.\n\t\t\t\t<\/p>\n<p>\n\t\t\t\t\t\u00a0\n\t\t\t\t<\/p>\n<\/td>\n<\/tr>\n<\/tbody>\n<\/table>\n<p>\n\t<em>Joonis 2<\/em>. T\u00e4psema otsingu vorm.\n<\/p>\n<p>\n\t<strong>Profisuche<\/strong>\n<\/p>\n<table class=\"table table-hover\" border=\"0\">\n<tbody>\n<tr>\n<td>\n\t\t\t\t<img loading=\"lazy\" decoding=\"async\" width=\"662\" height=\"733\" class=\"alignnone wp-image-15\" src=\"https:\/\/sisu.ut.ee\/wp-content\/uploads\/sites\/23\/otsing_01.png\" title=\"otsing_01.png\" alt=\"liitotsing\" srcset=\"https:\/\/sisu.ut.ee\/wp-content\/uploads\/sites\/23\/otsing_01.png 662w, https:\/\/sisu.ut.ee\/wp-content\/uploads\/sites\/23\/otsing_01-271x300.png 271w\" sizes=\"auto, (max-width: 662px) 100vw, 662px\">\n\t\t\t<\/td>\n<td>\n\t\t\t\t\u00a0\n\t\t\t<\/td>\n<\/tr>\n<\/tbody>\n<\/table>\n<p>\n\t<em>Joonis 3<\/em>. Ekspertotsingu vorm.\n<\/p>\n<p>\n\tKeerulisema otsingu tegemisel aitab\u00a0<em>Profisuche<\/em>. Selle abil saab otsingulahtrisse \u00f5igete operaatorite ja metam\u00e4rkide abil sisestada keerukama otsingu. \u00a0Kl\u00f5psates allolevatel nuppudel, saate valida v\u00e4ljaande t\u00fc\u00fcpi, \u00f5igusvaldkonda, autorit jne. Vastav vorm ilmub otsingukasti. Vajalikud andmed kirjutage otsingukasti sulgude vahele. Noolega \u00fcle klahvide libistades annab andmebaas juhised p\u00e4ringu sisestamiseks.<\/p>\n","protected":false},"excerpt":{"rendered":"<p>Beck online otsingulahter on avalehe \u00fclaservas. \u00a0P\u00e4ringu sisestamisel on abiks kaks otsinguvormi: Detailsuche ja Profisuche. Becki otsinguga on v\u00f5imalik leida t\u00e4pseid vasteid\u00a0sisestatud l\u00fchenditele ja s\u00fcmbolitele. Seet\u00f5ttu saab otsida siit nt \u00f5igusakti l\u00fchendi v\u00f5i paragrahvi numbri \u00a0j\u00e4rgi, samuti ajakirja l\u00fchendeid kasutades.\u00a0 &#8230;<\/p>\n","protected":false},"author":5,"featured_media":0,"parent":0,"menu_order":0,"comment_status":"closed","ping_status":"closed","template":"","meta":{"_acf_changed":false,"inline_featured_image":false,"footnotes":""},"class_list":["post-4","page","type-page","status-publish","hentry"],"acf":[],"_links":{"self":[{"href":"https:\/\/sisu.ut.ee\/beckonline\/wp-json\/wp\/v2\/pages\/4","targetHints":{"allow":["GET"]}}],"collection":[{"href":"https:\/\/sisu.ut.ee\/beckonline\/wp-json\/wp\/v2\/pages"}],"about":[{"href":"https:\/\/sisu.ut.ee\/beckonline\/wp-json\/wp\/v2\/types\/page"}],"author":[{"embeddable":true,"href":"https:\/\/sisu.ut.ee\/beckonline\/wp-json\/wp\/v2\/users\/5"}],"replies":[{"embeddable":true,"href":"https:\/\/sisu.ut.ee\/beckonline\/wp-json\/wp\/v2\/comments?post=4"}],"version-history":[{"count":1,"href":"https:\/\/sisu.ut.ee\/beckonline\/wp-json\/wp\/v2\/pages\/4\/revisions"}],"predecessor-version":[{"id":26,"href":"https:\/\/sisu.ut.ee\/beckonline\/wp-json\/wp\/v2\/pages\/4\/revisions\/26"}],"wp:attachment":[{"href":"https:\/\/sisu.ut.ee\/beckonline\/wp-json\/wp\/v2\/media?parent=4"}],"curies":[{"name":"wp","href":"https:\/\/api.w.org\/{rel}","templated":true}]}}