{"id":31,"date":"2024-04-12T13:14:38","date_gmt":"2024-04-12T10:14:38","guid":{"rendered":"https:\/\/sisu.ut.ee\/beckonline\/?page_id=31"},"modified":"2026-01-12T11:18:10","modified_gmt":"2026-01-12T09:18:10","slug":"korduma-kippuvad-kusimused","status":"publish","type":"page","link":"https:\/\/sisu.ut.ee\/beckonline\/korduma-kippuvad-kusimused\/","title":{"rendered":"Korduma kippuvad k\u00fcsimused"},"content":{"rendered":"<p><strong><div class=\"accordion mb-3\">\n        <div class=\"accordion-item accordion-item--white\">\n        <h2 class=\"accordion-header\" id=\"accordion-69f55c4fb473d-heading\">\n            <button class=\"accordion-button collapsed\" type=\"button\" data-bs-toggle=\"collapse\" data-bs-target=\"#accordion-69f55c4fb473d-collapse\" aria-expanded=\"true\" aria-controls=\"accordion-69f55c4fb473d-collapse\">Kas Beck online saab ka koduarvutist kasutada?<\/button>\n        <\/h2>\n        <div id=\"accordion-69f55c4fb473d-collapse\" class=\"accordion-collapse collapse\" aria-labelledby=\"accordion-69f55c4fb473d-heading\">\n            <div class=\"accordion-body\">\n\n\n\n<p>K\u00f5iki andmebaase saab ka v\u00e4ljaspool Tartu \u00dclikooli arvutiv\u00f5rku kasutada. Lihtsaim viis andmebaasi sisenemiseks on T\u00dc raamatukogu kodulehel asuva\u00a0<a href=\"https:\/\/utlib.ut.ee\/andmebaasid\" target=\"_blank\" rel=\"noreferrer noopener\">andmebaaside<\/a>\u00a0nimekirja kaudu.\u00a0 Kl\u00f5psake vastava andmebaasi nimel ja sisenege T\u00dc kasutajatunnuse ja parooliga.\u00a0 T\u00e4psem juhend T\u00dc arvutiv\u00f5rgu kasutamiseks on siin:\u00a0<a href=\"https:\/\/sisu.ut.ee\/andmebaasid\/juurdep%C3%A4%C3%A4s-koduarvutist\">Juurdep\u00e4\u00e4s koduarvutist<\/a><\/p><\/div>\n        <\/div>\n        <\/div>\n    <\/div><\/strong><\/p>\n\n\n\n<p><strong><div class=\"accordion mb-3\">\n        <div class=\"accordion-item accordion-item--white\">\n        <h2 class=\"accordion-header\" id=\"accordion-69f55c4fb4743-heading\">\n            <button class=\"accordion-button collapsed\" type=\"button\" data-bs-toggle=\"collapse\" data-bs-target=\"#accordion-69f55c4fb4743-collapse\" aria-expanded=\"true\" aria-controls=\"accordion-69f55c4fb4743-collapse\">Miks ma ei n\u00e4e k\u00f5iki Beck Online\u2019st leitud materjale t\u00e4istekstina?<\/button>\n        <\/h2>\n        <div id=\"accordion-69f55c4fb4743-collapse\" class=\"accordion-collapse collapse\" aria-labelledby=\"accordion-69f55c4fb4743-heading\">\n            <div class=\"accordion-body\">\n\n\n\n<p>Beck Online avalehel on v\u00f5imalik valida, kas otsitakse\u00a0kogu andmebaasis (Unser Beck Online) v\u00f5i\u00a0ainult Tartu \u00dclikoolile avatud moodulites (Beck Online), kus n\u00e4ete ka t\u00e4istekste.<\/p><\/div>\n        <\/div>\n        <\/div>\n    <\/div><\/strong><\/p>\n\n\n\n<p><\/p>\n","protected":false},"excerpt":{"rendered":"<p>Kas Beck online saab ka koduarvutist kasutada? K\u00f5iki andmebaase saab ka v\u00e4ljaspool Tartu \u00dclikooli arvutiv\u00f5rku kasutada. Lihtsaim viis andmebaasi sisenemiseks on T\u00dc raamatukogu kodulehel asuva\u00a0andmebaaside\u00a0nimekirja kaudu.\u00a0 Kl\u00f5psake vastava andmebaasi nimel ja sisenege T\u00dc kasutajatunnuse ja parooliga.\u00a0 T\u00e4psem juhend T\u00dc arvutiv\u00f5rgu &#8230;<\/p>\n","protected":false},"author":76,"featured_media":0,"parent":0,"menu_order":0,"comment_status":"closed","ping_status":"closed","template":"","meta":{"_acf_changed":false,"inline_featured_image":false,"footnotes":""},"class_list":["post-31","page","type-page","status-publish","hentry"],"acf":[],"_links":{"self":[{"href":"https:\/\/sisu.ut.ee\/beckonline\/wp-json\/wp\/v2\/pages\/31","targetHints":{"allow":["GET"]}}],"collection":[{"href":"https:\/\/sisu.ut.ee\/beckonline\/wp-json\/wp\/v2\/pages"}],"about":[{"href":"https:\/\/sisu.ut.ee\/beckonline\/wp-json\/wp\/v2\/types\/page"}],"author":[{"embeddable":true,"href":"https:\/\/sisu.ut.ee\/beckonline\/wp-json\/wp\/v2\/users\/76"}],"replies":[{"embeddable":true,"href":"https:\/\/sisu.ut.ee\/beckonline\/wp-json\/wp\/v2\/comments?post=31"}],"version-history":[{"count":3,"href":"https:\/\/sisu.ut.ee\/beckonline\/wp-json\/wp\/v2\/pages\/31\/revisions"}],"predecessor-version":[{"id":40,"href":"https:\/\/sisu.ut.ee\/beckonline\/wp-json\/wp\/v2\/pages\/31\/revisions\/40"}],"wp:attachment":[{"href":"https:\/\/sisu.ut.ee\/beckonline\/wp-json\/wp\/v2\/media?parent=31"}],"curies":[{"name":"wp","href":"https:\/\/api.w.org\/{rel}","templated":true}]}}