{"id":3,"date":"2024-04-03T23:10:52","date_gmt":"2024-04-03T20:10:52","guid":{"rendered":"https:\/\/sisu.ut.ee\/beckonline\/avaleht\/"},"modified":"2026-01-12T11:31:44","modified_gmt":"2026-01-12T09:31:44","slug":"avaleht","status":"publish","type":"page","link":"https:\/\/sisu.ut.ee\/beckonline\/","title":{"rendered":"Andmebaasi sisu"},"content":{"rendered":"<p><a href=\"http:\/\/beck-online.beck.de\/default.aspx?\" target=\"_blank\" rel=\"noopener\"><strong><img loading=\"lazy\" decoding=\"async\" width=\"189\" height=\"73\" class=\"alignnone wp-image-7\" style=\"width: 189px; height: 73px;\" title=\"2013-06-16_15_30_17-greenshot_capture_form.jpg\" src=\"https:\/\/sisu.ut.ee\/wp-content\/uploads\/sites\/23\/2013-06-16_15_30_17-greenshot_capture_form.jpg\" alt=\"becklogo\"><\/strong><\/a><\/p>\n<p><a href=\"http:\/\/beck-online.beck.de\/default.aspx\" target=\"_blank\" rel=\"noopener\"><strong>Beck-online <\/strong><\/a>on Saksa kirjastuse Beck \u00f5igusalane andmebaas, mis sisaldab \u00f5igusakte, kommentaare, kohtulahendeid ning kirjastuse Beck \u00f5igusajakirju. Otsinguid saate teha kogu Becki andmebaasi ulatuses, kuid t\u00e4istekste n\u00e4ete ainult Tartu \u00fclikoolile ostetud moodulites.<\/p>\n<p><img loading=\"lazy\" decoding=\"async\" class=\"alignnone size-medium wp-image-42\" src=\"https:\/\/sisu.ut.ee\/wp-content\/uploads\/sites\/23\/beck_esikaas-300x92.png\" alt=\"\" width=\"300\" height=\"92\" srcset=\"https:\/\/sisu.ut.ee\/wp-content\/uploads\/sites\/23\/beck_esikaas-300x92.png 300w, https:\/\/sisu.ut.ee\/wp-content\/uploads\/sites\/23\/beck_esikaas-1024x316.png 1024w, https:\/\/sisu.ut.ee\/wp-content\/uploads\/sites\/23\/beck_esikaas-768x237.png 768w, https:\/\/sisu.ut.ee\/wp-content\/uploads\/sites\/23\/beck_esikaas.png 1839w\" sizes=\"auto, (max-width: 300px) 100vw, 300px\"><\/p>\n<table class=\"table table-hover\" style=\"width: 100%; height: 74px; background-color: #fdcf8f;\" border=\"0\" align=\"center\">\n<tbody>\n<tr>\n<td><img loading=\"lazy\" decoding=\"async\" width=\"44\" height=\"44\" class=\"alignnone wp-image-9\" style=\"float: left; width: 32px; height: 32px;\" title=\"alert-icon-red1.jpg\" src=\"https:\/\/sisu.ut.ee\/wp-content\/uploads\/sites\/23\/alert-icon-red1.jpg\" alt=\"alert-icon-red1.jpg\">Andmebaasi avalehel on vaikimisi \u00fclevaade kogu andmebaasi \u00a0sisust (<strong>Unser Beck Online<\/strong> kollasel taustal), kl\u00f5psates punasel sakil, avanevad Tartu \u00dclikoolis t\u00e4istekstina k\u00e4ttesaadavad moodulid.<\/td>\n<\/tr>\n<\/tbody>\n<\/table>\n<table class=\"table table-hover\" border=\"0\">\n<tbody>\n<tr>\n<td><img loading=\"lazy\" decoding=\"async\" width=\"280\" height=\"456\" class=\"alignnone wp-image-10\" title=\"beck_esileht.png\" src=\"https:\/\/sisu.ut.ee\/wp-content\/uploads\/sites\/23\/beck_esileht.png\" alt=\"esileht\" srcset=\"https:\/\/sisu.ut.ee\/wp-content\/uploads\/sites\/23\/beck_esileht.png 280w, https:\/\/sisu.ut.ee\/wp-content\/uploads\/sites\/23\/beck_esileht-184x300.png 184w\" sizes=\"auto, (max-width: 280px) 100vw, 280px\"><\/td>\n<td>Kl\u00f5psates mooduli nimel, n\u00e4ete selle sisu.\n<p>Raamatute rubriigist leiate kommentaarid ja k\u00e4siraamatud.<\/p>\n<p>Ajakirjade loetelus on T\u00dc-le avatud ajakirjade loetelu.<\/p>\n<p>Materjale saab lehitseda ka valdkondade kaupa.<\/p><\/td>\n<\/tr>\n<\/tbody>\n<\/table>\n<p><em>Joonis 1<\/em>. Valitud on Tartu \u00dclikoolile k\u00e4ttesaadavad moodulid.<\/p>\n","protected":false},"excerpt":{"rendered":"<p>Beck-online on Saksa kirjastuse Beck \u00f5igusalane andmebaas, mis sisaldab \u00f5igusakte, kommentaare, kohtulahendeid ning kirjastuse Beck \u00f5igusajakirju. Otsinguid saate teha kogu Becki andmebaasi ulatuses, kuid t\u00e4istekste n\u00e4ete ainult Tartu \u00fclikoolile ostetud moodulites. Andmebaasi avalehel on vaikimisi \u00fclevaade kogu andmebaasi \u00a0sisust (Unser &#8230;<\/p>\n","protected":false},"author":5,"featured_media":0,"parent":0,"menu_order":0,"comment_status":"closed","ping_status":"closed","template":"","meta":{"_acf_changed":false,"inline_featured_image":false,"footnotes":""},"class_list":["post-3","page","type-page","status-publish","hentry"],"acf":[],"_links":{"self":[{"href":"https:\/\/sisu.ut.ee\/beckonline\/wp-json\/wp\/v2\/pages\/3","targetHints":{"allow":["GET"]}}],"collection":[{"href":"https:\/\/sisu.ut.ee\/beckonline\/wp-json\/wp\/v2\/pages"}],"about":[{"href":"https:\/\/sisu.ut.ee\/beckonline\/wp-json\/wp\/v2\/types\/page"}],"author":[{"embeddable":true,"href":"https:\/\/sisu.ut.ee\/beckonline\/wp-json\/wp\/v2\/users\/5"}],"replies":[{"embeddable":true,"href":"https:\/\/sisu.ut.ee\/beckonline\/wp-json\/wp\/v2\/comments?post=3"}],"version-history":[{"count":3,"href":"https:\/\/sisu.ut.ee\/beckonline\/wp-json\/wp\/v2\/pages\/3\/revisions"}],"predecessor-version":[{"id":44,"href":"https:\/\/sisu.ut.ee\/beckonline\/wp-json\/wp\/v2\/pages\/3\/revisions\/44"}],"wp:attachment":[{"href":"https:\/\/sisu.ut.ee\/beckonline\/wp-json\/wp\/v2\/media?parent=3"}],"curies":[{"name":"wp","href":"https:\/\/api.w.org\/{rel}","templated":true}]}}