{"id":10,"date":"2024-04-03T23:14:39","date_gmt":"2024-04-03T20:14:39","guid":{"rendered":"https:\/\/sisu.ut.ee\/basic_of_project_work\/%d0%b8%d1%81%d0%bf%d0%be%d0%bb%d1%8c%d0%b7%d0%be%d0%b2%d0%b0%d0%bd%d0%bd%d0%b0%d1%8f-%d0%bb%d0%b8%d1%82%d0%b5%d1%80%d0%b0%d1%82%d1%83%d1%80%d0%b0-%d0%b8-%d0%bc%d0%b0%d1%82%d0%b5%d1%80%d0%b8%d0%b0\/"},"modified":"2024-04-03T23:14:52","modified_gmt":"2024-04-03T20:14:52","slug":"%d0%b8%d1%81%d0%bf%d0%be%d0%bb%d1%8c%d0%b7%d0%be%d0%b2%d0%b0%d0%bd%d0%bd%d0%b0%d1%8f-%d0%bb%d0%b8%d1%82%d0%b5%d1%80%d0%b0%d1%82%d1%83%d1%80%d0%b0-%d0%b8-%d0%bc%d0%b0%d1%82%d0%b5%d1%80%d0%b8%d0%b0","status":"publish","type":"page","link":"https:\/\/sisu.ut.ee\/basic_of_project_work\/%d0%b8%d1%81%d0%bf%d0%be%d0%bb%d1%8c%d0%b7%d0%be%d0%b2%d0%b0%d0%bd%d0%bd%d0%b0%d1%8f-%d0%bb%d0%b8%d1%82%d0%b5%d1%80%d0%b0%d1%82%d1%83%d1%80%d0%b0-%d0%b8-%d0%bc%d0%b0%d1%82%d0%b5%d1%80%d0%b8%d0%b0\/","title":{"rendered":"\u0418\u0441\u043f\u043e\u043b\u044c\u0437\u043e\u0432\u0430\u043d\u043d\u0430\u044f \u043b\u0438\u0442\u0435\u0440\u0430\u0442\u0443\u0440\u0430 \u0438 \u043c\u0430\u0442\u0435\u0440\u0438\u0430\u043b\u044b"},"content":{"rendered":"<p>1. Projektijuhtimine. A. Perens, 2001<\/p>\n<p>2. Projektiplaani koostamine. Eeluuring. A. Perens \u2013 <a href=\"http:\/\/www.siseministeerium.ee\/failid\/Projplaani_koostamine.rtf\" target=\"_blank\" rel=\"noopener\">www.siseministeerium.ee\/failid\/Projplaani_koostamine.rtf<\/a><\/p>\n<p>3. Projektijuhtimine. Praktiline k\u00e4siraamat n\u00e4idisprojektiga. S. Salla<\/p>\n<p>4. EAS materjalid \u2013 <a href=\"http:\/\/www.eas.ee\/\" target=\"_blank\" rel=\"noopener\">http:\/\/www.eas.ee\/<\/a><\/p>\n<p>5. Hasartm\u00e4ngumaksu n\u00f5ukogu informatsioon \u2013 <a href=\"http:\/\/hmn.riik.ee\/\" target=\"_blank\" rel=\"noopener\">http:\/\/hmn.riik.ee\/<\/a><\/p>\n<p>6. Juhend taotlejale. Keskkonnainvesteeringute keskus \u2013<\/p>\n<p><a href=\"http:\/\/www.kik.ee\/et\/taotlejale\/keskkonnaprogramm\/taotlemine\/juhendtaotlejale.html\" target=\"_blank\" rel=\"noopener\">http:\/\/www.kik.ee\/et\/taotlejale\/keskkonnaprogramm\/taotlemine\/juhendtaotlejale.html<\/a><\/p>\n<p>7 \u201eMeeskonnat\u00f6\u00f6\u201c e-kursus. A. Mitendorfi <a href=\"http:\/\/www.lvrkk.ee\/kristiina\/airi\/meeskonnatoo\/index.html\" target=\"_blank\" rel=\"noopener\">http:\/\/www.lvrkk.ee\/kristiina\/airi\/meeskonnatoo\/index.html<\/a><\/p>\n<p>8. Perioodi 2007\u20132013 struktuuritoetuse kulude abik\u00f5lblikkuse v\u00f5i mitteabik\u00f5lblikkuse m\u00e4\u00e4ramise tingimused ja kord \u2013 <a href=\"http:\/\/www.riigiteataja.ee\/ert\/act.jsp?id=13208503\" target=\"_blank\" rel=\"noopener\">http:\/\/www.riigiteataja.ee\/ert\/act.jsp?id=13208503<\/a><\/p>\n<p>9. Rahastamise koolitusmaterjal \u2013 <a href=\"http:\/\/www.envir.ee\/orb.aw\/class=file\/action=preview\/id=348003\/RAHASTAMISE+KOOLITUSMATERJAL.pdf\" target=\"_blank\" rel=\"noopener\">http:\/\/www.envir.ee\/orb.aw\/class=file\/action=preview\/id=348003\/RAHASTAMISE+KOOLITUSMATERJAL.pdf<\/a><\/p>\n<p>10. Rahvusvahelise projektijuhtimise k\u00e4siraamat \u2013 <a href=\"http:\/\/www.siseministeerium.ee\/300\/\" target=\"_blank\" rel=\"noopener\">http:\/\/www.siseministeerium.ee\/300\/<\/a><\/p>\n<p>12. Riigihangete seadus \u2013 <a href=\"https:\/\/www.riigiteataja.ee\/akt\/110072013005\" target=\"_blank\" rel=\"noopener\">https:\/\/www.riigiteataja.ee\/akt\/110072013005<\/a><\/p>\n<p>13. SWOT-anal\u00fc\u00fcs. <a href=\"http:\/\/marketopedia.ru\/47-swot-analiz.html\" target=\"_blank\" rel=\"noopener\">http:\/\/marketopedia.ru\/47-swot-analiz.html<\/a>\u00a0<\/p>\n<p>15. T-Kit k\u00e4siraamat Projektijuhtimine \u2013 <a href=\"http:\/\/euroopa.noored.ee\/files\/T-Kit_03_Projektijuhtimine.pdf\" target=\"_blank\" rel=\"noopener\">http:\/\/euroopa.noored.ee\/files\/T-Kit_03_Projektijuhtimine.pdf<\/a>\u00a0<\/p>\n<p>16. \u041a\u043e\u0433\u0434\u0430 \u0435\u0441\u0442\u044c \u0438\u0434\u0435\u044f, \u043d\u043e \u043d\u0435\u0442 \u0434\u0435\u043d\u0435\u0433. \u041f\u0440\u0430\u043a\u0442\u0438\u0447\u0435\u0441\u043a\u0438\u0435 \u0440\u0435\u043a\u043e\u043c\u0435\u043d\u0434\u0430\u0446\u0438\u0438 \u043f\u043e \u0440\u0430\u0437\u0440\u0430\u0431\u043e\u0442\u043a\u0435 \u0443\u0441\u043f\u0435\u0448\u043d\u043e\u0433\u043e \u043f\u0440\u043e\u0435\u043a\u0442\u0430 \u0438 \u0431\u0435\u0437\u043d\u0435\u0441-\u043f\u043b\u0430\u043d\u0430. \u041d\u0430\u0440\u0432\u0441\u043a\u0438\u0439 \u0431\u0438\u0437\u043d\u0435\u0441 \u0446\u0435\u043d\u0442\u0440<\/p>\n<p>17. <a href=\"http:\/\/www.youtube.com\/watch?v=1UISGNLYFpU&amp;feature=player_embedded\" target=\"_blank\" rel=\"noopener\">http:\/\/www.youtube.com\/watch?v=1UISGNLYFpU&amp;feature=player_embedded<\/a>\u00a0<\/p>\n","protected":false},"excerpt":{"rendered":"<p>1. Projektijuhtimine. A. Perens, 2001 2. Projektiplaani koostamine. Eeluuring. A. Perens \u2013 www.siseministeerium.ee\/failid\/Projplaani_koostamine.rtf 3. Projektijuhtimine. Praktiline k\u00e4siraamat n\u00e4idisprojektiga. S. Salla 4. EAS materjalid \u2013 http:\/\/www.eas.ee\/ 5. Hasartm\u00e4ngumaksu n\u00f5ukogu informatsioon \u2013 http:\/\/hmn.riik.ee\/ 6. Juhend taotlejale. Keskkonnainvesteeringute keskus \u2013 http:\/\/www.kik.ee\/et\/taotlejale\/keskkonnaprogramm\/taotlemine\/juhendtaotlejale.html 7 \u201eMeeskonnat\u00f6\u00f6\u201c &#8230;<\/p>\n","protected":false},"author":7,"featured_media":0,"parent":0,"menu_order":0,"comment_status":"closed","ping_status":"closed","template":"","meta":{"_acf_changed":false,"inline_featured_image":false,"footnotes":""},"class_list":["post-10","page","type-page","status-publish","hentry"],"acf":[],"_links":{"self":[{"href":"https:\/\/sisu.ut.ee\/basic_of_project_work\/wp-json\/wp\/v2\/pages\/10","targetHints":{"allow":["GET"]}}],"collection":[{"href":"https:\/\/sisu.ut.ee\/basic_of_project_work\/wp-json\/wp\/v2\/pages"}],"about":[{"href":"https:\/\/sisu.ut.ee\/basic_of_project_work\/wp-json\/wp\/v2\/types\/page"}],"author":[{"embeddable":true,"href":"https:\/\/sisu.ut.ee\/basic_of_project_work\/wp-json\/wp\/v2\/users\/7"}],"replies":[{"embeddable":true,"href":"https:\/\/sisu.ut.ee\/basic_of_project_work\/wp-json\/wp\/v2\/comments?post=10"}],"version-history":[{"count":1,"href":"https:\/\/sisu.ut.ee\/basic_of_project_work\/wp-json\/wp\/v2\/pages\/10\/revisions"}],"predecessor-version":[{"id":88,"href":"https:\/\/sisu.ut.ee\/basic_of_project_work\/wp-json\/wp\/v2\/pages\/10\/revisions\/88"}],"wp:attachment":[{"href":"https:\/\/sisu.ut.ee\/basic_of_project_work\/wp-json\/wp\/v2\/media?parent=10"}],"curies":[{"name":"wp","href":"https:\/\/api.w.org\/{rel}","templated":true}]}}