{"id":42,"date":"2024-08-26T23:42:44","date_gmt":"2024-08-26T20:42:44","guid":{"rendered":"https:\/\/sisu.ut.ee\/baltischereisetexte\/?page_id=42"},"modified":"2024-09-10T15:01:01","modified_gmt":"2024-09-10T12:01:01","slug":"programm","status":"publish","type":"page","link":"https:\/\/sisu.ut.ee\/baltischereisetexte\/programm\/","title":{"rendered":"Programm"},"content":{"rendered":"<p class=\"has-text-align-left has-extra-large-font-size\"><strong>Programm<\/strong><\/p>\n\n\n\n<p class=\"has-regular-font-size\"><strong>Zoom-Link <\/strong>: <a href=\"https:\/\/ut-ee.zoom.us\/j\/92101020268?pwd=jqeCTaMoldZbtuqrFsmjUdzgfowyJw.1\">https:\/\/ut-ee.zoom.us\/j\/92101020268?pwd=jqeCTaMoldZbtuqrFsmjUdzgfowyJw.1<\/a><br>Meeting-ID: 921 0102 0268<br>Kenncode: 636887<\/p>\n\n\n\n<p class=\"has-regular-font-size\"><\/p>\n\n\n\n<p class=\"has-large-font-size\"><strong>12. September\u00a0<\/strong><\/p>\n\n\n\n<p>9.30<strong> <\/strong>Auftakt auf dem Domberg <br><em>Ort: beim Denkmal Kristian Jaak Petersons<\/em><\/p>\n\n\n\n<p>10.30-11.30 Vortr\u00e4ge (Moderation: Liina Lukas)<br><em>Ort: Raum 140 im Hauptgeb\u00e4ude der Universit\u00e4t \u00a0<\/em><\/p>\n\n\n\n<p>10.30<strong> Juhan Kreem<\/strong>: <em>Die \u00e4ltesten Wegebeschreibungen Livlands<\/em><br>11.00\u00a0<strong>Martin Kl\u00f6ker<\/strong>: <em>Gesandtschaftsberichte von Caspar Meyer aus der Perspektive der Reiseliteratur (Reiseberichte)<\/em><\/p>\n\n\n\n<p>11.30-11.45 <em>Kaffeepause<\/em><\/p>\n\n\n\n<p>11.45-13.15 Vortr\u00e4ge (Moderation: Martin Kl\u00f6ker)<br><em>Ort: Senatshalle im Hauptgeb\u00e4ude der Universit\u00e4t<\/em><\/p>\n\n\n\n<p>11.45 <strong>Beata Pa\u0161kevica<\/strong>: <em>Reisebeschreibung in die schwedische Gefangenschaft im Tagebuch von dem General Ludwig Nikolaus von Hallart \u00fcber die Belagerung der Stadt Narva 1701<\/em><br>12.15 <strong>Kairit Kaur<\/strong>: \u2018<em>Reise Beschreibung\u2019 (1754) des Revaler Kaufmanns Heinrich Johann von Glehn<\/em><br>12.45 <strong>Tiina-Erika Friedenthal<\/strong>: \u201c<em>Ich sah im Traum, dass ich zum Ende der Welt ging\u2026\u201d Reisetexte der Br\u00fcdergemeine in Livland und Estland<\/em><\/p>\n\n\n\n<p>13.15 -14.15<strong> <\/strong><em>Mittagspause (f\u00fcr geladene G\u00e4ste)<\/em><\/p>\n\n\n\n<p>14.15-17.45<strong> <\/strong>Vortr\u00e4ge (Moderation: Beata Pa\u0161kevica)<br><em>Ort: Senatshalle im Hauptgeb\u00e4ude der Universit\u00e4t<\/em><\/p>\n\n\n\n<p>14.15 <strong>Iwan Michelangelo d\u2019Aprile<\/strong>: <em>Schiffbruch mit Goethe. Reise- und Karrierewege baltischer Sp\u00e4taufkl\u00e4rer (Lenz, Jenisch, Boehlendorff)<\/em><br>14.45 <strong>Kadi K\u00e4h\u00e4r-Peterson<\/strong>: <em>Garlieb Merkel\u2019s \u201cOn Germany\u201d \u2013 a semi-travelogue?<\/em><br>15.15 <strong>Uwe Hentschel<\/strong>: <em>Auto- und Heteroimages im Reisebericht Garlieb Merkels<\/em><\/p>\n\n\n\n<p>15.45-16.00 <em>Kaffepause<\/em><\/p>\n\n\n\n<p>16.00 <strong>Agur Benno<\/strong>: <em>Die \u201eErinnerungen\u201c von Eduard von L\u00f6wenstern als eine eigenartige Form der Reiseliteratur. Der Feldzug als eine Art des Reisens\u00a0 <\/em>(via Zoom)<br>16.30\u00a0<strong>Liina Lukas<\/strong>: <em>\u201eSo wollen wir leben und reisen!\u201c(C.U. Boehlendorff).<\/em> <em>Malerische Wanderungen im Vaterlande<\/em><\/p>\n\n\n\n<p>18.00 Gemeinsames Beisammensein (f\u00fcr geladene G\u00e4ste)<\/p>\n\n\n\n<p><\/p>\n\n\n\n<p class=\"has-large-font-size\"><strong>13. September<\/strong><\/p>\n\n\n\n<p>9.15-11.30 Vortr\u00e4ge (Moderation: Tiina-Erika Friedenthal)<br><em>Ort: Senatshalle im Hauptgeb\u00e4ude der Universit\u00e4t\u00a0<\/em><\/p>\n\n\n\n<p>9.15 <strong>Anna Ananieva; Rolf Haaser<\/strong>:<strong> <\/strong><em>Bekenntnisse eines sentimentalen Reisenden: Die verschlungenen Reise- und Lebenswege in der autofiktionalen Prosa August von Kotzebues<\/em><br>10.00 <strong>Kristel Pappel<\/strong>: <em>\u201e\u2026 ich reise blos als Mensch\u201c. Italienisches Theater im Spiegel der \u201eErinnerungen von einer Reise aus Liefland nach Rom und Neapel\u201c August von Kotzebues\u201d<\/em><br>10.30 <strong>Toomas Hiio<\/strong>: \u201eBaron Ferdinand von Wrangell \u2013 baltischer \u201eReiseschreiber\u201c, der dreimal um die Welt segelte\u201c<br>11.00 <strong>Erki Tammiksaar<\/strong>: Wie Alles schief gehen kann: deutscher Geophysiker Adolph Erman und seine Reise durch Russisches Reich im Jahre 1829<\/p>\n\n\n\n<p>11.30-12.00 Kaffeepause<\/p>\n\n\n\n<p>12.00-14.00 Vortr\u00e4ge (Moderation: Kairit Kaur)<br><em>Ort: Senatshalle im Hauptgeb\u00e4ude der Universit\u00e4t<\/em><\/p>\n\n\n\n<p>12.00 <strong>Pauls Daija:<\/strong> <em>Andreas Bergmann\u2019s journey from Courland to East Prussia in 1831<\/em><br>12.30 <strong>Betty Brux-Pinkwart<\/strong>: <em>Vom Baltikum nach Down Under \u2013 Der Australienaufenthalt Helene von Engelhardts 1885 bis 1894 in Briefen und Werken <\/em>(via Zoom)<br>13.00 <strong>Andreas Keller<\/strong>: <em>\u201e\u2026 au\u00dferhalb des eigentlichen Ernstes des Lebens\u201c: Reisen als Lizenz zur Relativierung des gesellschaftlichen Status in den Werken der Theophile von Bodisco (1873-1944) <\/em>(via Zoom)<br>13.30 <strong>Reet Bender<\/strong><em>: Auch eine Reise. Briefe von Anna und Ernst von K\u00fcgelgen aus der sibirischen Verbannung 1915-1916<\/em> <\/p>\n\n\n\n<p>14.00-15.00 Mittagessen (f\u00fcr geladene G\u00e4ste)<\/p>\n\n\n\n<p>15.00-17.00 Vortr\u00e4ge (Moderation: Hella Liira)<\/p>\n\n\n\n<p>15.00 <strong>Olev Liivik<\/strong>: <em>Sibirien-Tagebuch eines estnischen Deutschen \u2013 untypischer Reisetext<\/em><br>15.30 <strong>Raivis Bi\u010devskis<\/strong>:<strong> <\/strong><em>\u201cDie Wolkenteufel\u201d. Ludwig Klages\u2019 Nordische Runde im Baltikum\u00a0<\/em><br>16.00 <strong>Aleksej Burov<\/strong>: <em>Das deutsche Kulturerbe im Baltikum aus der Sicht eines Reisenden aus Litauen<\/em><br>16.30 <strong>Silke Pasewalck<\/strong>: <em>Postmemoriale Reisen ins \u00f6stliche Europa am Beispiel von Sophie Pannitschkas \u201eDorpat und die gr\u00fcne Kiste\u201c (2021) und Christiane Hoffmanns \u201eAlles was wir nicht erinnern\u201c (2022)<\/em><\/p>\n\n\n\n<p>18.00 Gemeinsames Beisammensein (f\u00fcr geladene G\u00e4ste)<\/p>\n\n\n\n<p><\/p>\n\n\n\n<p><\/p>\n","protected":false},"excerpt":{"rendered":"<p>Programm Zoom-Link : https:\/\/ut-ee.zoom.us\/j\/92101020268?pwd=jqeCTaMoldZbtuqrFsmjUdzgfowyJw.1Meeting-ID: 921 0102 0268Kenncode: 636887 12. September\u00a0 9.30 Auftakt auf dem Domberg Ort: beim Denkmal Kristian Jaak Petersons 10.30-11.30 Vortr\u00e4ge (Moderation: Liina Lukas)Ort: Raum 140 im Hauptgeb\u00e4ude der Universit\u00e4t \u00a0 10.30 Juhan Kreem: Die \u00e4ltesten Wegebeschreibungen Livlands11.00\u00a0Martin &#8230;<\/p>\n","protected":false},"author":99,"featured_media":0,"parent":0,"menu_order":0,"comment_status":"closed","ping_status":"closed","template":"","meta":{"_acf_changed":false,"inline_featured_image":false,"footnotes":""},"class_list":["post-42","page","type-page","status-publish","hentry"],"acf":[],"_links":{"self":[{"href":"https:\/\/sisu.ut.ee\/baltischereisetexte\/wp-json\/wp\/v2\/pages\/42","targetHints":{"allow":["GET"]}}],"collection":[{"href":"https:\/\/sisu.ut.ee\/baltischereisetexte\/wp-json\/wp\/v2\/pages"}],"about":[{"href":"https:\/\/sisu.ut.ee\/baltischereisetexte\/wp-json\/wp\/v2\/types\/page"}],"author":[{"embeddable":true,"href":"https:\/\/sisu.ut.ee\/baltischereisetexte\/wp-json\/wp\/v2\/users\/99"}],"replies":[{"embeddable":true,"href":"https:\/\/sisu.ut.ee\/baltischereisetexte\/wp-json\/wp\/v2\/comments?post=42"}],"version-history":[{"count":20,"href":"https:\/\/sisu.ut.ee\/baltischereisetexte\/wp-json\/wp\/v2\/pages\/42\/revisions"}],"predecessor-version":[{"id":110,"href":"https:\/\/sisu.ut.ee\/baltischereisetexte\/wp-json\/wp\/v2\/pages\/42\/revisions\/110"}],"wp:attachment":[{"href":"https:\/\/sisu.ut.ee\/baltischereisetexte\/wp-json\/wp\/v2\/media?parent=42"}],"curies":[{"name":"wp","href":"https:\/\/api.w.org\/{rel}","templated":true}]}}