{"id":8,"date":"2024-04-04T04:19:23","date_gmt":"2024-04-04T01:19:23","guid":{"rendered":"https:\/\/sisu.ut.ee\/balticbridge\/warsaw-2016\/"},"modified":"2024-04-04T04:31:11","modified_gmt":"2024-04-04T01:31:11","slug":"warsaw-2016","status":"publish","type":"page","link":"https:\/\/sisu.ut.ee\/balticbridge\/warsaw-2016\/","title":{"rendered":"Warsaw 2016"},"content":{"rendered":"<p>\n\t<span class=\"file media-element file-os-files-link\" data-file_info=\"%7B%22fid%22:%2230141%22,%22view_mode%22:%22os_files_link%22,%22type%22:%22media%22%7D\"><span class=\"file media-element file-os-files-link\" data-file_info=\"%7B%22fid%22:%2230143%22,%22view_mode%22:%22os_files_link%22,%22type%22:%22media%22%7D\"><img loading=\"lazy\" decoding=\"async\" width=\"2048\" height=\"1380\" class=\"alignnone wp-image-39\" style=\"width: 350px;height: 236px;float: right\" src=\"https:\/\/sisu.ut.ee\/wp-content\/uploads\/sites\/284\/14480520_1787072764849335_5115873110680204839_o.jpg\" title=\"14480520_1787072764849335_5115873110680204839_o.jpg\" alt=\"14480520_1787072764849335_5115873110680204839_o.jpg\" srcset=\"https:\/\/sisu.ut.ee\/wp-content\/uploads\/sites\/284\/14480520_1787072764849335_5115873110680204839_o.jpg 2048w, https:\/\/sisu.ut.ee\/wp-content\/uploads\/sites\/284\/14480520_1787072764849335_5115873110680204839_o-300x202.jpg 300w, https:\/\/sisu.ut.ee\/wp-content\/uploads\/sites\/284\/14480520_1787072764849335_5115873110680204839_o-1024x690.jpg 1024w, https:\/\/sisu.ut.ee\/wp-content\/uploads\/sites\/284\/14480520_1787072764849335_5115873110680204839_o-768x518.jpg 768w, https:\/\/sisu.ut.ee\/wp-content\/uploads\/sites\/284\/14480520_1787072764849335_5115873110680204839_o-1536x1035.jpg 1536w, https:\/\/sisu.ut.ee\/wp-content\/uploads\/sites\/284\/14480520_1787072764849335_5115873110680204839_o-1920x1294.jpg 1920w\" sizes=\"auto, (max-width: 2048px) 100vw, 2048px\"><\/span><\/span><strong>4th Baltic Student Conference \u201cBridges in the Baltics\u201d <\/strong>took place in <strong>Warsaw (Poland) on September 30th\u2013October 1st 2016 <\/strong>and was organized by the Subdepartment of Baltic studies at the University of Warsaw and University of Tartu.\n<\/p>\n<p>\n\tPresentations were given by <strong>58 students<\/strong> from <strong>8 countries<\/strong> (Estonia, Latvia, Lithuania, Poland, UK, Hungary, France, Russia)\n<\/p>\n<ul>\n<li>\n\t\t<strong><span class=\"file media-element file-os-files-link\" data-file_info=\"%7B%22fid%22:%2230142%22,%22view_mode%22:%22os_files_link%22,%22type%22:%22media%22%7D\"><a href=\"https:\/\/sisu.ut.ee\/wp-content\/uploads\/sites\/284\/bb_programme_final_1_01.pdf\" target=\"_blank\" rel=\"noopener\">CONFERENCE PROGRAMME<\/a><\/span><\/strong>\n\t<\/li>\n<li>\n\t\t<strong><span class=\"file media-element file-os-files-link\" data-file_info=\"%7B%22fid%22:%2230141%22,%22view_mode%22:%22os_files_link%22,%22type%22:%22media%22%7D\"><span class=\"file media-element file-os-files-link\" data-file_info=\"%7B%22fid%22:%2230143%22,%22view_mode%22:%22os_files_link%22,%22type%22:%22media%22%7D\"><a href=\"https:\/\/sisu.ut.ee\/wp-content\/uploads\/sites\/284\/bb_warsaw_2016_parallel_sessions.pdf\" target=\"_blank\" rel=\"noopener\">PARALLEL SESSIONS<\/a><\/span><\/span><\/strong>\n\t<\/li>\n<li>\n\t\t<strong><span class=\"file media-element file-os-files-link\" data-file_info=\"%7B%22fid%22:%2230141%22,%22view_mode%22:%22os_files_link%22,%22type%22:%22media%22%7D\"><span class=\"file media-element file-os-files-link\" data-file_info=\"%7B%22fid%22:%2230143%22,%22view_mode%22:%22os_files_link%22,%22type%22:%22media%22%7D\"><span class=\"file media-element file-os-files-link\" data-file_info=\"%7B%22fid%22:%2230379%22,%22view_mode%22:%22os_files_link%22,%22type%22:%22media%22%7D\"><a href=\"https:\/\/sisu.ut.ee\/wp-content\/uploads\/sites\/284\/abstracts_bb.pdf\" target=\"_blank\" rel=\"noopener\">ABSTRACTS<\/a><\/span><\/span><\/span><\/strong>\n\t<\/li>\n<li>\n\t\t<strong><a data-url=\"https:\/\/sisu.ut.ee\/balticbridge\/galleries\/4th-baltic-student-conference-bridges-baltics-warsaw-poland-september-30th\" href=\"https:\/\/sisu.ut.ee\/balticbridge\/galleries\/4th-baltic-student-conference-bridges-baltics-warsaw-poland-september-30th\" title=\"\">PHOTOS<\/a><\/strong>\n\t<\/li>\n<\/ul>\n<p>\n\t<strong><span class=\"file media-element file-os-files-link\" data-file_info=\"%7B%22fid%22:%2230141%22,%22view_mode%22:%22os_files_link%22,%22type%22:%22media%22%7D\"><span class=\"file media-element file-os-files-link\" data-file_info=\"%7B%22fid%22:%2230143%22,%22view_mode%22:%22os_files_link%22,%22type%22:%22media%22%7D\">PLENARY SPEAKERS<\/span><\/span><\/strong>\n<\/p>\n<p>\n\t<\/p><div class=\"accordion mb-3\">\n        <div class=\"accordion-item accordion-item--white\">\n        <h2 class=\"accordion-header\" id=\"accordion-69dec826740c7-heading\">\n            <button class=\"accordion-button collapsed\" type=\"button\" data-bs-toggle=\"collapse\" data-bs-target=\"#accordion-69dec826740c7-collapse\" aria-expanded=\"true\" aria-controls=\"accordion-69dec826740c7-collapse\"><strong>Karlo Funk (Estonia)<\/strong><\/button>\n        <\/h2>\n        <div id=\"accordion-69dec826740c7-collapse\" class=\"accordion-collapse collapse\" aria-labelledby=\"accordion-69dec826740c7-heading\">\n            <div class=\"accordion-body\">\n\n<p>\n\t<img loading=\"lazy\" decoding=\"async\" width=\"660\" height=\"880\" class=\"alignnone wp-image-32\" style=\"float: right;width: 150px;height: 200px\" src=\"https:\/\/sisu.ut.ee\/wp-content\/uploads\/sites\/284\/karlo_funk_photo_2.jpg\" title=\"karlo_funk_photo_2.jpg\" alt=\"karlo_funk_photo_2.jpg\" srcset=\"https:\/\/sisu.ut.ee\/wp-content\/uploads\/sites\/284\/karlo_funk_photo_2.jpg 660w, https:\/\/sisu.ut.ee\/wp-content\/uploads\/sites\/284\/karlo_funk_photo_2-225x300.jpg 225w\" sizes=\"auto, (max-width: 660px) 100vw, 660px\"><strong>Karlo Funk<\/strong> is the managing director of Estonian Institute. After studying history and philosophy he worked as an editor in several newspapers and a TV channel in Estonia, mainly writing on film and culture. In 2001 he was invited to join Estonian Film Foundation, being responsible for international relations, festivals and film markets. Work as film commissioner responsible for development and production followed. For six years Karlo Funk acted as national representative in coproduction fund Eurimages of European Council. He has been heading the Estonian Institute, cultural institute for introducing Estonian culture, since 2013.\n<\/p>\n<ul>\n<li>\n<p>\n\t\t\t<strong>Conference abstract \u201cEstonian film: 25 years of industry, art and creating history\u201d<\/strong>. The presentation provides an overview of the development and dynamics of Estonian cinema during 25 years since early 1990s. The process can be characterized as interplay between several cultural and economic trends. The main thread can be identified as tension between the traditional concept of art film and economic necessities of film production. Avoiding clear-cut genre limitations, Estonian cinema has built an audience support by inventing its own successful models, some of which are characteristic to all Baltic countries. Despite transnational nature of film production, quite often the successful films have combined familiar story and aesthetic elements in an unexpected way. The presentation describes the basic forming processes, identifies influental films and movements, and introduces some key filmmakers.<\/p><\/li><\/ul><\/div>\n        <\/div>\n        <\/div>\n    <\/div>\n\t\t\n<p>\n\t\t\t<\/p><div class=\"accordion mb-3\">\n        <div class=\"accordion-item accordion-item--white\">\n        <h2 class=\"accordion-header\" id=\"accordion-69dec826740d0-heading\">\n            <button class=\"accordion-button collapsed\" type=\"button\" data-bs-toggle=\"collapse\" data-bs-target=\"#accordion-69dec826740d0-collapse\" aria-expanded=\"true\" aria-controls=\"accordion-69dec826740d0-collapse\"><strong>Ivars \u012aj\u0101bs (Latvia)<\/strong><\/button>\n        <\/h2>\n        <div id=\"accordion-69dec826740d0-collapse\" class=\"accordion-collapse collapse\" aria-labelledby=\"accordion-69dec826740d0-heading\">\n            <div class=\"accordion-body\">\n\t\t\n<p>\n\t\t\t<img loading=\"lazy\" decoding=\"async\" width=\"660\" height=\"426\" class=\"alignnone wp-image-33\" style=\"float: left\" src=\"https:\/\/sisu.ut.ee\/wp-content\/uploads\/sites\/284\/ivars_ijabs_photo_4.png\" title=\"ivars_ijabs_photo_4.png\" alt=\"ivars_ijabs_photo_4.png\" srcset=\"https:\/\/sisu.ut.ee\/wp-content\/uploads\/sites\/284\/ivars_ijabs_photo_4.png 660w, https:\/\/sisu.ut.ee\/wp-content\/uploads\/sites\/284\/ivars_ijabs_photo_4-300x194.png 300w\" sizes=\"auto, (max-width: 660px) 100vw, 660px\">\u00a0<strong>Ivars Ijabs<\/strong> is a Latvian political scientist, translator, and cultural commentator, Associate Professor of political science at the University of Latvia. His main research interests include history of political ideas, nationalism, and interethnic relations. He has authored several books, as well as many scholarly articles on the development of Latvian nationalism, the Baltic German legacy, and leftist ideas in Latvia at the turn of 20th century. Ijabs studied philosophy and political science in Latvia, Germany, and Iceland; in 2010 he was Fulbright visiting scholar at Rutgers, State University of New Jersey (USA). He currently serves as a Vice President for Professional Development of the Association of Advancement of Baltic Studies (AABS), and is a member of the Commission of Legal Reform under the Auspices of the President of Latvia.\n\t\t<\/p>\n<p>\n\t\t\t<strong>Conference abstract \u201cSocial Integration and the New Security Challenges: Latvian Perspectives\u201d<\/strong>. The Russian annexation of Crimea and support for separatism in the Ukrainian region of Donbas has substantially changed the security situation in Europe. The impact of this crisis extends far beyond diplomatic and military considerations. It also affects the domestic situation, especially in the countries with large Russian-speaking minorities, like Latvia and Estonia. Despite considerable success of the integration policies, there still are important challenges in this field, especially concerning the democratic values and political attitudes. This presentation will address these concerns as well as make some suggestions about future developments.<\/p><\/div>\n        <\/div>\n        <\/div>\n    <\/div>\n\t\t\n<p>\n\t\t\t<\/p><div class=\"accordion mb-3\">\n        <div class=\"accordion-item accordion-item--white\">\n        <h2 class=\"accordion-header\" id=\"accordion-69dec826740d9-heading\">\n            <button class=\"accordion-button collapsed\" type=\"button\" data-bs-toggle=\"collapse\" data-bs-target=\"#accordion-69dec826740d9-collapse\" aria-expanded=\"true\" aria-controls=\"accordion-69dec826740d9-collapse\"><strong>Mindaugas Kvietkauskas (Lithuania)<\/strong><\/button>\n        <\/h2>\n        <div id=\"accordion-69dec826740d9-collapse\" class=\"accordion-collapse collapse\" aria-labelledby=\"accordion-69dec826740d9-heading\">\n            <div class=\"accordion-body\">\n\t\t\n<p>\n\t\t\t<strong><img loading=\"lazy\" decoding=\"async\" width=\"660\" height=\"532\" class=\"alignnone wp-image-34\" style=\"float: left\" src=\"https:\/\/sisu.ut.ee\/wp-content\/uploads\/sites\/284\/mindaugas_kvietkauskas_photo_4.jpg\" title=\"mindaugas_kvietkauskas_photo_4.jpg\" alt=\"mindaugas_kvietkauskas_photo_4.jpg\" srcset=\"https:\/\/sisu.ut.ee\/wp-content\/uploads\/sites\/284\/mindaugas_kvietkauskas_photo_4.jpg 660w, https:\/\/sisu.ut.ee\/wp-content\/uploads\/sites\/284\/mindaugas_kvietkauskas_photo_4-300x242.jpg 300w\" sizes=\"auto, (max-width: 660px) 100vw, 660px\">Mindaugas Kvietkauskas<\/strong> is a literary historian, essayist and translator. Since 2008 he is a director of the Lithuanian Literature and Folklore Institute in Vilnius. Kvietkauskas acquired Ph.D. at the Department of Lithuanian Literature, Vilnius University, in 2006. He pursued Jewish studies at the University of Oxford, Centre for Hebrew and Judaic Studies (2002-2003). His doctoral thesis The Multinational Literary Modernism in Vilnius 1904-1915 was awarded the Best 2006 Doctoral Dissertation in Lithuanian Humanities and Social Sciences Prize by Gebert Ruef Stiftung. In 2011, he was awarded an International Czes\u0142aw Mi\u0142osz Year Prize for his study on Czeslaw Milosz (together with Prof. Viktorija Daujotyt\u0117). Kvietkauskas did his research as an academic visitor at the YIVO Institute in New York, Yale University, the University of Cracow, the Moses Mendelssohn Centre in Leipzig. He has published several books of translations, which include Polish poetry and essays by Adam Mickiewicz, Czes\u0142aw Mi\u0142osz, and Wis\u0142awa Szymborska, and Yiddish poetry and prose by Abraham Sutzkever. His book of literary essays The Port Fugue (Uosto fuga) is due to be published in 2016.\n\t\t<\/p>\n<p>\n\t\t\t<strong>Conference abstract \u201cThe Dialogue with the Neighboring Other in the Early 20th Century Jewish Literature of Lithuania\u201d<\/strong>. The attempt to explore the multinational literary heritage of Lithuania through cross-cultural comparative research is an intensely developing tendency among literary and art historians. Yiddish literature, written by the Litvak (or the Lithuanian Jewish) authors, has been included in these manifold research projects only in the recent years. Any study of such culturally diverse discourses as literary texts by Lithuanian, Polish, Jewish, Belarusian and Russian authors raises complex methodical questions about the means and channels of cultural communication within the multinational society, and about the development of its modern national conflicts. These questions gain additional poignancy in the face of the contemporary challenges for the European multiculturalism. The problem for the literary historian is: how were literary texts involved in the tense communication between different cultural groups, and how did they define, regulate, suspend or enact the forms of such communication? How did literary texts answer the challenge of the cultural Other in the particular space and under the particular socio-political circumstances? What possibilities for the interaction of different identity narratives did they design through the fictional play of images and metaphors? The present paper will discuss a relatively small and specific fragment of the multilingual literature in Lithuania concentrating on the Yiddish literature of the early 20th century. This literature included a special tendency towards the cooperation and dialogue with the neighbouring national cultures (i.e. Lithuanian, Polish and Belarusian) and the wish to discover their folk and historical traditions. Several authors of this trend \u2013 an essayist Uriah Katzenelenbogen, a playwright Aron Vayter, poets Leib Naydus and Moyshe Kulbak \u2013 created representative scenes of the meeting and communication between the members of these cultural groups, and sought integration of their different narratives of identity. The paper will discuss the possibilities and failures of a cross-cultural dialogue emerging in these texts.<\/p><\/div>\n        <\/div>\n        <\/div>\n    <\/div>\n\t\t\n<p>\n\t\t\t<\/p><div class=\"accordion mb-3\">\n        <div class=\"accordion-item accordion-item--white\">\n        <h2 class=\"accordion-header\" id=\"accordion-69dec826740e2-heading\">\n            <button class=\"accordion-button collapsed\" type=\"button\" data-bs-toggle=\"collapse\" data-bs-target=\"#accordion-69dec826740e2-collapse\" aria-expanded=\"true\" aria-controls=\"accordion-69dec826740e2-collapse\"><strong>Nicole Nau (Poland)<\/strong><\/button>\n        <\/h2>\n        <div id=\"accordion-69dec826740e2-collapse\" class=\"accordion-collapse collapse\" aria-labelledby=\"accordion-69dec826740e2-heading\">\n            <div class=\"accordion-body\">\n\t\t\n<p>\n\t\t\t<strong><img loading=\"lazy\" decoding=\"async\" width=\"450\" height=\"380\" class=\"alignnone wp-image-35\" style=\"float: left\" src=\"https:\/\/sisu.ut.ee\/wp-content\/uploads\/sites\/284\/nicole_nau_photo_2.jpg\" title=\"nicole_nau_photo_2.jpg\" alt=\"nicole_nau_photo_2.jpg\" srcset=\"https:\/\/sisu.ut.ee\/wp-content\/uploads\/sites\/284\/nicole_nau_photo_2.jpg 450w, https:\/\/sisu.ut.ee\/wp-content\/uploads\/sites\/284\/nicole_nau_photo_2-300x253.jpg 300w\" sizes=\"auto, (max-width: 450px) 100vw, 450px\">\u00a0Nicole Nau<\/strong> is professor of Baltic languages and general linguistics at the Institute of Linguistics of Adam Mickiewicz University in Poznan. Her research interests include grammar in spoken and written texts, language typology, language contact, language planning, and second language learning and teaching. More information on her homepage at http:\/\/naunicol-e.home.amu.edu.pl\/.\n\t\t<\/p>\n<p>\n\t\t\tC<strong>onference abstract \u201cWhy study Baltic fairy tales? A linguist\u2019s point of view\u201d<\/strong>. In this talk I want to highlight the value of traditional folktales for linguistic analysis and interdisciplinary research. In the late 19th and early 20th century, not only ethnographers, but also linguists were collecting folktales in the Baltic countries. Noteworthy, among many others, are the collections of Lithuanian fairy tales by the renowned linguists August Schleicher, August Leskien and Karl Brugmann; the collection of Estonian tales by Jakob Hurt, who was both a folklorist and a linguist; or the unique collection of folktales from an Estonian language island in Latvia (Lutsi) by Oskar Kallas. Folklore texts of this time are generally the earliest coherent documents of spoken varieties of Estonian, Latvian, Livonian, Latgalian, and Lithuanian. They are still invaluable sources for the study of dialects and of language history. Fairy tales are especially important, as their language is closer to everyday speech than that of folk songs, and they provide a much better base for the study of syntax. The wording is less fixed than in other forms of folklore, and we often find variations of constructions which are interesting to study. Tales easily travel among different linguistic communities and provide rich material for the investigation of cultural and language contacts. As a genre, folktales are a special type of oral narratives. They are characterized by both universal and language specific features and techniques. Based on my research on Latgalian fairy tales, I will discuss examples of linguistic devices for structuring the text, creating scenes, foregrounding and backgrounding events, and representing different voices. I argue that these techniques originate from the oral delivery of the story \u2013 the telling makes the tale and breeds grammar. <\/p><\/div>\n        <\/div>\n        <\/div>\n    <\/div>\n\t\t\n\n\n","protected":false},"excerpt":{"rendered":"<p>4th Baltic Student Conference \u201cBridges in the Baltics\u201d took place in Warsaw (Poland) on September 30th\u2013October 1st 2016 and was organized by the Subdepartment of Baltic studies at the University of Warsaw and University of Tartu. Presentations were given by &#8230;<\/p>\n","protected":false},"author":77,"featured_media":0,"parent":0,"menu_order":0,"comment_status":"closed","ping_status":"closed","template":"","meta":{"_acf_changed":false,"inline_featured_image":false,"footnotes":""},"class_list":["post-8","page","type-page","status-publish","hentry"],"acf":[],"_links":{"self":[{"href":"https:\/\/sisu.ut.ee\/balticbridge\/wp-json\/wp\/v2\/pages\/8","targetHints":{"allow":["GET"]}}],"collection":[{"href":"https:\/\/sisu.ut.ee\/balticbridge\/wp-json\/wp\/v2\/pages"}],"about":[{"href":"https:\/\/sisu.ut.ee\/balticbridge\/wp-json\/wp\/v2\/types\/page"}],"author":[{"embeddable":true,"href":"https:\/\/sisu.ut.ee\/balticbridge\/wp-json\/wp\/v2\/users\/77"}],"replies":[{"embeddable":true,"href":"https:\/\/sisu.ut.ee\/balticbridge\/wp-json\/wp\/v2\/comments?post=8"}],"version-history":[{"count":1,"href":"https:\/\/sisu.ut.ee\/balticbridge\/wp-json\/wp\/v2\/pages\/8\/revisions"}],"predecessor-version":[{"id":550,"href":"https:\/\/sisu.ut.ee\/balticbridge\/wp-json\/wp\/v2\/pages\/8\/revisions\/550"}],"wp:attachment":[{"href":"https:\/\/sisu.ut.ee\/balticbridge\/wp-json\/wp\/v2\/media?parent=8"}],"curies":[{"name":"wp","href":"https:\/\/api.w.org\/{rel}","templated":true}]}}