{"id":5,"date":"2024-04-04T05:55:33","date_gmt":"2024-04-04T02:55:33","guid":{"rendered":"https:\/\/sisu.ut.ee\/baltic-us-relations\/meeskond\/"},"modified":"2024-04-04T05:55:36","modified_gmt":"2024-04-04T02:55:36","slug":"meeskond","status":"publish","type":"page","link":"https:\/\/sisu.ut.ee\/baltic-us-relations\/meeskond\/","title":{"rendered":"Meeskond"},"content":{"rendered":"<p>\n\tProjekti meeskond koosneb mitme \u00fclikooli akadeemikutest ning \u00fcli\u00f5pilastest.\n<\/p>\n<p>\n\tKaarel Piirim\u00e4e\n<\/p>\n<p>\n\tUna Bergmane\n<\/p>\n<p>\n\tMart Kuldkepp\n<\/p>\n<p>\n\tOlavi Arens\n<\/p>\n<p>\n\tThomas Linsenmaier\n<\/p>\n<p>\n\tHannes Hugo Urbla<\/p>\n","protected":false},"excerpt":{"rendered":"<p>Projekti meeskond koosneb mitme \u00fclikooli akadeemikutest ning \u00fcli\u00f5pilastest. Kaarel Piirim\u00e4e Una Bergmane Mart Kuldkepp Olavi Arens Thomas Linsenmaier Hannes Hugo Urbla<\/p>\n","protected":false},"author":225,"featured_media":0,"parent":0,"menu_order":0,"comment_status":"closed","ping_status":"closed","template":"","meta":{"_acf_changed":false,"inline_featured_image":false,"footnotes":""},"class_list":["post-5","page","type-page","status-publish","hentry"],"acf":[],"_links":{"self":[{"href":"https:\/\/sisu.ut.ee\/baltic-us-relations\/wp-json\/wp\/v2\/pages\/5","targetHints":{"allow":["GET"]}}],"collection":[{"href":"https:\/\/sisu.ut.ee\/baltic-us-relations\/wp-json\/wp\/v2\/pages"}],"about":[{"href":"https:\/\/sisu.ut.ee\/baltic-us-relations\/wp-json\/wp\/v2\/types\/page"}],"author":[{"embeddable":true,"href":"https:\/\/sisu.ut.ee\/baltic-us-relations\/wp-json\/wp\/v2\/users\/225"}],"replies":[{"embeddable":true,"href":"https:\/\/sisu.ut.ee\/baltic-us-relations\/wp-json\/wp\/v2\/comments?post=5"}],"version-history":[{"count":1,"href":"https:\/\/sisu.ut.ee\/baltic-us-relations\/wp-json\/wp\/v2\/pages\/5\/revisions"}],"predecessor-version":[{"id":28,"href":"https:\/\/sisu.ut.ee\/baltic-us-relations\/wp-json\/wp\/v2\/pages\/5\/revisions\/28"}],"wp:attachment":[{"href":"https:\/\/sisu.ut.ee\/baltic-us-relations\/wp-json\/wp\/v2\/media?parent=5"}],"curies":[{"name":"wp","href":"https:\/\/api.w.org\/{rel}","templated":true}]}}