{"id":4,"date":"2024-04-04T05:55:33","date_gmt":"2024-04-04T02:55:33","guid":{"rendered":"https:\/\/sisu.ut.ee\/baltic-us-relations\/projekt\/"},"modified":"2024-05-15T09:37:16","modified_gmt":"2024-05-15T06:37:16","slug":"projekt","status":"publish","type":"page","link":"https:\/\/sisu.ut.ee\/baltic-us-relations\/projekt\/","title":{"rendered":"Projekt"},"content":{"rendered":"<figure class=\"wp-block-gallery has-nested-images columns-3 is-cropped wp-block-gallery-1 is-layout-flex wp-block-gallery-is-layout-flex\">\n<figure class=\"wp-block-image size-large\"><a href=\"https:\/\/sisu.ut.ee\/wp-content\/uploads\/sites\/425\/obama.jpg\"><img loading=\"lazy\" decoding=\"async\" width=\"900\" height=\"585\" data-id=\"11\" src=\"https:\/\/sisu.ut.ee\/wp-content\/uploads\/sites\/425\/obama.jpg\" alt=\"\" class=\"wp-image-11\" srcset=\"https:\/\/sisu.ut.ee\/wp-content\/uploads\/sites\/425\/obama.jpg 900w, https:\/\/sisu.ut.ee\/wp-content\/uploads\/sites\/425\/obama-300x195.jpg 300w, https:\/\/sisu.ut.ee\/wp-content\/uploads\/sites\/425\/obama-768x499.jpg 768w\" sizes=\"auto, (max-width: 900px) 100vw, 900px\"><\/a><\/figure>\n<\/figure>\n\n\n<p style=\"text-align: justify;\">2022. aastal m\u00f6\u00f6dus sada aastat Balti riikide tunnustamisest Ameerika \u00dchendriikide poolt. Enne Teist maailmas\u00f5da oli USA Eesti jaoks kauge ja v\u00e4het\u00e4htis riik. Eesti ei pidanud isegi vajalikuks USA valitsuse juurde akrediteerida t\u00e4ievolilist saadikut ja piirduti konsulaadi pidamisega New Yorgis (mitte pealinnas). USA t\u00e4htsust m\u00f5istsid Eesti saadikud paguluses aga juba Teise maailmas\u00f5ja esimestel aastatel. Ilmas\u00f5ja l\u00f5ppedes oli USA-st kujunenud maailma m\u00f5juv\u00f5imsaim riik, mille olulisust Eesti jaoks kinnitas ja p\u00f5listas Ameerika mittetunnustamispoliitika Balti riikide annekteerimise suhtes. Eesti iseseisvuse taastamise j\u00e4rel ei ole USA t\u00e4htsus v\u00e4henenud, pigem vastupidi. Omavaheline suhtlus on muutunud tihedaks nii valitsuste kui kodanike tasandil. Eesti poliitilis-s\u00f5jaline julgeolek toetub USA-le nii \u00fcksi v\u00f5etuna kui NATO raamistikus. Eesti poliitiline juhtkond on kinnitanud, et peab USA-d ainukeseks suurv\u00f5imuks, mis suudab tasakaalustada Vene F\u00f6deratsiooni s\u00f5jalist \u00fclekaalu L\u00e4\u00e4nemere regioonis. Eesti, L\u00e4ti ja Leedu jaoks on \u00e4\u00e4rmiselt oluline nii NATO artikkel 5 kui ka USA presidendi kinnitus 2014. aasta septembris: \u201e\u2026.teie aegumatut iseseisvust garanteerib alati maailma ajaloo tugevaim s\u00f5jaline allianss\u201c.<\/p>\n<p style=\"text-align: justify;\">Projekti \u201eUSA-Balti 100\u201c eesm\u00e4rgiks on anda v\u00e4lja Eesti Vabariigi ja Ameerika \u00dchendriikide suhete ajalugu k\u00e4sitlev siduskogumik, millega t\u00e4histatakse USA ja Eesti diplomaatiliste suhete alguse aastap\u00e4eva 2022. aastal. Lisaks seni eesti keeles avaldamata uurimuste publitseerimisele uuritakse seni tahaplaanile j\u00e4\u00e4nud aspekte USA Eesti\/Balti riikide suhetes, keskendudes eriti 1990. aastatele ja 2000. aastate algusele. Projekti t\u00e4htsaks v\u00e4ljundiks on \u00fcli\u00f5pilasuurimused USA rollist Eesti v\u00e4lispoliitikas, milleks tuuakse koost\u00f6\u00f6s Eesti v\u00e4lisministeeriumiga k\u00e4ibesse seni kasutamata arhiiviallikaid.<\/p>\n<p>\u00a0<\/p>","protected":false},"excerpt":{"rendered":"<p>2022. aastal m\u00f6\u00f6dus sada aastat Balti riikide tunnustamisest Ameerika \u00dchendriikide poolt. Enne Teist maailmas\u00f5da oli USA Eesti jaoks kauge ja v\u00e4het\u00e4htis riik. Eesti ei pidanud isegi vajalikuks USA valitsuse juurde akrediteerida t\u00e4ievolilist saadikut ja piirduti konsulaadi pidamisega New Yorgis (mitte &#8230;<\/p>\n","protected":false},"author":225,"featured_media":0,"parent":0,"menu_order":0,"comment_status":"closed","ping_status":"closed","template":"","meta":{"_acf_changed":false,"inline_featured_image":false,"footnotes":""},"class_list":["post-4","page","type-page","status-publish","hentry"],"acf":[],"_links":{"self":[{"href":"https:\/\/sisu.ut.ee\/baltic-us-relations\/wp-json\/wp\/v2\/pages\/4","targetHints":{"allow":["GET"]}}],"collection":[{"href":"https:\/\/sisu.ut.ee\/baltic-us-relations\/wp-json\/wp\/v2\/pages"}],"about":[{"href":"https:\/\/sisu.ut.ee\/baltic-us-relations\/wp-json\/wp\/v2\/types\/page"}],"author":[{"embeddable":true,"href":"https:\/\/sisu.ut.ee\/baltic-us-relations\/wp-json\/wp\/v2\/users\/225"}],"replies":[{"embeddable":true,"href":"https:\/\/sisu.ut.ee\/baltic-us-relations\/wp-json\/wp\/v2\/comments?post=4"}],"version-history":[{"count":4,"href":"https:\/\/sisu.ut.ee\/baltic-us-relations\/wp-json\/wp\/v2\/pages\/4\/revisions"}],"predecessor-version":[{"id":42,"href":"https:\/\/sisu.ut.ee\/baltic-us-relations\/wp-json\/wp\/v2\/pages\/4\/revisions\/42"}],"wp:attachment":[{"href":"https:\/\/sisu.ut.ee\/baltic-us-relations\/wp-json\/wp\/v2\/media?parent=4"}],"curies":[{"name":"wp","href":"https:\/\/api.w.org\/{rel}","templated":true}]}}