{"id":3,"date":"2024-04-04T05:55:32","date_gmt":"2024-04-04T02:55:32","guid":{"rendered":"https:\/\/sisu.ut.ee\/baltic-us-relations\/avaleht\/"},"modified":"2024-05-15T09:41:53","modified_gmt":"2024-05-15T06:41:53","slug":"avaleht","status":"publish","type":"page","link":"https:\/\/sisu.ut.ee\/baltic-us-relations\/","title":{"rendered":"Avaleht"},"content":{"rendered":"<p><img loading=\"lazy\" decoding=\"async\" class=\"alignnone size-large wp-image-18\" src=\"https:\/\/sisu.ut.ee\/wp-content\/uploads\/sites\/425\/vm1-1024x357.jpg\" alt=\"V\u00e4lisministeerium\" width=\"1024\" height=\"357\" srcset=\"https:\/\/sisu.ut.ee\/wp-content\/uploads\/sites\/425\/vm1-1024x357.jpg 1024w, https:\/\/sisu.ut.ee\/wp-content\/uploads\/sites\/425\/vm1-300x105.jpg 300w, https:\/\/sisu.ut.ee\/wp-content\/uploads\/sites\/425\/vm1-768x268.jpg 768w, https:\/\/sisu.ut.ee\/wp-content\/uploads\/sites\/425\/vm1.jpg 1299w\" sizes=\"auto, (max-width: 1024px) 100vw, 1024px\"><\/p>\n<p style=\"text-align: justify;\">2022. aastal m\u00f6\u00f6dus sada aastat Balti riikide tunnustamisest Ameerika \u00dchendriikide poolt. Projekti \u201eUSA-Balti 100\u201c eesm\u00e4rgiks on anda v\u00e4lja Eesti Vabariigi ja Ameerika \u00dchendriikide suhete ajalugu k\u00e4sitlev siduskogumik, millega t\u00e4histatakse USA ja Eesti diplomaatiliste suhete alguse aastap\u00e4eva 2022. aastal. Lisaks seni eesti keeles avaldamata uurimuste publitseerimisele uuritakse seni tahaplaanile j\u00e4\u00e4nud aspekte USA-Eesti\/Balti riikide suhetes, keskendudes eriti 1990. aastatele ja 2000. aastate algusele. Projekti t\u00e4htsaks v\u00e4ljundiks on \u00fcli\u00f5pilasuurimused USA rollist Eesti v\u00e4lispoliitikas, milleks tuuakse koost\u00f6\u00f6s Eesti v\u00e4lisministeeriumiga k\u00e4ibesse seni kasutamata arhiiviallikaid.<\/p>\n","protected":false},"excerpt":{"rendered":"<p>2022. aastal m\u00f6\u00f6dus sada aastat Balti riikide tunnustamisest Ameerika \u00dchendriikide poolt. Projekti \u201eUSA-Balti 100\u201c eesm\u00e4rgiks on anda v\u00e4lja Eesti Vabariigi ja Ameerika \u00dchendriikide suhete ajalugu k\u00e4sitlev siduskogumik, millega t\u00e4histatakse USA ja Eesti diplomaatiliste suhete alguse aastap\u00e4eva 2022. aastal. Lisaks seni &#8230;<\/p>\n","protected":false},"author":225,"featured_media":0,"parent":0,"menu_order":0,"comment_status":"closed","ping_status":"closed","template":"","meta":{"_acf_changed":false,"inline_featured_image":false,"footnotes":""},"class_list":["post-3","page","type-page","status-publish","hentry"],"acf":[],"_links":{"self":[{"href":"https:\/\/sisu.ut.ee\/baltic-us-relations\/wp-json\/wp\/v2\/pages\/3","targetHints":{"allow":["GET"]}}],"collection":[{"href":"https:\/\/sisu.ut.ee\/baltic-us-relations\/wp-json\/wp\/v2\/pages"}],"about":[{"href":"https:\/\/sisu.ut.ee\/baltic-us-relations\/wp-json\/wp\/v2\/types\/page"}],"author":[{"embeddable":true,"href":"https:\/\/sisu.ut.ee\/baltic-us-relations\/wp-json\/wp\/v2\/users\/225"}],"replies":[{"embeddable":true,"href":"https:\/\/sisu.ut.ee\/baltic-us-relations\/wp-json\/wp\/v2\/comments?post=3"}],"version-history":[{"count":4,"href":"https:\/\/sisu.ut.ee\/baltic-us-relations\/wp-json\/wp\/v2\/pages\/3\/revisions"}],"predecessor-version":[{"id":46,"href":"https:\/\/sisu.ut.ee\/baltic-us-relations\/wp-json\/wp\/v2\/pages\/3\/revisions\/46"}],"wp:attachment":[{"href":"https:\/\/sisu.ut.ee\/baltic-us-relations\/wp-json\/wp\/v2\/media?parent=3"}],"curies":[{"name":"wp","href":"https:\/\/api.w.org\/{rel}","templated":true}]}}