{"id":38,"date":"2024-04-04T06:53:52","date_gmt":"2024-04-04T03:53:52","guid":{"rendered":"https:\/\/sisu.ut.ee\/avharjutusvara\/avaleht\/"},"modified":"2024-04-04T06:58:41","modified_gmt":"2024-04-04T03:58:41","slug":"avaleht","status":"publish","type":"page","link":"https:\/\/sisu.ut.ee\/avharjutusvara\/","title":{"rendered":"Avaleht"},"content":{"rendered":"<h3>\n\tSissejuhatuseks<br>\n<\/h3>\n<p>\n\t<em>Eleri L\u00f5hmus<\/em>\n<\/p>\n<p>\n\tAudiovisuaalsete v\u00e4ljendusvahendite t\u00e4htsus on kiirelt kasvamas ning \u00fcha enam eri eluvaldkondade esindajaid puutub auditiivse, visuaalse v\u00f5i audiovisuaalse sisuloomega kokku. K\u00f5nealune mittefiktsionaalne looming (ehk audiovisuaalne tarbetekst) v\u00f5ib olla videoraport v\u00f5i -juhis, elulookirjeldus, tootetutvustus, s\u00fcndmuse kokkuv\u00f5te, fotogalerii, audioloeng jne. Tihti on audiovisuaalne sisuloome seotud inimeste t\u00f6\u00f6\u00fclesannetega, mist\u00f5ttu on vastavate oskuste omamine ja omandamine muutumas v\u00e4ltimatuks. Tendentsi toetab rikkalik taskukohase hinnaga tehnikavalik ja laialdased avaldamisv\u00f5imalused.\n<\/p>\n<p>\n\tK\u00e4esolev digi\u00f5pik l\u00e4htub kontseptsioonist, kus audiovisuaalset p\u00e4devust\u00a0k\u00e4sitletakse \u00fcldp\u00e4devusena ehk vajaliku oskusena iga\u00fchele. Kaasaja inimene valdab elementaarsel tasandil niih\u00e4sti kriitilist audiovisuaalse teksti anal\u00fc\u00fcsi kui komplekti audiovisuaalse produktsiooni oskuseid, mis v\u00f5imaldavad l\u00e4bi enesev\u00e4ljenduse \u00fchiskonnas osaleda ja oma s\u00f5numit edastada (Kozak, 1997; Kress, 2003; Eshet-Alkalai, 2004; Jamieson, 2007; Felten, 2008; Wall, 2017). Seega on siinses \u00f5pikus r\u00f5hk oskustel, mille arendamine on iseseisvalt ja k\u00e4ttesaadava tehnika piires v\u00f5imalik. K\u00e4sitledes audiovisuaalset kompetentsust\u00a0\u00fcldp\u00e4devusena on oluline just oskuste laialdane levik ja kasutamine. Lihtsamalt \u00f6eldes on see \u00f5pik m\u00f5eldud v\u00e4ga laiale \u00f5ppijaskonnale, kes on valmis oma oskusi iseseisvalt arendama. Laia sihtr\u00fchma arvestades on selge, et m\u00f5ni \u00fclesanne tundub \u00f5ppijale liiga lihtne v\u00f5i liiga keerukas.\n<\/p>\n<p>\n\tAudiovisuaalse p\u00e4devuse kirjeldamisel on siin \u00f5pikus l\u00e4htutud erinevatest kompetentsuse\u00a0mudelitest (Tucker &amp; Cofsky, 1994; Katz &amp; Kahn,1966 viidatud Chouhan &amp; Srivastava, 2014 kaudu), kus on esile toodud kompetentsuse\u00a0erinevad osad: teadmised, oskused, v\u00e4\u00e4rtused, isikuomadused ja motiivid. K\u00e4esolev \u00f5pik keskendub ennek\u00f5ike oskuste arendamisele kolmes alamkategoorias (Griffini, 2008): m\u00e4rkamine, anal\u00fc\u00fcsimine ja ise tegemine.\u00a0\n<\/p>\n<p>\n\tM\u00e4rkamise ja anal\u00fc\u00fcsi oskuste arendamist toetavad \u00f5pikus toodud juhised, selgitused ja n\u00e4ited koos anal\u00fc\u00fcsiga. Ise tegemise v\u00f5imalust pakuvad iga teema juures toodud harjutused, mis alustavad n\u00e4idete j\u00e4ljendamisest ja oskuste ning enesekindluse tugevnedes v\u00f5imaldavad j\u00e4rjest suuremat s\u00f5ltumatust ja loomingulisust.\u00a0\n<\/p>\n<p>\n\tHarjutuste disainimisel on silmas peetud l\u00e4hima arengutsooni aspekte (V\u00f5gotski, 1978: 86) ja kulgemise kontseptsiooni (ingl. k. the flow) (Cs\u00edkszentmih\u00e1lyi, 1990). L\u00e4him arengutsoon t\u00e4hendab sisuliselt sammu, mida \u00f5ppija olemasolevate oskuste baasil uusi omandades on v\u00f5imeline tegema. Seega, ei saa uusi oskuseid omandades lahendada liiga raskeid \u00fclesandeid, kuiv\u00f5rd \u00f5ppijal ei pruugi selleks olla piisavalt ressurssi. Cs\u00edkszentmih\u00e1lyi (1990) toob aga kulgemise kontseptsiooni puhul esile, et lahendatav \u00fclesanne peab \u00f5ppijale pakkuma piisavat v\u00e4ljakutset. Seega on liiga lihtsate \u00fclesannete puhul motivatsioon kerge kaduma.\u00a0\n<\/p>\n<p>\n\tK\u00e4esoleva digi\u00f5piku puhul saab iga \u00f5ppija ise valida, missusuguse raskuastmega \u00fclesandeid ta lahendama asub. \u00d5piku teemade jaotusel on l\u00e4htutud levinud produktsiooni loogikast, kus t\u00f6\u00f6 algab planeerimisest ja l\u00f5peb monteerimisega (Millerson, 2001; Lunch &amp; Lunch, 2006; Thompson &amp; Bowen, 2009a; Thompson &amp; Bowen, 2009b; Musburger, 2010), kuid materjali salvestamist puudutav ehk produktsiooni osa on jaotatud veelgi v\u00e4iksemateks osadeks alustades \u00fcksiku kaadri loomisest koos k\u00f5ikide relevantsete aspektidega (valgus, kompositsioon,\u00a0liikumine), kaadrite jada \u00fclesehitamisest, tegevuste ja liikumiste konstrueerimisest kuni tervikliku teksti loomiseni. Seega on igal \u00f5ppijal v\u00f5imalik valida sobiva raskusastmega \u00fclesandeid. N\u00e4iteks valguse alajaotus puudutab niih\u00e4sti \u00fche kui mitme valguspunktiga t\u00f6\u00f6tamist. Loo loomise alajaotuses v\u00f5ib kohe liikuda erinevate loo struktuurideni, kuid v\u00f5ib liikuda ka samm-sammult tervikliku looni. Liikumiste ja tegevuste alajaotustes v\u00f5ib harjutada konkreetseid tehnilisi v\u00f5tteid, samas saab lisada ka sisulisi elemente.\u00a0\n<\/p>\n<p>\n\t\u00d5piprotsessis on kahtlemata oluline roll ka edasi- ja tagasisidel. Siinne \u00f5ppematerjal on disainitud Eleri L\u00f5hmuse audiovisuaalse produktsiooni kursuste vajadusi silmas pidades. Seega edasi- ja tagasiside on osa \u00f5ppet\u00f6\u00f6st neil kursustel. \u00dcksnes sellele \u00f5pikule toetuva iseseisva \u00f5ppija puhul\u00a0puudub \u00f5petaja toetav (ja teinekord ka kontrolliv) roll. Sellisel juhul s\u00f5ltub \u00f5piedukus puhtalt \u00f5ppija enesemotivatsioonist ja -refleksioonist.\n<\/p>\n<p>\n\tKokkuv\u00f5tteks, oskuste arendamist toetab k\u00f5ige enam harjutamine. Kogemuse kasvades aga kasvab ka loovus antud valdkonnas ja areneb isiklik maitse. Siinsed juhised, n\u00e4ited ja harjutused on vaid esmasteks teejuhtideks ning \u00f5piku autorid innustavad \u00f5ppijat leidma audiovisuaalses maailmas isiklikku v\u00e4ljenduslaadi.\u00a0\n<\/p>\n<p>\n\t<span><span><span style=\"sans-serif\"><span>\u00d5piku valmimist toetas Haridus- ja Teadusministeerium programmi \u201eEestikeelsete k\u00f5rgkooli\u00f5pikute loomise toetamise p\u00f5him\u00f5tted 2018-2027\u201c kaudu.<\/span><\/span><\/span><\/span>\n<\/p>\n<p>\n\t<span><span><span style=\"sans-serif\"><span><div class=\"accordion mb-3\">\n        <div class=\"accordion-item accordion-item--white\">\n        <h2 class=\"accordion-header\" id=\"accordion-69de5da2c536f-heading\">\n            <button class=\"accordion-button collapsed\" type=\"button\" data-bs-toggle=\"collapse\" data-bs-target=\"#accordion-69de5da2c536f-collapse\" aria-expanded=\"true\" aria-controls=\"accordion-69de5da2c536f-collapse\">Autorid<\/button>\n        <\/h2>\n        <div id=\"accordion-69de5da2c536f-collapse\" class=\"accordion-collapse collapse\" aria-labelledby=\"accordion-69de5da2c536f-heading\">\n            <div class=\"accordion-body\">\n\n<p>\n\t<img loading=\"lazy\" decoding=\"async\" width=\"2560\" height=\"601\" class=\"alignnone wp-image-86\" src=\"https:\/\/sisu.ut.ee\/wp-content\/uploads\/sites\/465\/autorid-scaled.jpg\" title=\"autorid.jpg\" alt=\"\u00d5pikud autorid.\" srcset=\"https:\/\/sisu.ut.ee\/wp-content\/uploads\/sites\/465\/autorid-scaled.jpg 2560w, https:\/\/sisu.ut.ee\/wp-content\/uploads\/sites\/465\/autorid-300x70.jpg 300w, https:\/\/sisu.ut.ee\/wp-content\/uploads\/sites\/465\/autorid-1024x240.jpg 1024w, https:\/\/sisu.ut.ee\/wp-content\/uploads\/sites\/465\/autorid-768x180.jpg 768w, https:\/\/sisu.ut.ee\/wp-content\/uploads\/sites\/465\/autorid-1536x360.jpg 1536w, https:\/\/sisu.ut.ee\/wp-content\/uploads\/sites\/465\/autorid-2048x481.jpg 2048w, https:\/\/sisu.ut.ee\/wp-content\/uploads\/sites\/465\/autorid-1920x451.jpg 1920w\" sizes=\"auto, (max-width: 2560px) 100vw, 2560px\"><span><span><span style=\"sans-serif\"><span><\/span><\/span><\/span><\/span><\/p><\/div>\n        <\/div>\n        <\/div>\n    <\/div><\/span><\/span><\/span><\/span>\n<\/p>\n<p>\n\t<\/p><div class=\"accordion mb-3\">\n        <div class=\"accordion-item accordion-item--white\">\n        <h2 class=\"accordion-header\" id=\"accordion-69de5da2c5378-heading\">\n            <button class=\"accordion-button collapsed\" type=\"button\" data-bs-toggle=\"collapse\" data-bs-target=\"#accordion-69de5da2c5378-collapse\" aria-expanded=\"true\" aria-controls=\"accordion-69de5da2c5378-collapse\">Kasutatud kirjandus<\/button>\n        <\/h2>\n        <div id=\"accordion-69de5da2c5378-collapse\" class=\"accordion-collapse collapse\" aria-labelledby=\"accordion-69de5da2c5378-heading\">\n            <div class=\"accordion-body\">Chouhan, V. &amp; Srivastava, S. (2014). Understanding Competencies and Competency Modeling \u2015 A Literature Survey. IOSR Journal of Business and Management, 16, 14-22.\u00a0<br>doi:10.9790\/487X-16111422<br>Csikszentmihalyi, M. (1990). Flow: The psychology of optimal experience. New York: Harper &amp; Row.<br>Eshet-Alkalai, Y. (2004). Digital Literacy: A Conceptual Framework for Survival Skills in the Digital Era. Journal of Educational Multimedia and Hypermedia, 13, 93-106.<br>Felten, P. (2008). Visual Literacy. Change: The Magazine of Higher Learning, 40(6), 60-64<br>Griffin, M. (2008). Visual competence and media literacy: can one exist without the other?. Visual Studies, 23(2), 113-129, DOI: 10.1080\/14725860802276255<br>Jamieson, H. (2007). Visual Communication: More Than Meets the Eye. Bristol, Chicago: Intellect Books.<br>Kozak, L. (1997). Dynamics of Successful Coaching of Student Talent in Broadcasting: An elusive art in the news lab. Journalism &amp; Mass Communication Educator, 52(2), 43\u201348. https:\/\/doi.org\/10.1177\/107769589705200205<br>Kress, G. (2003). Literacy in the New Media Age. London, New York: Routledge.<br>Lunch, N., &amp; Lunch, C. (2006). Insights Into Participatory Video: A Handbook for the Field. Oxford: InsightShare<br>Millerson, G. (2001). Video Production Handbook. Oxford: Focal Press<br>Musburger, R. B. (2010). Single-camera Video Production. London: Focal Press.<br>Thompson, R. &amp; Bowen, C. J. (2009a). Grammar of the Shot. Burlington: Focal Press.<br>Thompson, R. &amp; Bowen, C. J. (2009b). Grammar of the Edit. Burlington: Focal Press.<br>V\u00f5gotsky, L. S. (1978). Mind in Society. The Development of Higher Psychological Processes. Cambridge: Harvard University Press.<br>Wall, M. (2017). Mapping Citizen and Participatory Journalism. Journalism Practice, 11(2-3), 134-141, DOI: 10.1080\/17512786.2016.1245890<\/div>\n        <\/div>\n        <\/div>\n    <\/div>\n","protected":false},"excerpt":{"rendered":"<p>Sissejuhatuseks Eleri L\u00f5hmus Audiovisuaalsete v\u00e4ljendusvahendite t\u00e4htsus on kiirelt kasvamas ning \u00fcha enam eri eluvaldkondade esindajaid puutub auditiivse, visuaalse v\u00f5i audiovisuaalse sisuloomega kokku. K\u00f5nealune mittefiktsionaalne looming (ehk audiovisuaalne tarbetekst) v\u00f5ib olla videoraport v\u00f5i -juhis, elulookirjeldus, tootetutvustus, s\u00fcndmuse kokkuv\u00f5te, fotogalerii, audioloeng jne. &#8230;<\/p>\n","protected":false},"author":242,"featured_media":0,"parent":0,"menu_order":0,"comment_status":"closed","ping_status":"closed","template":"","meta":{"_acf_changed":false,"inline_featured_image":false,"footnotes":""},"class_list":["post-38","page","type-page","status-publish","hentry"],"acf":[],"_links":{"self":[{"href":"https:\/\/sisu.ut.ee\/avharjutusvara\/wp-json\/wp\/v2\/pages\/38","targetHints":{"allow":["GET"]}}],"collection":[{"href":"https:\/\/sisu.ut.ee\/avharjutusvara\/wp-json\/wp\/v2\/pages"}],"about":[{"href":"https:\/\/sisu.ut.ee\/avharjutusvara\/wp-json\/wp\/v2\/types\/page"}],"author":[{"embeddable":true,"href":"https:\/\/sisu.ut.ee\/avharjutusvara\/wp-json\/wp\/v2\/users\/242"}],"replies":[{"embeddable":true,"href":"https:\/\/sisu.ut.ee\/avharjutusvara\/wp-json\/wp\/v2\/comments?post=38"}],"version-history":[{"count":1,"href":"https:\/\/sisu.ut.ee\/avharjutusvara\/wp-json\/wp\/v2\/pages\/38\/revisions"}],"predecessor-version":[{"id":285,"href":"https:\/\/sisu.ut.ee\/avharjutusvara\/wp-json\/wp\/v2\/pages\/38\/revisions\/285"}],"wp:attachment":[{"href":"https:\/\/sisu.ut.ee\/avharjutusvara\/wp-json\/wp\/v2\/media?parent=38"}],"curies":[{"name":"wp","href":"https:\/\/api.w.org\/{rel}","templated":true}]}}