{"id":3,"date":"2024-04-04T06:53:49","date_gmt":"2024-04-04T03:53:49","guid":{"rendered":"https:\/\/sisu.ut.ee\/avharjutusvara\/liikumine\/"},"modified":"2024-04-04T06:58:42","modified_gmt":"2024-04-04T03:58:42","slug":"liikumine","status":"publish","type":"page","link":"https:\/\/sisu.ut.ee\/avharjutusvara\/liikumine\/","title":{"rendered":"Liikumine"},"content":{"rendered":"<p class=\"p1\" style=\"margin:0px\">\n\t<span><span><span><span><span style=\"line-height:normal\"><span>Liikumine videot\u00f6\u00f6s v\u00f5ib v\u00e4ljenduda mitmeti. N\u00e4iteks v\u00f5ib liikuda inimene kaadri sees ja kaamera seisab paigal. Niisugust kaamerat\u00f6\u00f6d kutsutakse <strong><a href=\"#\" data-bs-toggle=\"modal\" data-bs-target=\"#popup-modal\" data-title=\"staatiliseks kaameraks\" data-content=\"Ka seisev kaamera, liikumatu rakurss. Staatiline kaamera t\u00e4hendab \u00fchest v\u00f5ttepunktist liikumatu kaameraga filmimist (Maran, 2007). \">staatiliseks kaameraks<\/a><\/strong>. D\u00fcnaamiline kaamera aga t\u00e4hendab seda, et liigub kaamera ning kaadris olev inimene on paigal v\u00f5i liiguvad niih\u00e4sti inimene kaadri sees kui ka kaamera (Thompson &amp; Bowen, 2009). J\u00e4rgnevalt on tutvustatud erinevaid v\u00f5imalusi kaamera liikumisteks.<\/span><\/span><\/span><\/span><\/span><\/span>\n<\/p>\n<p class=\"p1\" style=\"margin:0px\">\n\t\u00a0\n<\/p>\n<p class=\"p1\" style=\"margin:0px\">\n\t<span><span><span><span><span style=\"line-height:normal\"><span><div class=\"accordion mb-3\">\n        <div class=\"accordion-item accordion-item--white\">\n        <h2 class=\"accordion-header\" id=\"accordion-69de8e850c5d6-heading\">\n            <button class=\"accordion-button collapsed\" type=\"button\" data-bs-toggle=\"collapse\" data-bs-target=\"#accordion-69de8e850c5d6-collapse\" aria-expanded=\"true\" aria-controls=\"accordion-69de8e850c5d6-collapse\">Panoraamimine<\/button>\n        <\/h2>\n        <div id=\"accordion-69de8e850c5d6-collapse\" class=\"accordion-collapse collapse\" aria-labelledby=\"accordion-69de8e850c5d6-heading\">\n            <div class=\"accordion-body\">Kaamera liikumise puhul v\u00f5ib eristada olukorda, kus kaamera liigub \u00fcksnes oma horisontaalse v\u00f5i vertikaalse telje suhtes. Seda liikumist kutsutakse panoraamimiseks (Maran, 2007). Sellises olukorras on kaamera enamasti fikseeritud <strong><a href=\"#\" data-bs-toggle=\"modal\" data-bs-target=\"#popup-modal\" data-title=\"statiivile\" data-content=\"Kolmjalg. Kokkupandav seade kaamera asendi fikseerimiseks ja pildi stabiliseerimiseks (Thalheim, 2011). Olemas on ka spetsiaalsed statiivid valgustite ja mikrofonide asendi fikseerimiseks (Maran, 2007).&amp;nbsp;&lt;br \/&gt;\">statiivile<\/a><\/strong> ning statiivi ruumis ei liigutata. \n\n<p class=\"p1\" style=\"margin:0px\">\n\t\u00a0\n<\/p>\n<p class=\"p1\" style=\"margin:0px\">\n\t<span><span><span><span><span style=\"line-height:normal\"><span>Allolev panoraam Toomem\u00e4elt illustreerib olukorda, kus kaamera liigub horisontaalteljel vasakult paremale. Panoraamiga on soovitud edasi anda Toomem\u00e4el asuvate \u00fclikooli \u00f5ppehoonete paiknemist \u00fcksteise suhtes. <\/span><\/span><\/span><\/span><\/span><\/span>\n<\/p>\n<p class=\"p1\" style=\"margin:0px\">\n\t\u00a0\n<\/p>\n<p class=\"p1\" style=\"margin:0px\">\n\t<\/p><div class=\"ratio ratio-16x9 mb-3\"><div class=\"video-placeholder-wrapper video-placeholder-wrapper--16x9\">\n\t\t\t    <div class=\"video-placeholder d-flex justify-content-center align-items-center\">\n\t\t\t        <div class=\"overlay text-white p-2 w-100 text-center d-block justify-content-center align-items-center\">\n\t\t\t            <div>Kolmandate osapoolte sisu n\u00e4gemiseks palun n\u00f5ustu k\u00fcpsistega.<\/div>\n\t\t\t            <button class=\"btn btn-secondary btn-sm mt-1 consent-change\">Muuda n\u00f5usolekut<\/button>\n\t\t\t        <\/div>\n\t\t\t    <\/div>\n\t\t\t<\/div>\n<\/div>\n\n<p class=\"p1\" style=\"margin:0px\">\n\t\u00a0\n<\/p>\n<p class=\"p1\" style=\"margin:0px\">\n\t\u00a0\n<\/p>\n<p class=\"p1\" style=\"margin:0px\">\n\t<span><span><span><span><span style=\"line-height:normal\"><span>Nagu \u00fclal \u00f6eldud, v\u00f5ib panoraami puhul kaamera liikuda ka vertikaalteljel, <strong><a href=\"#\" data-bs-toggle=\"modal\" data-bs-target=\"#popup-modal\" data-title=\"\u00fclevalt alla v\u00f5i alt \u00fcles\" data-content=\"Selle liikumise t\u00e4histamiseks kasutatakse eesti keeles mitmeid termineid, sh inglise keelse v\u00e4ljendi &amp;#8220;tilt&amp;#8221; otset\u00f5lget \u201ckalle\/kallutamine\u201d v\u00f5i \u201cnoogutamine&amp;#8221; ning m\u00f5nikord ei eristatagi eraldi s\u00f5naga horisontaalselt v\u00f5i vertikaalselt panoraami (nt \u00f6eldakse panoraam \u00fclevalt alla, vertikaalne panoraam vms). Siiski, Talheim (2011) on v\u00e4lja pakkunud termini \u201cp\u00fcstpanoraam\u201d. \">\u00fclevalt alla v\u00f5i alt \u00fcles<\/a><\/strong>.\u00a0J\u00e4rgnevas n\u00e4ites on n\u00e4ha p\u00fcstpanoraam (vt selgitus eelmise lause l\u00f5pus) \u00fclevalt alla Tartu T\u00e4hetornist.<\/span><\/span><\/span><\/span><\/span><\/span>\n<\/p>\n<p class=\"p1\" style=\"margin:0px\">\n\t\u00a0\n<\/p>\n<p class=\"p1\" style=\"margin:0px\">\n\t\u00a0\n<\/p>\n<p class=\"p1\" style=\"margin:0px\">\n\t<\/p><div class=\"ratio ratio-16x9 mb-3\"><div class=\"video-placeholder-wrapper video-placeholder-wrapper--16x9\">\n\t\t\t    <div class=\"video-placeholder d-flex justify-content-center align-items-center\">\n\t\t\t        <div class=\"overlay text-white p-2 w-100 text-center d-block justify-content-center align-items-center\">\n\t\t\t            <div>Kolmandate osapoolte sisu n\u00e4gemiseks palun n\u00f5ustu k\u00fcpsistega.<\/div>\n\t\t\t            <button class=\"btn btn-secondary btn-sm mt-1 consent-change\">Muuda n\u00f5usolekut<\/button>\n\t\t\t        <\/div>\n\t\t\t    <\/div>\n\t\t\t<\/div>\n<\/div>\n\n<p class=\"p1\" style=\"margin:0px\">\n\t\u00a0\n<\/p>\n<p class=\"p1\" style=\"margin:0px\">\n\t\u00a0\n<\/p>\n<p class=\"p1\" style=\"margin:0px\">\n\t<span><span><span><span><span style=\"line-height:normal\"><span>M\u00f5lemad siintoodud n\u00e4ited algavad ja l\u00f5pevad staatilise kaadriga p\u00f5hjusel, et nii on alustaval videograafil lihtsam saavutada v\u00f5imalikult hea <strong><a href=\"#\" data-bs-toggle=\"modal\" data-bs-target=\"#popup-modal\" data-title=\"must materjal\" data-content=\"K\u00e4sil oleva projekti tarvis filmitud kaadrite kogum (Maran, 2007; Thalheim, 2011).\">must materjal<\/a><\/strong>, sest korrektsed, staatilised alguse ja l\u00f5pukaadrid on kasutatavad ka juhul, kui panoraam ise peaks eba\u00f5nnestuma (Thompson &amp; Bowen, 2009).<\/span><\/span><\/span><\/span><\/span><\/span>\n<\/p>\n<p class=\"p1\" style=\"margin:0px\">\n\t\u00a0\n<\/p>\n<p class=\"p1\" style=\"margin:0px\">\n\t<span><span><span><span><span style=\"line-height:normal\"><span>Nagu \u00fclal mainitud, siis liikumist v\u00f5ib j\u00e4\u00e4dvustada ka nii, et liiguvad niih\u00e4sti filmitav kui ka kaamera. J\u00e4rgnevalt on esitatud n\u00e4ide, kus inimene liigub kaamera eest l\u00e4bi samal ajal kui kaamera j\u00e4\u00e4dvustab inimese liikumise suunalise panoraami.<\/span><\/span><\/span><\/span><\/span><\/span>\n<\/p>\n<p class=\"p1\" style=\"margin:0px\">\n\t\u00a0\n<\/p>\n<p class=\"p1\" style=\"margin:0px\">\n\t<\/p><div class=\"ratio ratio-16x9 mb-3\"><div class=\"video-placeholder-wrapper video-placeholder-wrapper--16x9\">\n\t\t\t    <div class=\"video-placeholder d-flex justify-content-center align-items-center\">\n\t\t\t        <div class=\"overlay text-white p-2 w-100 text-center d-block justify-content-center align-items-center\">\n\t\t\t            <div>Kolmandate osapoolte sisu n\u00e4gemiseks palun n\u00f5ustu k\u00fcpsistega.<\/div>\n\t\t\t            <button class=\"btn btn-secondary btn-sm mt-1 consent-change\">Muuda n\u00f5usolekut<\/button>\n\t\t\t        <\/div>\n\t\t\t    <\/div>\n\t\t\t<\/div>\n<\/div><span><span><span><span><span style=\"line-height:normal\"><span><\/span><\/span><\/span><\/span><\/span><\/span><\/div>\n        <\/div>\n        <\/div>\n    <\/div><\/span><\/span><\/span><\/span><\/span><\/span>\n<\/p>\n<p>\n\t<span><span><span><span><span style=\"line-height:normal\"><span><div class=\"accordion mb-3\">\n        <div class=\"accordion-item accordion-item--white\">\n        <h2 class=\"accordion-header\" id=\"accordion-69de8e850c5ef-heading\">\n            <button class=\"accordion-button collapsed\" type=\"button\" data-bs-toggle=\"collapse\" data-bs-target=\"#accordion-69de8e850c5ef-collapse\" aria-expanded=\"true\" aria-controls=\"accordion-69de8e850c5ef-collapse\">Peale- ja \u00e4ras\u00f5it, suumimine<\/button>\n        <\/h2>\n        <div id=\"accordion-69de8e850c5ef-collapse\" class=\"accordion-collapse collapse\" aria-labelledby=\"accordion-69de8e850c5ef-heading\">\n            <div class=\"accordion-body\">Videot\u00f6\u00f6s v\u00f5ib kaamera filmitavale l\u00e4heneda v\u00f5i filmitavast kaugeneda. Neid kaadreid kutsutakse vastavalt peals\u00f5iduks ja \u00e4ras\u00f5iduks (Maran, 2007; Thalheim, 2011). Peale- v\u00f5i \u00e4ras\u00f5idu filmimiseks on mitmeid mooduseid, nt <strong><a href=\"#\" data-bs-toggle=\"modal\" data-bs-target=\"#popup-modal\" data-title=\"kaamerak\u00e4ru\" data-content=\"Relssidel liikuv (rataste ja istmetega) alus operaatori ja kaamera liigutamiseks v\u00f5tteplatsil (Maran, 2007; Thalheim, 2011). Relsid on ehk kaamerar\u00f6\u00f6pad on teisaldatav r\u00f6\u00f6bastee, millel saab l\u00fckata kaamerak\u00e4ru kaameraga, et filmida pikki sujuvalt liikuvaid kaadreid (Maran, 2007; Thalheim, 2011).&amp;nbsp;\">kaamerak\u00e4ru<\/a><\/strong>\u00a0v\u00f5i kraana. Samuti v\u00f5ib peale- v\u00f5i \u00e4ras\u00f5idu j\u00e4\u00e4dvustamiseks kasutada <strong><a href=\"#\" data-bs-toggle=\"modal\" data-bs-target=\"#popup-modal\" data-title=\"steadcami\" data-content=\"Rihmadega operaatori keha k\u00fclge kinnituv v\u00e4ikesel alusel kaamera, mis v\u00f5imaldab \u00fcles v\u00f5tta v\u00e4ga liikuvat ja sujuvat pilti (Thalheim, 2011). Maran (2007) toob v\u00e4lja, et steadicam on kaamera tehniline abivahend, kerge portatiivne k\u00e4etugi, mis aitab operaatoril kaamerat k\u00e4est filmides stabiilsena hoida. \">steadcami<\/a><\/strong>, <strong><a href=\"#\" data-bs-toggle=\"modal\" data-bs-target=\"#popup-modal\" data-title=\"gimbalit\" data-content=\"Seade, mille \u00fclesanne on mootorite, intertsiaalanduri ja algoritmide abil kompenseerida kaamera operaatori liikumisest tekkivaid soovimatuid kaamera v\u00e4rinaid (Veber, i.a.).\">gimbalit<\/a><\/strong> v\u00f5i <strong><a href=\"#\" data-bs-toggle=\"modal\" data-bs-target=\"#popup-modal\" data-title=\"drooni\" data-content=\"Siin ainult foto- ja videot\u00f6\u00f6s kasutatav kaamera ja gimbaliga varustatud mehitamata \u00f5hus\u00f5iduk. Droonide kasutamisega seonduvate regulatsioonide jm materjalidega saab tutvuda Transpordiameti kodulehek\u00fcljel. (\u00d5piku autori selgitus)\">drooni<\/a><\/strong> (Thompson &amp; Bowen, 2009).\n\n<p>\n\t<span><span><span><span><span style=\"line-height:normal\"><span>J\u00e4rgnevad kaks n\u00e4idet illustreerivad vastavalt peale- (1) ja \u00e4ras\u00f5itu (2). Videod on filmitud gimbalile asetatud kaameraga. <\/span><\/span><\/span><\/span><\/span><\/span>\n<\/p>\n<p>\n\t<\/p><div class=\"ratio ratio-16x9 mb-3\"><div class=\"video-placeholder-wrapper video-placeholder-wrapper--16x9\">\n\t\t\t    <div class=\"video-placeholder d-flex justify-content-center align-items-center\">\n\t\t\t        <div class=\"overlay text-white p-2 w-100 text-center d-block justify-content-center align-items-center\">\n\t\t\t            <div>Kolmandate osapoolte sisu n\u00e4gemiseks palun n\u00f5ustu k\u00fcpsistega.<\/div>\n\t\t\t            <button class=\"btn btn-secondary btn-sm mt-1 consent-change\">Muuda n\u00f5usolekut<\/button>\n\t\t\t        <\/div>\n\t\t\t    <\/div>\n\t\t\t<\/div>\n<\/div>\n\n<p>\n\t<\/p><div class=\"ratio ratio-16x9 mb-3\"><div class=\"video-placeholder-wrapper video-placeholder-wrapper--16x9\">\n\t\t\t    <div class=\"video-placeholder d-flex justify-content-center align-items-center\">\n\t\t\t        <div class=\"overlay text-white p-2 w-100 text-center d-block justify-content-center align-items-center\">\n\t\t\t            <div>Kolmandate osapoolte sisu n\u00e4gemiseks palun n\u00f5ustu k\u00fcpsistega.<\/div>\n\t\t\t            <button class=\"btn btn-secondary btn-sm mt-1 consent-change\">Muuda n\u00f5usolekut<\/button>\n\t\t\t        <\/div>\n\t\t\t    <\/div>\n\t\t\t<\/div>\n<\/div>\n\n<p class=\"p1\" style=\"margin:0px\">\n\t<span><span><span><span><span style=\"line-height:normal\"><span>Filmitavale l\u00e4henemise v\u00f5i kaugenemise efekti v\u00f5ib luua ka l\u00e4bi suumimise, st <strong><a href=\"#\" data-bs-toggle=\"modal\" data-bs-target=\"#popup-modal\" data-title=\"suumobjektiivi\" data-content=\"Muudetava fookuskaugusega objektiiv (Thalheim, 2011). On olemas ka fikseeritud fooksukaugusega objektiivid.\">suumobjektiivi<\/a><\/strong> <strong><a href=\"#\" data-bs-toggle=\"modal\" data-bs-target=\"#popup-modal\" data-title=\"fookuskauguse\" data-content=\"Fookuskaugus on objektiivi parameeter, millest s\u00f5ltub objektiivi vaatenurga suurus ja teravuss\u00fcgavus (Thalheim, 2011).\">fookuskauguse<\/a><\/strong> muutmist kaadri sees, kui kaamera seisab statiivil. Seega, kaamerat ei liigutata, vaid kujutise mastaapi muudetakse (EKSS, 2009) objektiivi abil.<\/span><\/span><\/span><\/span><\/span><\/span>\n<\/p>\n<p class=\"p1\" style=\"margin:0px\">\n\t\u00a0\n<\/p>\n<p class=\"p1\" style=\"margin:0px\">\n\t<span><span><span><span><span style=\"line-height:normal\"><span>J\u00e4rgnevad kaks n\u00e4idet illustreerivad sisse- (1) ja v\u00e4ljasuumimist (2).<\/span><\/span><\/span><\/span><\/span><\/span>\n<\/p>\n<p class=\"p1\" style=\"margin:0px\">\n\t\u00a0\n<\/p>\n<p class=\"p1\" style=\"margin:0px\">\n\t<\/p><div class=\"ratio ratio-16x9 mb-3\"><div class=\"video-placeholder-wrapper video-placeholder-wrapper--16x9\">\n\t\t\t    <div class=\"video-placeholder d-flex justify-content-center align-items-center\">\n\t\t\t        <div class=\"overlay text-white p-2 w-100 text-center d-block justify-content-center align-items-center\">\n\t\t\t            <div>Kolmandate osapoolte sisu n\u00e4gemiseks palun n\u00f5ustu k\u00fcpsistega.<\/div>\n\t\t\t            <button class=\"btn btn-secondary btn-sm mt-1 consent-change\">Muuda n\u00f5usolekut<\/button>\n\t\t\t        <\/div>\n\t\t\t    <\/div>\n\t\t\t<\/div>\n<\/div>\n\n<p class=\"p1\" style=\"margin:0px\">\n\t<\/p><div class=\"ratio ratio-16x9 mb-3\"><div class=\"video-placeholder-wrapper video-placeholder-wrapper--16x9\">\n\t\t\t    <div class=\"video-placeholder d-flex justify-content-center align-items-center\">\n\t\t\t        <div class=\"overlay text-white p-2 w-100 text-center d-block justify-content-center align-items-center\">\n\t\t\t            <div>Kolmandate osapoolte sisu n\u00e4gemiseks palun n\u00f5ustu k\u00fcpsistega.<\/div>\n\t\t\t            <button class=\"btn btn-secondary btn-sm mt-1 consent-change\">Muuda n\u00f5usolekut<\/button>\n\t\t\t        <\/div>\n\t\t\t    <\/div>\n\t\t\t<\/div>\n<\/div><span><span><span><span><span style=\"line-height:normal\"><span><\/span><\/span><\/span><\/span><\/span><\/span><\/div>\n        <\/div>\n        <\/div>\n    <\/div><\/span><\/span><\/span><\/span><\/span><\/span>\n<\/p>\n<p class=\"p1\" style=\"margin:0px\">\n\t<span><span><span><span><span style=\"line-height:normal\"><span><div class=\"accordion mb-3\">\n        <div class=\"accordion-item accordion-item--white\">\n        <h2 class=\"accordion-header\" id=\"accordion-69de8e850c5f8-heading\">\n            <button class=\"accordion-button collapsed\" type=\"button\" data-bs-toggle=\"collapse\" data-bs-target=\"#accordion-69de8e850c5f8-collapse\" aria-expanded=\"true\" aria-controls=\"accordion-69de8e850c5f8-collapse\">Harjutused<\/button>\n        <\/h2>\n        <div id=\"accordion-69de8e850c5f8-collapse\" class=\"accordion-collapse collapse\" aria-labelledby=\"accordion-69de8e850c5f8-heading\">\n            <div class=\"accordion-body\">\n\n<ul>\n<li class=\"p1\" style=\"margin: 0px\">\n\t\t<span><span><span><span><span style=\"line-height:normal\"><span><em>Salvesta panoraamid nii vasakult paremale ja vastupidi kui ka \u00fclevalt alla ja vastupidi. Proovi igale panoraamile j\u00e4tta algusesse ja l\u00f5ppu staatilised kaadrid. Samuti proovi hoida kaamera liikumine panoraamimise ajal v\u00f5imalikult \u00fchtlane. Lisaks proovi salvestada erineva pikkusega panoraame (nt 60kraadine, 90kraadine, 180kraadine, 360kraadine).<\/em> <\/span><\/span><\/span><\/span><\/span><\/span>\n\t<\/li>\n<li class=\"p1\" style=\"margin: 0px\">\n\t\t<em>Salvesta panoraam, kus kaadris olev inimene k\u00f5nnib ning kaamera liigub k\u00f5ndiva\u00a0inimesega samasuunaliselt. Proovi erinevaid lahendusi liikumise salvestamiseks, nt kaamera liigub inimesega kaasa kogu liikumise aja v\u00f5i hakkab liikuma hetkel, kui inimene on kaamerast m\u00f6\u00f6dumas. V\u00f5rlde salvestatud kaadreid ning anal\u00fc\u00fcsi, millises on liikumine sinu hinnangul k\u00f5ige efektsem.<\/em>\n\t<\/li>\n<li class=\"p1\" style=\"margin: 0px\">\n\t\t<em>Salvesta kolmes erinevas plaanisuuruses \u00fcks ja sama tegevus (nt inimene paneb jopet selga) nii, et kaamera seisab paigal. Harjutuse eesm\u00e4rk on salvestada plaanisuuruseid olukorras, kus kaadris olev inimene tegutseb ning kadreerimisel ja kompositsiooni hoidmisel peab arvestama ka tegevuse d\u00fcnaamikaga.\u00a0<\/em><span><span><span><span><span style=\"line-height:normal\"><span><\/span><\/span><\/span><\/span><\/span><\/span><\/li><\/ul><\/div>\n        <\/div>\n        <\/div>\n    <\/div><\/span><\/span><\/span><\/span><\/span><\/span>\n\t\n\n<\/p><p class=\"p1\" style=\"margin: 0px\">\n\t<span><span><span><span><span style=\"line-height:normal\"><span><div class=\"accordion mb-3\">\n        <div class=\"accordion-item accordion-item--white\">\n        <h2 class=\"accordion-header\" id=\"accordion-69de8e850c5ff-heading\">\n            <button class=\"accordion-button collapsed\" type=\"button\" data-bs-toggle=\"collapse\" data-bs-target=\"#accordion-69de8e850c5ff-collapse\" aria-expanded=\"true\" aria-controls=\"accordion-69de8e850c5ff-collapse\">Kasutatud kirjandus<\/button>\n        <\/h2>\n        <div id=\"accordion-69de8e850c5ff-collapse\" class=\"accordion-collapse collapse\" aria-labelledby=\"accordion-69de8e850c5ff-heading\">\n            <div class=\"accordion-body\">Maran, M. (2007). <em>Filmiterminid ajakirjas Teater. Muusika. Kino.<\/em> Magistrit\u00f6\u00f6. Tallinna \u00dclikool, Eesti filoloogia osakond\n\n<p>\n\t<span><span><span><span><span style=\"line-height:normal\"><span>Thalheim, T. (2011). <em>V\u00e4ike inglise-eesti seletav filmis\u00f5nastik.<\/em> Magistrit\u00f6\u00f6. Tartu \u00dclikool, Germaani, romaani ja slaavi filoloogia instituut\u00a0<\/span><\/span><\/span><\/span><\/span><\/span>\n<\/p>\n<p>\n\t<span><span><span><span><span style=\"line-height:normal\"><span>Thompson, R. &amp; Bowen, C. J. (2009). <em>Grammar of the Shot. <\/em>London: Focal Press.<\/span><\/span><\/span><\/span><\/span><\/span>\n<\/p>\n<p>\n\t<span><span><span><span><span style=\"line-height:normal\"><span>Veber, R. (i.a.). <em>Sujuvad video stabilisaatoriga.<\/em> Photopoint fotokursus.ee. Kasutatud 31.08.2022. https:\/\/www.fotokursus.ee\/course\/sujuvad-videod-stabilisaatoriga\/ <\/span><\/span><\/span><\/span><\/span><\/span><\/p><\/div>\n        <\/div>\n        <\/div>\n    <\/div><\/span><\/span><\/span><\/span><\/span><\/span><\/p>\n","protected":false},"excerpt":{"rendered":"<p>Liikumine videot\u00f6\u00f6s v\u00f5ib v\u00e4ljenduda mitmeti. N\u00e4iteks v\u00f5ib liikuda inimene kaadri sees ja kaamera seisab paigal. Niisugust kaamerat\u00f6\u00f6d kutsutakse . D\u00fcnaamiline kaamera aga t\u00e4hendab seda, et liigub kaamera ning kaadris olev inimene on paigal v\u00f5i liiguvad niih\u00e4sti inimene kaadri sees kui &#8230;<\/p>\n","protected":false},"author":242,"featured_media":0,"parent":0,"menu_order":0,"comment_status":"closed","ping_status":"closed","template":"","meta":{"_acf_changed":false,"inline_featured_image":false,"footnotes":""},"class_list":["post-3","page","type-page","status-publish","hentry"],"acf":[],"_links":{"self":[{"href":"https:\/\/sisu.ut.ee\/avharjutusvara\/wp-json\/wp\/v2\/pages\/3","targetHints":{"allow":["GET"]}}],"collection":[{"href":"https:\/\/sisu.ut.ee\/avharjutusvara\/wp-json\/wp\/v2\/pages"}],"about":[{"href":"https:\/\/sisu.ut.ee\/avharjutusvara\/wp-json\/wp\/v2\/types\/page"}],"author":[{"embeddable":true,"href":"https:\/\/sisu.ut.ee\/avharjutusvara\/wp-json\/wp\/v2\/users\/242"}],"replies":[{"embeddable":true,"href":"https:\/\/sisu.ut.ee\/avharjutusvara\/wp-json\/wp\/v2\/comments?post=3"}],"version-history":[{"count":1,"href":"https:\/\/sisu.ut.ee\/avharjutusvara\/wp-json\/wp\/v2\/pages\/3\/revisions"}],"predecessor-version":[{"id":320,"href":"https:\/\/sisu.ut.ee\/avharjutusvara\/wp-json\/wp\/v2\/pages\/3\/revisions\/320"}],"wp:attachment":[{"href":"https:\/\/sisu.ut.ee\/avharjutusvara\/wp-json\/wp\/v2\/media?parent=3"}],"curies":[{"name":"wp","href":"https:\/\/api.w.org\/{rel}","templated":true}]}}