{"id":4,"date":"2024-04-04T03:32:42","date_gmt":"2024-04-04T00:32:42","guid":{"rendered":"https:\/\/sisu.ut.ee\/autorioigused\/12-teose-vaba-kasutamine\/"},"modified":"2024-04-04T03:32:51","modified_gmt":"2024-04-04T00:32:51","slug":"12-teose-vaba-kasutamine","status":"publish","type":"page","link":"https:\/\/sisu.ut.ee\/autorioigused\/12-teose-vaba-kasutamine\/","title":{"rendered":"1.2 Teose vaba kasutamine"},"content":{"rendered":"<p><\/p><div class=\"ratio ratio-16x9 mb-3\"><div class=\"video-placeholder-wrapper video-placeholder-wrapper--16x9\">\n\t\t\t    <div class=\"video-placeholder d-flex justify-content-center align-items-center\">\n\t\t\t        <div class=\"overlay text-white p-2 w-100 text-center d-block justify-content-center align-items-center\">\n\t\t\t            <div>Kolmandate osapoolte sisu n\u00e4gemiseks palun n\u00f5ustu k\u00fcpsistega.<\/div>\n\t\t\t            <button class=\"btn btn-secondary btn-sm mt-1 consent-change\">Muuda n\u00f5usolekut<\/button>\n\t\t\t        <\/div>\n\t\t\t    <\/div>\n\t\t\t<\/div>\n<\/div>\n<p>Video link:\u00a0<a href=\"https:\/\/youtu.be\/PbIFCFYuCig\" target=\"_blank\" rel=\"noopener\">https:\/\/youtu.be\/PbIFCFYuCig<\/a><\/p>\n<div><span style=\"font-family: Calibri, sans-serif;font-size: medium\"><span>Videos selgitatakse, kuidas teost vabalt kasutada ilma autori n\u00f5usolekuta ja tasu maksmiseta vastates j\u00e4rgmistele k\u00fcsimustele:<\/span><\/span><\/div>\n<div>\n<ul>\n<li><span style=\"font-family: Calibri, sans-serif;font-size: medium\">Mida t\u00e4hendab autori varaliste \u00f5iguste piiramine?<\/span><\/li>\n<li><span style=\"font-family: Calibri, sans-serif;font-size: medium\">Mida t\u00e4hendab teose vaba kasutamine?<\/span><\/li>\n<li><span style=\"font-family: Calibri, sans-serif;font-size: medium\">Millistel juhtudel v\u00f5ib teost vabalt kasutada teaduslikel ja hariduslikel eesm\u00e4rkidel?<\/span><\/li>\n<\/ul>\n<\/div>\n","protected":false},"excerpt":{"rendered":"<p>Kolmandate osapoolte sisu n\u00e4gemiseks palun n\u00f5ustu k\u00fcpsistega. Muuda n\u00f5usolekut Video link:\u00a0https:\/\/youtu.be\/PbIFCFYuCig Videos selgitatakse, kuidas teost vabalt kasutada ilma autori n\u00f5usolekuta ja tasu maksmiseta vastates j\u00e4rgmistele k\u00fcsimustele: Mida t\u00e4hendab autori varaliste \u00f5iguste piiramine? Mida t\u00e4hendab teose vaba kasutamine? Millistel juhtudel v\u00f5ib &#8230;<\/p>\n","protected":false},"author":6,"featured_media":0,"parent":0,"menu_order":0,"comment_status":"closed","ping_status":"closed","template":"","meta":{"_acf_changed":false,"inline_featured_image":false,"footnotes":""},"class_list":["post-4","page","type-page","status-publish","hentry"],"acf":[],"_links":{"self":[{"href":"https:\/\/sisu.ut.ee\/autorioigused\/wp-json\/wp\/v2\/pages\/4","targetHints":{"allow":["GET"]}}],"collection":[{"href":"https:\/\/sisu.ut.ee\/autorioigused\/wp-json\/wp\/v2\/pages"}],"about":[{"href":"https:\/\/sisu.ut.ee\/autorioigused\/wp-json\/wp\/v2\/types\/page"}],"author":[{"embeddable":true,"href":"https:\/\/sisu.ut.ee\/autorioigused\/wp-json\/wp\/v2\/users\/6"}],"replies":[{"embeddable":true,"href":"https:\/\/sisu.ut.ee\/autorioigused\/wp-json\/wp\/v2\/comments?post=4"}],"version-history":[{"count":1,"href":"https:\/\/sisu.ut.ee\/autorioigused\/wp-json\/wp\/v2\/pages\/4\/revisions"}],"predecessor-version":[{"id":103,"href":"https:\/\/sisu.ut.ee\/autorioigused\/wp-json\/wp\/v2\/pages\/4\/revisions\/103"}],"wp:attachment":[{"href":"https:\/\/sisu.ut.ee\/autorioigused\/wp-json\/wp\/v2\/media?parent=4"}],"curies":[{"name":"wp","href":"https:\/\/api.w.org\/{rel}","templated":true}]}}