{"id":30,"date":"2024-04-04T03:32:44","date_gmt":"2024-04-04T00:32:44","guid":{"rendered":"https:\/\/sisu.ut.ee\/autorioigused\/ulevaade-avatud-sisulitsentsidest\/"},"modified":"2024-04-04T03:32:50","modified_gmt":"2024-04-04T00:32:50","slug":"ulevaade-avatud-sisulitsentsidest","status":"publish","type":"page","link":"https:\/\/sisu.ut.ee\/autorioigused\/ulevaade-avatud-sisulitsentsidest\/","title":{"rendered":"3.1 \u00dclevaade avatud sisulitsentsidest"},"content":{"rendered":"<p><\/p><div class=\"ratio ratio-16x9 mb-3\"><div class=\"video-placeholder-wrapper video-placeholder-wrapper--16x9\">\n\t\t\t    <div class=\"video-placeholder d-flex justify-content-center align-items-center\">\n\t\t\t        <div class=\"overlay text-white p-2 w-100 text-center d-block justify-content-center align-items-center\">\n\t\t\t            <div>Kolmandate osapoolte sisu n\u00e4gemiseks palun n\u00f5ustu k\u00fcpsistega.<\/div>\n\t\t\t            <button class=\"btn btn-secondary btn-sm mt-1 consent-change\">Muuda n\u00f5usolekut<\/button>\n\t\t\t        <\/div>\n\t\t\t    <\/div>\n\t\t\t<\/div>\n<\/div>\n<p style=\"text-align: center\">Video link:\u00a0<a href=\"https:\/\/youtu.be\/_1h3J5Y6f9w\" target=\"_blank\" rel=\"noopener\">https:\/\/youtu.be\/_1h3J5Y6f9w<\/a><\/p>\n<p style=\"text-align: left\">Videos selgitatakse avatud sisulitsentside v\u00f5imalusi Creative Commonsi n\u00e4itel vastates j\u00e4rgmistele k\u00fcsimustele:<\/p>\n<ul>\n<li>\n<div style=\"text-align: left\">Mis on avatud sisulitsentsid?<\/div>\n<\/li>\n<li>\n<div style=\"text-align: left\">Mis on Creative Commonsi sisulitsentside kasutamise eesm\u00e4rk?<\/div>\n<\/li>\n<li>\n<div style=\"text-align: left\">Millised on on Creative Commonsi litsentside tingimused?<\/div>\n<\/li>\n<li>\n<div style=\"text-align: left\">Millised on Creative Commonsi litsentsid?<\/div>\n<\/li>\n<\/ul>\n","protected":false},"excerpt":{"rendered":"<p>Kolmandate osapoolte sisu n\u00e4gemiseks palun n\u00f5ustu k\u00fcpsistega. Muuda n\u00f5usolekut Video link:\u00a0https:\/\/youtu.be\/_1h3J5Y6f9w Videos selgitatakse avatud sisulitsentside v\u00f5imalusi Creative Commonsi n\u00e4itel vastates j\u00e4rgmistele k\u00fcsimustele: Mis on avatud sisulitsentsid? Mis on Creative Commonsi sisulitsentside kasutamise eesm\u00e4rk? Millised on on Creative Commonsi litsentside tingimused? &#8230;<\/p>\n","protected":false},"author":6,"featured_media":0,"parent":0,"menu_order":0,"comment_status":"closed","ping_status":"closed","template":"","meta":{"_acf_changed":false,"inline_featured_image":false,"footnotes":""},"class_list":["post-30","page","type-page","status-publish","hentry"],"acf":[],"_links":{"self":[{"href":"https:\/\/sisu.ut.ee\/autorioigused\/wp-json\/wp\/v2\/pages\/30","targetHints":{"allow":["GET"]}}],"collection":[{"href":"https:\/\/sisu.ut.ee\/autorioigused\/wp-json\/wp\/v2\/pages"}],"about":[{"href":"https:\/\/sisu.ut.ee\/autorioigused\/wp-json\/wp\/v2\/types\/page"}],"author":[{"embeddable":true,"href":"https:\/\/sisu.ut.ee\/autorioigused\/wp-json\/wp\/v2\/users\/6"}],"replies":[{"embeddable":true,"href":"https:\/\/sisu.ut.ee\/autorioigused\/wp-json\/wp\/v2\/comments?post=30"}],"version-history":[{"count":1,"href":"https:\/\/sisu.ut.ee\/autorioigused\/wp-json\/wp\/v2\/pages\/30\/revisions"}],"predecessor-version":[{"id":87,"href":"https:\/\/sisu.ut.ee\/autorioigused\/wp-json\/wp\/v2\/pages\/30\/revisions\/87"}],"wp:attachment":[{"href":"https:\/\/sisu.ut.ee\/autorioigused\/wp-json\/wp\/v2\/media?parent=30"}],"curies":[{"name":"wp","href":"https:\/\/api.w.org\/{rel}","templated":true}]}}