{"id":29,"date":"2024-04-04T03:32:44","date_gmt":"2024-04-04T00:32:44","guid":{"rendered":"https:\/\/sisu.ut.ee\/autorioigused\/avatud-sisulitsentsid\/"},"modified":"2024-04-04T03:32:50","modified_gmt":"2024-04-04T00:32:50","slug":"avatud-sisulitsentsid","status":"publish","type":"page","link":"https:\/\/sisu.ut.ee\/autorioigused\/avatud-sisulitsentsid\/","title":{"rendered":"3. Avatud sisulitsentsid"},"content":{"rendered":"<p>Internetimaailma laienemisel on v\u00f5imalik meil k\u00f5igil v\u00e4ga lihtsalt midagi luua ning seda teistega jagada. Selles uues maailmas on autori\u00f5igused kohati liiga ranged ning tegelikult on autorid valmis lubama oma teoseid kasutada ka hoopis vabamatel tingimustel. Siin tulevadki appi avatud sisulitsentsid.<\/p>\n<ol>\n<li>Avatud sisulitsents<\/li>\n<\/ol><ul>\n<li>Mida t\u00e4hendavad avatud sisulitsentsid?<\/li>\n<li>Millised avatud sisulitsentsid on olemas?<\/li>\n<li>Mis on Public Domain (avalik omand)?<\/li>\n<li>Mis on Creative Commons?<\/li>\n<li>Millised on Creative Commonsi litsentsid?<\/li>\n<\/ul>\n<li>Creative Commonsi (CC) litsentside kasutamine<\/li>\n<ul>\n<li>Kust leida CC litsentsiga teoseid?<\/li>\n<li>Kuidas omavahel koos kasutada erinevaid litsentse?<\/li>\n<li>Millistes keskkondades ja kuidas avaldada oma t\u00f6id CC litsentsiga?<\/li>\n<li>Kuidas lisada oma t\u00f6\u00f6le CC litsentsi?<\/li>\n<\/ul>\n\n","protected":false},"excerpt":{"rendered":"<p>Internetimaailma laienemisel on v\u00f5imalik meil k\u00f5igil v\u00e4ga lihtsalt midagi luua ning seda teistega jagada. Selles uues maailmas on autori\u00f5igused kohati liiga ranged ning tegelikult on autorid valmis lubama oma teoseid kasutada ka hoopis vabamatel tingimustel. Siin tulevadki appi avatud sisulitsentsid. &#8230;<\/p>\n","protected":false},"author":6,"featured_media":0,"parent":0,"menu_order":0,"comment_status":"closed","ping_status":"closed","template":"","meta":{"_acf_changed":false,"inline_featured_image":false,"footnotes":""},"class_list":["post-29","page","type-page","status-publish","hentry"],"acf":[],"_links":{"self":[{"href":"https:\/\/sisu.ut.ee\/autorioigused\/wp-json\/wp\/v2\/pages\/29","targetHints":{"allow":["GET"]}}],"collection":[{"href":"https:\/\/sisu.ut.ee\/autorioigused\/wp-json\/wp\/v2\/pages"}],"about":[{"href":"https:\/\/sisu.ut.ee\/autorioigused\/wp-json\/wp\/v2\/types\/page"}],"author":[{"embeddable":true,"href":"https:\/\/sisu.ut.ee\/autorioigused\/wp-json\/wp\/v2\/users\/6"}],"replies":[{"embeddable":true,"href":"https:\/\/sisu.ut.ee\/autorioigused\/wp-json\/wp\/v2\/comments?post=29"}],"version-history":[{"count":1,"href":"https:\/\/sisu.ut.ee\/autorioigused\/wp-json\/wp\/v2\/pages\/29\/revisions"}],"predecessor-version":[{"id":86,"href":"https:\/\/sisu.ut.ee\/autorioigused\/wp-json\/wp\/v2\/pages\/29\/revisions\/86"}],"wp:attachment":[{"href":"https:\/\/sisu.ut.ee\/autorioigused\/wp-json\/wp\/v2\/media?parent=29"}],"curies":[{"name":"wp","href":"https:\/\/api.w.org\/{rel}","templated":true}]}}