{"id":26,"date":"2024-04-04T03:32:44","date_gmt":"2024-04-04T00:32:44","guid":{"rendered":"https:\/\/sisu.ut.ee\/autorioigused\/teose-kasutamine-oppe-eesmargil\/"},"modified":"2024-04-04T03:32:50","modified_gmt":"2024-04-04T00:32:50","slug":"teose-kasutamine-oppe-eesmargil","status":"publish","type":"page","link":"https:\/\/sisu.ut.ee\/autorioigused\/teose-kasutamine-oppe-eesmargil\/","title":{"rendered":"1.4 Teose vaba kasutamine \u00f5ppe-eesm\u00e4rgil"},"content":{"rendered":"<p><\/p><div class=\"ratio ratio-16x9 mb-3\"><div class=\"video-placeholder-wrapper video-placeholder-wrapper--16x9\">\n\t\t\t    <div class=\"video-placeholder d-flex justify-content-center align-items-center\">\n\t\t\t        <div class=\"overlay text-white p-2 w-100 text-center d-block justify-content-center align-items-center\">\n\t\t\t            <div>Kolmandate osapoolte sisu n\u00e4gemiseks palun n\u00f5ustu k\u00fcpsistega.<\/div>\n\t\t\t            <button class=\"btn btn-secondary btn-sm mt-1 consent-change\">Muuda n\u00f5usolekut<\/button>\n\t\t\t        <\/div>\n\t\t\t    <\/div>\n\t\t\t<\/div>\n<\/div>\n<p style=\"text-align: center\">Video link:\u00a0<a href=\"https:\/\/youtu.be\/S0bHUhW2ppk\" target=\"_blank\" rel=\"noopener\">https:\/\/youtu.be\/S0bHUhW2ppk<\/a><\/p>\n<p>Videos selgitatakse teose vaba kasutamise v\u00f5imalusi \u00f5ppe-eesm\u00e4rgil vastates j\u00e4rgmistele k\u00fcsimustele:<\/p>\n<ul>\n<li>Millistel tingimustel v\u00f5ib kasutada teost \u00f5ppe-eesm\u00e4rkidel?<\/li>\n<li>Milline on \u00f5igusp\u00e4raselt avaldatud teos?<\/li>\n<li>Mida t\u00e4hendab teose kasutamine illustreeriva materjalina?<\/li>\n<li>Kuidas t\u00f5lgendada motiveeritud mahus kasutamist?<\/li>\n<li>Mida t\u00e4hendavad \u00e4rilised eesm\u00e4rgid teose kasutamisel?<\/li>\n<li>Millised on kohustuslikud rekvisiidid (viitamine) teose kasutamisel?<\/li>\n<\/ul>\n","protected":false},"excerpt":{"rendered":"<p>Kolmandate osapoolte sisu n\u00e4gemiseks palun n\u00f5ustu k\u00fcpsistega. Muuda n\u00f5usolekut Video link:\u00a0https:\/\/youtu.be\/S0bHUhW2ppk Videos selgitatakse teose vaba kasutamise v\u00f5imalusi \u00f5ppe-eesm\u00e4rgil vastates j\u00e4rgmistele k\u00fcsimustele: Millistel tingimustel v\u00f5ib kasutada teost \u00f5ppe-eesm\u00e4rkidel? Milline on \u00f5igusp\u00e4raselt avaldatud teos? Mida t\u00e4hendab teose kasutamine illustreeriva materjalina? Kuidas t\u00f5lgendada &#8230;<\/p>\n","protected":false},"author":6,"featured_media":0,"parent":0,"menu_order":0,"comment_status":"closed","ping_status":"closed","template":"","meta":{"_acf_changed":false,"inline_featured_image":false,"footnotes":""},"class_list":["post-26","page","type-page","status-publish","hentry"],"acf":[],"_links":{"self":[{"href":"https:\/\/sisu.ut.ee\/autorioigused\/wp-json\/wp\/v2\/pages\/26","targetHints":{"allow":["GET"]}}],"collection":[{"href":"https:\/\/sisu.ut.ee\/autorioigused\/wp-json\/wp\/v2\/pages"}],"about":[{"href":"https:\/\/sisu.ut.ee\/autorioigused\/wp-json\/wp\/v2\/types\/page"}],"author":[{"embeddable":true,"href":"https:\/\/sisu.ut.ee\/autorioigused\/wp-json\/wp\/v2\/users\/6"}],"replies":[{"embeddable":true,"href":"https:\/\/sisu.ut.ee\/autorioigused\/wp-json\/wp\/v2\/comments?post=26"}],"version-history":[{"count":1,"href":"https:\/\/sisu.ut.ee\/autorioigused\/wp-json\/wp\/v2\/pages\/26\/revisions"}],"predecessor-version":[{"id":83,"href":"https:\/\/sisu.ut.ee\/autorioigused\/wp-json\/wp\/v2\/pages\/26\/revisions\/83"}],"wp:attachment":[{"href":"https:\/\/sisu.ut.ee\/autorioigused\/wp-json\/wp\/v2\/media?parent=26"}],"curies":[{"name":"wp","href":"https:\/\/api.w.org\/{rel}","templated":true}]}}