{"id":25,"date":"2024-04-04T03:32:44","date_gmt":"2024-04-04T00:32:44","guid":{"rendered":"https:\/\/sisu.ut.ee\/autorioigused\/avaleht\/"},"modified":"2024-04-11T18:53:28","modified_gmt":"2024-04-11T15:53:28","slug":"avaleht","status":"publish","type":"page","link":"https:\/\/sisu.ut.ee\/autorioigused\/","title":{"rendered":"Esileht"},"content":{"rendered":"<p>K\u00e4esolev \u00f5ppematerjal on loodud \u00f5ppijatele ja \u00f5petajatele, kes soovivad rohkem teada autori\u00f5igusest. Materjali sihtr\u00fchmaks on nii algajad kui ka edasij\u00f5udnud autori\u00f5iguse tundjad.\u00a0Materjal l\u00e4bimine v\u00f5tab aega 30 minutit kuni 3 tundi ning koosneb testidest ja selgitavatatest videotest.<\/p>\n<p><strong>\u00d5ppematerjal on jagatud kolmeks suureks osaks:<\/strong><\/p>\n<ol>\n<li>Teiste autorite t\u00f6\u00f6de kasutamine<\/li>\n<li>\u00d5igused oma loodud t\u00f6\u00f6le<\/li>\n<li>Avatud sisulitsentsid: Creative Commons<\/li>\n<\/ol>\n<p><strong>\u00d5ppematerjali l\u00e4binu teab,<\/strong><\/p>\n<ul>\n<li>millised on reeglid teiste loodud materjalide vabaks kasutamiseks isiklikul ja \u00f5ppeotstarbel,<\/li>\n<li>millised \u00f5igused on teiste autorite teose esitamisel,<\/li>\n<li>millised on tema kui autori \u00f5igused,<\/li>\n<li>mis on avatud sisulitsentsid ning kuidas neid kasutada.<\/li>\n<\/ul>\n<p><strong>\u00d5pijuhis algajale autori\u00f5iguse tundjale:<\/strong><\/p>\n<ol>\n<li>Tutvuge \u00f5pijuhisega ning materjali \u00fclesehitusega.<\/li>\n<li>Vaadake enne testi selgitavat videot, mis asub p\u00e4rast testi.<\/li>\n<li>Tehke \u00e4ra esimene test.<\/li>\n<li>Kui testi l\u00e4bimisel tegite vigu v\u00f5i tekkis k\u00fcsimusi, vaadake selgitavat videot uuesti.<\/li>\n<li>Korrake punkte 2 ja 3, kuni kogu materjal on l\u00e4bitud.<\/li>\n<li>Soovi korral tutvuge lisamaterjalidega.<\/li>\n<\/ol>\n<p><strong>\u00d5pijuhis edasij\u00f5udnud autori\u00f5iguse tundjale:<\/strong><\/p>\n<ol>\n<li>Tutvuge \u00f5pijuhisega ning materjali \u00fclesehitusega.<\/li>\n<li>Tehke \u00e4ra esimene test.<\/li>\n<li>Kui testi l\u00e4bimisel tegite vigu v\u00f5i tekkis k\u00fcsimusi, vaadake selgitavat videot.<\/li>\n<li>Korrake punkte 2 ja 3, kuni kogu materjal on l\u00e4bitud.<\/li>\n<li>Soovi korral tutvuge lisamaterjalidega.<\/li>\n<\/ol>\n<p><strong>\u00d5ppematerjali autor<\/strong>: Ingrid Maadvere (HITSA ja Gustav Adolfi G\u00fcmnaasiumi haridustehnoloog)<\/p>\n<p><strong>Tallinn, 2017<\/strong><\/p>\n<p><a href=\"http:\/\/creativecommons.org\/licenses\/by-sa\/4.0\/\" rel=\"license\"><img decoding=\"async\" style=\"border-width: 0;\" src=\"https:\/\/i.creativecommons.org\/l\/by-sa\/4.0\/88x31.png\" alt=\"Creative Commons License\"><\/a><br>\nThis work is licensed under a <a href=\"http:\/\/creativecommons.org\/licenses\/by-sa\/4.0\/\" rel=\"license\">Creative Commons Attribution-ShareAlike 4.0 International License<\/a>.<\/p>\n<p>\u00d5piobjektide loomist projekti \u201eTargalt internetis\u201c raames kaasrahastab 50% ulatuses Euroopa Komisjoni Euroopa \u00dchendamise Rahastu.<\/p>\n<p><img loading=\"lazy\" decoding=\"async\" width=\"522\" height=\"59\" class=\"alignnone wp-image-31\" style=\"margin-left: 10px; margin-right: 10px;\" title=\"ee_cef_0.png\" src=\"https:\/\/sisu.ut.ee\/wp-content\/uploads\/sites\/232\/ee_cef_0.png\" alt=\"rahastaja\" srcset=\"https:\/\/sisu.ut.ee\/wp-content\/uploads\/sites\/232\/ee_cef_0.png 522w, https:\/\/sisu.ut.ee\/wp-content\/uploads\/sites\/232\/ee_cef_0-300x34.png 300w\" sizes=\"auto, (max-width: 522px) 100vw, 522px\"><img loading=\"lazy\" decoding=\"async\" width=\"450\" height=\"87\" class=\"alignnone wp-image-32\" style=\"margin-top: 5px; margin-bottom: 5px;\" title=\"targalt-internetis-logo.jpg\" src=\"https:\/\/sisu.ut.ee\/wp-content\/uploads\/sites\/232\/targalt-internetis-logo.jpg\" alt=\"targaltinternetis\" srcset=\"https:\/\/sisu.ut.ee\/wp-content\/uploads\/sites\/232\/targalt-internetis-logo.jpg 450w, https:\/\/sisu.ut.ee\/wp-content\/uploads\/sites\/232\/targalt-internetis-logo-300x58.jpg 300w\" sizes=\"auto, (max-width: 450px) 100vw, 450px\"><img loading=\"lazy\" decoding=\"async\" class=\"alignnone wp-image-33\" title=\"hitsa_logo.jpg\" src=\"https:\/\/sisu.ut.ee\/wp-content\/uploads\/sites\/232\/hitsa_logo.jpg\" alt=\"hitsa\" width=\"297\" height=\"118\" srcset=\"https:\/\/sisu.ut.ee\/wp-content\/uploads\/sites\/232\/hitsa_logo.jpg 1081w, https:\/\/sisu.ut.ee\/wp-content\/uploads\/sites\/232\/hitsa_logo-300x119.jpg 300w, https:\/\/sisu.ut.ee\/wp-content\/uploads\/sites\/232\/hitsa_logo-1024x407.jpg 1024w, https:\/\/sisu.ut.ee\/wp-content\/uploads\/sites\/232\/hitsa_logo-768x305.jpg 768w\" sizes=\"auto, (max-width: 297px) 100vw, 297px\"><\/p>\n<p><strong>Vaata ka teisi projekti \u201cTargalt internetis\u201d raames loodud \u00f5piobjekte:<\/strong><\/p>\n<ul>\n<li><a style=\"background-color: #ffffff;\" href=\"https:\/\/sisu.ut.ee\/viitamiseabc\" target=\"_blank\" rel=\"noopener\">Viitamise ABC<\/a><\/li>\n<li><a style=\"background-color: #ffffff;\" href=\"https:\/\/sisu.ut.ee\/nutiturva\" target=\"_blank\" rel=\"noopener\">Nutiseadmete turvalisus<\/a><\/li>\n<li><a style=\"background-color: #ffffff;\" href=\"https:\/\/sisu.ut.ee\/autentimine\" target=\"_blank\" rel=\"noopener\">Erinevad autentimisviisid<\/a><\/li>\n<li><a style=\"background-color: #ffffff;\" href=\"https:\/\/sisu.ut.ee\/minuandmed\" target=\"_blank\" rel=\"noopener\">Kus on minu andmed?<\/a><\/li>\n<\/ul>\n","protected":false},"excerpt":{"rendered":"<p>K\u00e4esolev \u00f5ppematerjal on loodud \u00f5ppijatele ja \u00f5petajatele, kes soovivad rohkem teada autori\u00f5igusest. Materjali sihtr\u00fchmaks on nii algajad kui ka edasij\u00f5udnud autori\u00f5iguse tundjad.\u00a0Materjal l\u00e4bimine v\u00f5tab aega 30 minutit kuni 3 tundi ning koosneb testidest ja selgitavatatest videotest. \u00d5ppematerjal on jagatud kolmeks &#8230;<\/p>\n","protected":false},"author":6,"featured_media":0,"parent":0,"menu_order":0,"comment_status":"closed","ping_status":"closed","template":"","meta":{"_acf_changed":false,"inline_featured_image":false,"footnotes":""},"class_list":["post-25","page","type-page","status-publish","hentry"],"acf":[],"_links":{"self":[{"href":"https:\/\/sisu.ut.ee\/autorioigused\/wp-json\/wp\/v2\/pages\/25","targetHints":{"allow":["GET"]}}],"collection":[{"href":"https:\/\/sisu.ut.ee\/autorioigused\/wp-json\/wp\/v2\/pages"}],"about":[{"href":"https:\/\/sisu.ut.ee\/autorioigused\/wp-json\/wp\/v2\/types\/page"}],"author":[{"embeddable":true,"href":"https:\/\/sisu.ut.ee\/autorioigused\/wp-json\/wp\/v2\/users\/6"}],"replies":[{"embeddable":true,"href":"https:\/\/sisu.ut.ee\/autorioigused\/wp-json\/wp\/v2\/comments?post=25"}],"version-history":[{"count":2,"href":"https:\/\/sisu.ut.ee\/autorioigused\/wp-json\/wp\/v2\/pages\/25\/revisions"}],"predecessor-version":[{"id":163,"href":"https:\/\/sisu.ut.ee\/autorioigused\/wp-json\/wp\/v2\/pages\/25\/revisions\/163"}],"wp:attachment":[{"href":"https:\/\/sisu.ut.ee\/autorioigused\/wp-json\/wp\/v2\/media?parent=25"}],"curies":[{"name":"wp","href":"https:\/\/api.w.org\/{rel}","templated":true}]}}