{"id":24,"date":"2024-04-04T03:32:43","date_gmt":"2024-04-04T00:32:43","guid":{"rendered":"https:\/\/sisu.ut.ee\/autorioigused\/kasutatud-materjal\/"},"modified":"2024-04-04T03:32:51","modified_gmt":"2024-04-04T00:32:51","slug":"kasutatud-materjal","status":"publish","type":"page","link":"https:\/\/sisu.ut.ee\/autorioigused\/kasutatud-materjal\/","title":{"rendered":"Kasutatud allikad"},"content":{"rendered":"<p>Autor.ee. (s.a).\u00a0<a href=\"http:\/\/www.autor.ee\/\" target=\"_blank\" rel=\"noopener\">http:\/\/www.autor.ee\/<\/a><\/p>\n<p><a href=\"http:\/\/www.autor.ee\/\" target=\"_blank\" rel=\"noopener\"><\/a>Autori\u00f5iguse seadus. (1992). RT I 1992, 49, 615.\u00a0<a href=\"https:\/\/www.riigiteataja.ee\/akt\/116062017008\" target=\"_blank\" rel=\"noopener\">https:\/\/www.riigiteataja.ee\/akt\/116062017008<\/a><\/p>\n<p><a href=\"https:\/\/www.riigiteataja.ee\/akt\/116062017008\" target=\"_blank\" rel=\"noopener\"><\/a>Creative Commons. (s.a).\u00a0<a style=\"background-color: #ffffff\" href=\"https:\/\/creativecommons.org\/\" target=\"_blank\" rel=\"noopener\">https:\/\/creativecommons.org\/\u00a0<\/a><\/p>\n<p>de Fombelle, AC. (2016).\u00a0Publishing public domain books: yes you can!\u00a0<a href=\"https:\/\/www.streetlib.com\/2016\/08\/11\/publishing-public-domain-books\/\" target=\"_blank\" rel=\"noopener\">https:\/\/www.streetlib.com\/2016\/08\/11\/publishing-public-domain-books\/<\/a><\/p>\n<p>European Comission. (2015). Films in schools study.\u00a0<a href=\"https:\/\/ec.europa.eu\/digital-single-market\/news\/schools-europe-are-not-using-films-and-audiovisual-material-full-concluded-eu-study\" target=\"_blank\" rel=\"noopener\">https:\/\/ec.europa.eu\/digital-single-market\/news\/schools-europe-are-not-using-films-and-audiovisual-material-full-concluded-eu-study<\/a><\/p>\n<p>Hanson, M., Kuningas, M., Muuk-Adrat, T.,\u00a0 Pohlak, R., Urmet, A. (2015). Intellektuaalomandi \u00f5ppematerjal\u00a0<a style=\"background-color: #ffffff\" href=\"http:\/\/www.eitk.ee\/public\/dokumendid\/valjaanded\/EITK_opik.pdf\" target=\"_blank\" rel=\"noopener\">http:\/\/www.eitk.ee\/public\/dokumendid\/valjaanded\/EITK_opik.pdf<\/a><\/p>\n<p>Kalvi, A. (2009)\u00a0Autori\u00f5iguse alused rakendusk\u00f5rgkoolile\u00a0<a href=\"http:\/\/primus.archimedes.ee\/system\/files\/strat\/Autorioigus_%20Paide%209.02.2009.pdf\" target=\"_blank\" rel=\"noopener\">http:\/\/primus.archimedes.ee\/system\/files\/strat\/Autorioigus_%20Paide%209.02.2009.pdf<\/a><\/p>\n<p>Kelli, A. (2011).\u00a0\u00dcli\u00f5pilasele ja \u00f5ppej\u00f5ule autori\u00f5igustest\u00a0<a style=\"background-color: #ffffff\" href=\"http:\/\/etu.ut.ee\/sugis-2011\/autorioigustest\/\" target=\"_blank\" rel=\"noopener\">http:\/\/etu.ut.ee\/sugis-2011\/autorioigustest\/<\/a><\/p>\n<p>Kimmel, R. (2016). Muusika autori\u00f5igused YouTubes\u00a0<a style=\"background-color: #ffffff\" href=\"http:\/\/videoturundus.ee\/muusika-autorioigused-youtubes\/\" target=\"_blank\" rel=\"noopener\">http:\/\/videoturundus.ee\/muusika-autorioigused-youtubes\/<\/a><\/p>\n<p>P. M\u00f5tsk\u00fcla, P. (2013).\u00a0<a href=\"https:\/\/youtu.be\/VgcegYu6oKc\" target=\"_blank\" rel=\"noopener\">https:\/\/youtu.be\/VgcegYu6oKc<\/a><\/p>\n<p>P\u00f5ldoja, H. (2016). \u00d5ppematerjalide autori\u00f5igus.\u00a0<a href=\"https:\/\/oppematerjalid.wordpress.com\/oppematerjalid\/oppematerjalide-autorioigus\/\" target=\"_blank\" rel=\"noopener\">https:\/\/oppematerjalid.wordpress.com\/oppematerjalid\/oppematerjalide-autorioigus\/<\/a>\u00a0<\/p>\n<p>Scott Gilligan, T. (s.a). MTNA Copyright Guidelines for Music Teachers.\u00a0<a href=\"http:\/\/www.mtnafoundation.net\/member-resources\/copyright-information\/copyright-faqs\/\" target=\"_blank\" rel=\"noopener\">http:\/\/www.mtnafoundation.net\/member-resources\/copyright-information\/copyright-faqs\/<\/a><\/p>\n<p>\u017dmenja, M. (2011). Kuidas kasutada pildipanku legaalselt.\u00a0<a href=\"https:\/\/www.okia.ee\/blog\/2011\/03\/kuidas-kasutada-pildipanku-legaalselt\/\" target=\"_blank\" rel=\"noopener\">https:\/\/www.okia.ee\/blog\/2011\/03\/kuidas-kasutada-pildipanku-legaalselt\/<\/a><\/p>\n<p>Vasam\u00e4e, E. (2006).\u00a0Fonogrammitootja \u00f5igused info\u00fchiskonnas.\u00a0<a href=\"http:\/\/dspace.ut.ee\/bitstream\/handle\/10062\/1024\/vasamae.pdf;jsessionid=F176950303D00BF6159813AA69F9D3C2?sequence=5\" target=\"_blank\" rel=\"noopener\">http:\/\/dspace.ut.ee\/bitstream\/handle\/10062\/1024\/vasamae.pdf;jsessionid=F176950303D00BF6159813AA69F9D3C2?sequence=5<\/a><\/p>\n<p>World Intellectual Property Organization. (s.a). Managing Intellectual Property in the Book Publishing Industry.\u00a0<a style=\"background-color: #ffffff\" href=\"http:\/\/www.wipo.int\/edocs\/pubdocs\/en\/copyright\/868\/wipo_pub_868.pdf\" target=\"_blank\" rel=\"noopener\">http:\/\/www.wipo.int\/edocs\/pubdocs\/en\/copyright\/868\/wipo_pub_868.pdf<\/a><\/p>\n","protected":false},"excerpt":{"rendered":"<p>Autor.ee. (s.a).\u00a0http:\/\/www.autor.ee\/ Autori\u00f5iguse seadus. (1992). RT I 1992, 49, 615.\u00a0https:\/\/www.riigiteataja.ee\/akt\/116062017008 Creative Commons. (s.a).\u00a0https:\/\/creativecommons.org\/\u00a0 de Fombelle, AC. (2016).\u00a0Publishing public domain books: yes you can!\u00a0https:\/\/www.streetlib.com\/2016\/08\/11\/publishing-public-domain-books\/ European Comission. (2015). Films in schools study.\u00a0https:\/\/ec.europa.eu\/digital-single-market\/news\/schools-europe-are-not-using-films-and-audiovisual-material-full-concluded-eu-study Hanson, M., Kuningas, M., Muuk-Adrat, T.,\u00a0 Pohlak, R., Urmet, A. &#8230;<\/p>\n","protected":false},"author":6,"featured_media":0,"parent":0,"menu_order":0,"comment_status":"closed","ping_status":"closed","template":"","meta":{"_acf_changed":false,"inline_featured_image":false,"footnotes":""},"class_list":["post-24","page","type-page","status-publish","hentry"],"acf":[],"_links":{"self":[{"href":"https:\/\/sisu.ut.ee\/autorioigused\/wp-json\/wp\/v2\/pages\/24","targetHints":{"allow":["GET"]}}],"collection":[{"href":"https:\/\/sisu.ut.ee\/autorioigused\/wp-json\/wp\/v2\/pages"}],"about":[{"href":"https:\/\/sisu.ut.ee\/autorioigused\/wp-json\/wp\/v2\/types\/page"}],"author":[{"embeddable":true,"href":"https:\/\/sisu.ut.ee\/autorioigused\/wp-json\/wp\/v2\/users\/6"}],"replies":[{"embeddable":true,"href":"https:\/\/sisu.ut.ee\/autorioigused\/wp-json\/wp\/v2\/comments?post=24"}],"version-history":[{"count":1,"href":"https:\/\/sisu.ut.ee\/autorioigused\/wp-json\/wp\/v2\/pages\/24\/revisions"}],"predecessor-version":[{"id":101,"href":"https:\/\/sisu.ut.ee\/autorioigused\/wp-json\/wp\/v2\/pages\/24\/revisions\/101"}],"wp:attachment":[{"href":"https:\/\/sisu.ut.ee\/autorioigused\/wp-json\/wp\/v2\/media?parent=24"}],"curies":[{"name":"wp","href":"https:\/\/api.w.org\/{rel}","templated":true}]}}