{"id":22,"date":"2024-04-04T03:32:43","date_gmt":"2024-04-04T00:32:43","guid":{"rendered":"https:\/\/sisu.ut.ee\/autorioigused\/isiklikud-ja-varalised-oigused\/"},"modified":"2024-04-04T03:32:51","modified_gmt":"2024-04-04T00:32:51","slug":"isiklikud-ja-varalised-oigused","status":"publish","type":"page","link":"https:\/\/sisu.ut.ee\/autorioigused\/isiklikud-ja-varalised-oigused\/","title":{"rendered":"2.2 Isiklikud ja varalised \u00f5igused"},"content":{"rendered":"<p><\/p><div class=\"ratio ratio-16x9 mb-3\"><div class=\"video-placeholder-wrapper video-placeholder-wrapper--16x9\">\n\t\t\t    <div class=\"video-placeholder d-flex justify-content-center align-items-center\">\n\t\t\t        <div class=\"overlay text-white p-2 w-100 text-center d-block justify-content-center align-items-center\">\n\t\t\t            <div>Kolmandate osapoolte sisu n\u00e4gemiseks palun n\u00f5ustu k\u00fcpsistega.<\/div>\n\t\t\t            <button class=\"btn btn-secondary btn-sm mt-1 consent-change\">Muuda n\u00f5usolekut<\/button>\n\t\t\t        <\/div>\n\t\t\t    <\/div>\n\t\t\t<\/div>\n<\/div>\n<p style=\"text-align: center\">Video link:\u00a0<a href=\"https:\/\/youtu.be\/L8BXYnnXVeg\" target=\"_blank\" rel=\"noopener\">https:\/\/youtu.be\/L8BXYnnXVeg<\/a><\/p>\n<p style=\"text-align: left\">Videos selgitatakse autori isiklike ja varaliste \u00f5iguste sisu vastates j\u00e4rgmistele k\u00fcsimustele:<\/p>\n<ul>\n<li>\n<div style=\"text-align: left\">Millised on isiklikud \u00f5igused ja millised varalised \u00f5igused? Millised on erinevused?<\/div>\n<\/li>\n<li>\n<div style=\"text-align: left\">Millised on \u00f5igused t\u00f6\u00f6kohustuste t\u00e4itmise korras loodud teostele?<\/div>\n<\/li>\n<li>\n<div style=\"text-align: left\">Millised \u00f5igused kehtivad \u00f5ppijate ja \u00fcli\u00f5pilaste teostele, mis on loodud \u00f5ppet\u00f6\u00f6 k\u00e4igus?<\/div>\n<\/li>\n<li>\n<div style=\"text-align: left\">Kas \u00f5petaja roll juhendaja ja mentorina \u00f5ppijate ja \u00fcli\u00f5pilaste teoste loomisel annab aluse \u00fchise autorsuse tekkimisele?<\/div>\n<\/li>\n<\/ul>\n","protected":false},"excerpt":{"rendered":"<p>Kolmandate osapoolte sisu n\u00e4gemiseks palun n\u00f5ustu k\u00fcpsistega. Muuda n\u00f5usolekut Video link:\u00a0https:\/\/youtu.be\/L8BXYnnXVeg Videos selgitatakse autori isiklike ja varaliste \u00f5iguste sisu vastates j\u00e4rgmistele k\u00fcsimustele: Millised on isiklikud \u00f5igused ja millised varalised \u00f5igused? Millised on erinevused? Millised on \u00f5igused t\u00f6\u00f6kohustuste t\u00e4itmise korras loodud &#8230;<\/p>\n","protected":false},"author":6,"featured_media":0,"parent":0,"menu_order":0,"comment_status":"closed","ping_status":"closed","template":"","meta":{"_acf_changed":false,"inline_featured_image":false,"footnotes":""},"class_list":["post-22","page","type-page","status-publish","hentry"],"acf":[],"_links":{"self":[{"href":"https:\/\/sisu.ut.ee\/autorioigused\/wp-json\/wp\/v2\/pages\/22","targetHints":{"allow":["GET"]}}],"collection":[{"href":"https:\/\/sisu.ut.ee\/autorioigused\/wp-json\/wp\/v2\/pages"}],"about":[{"href":"https:\/\/sisu.ut.ee\/autorioigused\/wp-json\/wp\/v2\/types\/page"}],"author":[{"embeddable":true,"href":"https:\/\/sisu.ut.ee\/autorioigused\/wp-json\/wp\/v2\/users\/6"}],"replies":[{"embeddable":true,"href":"https:\/\/sisu.ut.ee\/autorioigused\/wp-json\/wp\/v2\/comments?post=22"}],"version-history":[{"count":1,"href":"https:\/\/sisu.ut.ee\/autorioigused\/wp-json\/wp\/v2\/pages\/22\/revisions"}],"predecessor-version":[{"id":99,"href":"https:\/\/sisu.ut.ee\/autorioigused\/wp-json\/wp\/v2\/pages\/22\/revisions\/99"}],"wp:attachment":[{"href":"https:\/\/sisu.ut.ee\/autorioigused\/wp-json\/wp\/v2\/media?parent=22"}],"curies":[{"name":"wp","href":"https:\/\/api.w.org\/{rel}","templated":true}]}}