{"id":21,"date":"2024-04-04T03:32:43","date_gmt":"2024-04-04T00:32:43","guid":{"rendered":"https:\/\/sisu.ut.ee\/autorioigused\/teose-avalik-esitamine\/"},"modified":"2024-04-04T03:32:51","modified_gmt":"2024-04-04T00:32:51","slug":"teose-avalik-esitamine","status":"publish","type":"page","link":"https:\/\/sisu.ut.ee\/autorioigused\/teose-avalik-esitamine\/","title":{"rendered":"1.5 Teose vaba avalik esitamine"},"content":{"rendered":"<p><\/p><div class=\"ratio ratio-16x9 mb-3\"><div class=\"video-placeholder-wrapper video-placeholder-wrapper--16x9\">\n\t\t\t    <div class=\"video-placeholder d-flex justify-content-center align-items-center\">\n\t\t\t        <div class=\"overlay text-white p-2 w-100 text-center d-block justify-content-center align-items-center\">\n\t\t\t            <div>Kolmandate osapoolte sisu n\u00e4gemiseks palun n\u00f5ustu k\u00fcpsistega.<\/div>\n\t\t\t            <button class=\"btn btn-secondary btn-sm mt-1 consent-change\">Muuda n\u00f5usolekut<\/button>\n\t\t\t        <\/div>\n\t\t\t    <\/div>\n\t\t\t<\/div>\n<\/div>\n<p style=\"text-align: center\">Video link:\u00a0<a href=\"https:\/\/youtu.be\/IPeEgSIpBAI\" target=\"_blank\" rel=\"noopener\">https:\/\/youtu.be\/IPeEgSIpBAI<\/a><\/p>\n<p style=\"text-align: left\">Videos selgitatakse, kuidas oleks v\u00f5imalik teost esitada autori n\u00f5usolekuta vastates j\u00e4rgmistele k\u00fcsimustele:<\/p>\n<ul>\n<li>\n<div style=\"text-align: left\">Kuidas on v\u00f5imalik teost avalikult esitada autori n\u00f5usolekuta ja autoritasu maksmiseta?<\/div>\n<\/li>\n<li>\n<div style=\"text-align: left\">Kus, mille raames ja kelle poolt v\u00f5ib teost avalikult esitada?<\/div>\n<\/li>\n<li>\n<div style=\"text-align: left\">Kes v\u00f5ivad olla kuulajas- ja vaatajaskond?<\/div>\n<\/li>\n<li>\n<div style=\"text-align: left\">Millist infot tuleb teose kohta avalikul esitamisel jagada?<\/div>\n<\/li>\n<li>\n<div style=\"text-align: left\">Mida t\u00e4hendab \u00f5ppet\u00f6\u00f6v\u00e4lise tegevuse raames avalik esitamine?<\/div>\n<\/li>\n<li>\n<div style=\"text-align: left\">Mida siis teha, kui teose esitamisega seotud \u00fcritust kantakse veebis \u00fcle?<\/div>\n<\/li>\n<li>\n<div style=\"text-align: left\">Kust leida infot, kui on vaja k\u00fcsida teose autorilt luba?<\/div>\n<\/li>\n<\/ul>\n","protected":false},"excerpt":{"rendered":"<p>Kolmandate osapoolte sisu n\u00e4gemiseks palun n\u00f5ustu k\u00fcpsistega. Muuda n\u00f5usolekut Video link:\u00a0https:\/\/youtu.be\/IPeEgSIpBAI Videos selgitatakse, kuidas oleks v\u00f5imalik teost esitada autori n\u00f5usolekuta vastates j\u00e4rgmistele k\u00fcsimustele: Kuidas on v\u00f5imalik teost avalikult esitada autori n\u00f5usolekuta ja autoritasu maksmiseta? Kus, mille raames ja kelle poolt &#8230;<\/p>\n","protected":false},"author":6,"featured_media":0,"parent":0,"menu_order":0,"comment_status":"closed","ping_status":"closed","template":"","meta":{"_acf_changed":false,"inline_featured_image":false,"footnotes":""},"class_list":["post-21","page","type-page","status-publish","hentry"],"acf":[],"_links":{"self":[{"href":"https:\/\/sisu.ut.ee\/autorioigused\/wp-json\/wp\/v2\/pages\/21","targetHints":{"allow":["GET"]}}],"collection":[{"href":"https:\/\/sisu.ut.ee\/autorioigused\/wp-json\/wp\/v2\/pages"}],"about":[{"href":"https:\/\/sisu.ut.ee\/autorioigused\/wp-json\/wp\/v2\/types\/page"}],"author":[{"embeddable":true,"href":"https:\/\/sisu.ut.ee\/autorioigused\/wp-json\/wp\/v2\/users\/6"}],"replies":[{"embeddable":true,"href":"https:\/\/sisu.ut.ee\/autorioigused\/wp-json\/wp\/v2\/comments?post=21"}],"version-history":[{"count":1,"href":"https:\/\/sisu.ut.ee\/autorioigused\/wp-json\/wp\/v2\/pages\/21\/revisions"}],"predecessor-version":[{"id":98,"href":"https:\/\/sisu.ut.ee\/autorioigused\/wp-json\/wp\/v2\/pages\/21\/revisions\/98"}],"wp:attachment":[{"href":"https:\/\/sisu.ut.ee\/autorioigused\/wp-json\/wp\/v2\/media?parent=21"}],"curies":[{"name":"wp","href":"https:\/\/api.w.org\/{rel}","templated":true}]}}