{"id":20,"date":"2024-04-04T03:32:43","date_gmt":"2024-04-04T00:32:43","guid":{"rendered":"https:\/\/sisu.ut.ee\/autorioigused\/teose-vaba-kasutamine-isiklikuks-tarbeks\/"},"modified":"2024-04-04T03:32:51","modified_gmt":"2024-04-04T00:32:51","slug":"teose-vaba-kasutamine-isiklikuks-tarbeks","status":"publish","type":"page","link":"https:\/\/sisu.ut.ee\/autorioigused\/teose-vaba-kasutamine-isiklikuks-tarbeks\/","title":{"rendered":"1.3 Teose vaba kasutamine isiklikuks tarbeks"},"content":{"rendered":"<p><\/p><div class=\"ratio ratio-16x9 mb-3\"><div class=\"video-placeholder-wrapper video-placeholder-wrapper--16x9\">\n\t\t\t    <div class=\"video-placeholder d-flex justify-content-center align-items-center\">\n\t\t\t        <div class=\"overlay text-white p-2 w-100 text-center d-block justify-content-center align-items-center\">\n\t\t\t            <div>Kolmandate osapoolte sisu n\u00e4gemiseks palun n\u00f5ustu k\u00fcpsistega.<\/div>\n\t\t\t            <button class=\"btn btn-secondary btn-sm mt-1 consent-change\">Muuda n\u00f5usolekut<\/button>\n\t\t\t        <\/div>\n\t\t\t    <\/div>\n\t\t\t<\/div>\n<\/div>\n<p style=\"text-align: center\">Video link:\u00a0<a href=\"https:\/\/youtu.be\/2xRzf-SamaY\" target=\"_blank\" rel=\"noopener\">https:\/\/youtu.be\/2xRzf-SamaY<\/a><\/p>\n<p style=\"text-align: left\">Videos selgitatakse teose vaba kasutamise v\u00f5imalusi isiklikuks otstarbeks vastates j\u00e4rgmistele k\u00fcsimustele:<\/p>\n<ul>\n<li>\n<div style=\"text-align: left\">Kuidas kaitseb autori\u00f5iguse seadus kasutajat?<\/div>\n<\/li>\n<li>\n<div style=\"text-align: left\">Mida t\u00e4hendab teose kasutamine isiklikul otstabel?\u00a0 Millised on tingimused?<\/div>\n<\/li>\n<li>\n<div style=\"text-align: left\">Millistest teostest ei tohi teha koopiat isiklikuks otstarbeks?<\/div>\n<\/li>\n<\/ul>\n","protected":false},"excerpt":{"rendered":"<p>Kolmandate osapoolte sisu n\u00e4gemiseks palun n\u00f5ustu k\u00fcpsistega. Muuda n\u00f5usolekut Video link:\u00a0https:\/\/youtu.be\/2xRzf-SamaY Videos selgitatakse teose vaba kasutamise v\u00f5imalusi isiklikuks otstarbeks vastates j\u00e4rgmistele k\u00fcsimustele: Kuidas kaitseb autori\u00f5iguse seadus kasutajat? Mida t\u00e4hendab teose kasutamine isiklikul otstabel?\u00a0 Millised on tingimused? Millistest teostest ei tohi &#8230;<\/p>\n","protected":false},"author":6,"featured_media":0,"parent":0,"menu_order":0,"comment_status":"closed","ping_status":"closed","template":"","meta":{"_acf_changed":false,"inline_featured_image":false,"footnotes":""},"class_list":["post-20","page","type-page","status-publish","hentry"],"acf":[],"_links":{"self":[{"href":"https:\/\/sisu.ut.ee\/autorioigused\/wp-json\/wp\/v2\/pages\/20","targetHints":{"allow":["GET"]}}],"collection":[{"href":"https:\/\/sisu.ut.ee\/autorioigused\/wp-json\/wp\/v2\/pages"}],"about":[{"href":"https:\/\/sisu.ut.ee\/autorioigused\/wp-json\/wp\/v2\/types\/page"}],"author":[{"embeddable":true,"href":"https:\/\/sisu.ut.ee\/autorioigused\/wp-json\/wp\/v2\/users\/6"}],"replies":[{"embeddable":true,"href":"https:\/\/sisu.ut.ee\/autorioigused\/wp-json\/wp\/v2\/comments?post=20"}],"version-history":[{"count":1,"href":"https:\/\/sisu.ut.ee\/autorioigused\/wp-json\/wp\/v2\/pages\/20\/revisions"}],"predecessor-version":[{"id":97,"href":"https:\/\/sisu.ut.ee\/autorioigused\/wp-json\/wp\/v2\/pages\/20\/revisions\/97"}],"wp:attachment":[{"href":"https:\/\/sisu.ut.ee\/autorioigused\/wp-json\/wp\/v2\/media?parent=20"}],"curies":[{"name":"wp","href":"https:\/\/api.w.org\/{rel}","templated":true}]}}