{"id":19,"date":"2024-04-04T03:32:43","date_gmt":"2024-04-04T00:32:43","guid":{"rendered":"https:\/\/sisu.ut.ee\/autorioigused\/autorioigustest-uldiselt\/"},"modified":"2024-04-04T03:32:51","modified_gmt":"2024-04-04T00:32:51","slug":"autorioigustest-uldiselt","status":"publish","type":"page","link":"https:\/\/sisu.ut.ee\/autorioigused\/autorioigustest-uldiselt\/","title":{"rendered":"1.1 Autori\u00f5igusest \u00fcldiselt"},"content":{"rendered":"<p><\/p><div class=\"ratio ratio-16x9 mb-3\"><div class=\"video-placeholder-wrapper video-placeholder-wrapper--16x9\">\n\t\t\t    <div class=\"video-placeholder d-flex justify-content-center align-items-center\">\n\t\t\t        <div class=\"overlay text-white p-2 w-100 text-center d-block justify-content-center align-items-center\">\n\t\t\t            <div>Kolmandate osapoolte sisu n\u00e4gemiseks palun n\u00f5ustu k\u00fcpsistega.<\/div>\n\t\t\t            <button class=\"btn btn-secondary btn-sm mt-1 consent-change\">Muuda n\u00f5usolekut<\/button>\n\t\t\t        <\/div>\n\t\t\t    <\/div>\n\t\t\t<\/div>\n<\/div>\n<p>Video link:\u00a0<a href=\"https:\/\/youtu.be\/RhcifF28GZ0\" target=\"_blank\" rel=\"noopener\">https:\/\/youtu.be\/RhcifF28GZ0<\/a><\/p>\n<p>Videos selgitatakse autori\u00f5iguste sisu \u00fcldiselt ja autori\u00f5iguse seaduse paragrahvi 1 l\u00f5iget 1 vastates j\u00e4rgmistele k\u00fcsimustele:<\/p>\n<ul>\n<li>Mis seadused Eestis reguleerivad autori\u00f5igusi?<\/li>\n<li>Mis on autori\u00f5iguste eesm\u00e4rk?<\/li>\n<li>Milliseid teoseid autori\u00f5igusega kaitstakse?<\/li>\n<li>Milliseid teoseid autori\u00f5igusega ei kaitsta?<\/li>\n<li>Milline on autori\u00f5iguse ajaline kehtivus?<\/li>\n<li>Milline on esitaja\u00f5iguse ajaline kehtivus?<a href=\"https:\/\/youtu.be\/f2CGjKTtfKQ\" target=\"_blank\" rel=\"noopener\">\u00a0<\/a><\/li>\n<\/ul>\n","protected":false},"excerpt":{"rendered":"<p>Kolmandate osapoolte sisu n\u00e4gemiseks palun n\u00f5ustu k\u00fcpsistega. Muuda n\u00f5usolekut Video link:\u00a0https:\/\/youtu.be\/RhcifF28GZ0 Videos selgitatakse autori\u00f5iguste sisu \u00fcldiselt ja autori\u00f5iguse seaduse paragrahvi 1 l\u00f5iget 1 vastates j\u00e4rgmistele k\u00fcsimustele: Mis seadused Eestis reguleerivad autori\u00f5igusi? Mis on autori\u00f5iguste eesm\u00e4rk? Milliseid teoseid autori\u00f5igusega kaitstakse? Milliseid &#8230;<\/p>\n","protected":false},"author":6,"featured_media":0,"parent":0,"menu_order":0,"comment_status":"closed","ping_status":"closed","template":"","meta":{"_acf_changed":false,"inline_featured_image":false,"footnotes":""},"class_list":["post-19","page","type-page","status-publish","hentry"],"acf":[],"_links":{"self":[{"href":"https:\/\/sisu.ut.ee\/autorioigused\/wp-json\/wp\/v2\/pages\/19","targetHints":{"allow":["GET"]}}],"collection":[{"href":"https:\/\/sisu.ut.ee\/autorioigused\/wp-json\/wp\/v2\/pages"}],"about":[{"href":"https:\/\/sisu.ut.ee\/autorioigused\/wp-json\/wp\/v2\/types\/page"}],"author":[{"embeddable":true,"href":"https:\/\/sisu.ut.ee\/autorioigused\/wp-json\/wp\/v2\/users\/6"}],"replies":[{"embeddable":true,"href":"https:\/\/sisu.ut.ee\/autorioigused\/wp-json\/wp\/v2\/comments?post=19"}],"version-history":[{"count":1,"href":"https:\/\/sisu.ut.ee\/autorioigused\/wp-json\/wp\/v2\/pages\/19\/revisions"}],"predecessor-version":[{"id":96,"href":"https:\/\/sisu.ut.ee\/autorioigused\/wp-json\/wp\/v2\/pages\/19\/revisions\/96"}],"wp:attachment":[{"href":"https:\/\/sisu.ut.ee\/autorioigused\/wp-json\/wp\/v2\/media?parent=19"}],"curies":[{"name":"wp","href":"https:\/\/api.w.org\/{rel}","templated":true}]}}