{"id":16,"date":"2024-04-04T03:32:43","date_gmt":"2024-04-04T00:32:43","guid":{"rendered":"https:\/\/sisu.ut.ee\/autorioigused\/32-cc-kasutamine-vene\/"},"modified":"2024-04-04T03:32:51","modified_gmt":"2024-04-04T00:32:51","slug":"32-cc-kasutamine-vene","status":"publish","type":"page","link":"https:\/\/sisu.ut.ee\/autorioigused\/32-cc-kasutamine-vene\/","title":{"rendered":"3.2 \u0418\u0441\u043f\u043e\u043b\u044c\u0437\u043e\u0432\u0430\u043d\u0438\u0435 \u043b\u0438\u0446\u0435\u043d\u0437\u0438\u0439 Creative Commons"},"content":{"rendered":"<p><\/p><div class=\"ratio ratio-16x9 mb-3\"><div class=\"video-placeholder-wrapper video-placeholder-wrapper--16x9\">\n\t\t\t    <div class=\"video-placeholder d-flex justify-content-center align-items-center\">\n\t\t\t        <div class=\"overlay text-white p-2 w-100 text-center d-block justify-content-center align-items-center\">\n\t\t\t            <div>Kolmandate osapoolte sisu n\u00e4gemiseks palun n\u00f5ustu k\u00fcpsistega.<\/div>\n\t\t\t            <button class=\"btn btn-secondary btn-sm mt-1 consent-change\">Muuda n\u00f5usolekut<\/button>\n\t\t\t        <\/div>\n\t\t\t    <\/div>\n\t\t\t<\/div>\n<\/div>\n<p>\u0421\u0441\u044b\u043b\u043a\u0430 \u043d\u0430 \u0432\u0438\u0434\u0435\u043e:\u00a0<a href=\"https:\/\/youtu.be\/71LJG1u6lOU\" target=\"_blank\" rel=\"noopener\">https:\/\/youtu.be\/71LJG1u6lOU<\/a><\/p>\n<p>\u0412\u0438\u0434\u0435\u043e \u043e\u0431\u044a\u044f\u0441\u043d\u044f\u0435\u0442 \u043a\u0430\u043a \u0438\u0441\u043f\u043e\u043b\u044c\u0437\u043e\u0432\u0430\u0442\u044c \u043b\u0438\u0446\u0435\u043d\u0437\u0438\u0438 Creative Commons \u0438 \u043e\u0442\u0432\u0435\u0447\u0430\u0435\u0442 \u043d\u0430 \u0441\u043b\u0435\u0434\u0443\u044e\u0449\u0438\u0435 \u0432\u043e\u043f\u0440\u043e\u0441\u044b:<\/p>\n<ul>\n<li>\n<p>\u041a\u0430\u043a \u0438\u0441\u043a\u0430\u0442\u044c \u043c\u0430\u0442\u0435\u0440\u0438\u0430\u043b\u044b \u0441 \u0441\u043e\u043e\u0442\u0432\u0435\u0442\u0441\u0442\u0432\u0443\u044e\u0449\u0438\u043c\u0438 \u043b\u0438\u0446\u0435\u043d\u0437\u0438\u044f\u043c\u0438?<\/p>\n<\/li>\n<li>\n<p>\u041a\u0430\u043a \u0434\u043e\u0431\u0430\u0432\u0438\u0442\u044c \u043b\u0438\u0446\u0435\u043d\u0437\u0438\u044e Creative Commons \u0432 \u0441\u0432\u043e\u044e \u0440\u0430\u0431\u043e\u0442\u0443?<\/p>\n<\/li>\n<li>\n<p>\u0412 \u043a\u0430\u043a\u0438\u0445 \u0441\u0440\u0435\u0434\u0430\u0445 \u043c\u043e\u0436\u043d\u043e \u0434\u043e\u0431\u0430\u0432\u043b\u044f\u0442\u044c \u043a \u0441\u0432\u043e\u0435\u0439 \u0440\u0430\u0431\u043e\u0442\u0435 \u043b\u0438\u0446\u0435\u043d\u0437\u0438\u044e \u00a0Creative Commons?<\/p>\n<\/li>\n<\/ul>\n","protected":false},"excerpt":{"rendered":"<p>Kolmandate osapoolte sisu n\u00e4gemiseks palun n\u00f5ustu k\u00fcpsistega. Muuda n\u00f5usolekut \u0421\u0441\u044b\u043b\u043a\u0430 \u043d\u0430 \u0432\u0438\u0434\u0435\u043e:\u00a0https:\/\/youtu.be\/71LJG1u6lOU \u0412\u0438\u0434\u0435\u043e \u043e\u0431\u044a\u044f\u0441\u043d\u044f\u0435\u0442 \u043a\u0430\u043a \u0438\u0441\u043f\u043e\u043b\u044c\u0437\u043e\u0432\u0430\u0442\u044c \u043b\u0438\u0446\u0435\u043d\u0437\u0438\u0438 Creative Commons \u0438 \u043e\u0442\u0432\u0435\u0447\u0430\u0435\u0442 \u043d\u0430 \u0441\u043b\u0435\u0434\u0443\u044e\u0449\u0438\u0435 \u0432\u043e\u043f\u0440\u043e\u0441\u044b: \u041a\u0430\u043a \u0438\u0441\u043a\u0430\u0442\u044c \u043c\u0430\u0442\u0435\u0440\u0438\u0430\u043b\u044b \u0441 \u0441\u043e\u043e\u0442\u0432\u0435\u0442\u0441\u0442\u0432\u0443\u044e\u0449\u0438\u043c\u0438 \u043b\u0438\u0446\u0435\u043d\u0437\u0438\u044f\u043c\u0438? \u041a\u0430\u043a \u0434\u043e\u0431\u0430\u0432\u0438\u0442\u044c \u043b\u0438\u0446\u0435\u043d\u0437\u0438\u044e Creative Commons \u0432 \u0441\u0432\u043e\u044e \u0440\u0430\u0431\u043e\u0442\u0443? \u0412 \u043a\u0430\u043a\u0438\u0445 &#8230;<\/p>\n","protected":false},"author":6,"featured_media":0,"parent":0,"menu_order":0,"comment_status":"closed","ping_status":"closed","template":"","meta":{"_acf_changed":false,"inline_featured_image":false,"footnotes":""},"class_list":["post-16","page","type-page","status-publish","hentry"],"acf":[],"_links":{"self":[{"href":"https:\/\/sisu.ut.ee\/autorioigused\/wp-json\/wp\/v2\/pages\/16","targetHints":{"allow":["GET"]}}],"collection":[{"href":"https:\/\/sisu.ut.ee\/autorioigused\/wp-json\/wp\/v2\/pages"}],"about":[{"href":"https:\/\/sisu.ut.ee\/autorioigused\/wp-json\/wp\/v2\/types\/page"}],"author":[{"embeddable":true,"href":"https:\/\/sisu.ut.ee\/autorioigused\/wp-json\/wp\/v2\/users\/6"}],"replies":[{"embeddable":true,"href":"https:\/\/sisu.ut.ee\/autorioigused\/wp-json\/wp\/v2\/comments?post=16"}],"version-history":[{"count":1,"href":"https:\/\/sisu.ut.ee\/autorioigused\/wp-json\/wp\/v2\/pages\/16\/revisions"}],"predecessor-version":[{"id":93,"href":"https:\/\/sisu.ut.ee\/autorioigused\/wp-json\/wp\/v2\/pages\/16\/revisions\/93"}],"wp:attachment":[{"href":"https:\/\/sisu.ut.ee\/autorioigused\/wp-json\/wp\/v2\/media?parent=16"}],"curies":[{"name":"wp","href":"https:\/\/api.w.org\/{rel}","templated":true}]}}