{"id":13,"date":"2024-04-04T03:32:43","date_gmt":"2024-04-04T00:32:43","guid":{"rendered":"https:\/\/sisu.ut.ee\/autorioigused\/22isiklikud-ja-varalised-oigused-vene\/"},"modified":"2024-04-04T03:32:51","modified_gmt":"2024-04-04T00:32:51","slug":"22isiklikud-ja-varalised-oigused-vene","status":"publish","type":"page","link":"https:\/\/sisu.ut.ee\/autorioigused\/22isiklikud-ja-varalised-oigused-vene\/","title":{"rendered":"2.2 \u041b\u0438\u0447\u043d\u044b\u0435 \u0438 \u0438\u043c\u0443\u0449\u0435\u0441\u0442\u0432\u0435\u043d\u043d\u044b\u0435 \u043f\u0440\u0430\u0432\u0430"},"content":{"rendered":"<p><\/p><div class=\"ratio ratio-16x9 mb-3\"><div class=\"video-placeholder-wrapper video-placeholder-wrapper--16x9\">\n\t\t\t    <div class=\"video-placeholder d-flex justify-content-center align-items-center\">\n\t\t\t        <div class=\"overlay text-white p-2 w-100 text-center d-block justify-content-center align-items-center\">\n\t\t\t            <div>Kolmandate osapoolte sisu n\u00e4gemiseks palun n\u00f5ustu k\u00fcpsistega.<\/div>\n\t\t\t            <button class=\"btn btn-secondary btn-sm mt-1 consent-change\">Muuda n\u00f5usolekut<\/button>\n\t\t\t        <\/div>\n\t\t\t    <\/div>\n\t\t\t<\/div>\n<\/div>\n<p>\u0421\u0441\u044b\u043b\u043a\u0430 \u043d\u0430 \u0432\u0438\u0434\u0435\u043e:\u00a0<a href=\"https:\/\/youtu.be\/L8BXYnnXVeg\" target=\"_blank\" rel=\"noopener\">https:\/\/youtu.be\/L8BXYnnXVeg<\/a><\/p>\n<p>\u0412\u0438\u0434\u0435\u043e \u043e\u0431\u044a\u044f\u0441\u043d\u044f\u0435\u0442\u00a0\u043b\u0438\u0447\u043d\u044b\u0435 \u0438 \u0438\u043c\u0443\u0449\u0435\u0441\u0442\u0432\u0435\u043d\u043d\u044b\u0435 \u043f\u0440\u0430\u0432\u0430 \u0430\u0432\u0442\u043e\u0440\u0430 \u0438 \u043e\u0442\u0432\u0435\u0447\u0430\u0435\u0442 \u043d\u0430 \u0441\u043b\u0435\u0434\u0443\u044e\u0449\u0438\u0435 \u0432\u043e\u043f\u0440\u043e\u0441\u044b:<\/p>\n<ul>\n<li>\u041a\u0430\u043a\u0438\u0435 \u0431\u044b\u0432\u0430\u044e\u0442 \u043b\u0438\u0447\u043d\u044b\u0435 \u043f\u0440\u0430\u0432\u0430? \u041a\u0430\u043a\u0438\u0435 \u0431\u044b\u0432\u0430\u044e\u0442 \u0438\u043c\u0443\u0449\u0435\u0441\u0442\u0432\u0435\u043d\u043d\u044b\u0435 \u043f\u0440\u0430\u0432\u0430? \u0427\u0435\u043c \u043e\u043d\u0438 \u043e\u0442\u043b\u0438\u0447\u0430\u044e\u0442\u0441\u044f?<\/li>\n<li>\n<p>\u041a\u0430\u043a\u043e\u0432\u044b \u043f\u0440\u0430\u0432\u0430 \u043d\u0430 \u0440\u0430\u0431\u043e\u0442\u044b, \u0441\u043e\u0437\u0434\u0430\u043d\u043d\u044b\u0435 \u0432\u043e \u0432\u0440\u0435\u043c\u044f \u0432\u044b\u043f\u043e\u043b\u043d\u0435\u043d\u0438\u044f \u0441\u043b\u0443\u0436\u0435\u0431\u043d\u044b\u0445 \u043e\u0431\u044f\u0437\u0430\u043d\u043d\u043e\u0441\u0442\u0435\u0439?<\/p>\n<\/li>\n<li>\u041a\u0430\u043a\u0438\u0435 \u043f\u0440\u0430\u0432\u0430 \u043f\u0440\u0438\u043c\u0435\u043d\u044f\u044e\u0442\u0441\u044f \u043a \u0441\u0442\u0443\u0434\u0435\u043d\u0447\u0435\u0441\u043a\u0438\u043c \u0438 \u0443\u0447\u0435\u043d\u0438\u0447\u0435\u0441\u043a\u0438\u043c \u0440\u0430\u0431\u043e\u0442\u0430\u043c, \u0441\u043e\u0437\u0434\u0430\u043d\u043d\u044b\u043c \u0432 \u0445\u043e\u0434\u0435 \u0443\u0447\u0435\u0431\u043d\u043e\u0433\u043e \u043f\u0440\u043e\u0446\u0435\u0441\u0441\u0430?<\/li>\n<li>\n<p>\u042f\u0432\u043b\u044f\u0435\u0442\u0441\u044f \u043b\u0438 \u0440\u043e\u043b\u044c \u0443\u0447\u0438\u0442\u0435\u043b\u044f \u043a\u0430\u043a \u043c\u0435\u043d\u0442\u043e\u0440\u0430 \u0438 \u0440\u0443\u043a\u043e\u0432\u043e\u0434\u0438\u0442\u0435\u043b\u044f \u0432 \u0441\u043e\u0437\u0434\u0430\u043d\u0438\u0438 \u0440\u0430\u0431\u043e\u0442 \u0441\u0442\u0443\u0434\u0435\u043d\u0442\u043e\u0432 \u0438 \u0443\u043c\u0435\u043d\u0438\u043a\u043e\u0432 \u043e\u0441\u043d\u043e\u0432\u0430\u043d\u0438\u0435\u043c \u0434\u043b\u044f \u0441\u043e\u0432\u043c\u0435\u0441\u0442\u043d\u043e\u0433\u043e \u0442\u0432\u043e\u0440\u0447\u0435\u0441\u0442\u0432\u0430?<\/p>\n<\/li>\n<\/ul>\n","protected":false},"excerpt":{"rendered":"<p>Kolmandate osapoolte sisu n\u00e4gemiseks palun n\u00f5ustu k\u00fcpsistega. Muuda n\u00f5usolekut \u0421\u0441\u044b\u043b\u043a\u0430 \u043d\u0430 \u0432\u0438\u0434\u0435\u043e:\u00a0https:\/\/youtu.be\/L8BXYnnXVeg \u0412\u0438\u0434\u0435\u043e \u043e\u0431\u044a\u044f\u0441\u043d\u044f\u0435\u0442\u00a0\u043b\u0438\u0447\u043d\u044b\u0435 \u0438 \u0438\u043c\u0443\u0449\u0435\u0441\u0442\u0432\u0435\u043d\u043d\u044b\u0435 \u043f\u0440\u0430\u0432\u0430 \u0430\u0432\u0442\u043e\u0440\u0430 \u0438 \u043e\u0442\u0432\u0435\u0447\u0430\u0435\u0442 \u043d\u0430 \u0441\u043b\u0435\u0434\u0443\u044e\u0449\u0438\u0435 \u0432\u043e\u043f\u0440\u043e\u0441\u044b: \u041a\u0430\u043a\u0438\u0435 \u0431\u044b\u0432\u0430\u044e\u0442 \u043b\u0438\u0447\u043d\u044b\u0435 \u043f\u0440\u0430\u0432\u0430? \u041a\u0430\u043a\u0438\u0435 \u0431\u044b\u0432\u0430\u044e\u0442 \u0438\u043c\u0443\u0449\u0435\u0441\u0442\u0432\u0435\u043d\u043d\u044b\u0435 \u043f\u0440\u0430\u0432\u0430? \u0427\u0435\u043c \u043e\u043d\u0438 \u043e\u0442\u043b\u0438\u0447\u0430\u044e\u0442\u0441\u044f? \u041a\u0430\u043a\u043e\u0432\u044b \u043f\u0440\u0430\u0432\u0430 \u043d\u0430 \u0440\u0430\u0431\u043e\u0442\u044b, \u0441\u043e\u0437\u0434\u0430\u043d\u043d\u044b\u0435 \u0432\u043e &#8230;<\/p>\n","protected":false},"author":6,"featured_media":0,"parent":0,"menu_order":0,"comment_status":"closed","ping_status":"closed","template":"","meta":{"_acf_changed":false,"inline_featured_image":false,"footnotes":""},"class_list":["post-13","page","type-page","status-publish","hentry"],"acf":[],"_links":{"self":[{"href":"https:\/\/sisu.ut.ee\/autorioigused\/wp-json\/wp\/v2\/pages\/13","targetHints":{"allow":["GET"]}}],"collection":[{"href":"https:\/\/sisu.ut.ee\/autorioigused\/wp-json\/wp\/v2\/pages"}],"about":[{"href":"https:\/\/sisu.ut.ee\/autorioigused\/wp-json\/wp\/v2\/types\/page"}],"author":[{"embeddable":true,"href":"https:\/\/sisu.ut.ee\/autorioigused\/wp-json\/wp\/v2\/users\/6"}],"replies":[{"embeddable":true,"href":"https:\/\/sisu.ut.ee\/autorioigused\/wp-json\/wp\/v2\/comments?post=13"}],"version-history":[{"count":1,"href":"https:\/\/sisu.ut.ee\/autorioigused\/wp-json\/wp\/v2\/pages\/13\/revisions"}],"predecessor-version":[{"id":90,"href":"https:\/\/sisu.ut.ee\/autorioigused\/wp-json\/wp\/v2\/pages\/13\/revisions\/90"}],"wp:attachment":[{"href":"https:\/\/sisu.ut.ee\/autorioigused\/wp-json\/wp\/v2\/media?parent=13"}],"curies":[{"name":"wp","href":"https:\/\/api.w.org\/{rel}","templated":true}]}}