{"id":126,"date":"2024-04-11T18:40:26","date_gmt":"2024-04-11T15:40:26","guid":{"rendered":"https:\/\/sisu.ut.ee\/autorioigused\/2-2-test-isiklikud-ja-varalised-oigused\/"},"modified":"2024-04-11T18:40:26","modified_gmt":"2024-04-11T15:40:26","slug":"2-2-test-isiklikud-ja-varalised-oigused","status":"publish","type":"page","link":"https:\/\/sisu.ut.ee\/autorioigused\/2-2-test-isiklikud-ja-varalised-oigused\/","title":{"rendered":"2.2 TEST: Isiklikud ja varalised \u00f5igused"},"content":{"rendered":"<div id=\"watupro_quiz\" class=\"quiz-area single-page-quiz\">\n<p id=\"submittingExam6\" style=\"display:none;text-align:center;\"><img loading=\"lazy\" decoding=\"async\" src=\"https:\/\/sisu.ut.ee\/wp-content\/plugins\/watupro\/img\/loading.gif\" width=\"16\" height=\"16\"><\/p>\n\n<div class=\"watupro-exam-description\" id=\"description-quiz-6\"><\/div>\n\n<form action=\"\" method=\"post\" class=\"quiz-form\" id=\"quiz-6\" enctype=\"multipart\/form-data\">\n<div class=\"watu-question \" id=\"question-1\" style=\";\"><div id=\"questionWrap-1\" class=\"   watupro-question-id-24\">\n\t\t\t<div class=\"question-content\"><div><p><span>Kirjastus tahab saada \u00f5petajalt loodud harjutusi ning palub tal loobuda autori\u00f5igustest. Kes edaspidi on nende harjutuste autor?<\/span><\/p><\/div><input type=\"hidden\" name=\"question_id[]\" id=\"qID_1\" value=\"24\" class=\"watupro-question-id\"><input type=\"hidden\" id=\"answerType24\" class=\"answerTypeCnt1\" value=\"checkbox\"><!-- end question-content--><\/div><div class=\"question-choices watupro-choices-columns \" id=\"questionChoices24\"><div class=\"watupro-question-choice  \" dir=\"auto\"><input type=\"checkbox\" name=\"answer-24[]\" id=\"answer-id-99\" class=\"answer   answerof-24 \" value=\"99\"><label for=\"answer-id-99\" id=\"answer-label-99\" class=\" answer\"><span><p>\u00d5petaja<\/p><\/span><\/label><\/div><div class=\"watupro-question-choice  \" dir=\"auto\"><input type=\"checkbox\" name=\"answer-24[]\" id=\"answer-id-100\" class=\"answer   answerof-24 \" value=\"100\"><label for=\"answer-id-100\" id=\"answer-label-100\" class=\" answer\"><span><p>Kirjastus<\/p><\/span><\/label><\/div><!-- end question-choices--><\/div><!-- end questionWrap--><\/div><\/div><div class=\"watu-question \" id=\"question-2\" style=\";\"><div id=\"questionWrap-2\" class=\"   watupro-question-id-23\">\n\t\t\t<div class=\"question-content\"><div><p><span>\u00d5petaja on loonud rists\u00f5nade kogu \u00f5piku juurde ning n\u00fc\u00fcd v\u00e4idab \u00f5ppealajuhataja, et selle kogu varalised \u00f5igused kuuluvad koolile. \u00d5petaja arvab, et \u00f5igused kuuluvad talle. Kellel on \u00f5igus?<\/span><\/p><\/div><input type=\"hidden\" name=\"question_id[]\" id=\"qID_2\" value=\"23\" class=\"watupro-question-id\"><input type=\"hidden\" id=\"answerType23\" class=\"answerTypeCnt2\" value=\"checkbox\"><!-- end question-content--><\/div><div class=\"question-choices watupro-choices-columns \" id=\"questionChoices23\"><div class=\"watupro-question-choice  \" dir=\"auto\"><input type=\"checkbox\" name=\"answer-23[]\" id=\"answer-id-96\" class=\"answer   answerof-23 \" value=\"96\"><label for=\"answer-id-96\" id=\"answer-label-96\" class=\" answer\"><span><p>\u00d5petajal<\/p><\/span><\/label><\/div><div class=\"watupro-question-choice  \" dir=\"auto\"><input type=\"checkbox\" name=\"answer-23[]\" id=\"answer-id-97\" class=\"answer   answerof-23 \" value=\"97\"><label for=\"answer-id-97\" id=\"answer-label-97\" class=\" answer\"><span><p>\u00d5ppealajuhatajal<\/p><\/span><\/label><\/div><div class=\"watupro-question-choice  \" dir=\"auto\"><input type=\"checkbox\" name=\"answer-23[]\" id=\"answer-id-98\" class=\"answer   answerof-23 \" value=\"98\"><label for=\"answer-id-98\" id=\"answer-label-98\" class=\" answer\"><span><p>Sellele ei saa vastata, sest taustainfot on v\u00e4he.<\/p><\/span><\/label><\/div><!-- end question-choices--><\/div><!-- end questionWrap--><\/div><\/div><div class=\"watu-question \" id=\"question-3\" style=\";\"><div id=\"questionWrap-3\" class=\"   watupro-question-id-22\">\n\t\t\t<div class=\"question-content\"><div><p>\u00d5ppej\u00f5ud abiellus ning soovib muuta oma juba avaldatud esitlusel nime. Kas ta tohib seda?<\/p><\/div><input type=\"hidden\" name=\"question_id[]\" id=\"qID_3\" value=\"22\" class=\"watupro-question-id\"><input type=\"hidden\" id=\"answerType22\" class=\"answerTypeCnt3\" value=\"radio\"><!-- end question-content--><\/div><div class=\"question-choices watupro-choices-columns \" id=\"questionChoices22\"><div class=\"watupro-question-choice  \" dir=\"auto\"><input type=\"radio\" name=\"answer-22[]\" id=\"answer-id-93\" class=\"answer   answerof-22 \" value=\"93\"><label for=\"answer-id-93\" id=\"answer-label-93\" class=\" answer\"><span><p>Jah<\/p><\/span><\/label><\/div><div class=\"watupro-question-choice  \" dir=\"auto\"><input type=\"radio\" name=\"answer-22[]\" id=\"answer-id-94\" class=\"answer   answerof-22 \" value=\"94\"><label for=\"answer-id-94\" id=\"answer-label-94\" class=\" answer\"><span><p>Jah, kui ta j\u00e4tab alles ka eelmise nime\u00a0<\/p><\/span><\/label><\/div><div class=\"watupro-question-choice  \" dir=\"auto\"><input type=\"radio\" name=\"answer-22[]\" id=\"answer-id-95\" class=\"answer   answerof-22 \" value=\"95\"><label for=\"answer-id-95\" id=\"answer-label-95\" class=\" answer\"><span><p>Ei<\/p><\/span><\/label><\/div><!-- end question-choices--><\/div><!-- end questionWrap--><\/div><\/div><div class=\"watu-question \" id=\"question-4\" style=\";\"><div id=\"questionWrap-4\" class=\"   watupro-question-id-25\">\n\t\t\t<div class=\"question-content\"><div><p><span>Lasteaia\u00f5petaja l\u00f5i t\u00e4iendava \u00f5ppematerjalina joonise, kuid ei taha sellele oma nime juurde lisada. Kas ta toimib \u00f5igesti?<\/span><\/p><\/div><input type=\"hidden\" name=\"question_id[]\" id=\"qID_4\" value=\"25\" class=\"watupro-question-id\"><input type=\"hidden\" id=\"answerType25\" class=\"answerTypeCnt4\" value=\"checkbox\"><!-- end question-content--><\/div><div class=\"question-choices watupro-choices-columns \" id=\"questionChoices25\"><div class=\"watupro-question-choice  \" dir=\"auto\"><input type=\"checkbox\" name=\"answer-25[]\" id=\"answer-id-101\" class=\"answer   answerof-25 \" value=\"101\"><label for=\"answer-id-101\" id=\"answer-label-101\" class=\" answer\"><span><p>Jah, autor v\u00f5ib j\u00e4tta oma teose anon\u00fc\u00fcmseks<\/p><\/span><\/label><\/div><div class=\"watupro-question-choice  \" dir=\"auto\"><input type=\"checkbox\" name=\"answer-25[]\" id=\"answer-id-102\" class=\"answer   answerof-25 \" value=\"102\"><label for=\"answer-id-102\" id=\"answer-label-102\" class=\" answer\"><span><p>Ei, lisama peab \u00f5ige nime<\/p><\/span><\/label><\/div><div class=\"watupro-question-choice  \" dir=\"auto\"><input type=\"checkbox\" name=\"answer-25[]\" id=\"answer-id-103\" class=\"answer   answerof-25 \" value=\"103\"><label for=\"answer-id-103\" id=\"answer-label-103\" class=\" answer\"><span><p>Ei, \u00f5petaja v\u00f5ib lisada teosele ka pseudon\u00fc\u00fcmi, kui ta enda nime panna ei taha<\/p><\/span><\/label><\/div><!-- end question-choices--><\/div><!-- end questionWrap--><\/div><\/div><div class=\"watu-question \" id=\"question-5\" style=\";\"><div id=\"questionWrap-5\" class=\"   watupro-question-id-26\">\n\t\t\t<div class=\"question-content\"><div><p>\u00dcli\u00f5pilased kirjutasid \u00f5ppet\u00f6\u00f6 k\u00e4igus essee. Kellele kuuluvad autori\u00f5igused?<\/p><\/div><input type=\"hidden\" name=\"question_id[]\" id=\"qID_5\" value=\"26\" class=\"watupro-question-id\"><input type=\"hidden\" id=\"answerType26\" class=\"answerTypeCnt5\" value=\"checkbox\"><!-- end question-content--><\/div><div class=\"question-choices watupro-choices-columns \" id=\"questionChoices26\"><div class=\"watupro-question-choice  \" dir=\"auto\"><input type=\"checkbox\" name=\"answer-26[]\" id=\"answer-id-104\" class=\"answer   answerof-26 \" value=\"104\"><label for=\"answer-id-104\" id=\"answer-label-104\" class=\" answer\"><span><p>Isiklikud \u00f5igused kuuluvad \u00fcli\u00f5pilastele ja varalised \u00f5igused \u00f5ppej\u00f5ule, sest tema juhendas.<\/p><\/span><\/label><\/div><div class=\"watupro-question-choice  \" dir=\"auto\"><input type=\"checkbox\" name=\"answer-26[]\" id=\"answer-id-105\" class=\"answer   answerof-26 \" value=\"105\"><label for=\"answer-id-105\" id=\"answer-label-105\" class=\" answer\"><span><p>K\u00f5ik \u00f5igused kuuluvad \u00fclikoolile, sest essee kirjutati \u00f5ppet\u00f6\u00f6 k\u00e4igus.<\/p><\/span><\/label><\/div><div class=\"watupro-question-choice  \" dir=\"auto\"><input type=\"checkbox\" name=\"answer-26[]\" id=\"answer-id-106\" class=\"answer   answerof-26 \" value=\"106\"><label for=\"answer-id-106\" id=\"answer-label-106\" class=\" answer\"><span><p>K\u00f5ik \u00f5igused kuuluvad \u00fcli\u00f5pilastele.\u00a0<\/p><\/span><\/label><\/div><!-- end question-choices--><\/div><!-- end questionWrap--><\/div><\/div><div class=\"watu-question \" id=\"question-6\" style=\";\"><div id=\"questionWrap-6\" class=\"   watupro-question-id-27\">\n\t\t\t<div class=\"question-content\"><p>Millised j\u00e4rgnevatest \u00f5igustest on isiklikud ja millised varalised \u00f5igused?<\/p><div class=\"question-choices\"><table class=\"question-choices watupro-matrix-droppable\" id=\"watuPROMatrixDroppable_27\"><tr><td class=\"watupro-matrix-left-cell\">\u00d5igus teose reprodutseerimisele, \u00f5igus teose levitamisele, \u00f5igus teose t\u00f5lkimisele, \u00f5igus teose t\u00f6\u00f6tlemisele, \u00f5igus teose kogumikele, \u00f5igus teose eksponeerimisele, \u00f5igus teose edastamisele<\/td>\n\t\t\t\t\t\t<td class=\"watupro-matrix-right-cell watuPRODroppable27\" id=\"watuPRODroppableCell107\"><div class=\"question-choices\"><div class=\"watupro-matrix-right\"><div id=\"watuproNMatrixSelection-0-0\" class=\" watupro-matrix-draggable watupro-nmatrix-answer-0\" onclick=\"WatuPROINMatrix.sel(this, 'watuPRODroppableCell107', 0);return false;\">Isiklikud \u00f5igused<!--WTPMD5d064fbed9645d5ce7119b32c1af709d2--><p class=\"watupro-nmatrix-unselect\">Unselect<\/p><\/div><div id=\"watuproNMatrixSelection-0-1\" class=\" watupro-matrix-draggable watupro-nmatrix-answer-1\" onclick=\"WatuPROINMatrix.sel(this, 'watuPRODroppableCell107', 1);return false;\">Varalised \u00f5igused<!--WTPMD5496278f502a781af1325194650e9b6a8--><p class=\"watupro-nmatrix-unselect\">Unselect<\/p><\/div><\/div><\/div><input type=\"hidden\" class=\"answerof-27 watupro-nmatrix-answer-field\" id=\"field-watuPRODroppableCell107\" name=\"matrix-left-107\" value=\"\"><\/td><\/tr><tr><td class=\"watupro-matrix-left-cell\">\u00d5igus autorsusele, \u00f5igus teose lisadele, \u00f5igus autori au ja v\u00e4\u00e4rikuse kaitsele, \u00f5igus teose avalikustamisele, \u00f5igus teose t\u00e4iendamisele, \u00f5igus teos tagasi v\u00f5tta, \u00f5igus autorinimele, \u00f5igus teose puutumatusele<\/td>\n\t\t\t\t\t\t<td class=\"watupro-matrix-right-cell watuPRODroppable27\" id=\"watuPRODroppableCell108\"><div class=\"question-choices\"><div class=\"watupro-matrix-right\"><div id=\"watuproNMatrixSelection-1-0\" class=\" watupro-matrix-draggable watupro-nmatrix-answer-0\" onclick=\"WatuPROINMatrix.sel(this, 'watuPRODroppableCell108', 0);return false;\">Isiklikud \u00f5igused<!--WTPMD5d064fbed9645d5ce7119b32c1af709d2--><p class=\"watupro-nmatrix-unselect\">Unselect<\/p><\/div><div id=\"watuproNMatrixSelection-1-1\" class=\" watupro-matrix-draggable watupro-nmatrix-answer-1\" onclick=\"WatuPROINMatrix.sel(this, 'watuPRODroppableCell108', 1);return false;\">Varalised \u00f5igused<!--WTPMD5496278f502a781af1325194650e9b6a8--><p class=\"watupro-nmatrix-unselect\">Unselect<\/p><\/div><\/div><\/div><input type=\"hidden\" class=\"answerof-27 watupro-nmatrix-answer-field\" id=\"field-watuPRODroppableCell108\" name=\"matrix-left-108\" value=\"\"><\/td><\/tr><\/table><\/div><input type=\"hidden\" name=\"question_id[]\" id=\"qID_6\" value=\"27\" class=\"watupro-question-id\"><input type=\"hidden\" id=\"answerType27\" class=\"answerTypeCnt6\" value=\"nmatrix\"><!-- end question-content--><\/div><!-- end questionWrap--><\/div><\/div><div style=\"display:none\" id=\"question-7\">\n\t<div class=\"question-content\">\n\t\t<img loading=\"lazy\" decoding=\"async\" src=\"https:\/\/sisu.ut.ee\/wp-content\/plugins\/watupro\/img\/loading.gif\" width=\"16\" height=\"16\" alt=\"Loading...\" title=\"Loading...\">\u00a0Loading...\t<\/div>\n<\/div>\n\n<br>\n\t\n\t\t\t<div class=\"watupro_buttons flex \" id=\"watuPROButtons6\">\n\t\t  <div id=\"prev-question\" style=\"display:none;\"><input type=\"button\" value=\"&lt; Previous\" onclick=\"WatuPRO.nextQuestion(event, 'previous');\"><\/div>\t\t  \t\t  \t\t   \n\t\t   \t  \t\t<div><input type=\"button\" name=\"action\" class=\"watupro-submit-button\" onclick=\"WatuPRO.submitResult(event)\" id=\"action-button\" value=\"Vaata tulemusi\">\n\t\t<\/div>\n\t\t<\/div>\n\t\t\n\t<input type=\"hidden\" name=\"quiz_id\" value=\"6\" id=\"watuPROExamID\">\n\t<input type=\"hidden\" name=\"start_time\" id=\"startTime\" value=\"2026-04-13 15:36:03\">\n\t<input type=\"hidden\" name=\"start_timestamp\" id=\"startTimeStamp\" value=\"1776094563\">\n\t<input type=\"hidden\" name=\"question_ids\" value=\"\">\n\t<input type=\"hidden\" name=\"watupro_questions\" value=\"24:99,100 | 23:96,97,98 | 22:93,94,95 | 25:101,102,103 | 26:104,105,106 | 27:107,108\">\n\t<input type=\"hidden\" name=\"no_ajax\" value=\"0\">\t\t\t<\/form>\n\t<p>\u00a0<\/p>\n<\/div>\n\n<script type=\"text\/javascript\">\n\/\/jQuery(document).ready(function(){\ndocument.addEventListener(\"DOMContentLoaded\", function(event) { \t\nvar question_ids = \"24,23,22,25,26,27\";\nWatuPROSettings[6] = {};\nWatuPRO.qArr = question_ids.split(',');\nWatuPRO.exam_id = 6;\t    \nWatuPRO.post_id = 126;\nWatuPRO.store_progress = 0;\nWatuPRO.curCatPage = 1;\nWatuPRO.requiredIDs=\"0\".split(\",\");\nWatuPRO.hAppID = \"0.49544500 1776083763\";\nvar url = \"https:\/\/sisu.ut.ee\/wp-content\/plugins\/watupro\/show_exam.php\";\nWatuPRO.examMode = 1;\nWatuPRO.siteURL=\"https:\/\/sisu.ut.ee\/autorioigused\/wp-admin\/admin-ajax.php\";\nWatuPRO.emailIsNotRequired = 0;\nWatuPRO.perDecade = 10;\nWatuPROIntel.init(6);\nWatuPRO.inCategoryPages=1;});    \t \n<\/script>\n\n","protected":false},"excerpt":{"rendered":"","protected":false},"author":6,"featured_media":0,"parent":0,"menu_order":0,"comment_status":"closed","ping_status":"closed","template":"","meta":{"_acf_changed":false,"inline_featured_image":false,"footnotes":""},"class_list":["post-126","page","type-page","status-publish","hentry"],"acf":[],"_links":{"self":[{"href":"https:\/\/sisu.ut.ee\/autorioigused\/wp-json\/wp\/v2\/pages\/126","targetHints":{"allow":["GET"]}}],"collection":[{"href":"https:\/\/sisu.ut.ee\/autorioigused\/wp-json\/wp\/v2\/pages"}],"about":[{"href":"https:\/\/sisu.ut.ee\/autorioigused\/wp-json\/wp\/v2\/types\/page"}],"author":[{"embeddable":true,"href":"https:\/\/sisu.ut.ee\/autorioigused\/wp-json\/wp\/v2\/users\/6"}],"replies":[{"embeddable":true,"href":"https:\/\/sisu.ut.ee\/autorioigused\/wp-json\/wp\/v2\/comments?post=126"}],"version-history":[{"count":0,"href":"https:\/\/sisu.ut.ee\/autorioigused\/wp-json\/wp\/v2\/pages\/126\/revisions"}],"wp:attachment":[{"href":"https:\/\/sisu.ut.ee\/autorioigused\/wp-json\/wp\/v2\/media?parent=126"}],"curies":[{"name":"wp","href":"https:\/\/api.w.org\/{rel}","templated":true}]}}