{"id":125,"date":"2024-04-11T18:40:10","date_gmt":"2024-04-11T15:40:10","guid":{"rendered":"https:\/\/sisu.ut.ee\/autorioigused\/2-1-test-autorioiguse-kuuluvus\/"},"modified":"2024-04-11T18:40:10","modified_gmt":"2024-04-11T15:40:10","slug":"2-1-test-autorioiguse-kuuluvus","status":"publish","type":"page","link":"https:\/\/sisu.ut.ee\/autorioigused\/2-1-test-autorioiguse-kuuluvus\/","title":{"rendered":"2.1 TEST: Autori\u00f5iguse kuuluvus"},"content":{"rendered":"<div id=\"watupro_quiz\" class=\"quiz-area single-page-quiz\">\n<p id=\"submittingExam5\" style=\"display:none;text-align:center;\"><img loading=\"lazy\" decoding=\"async\" src=\"https:\/\/sisu.ut.ee\/wp-content\/plugins\/watupro\/img\/loading.gif\" width=\"16\" height=\"16\"><\/p>\n\n<div class=\"watupro-exam-description\" id=\"description-quiz-5\"><\/div>\n\n<form action=\"\" method=\"post\" class=\"quiz-form\" id=\"quiz-5\" enctype=\"multipart\/form-data\">\n<div class=\"watu-question \" id=\"question-1\" style=\";\"><div id=\"questionWrap-1\" class=\"   watupro-question-id-21\">\n\t\t\t<div class=\"question-content\"><div><p><span>Kolm \u00f5petajat l\u00f5id koost\u00f6\u00f6s \u00f5ppematerjali. Kellele kuuluvad autori\u00f5igused?<\/span><\/p><\/div><input type=\"hidden\" name=\"question_id[]\" id=\"qID_1\" value=\"21\" class=\"watupro-question-id\"><input type=\"hidden\" id=\"answerType21\" class=\"answerTypeCnt1\" value=\"radio\"><!-- end question-content--><\/div><div class=\"question-choices watupro-choices-columns \" id=\"questionChoices21\"><div class=\"watupro-question-choice  \" dir=\"auto\"><input type=\"radio\" name=\"answer-21[]\" id=\"answer-id-90\" class=\"answer   answerof-21 \" value=\"90\"><label for=\"answer-id-90\" id=\"answer-label-90\" class=\" answer\"><span><p>K\u00f5igile kolmele<\/p><\/span><\/label><\/div><div class=\"watupro-question-choice  \" dir=\"auto\"><input type=\"radio\" name=\"answer-21[]\" id=\"answer-id-91\" class=\"answer   answerof-21 \" value=\"91\"><label for=\"answer-id-91\" id=\"answer-label-91\" class=\" answer\"><span><p>Sellele, kellele otsutatakse need anda<\/p><\/span><\/label><\/div><div class=\"watupro-question-choice  \" dir=\"auto\"><input type=\"radio\" name=\"answer-21[]\" id=\"answer-id-92\" class=\"answer   answerof-21 \" value=\"92\"><label for=\"answer-id-92\" id=\"answer-label-92\" class=\" answer\"><span><p>Sellele \u00f5petajale, kes materjali registreeris<\/p><\/span><\/label><\/div><!-- end question-choices--><\/div><!-- end questionWrap--><\/div><\/div><div class=\"watu-question \" id=\"question-2\" style=\";\"><div id=\"questionWrap-2\" class=\"   watupro-question-id-19\">\n\t\t\t<div class=\"question-content\"><div><p><span>\u00d5petajal on \u00f5ppematerjal pooleli. Kas autori\u00f5igused kehtivad sellele?<\/span><\/p><\/div><input type=\"hidden\" name=\"question_id[]\" id=\"qID_2\" value=\"19\" class=\"watupro-question-id\"><input type=\"hidden\" id=\"answerType19\" class=\"answerTypeCnt2\" value=\"radio\"><!-- end question-content--><\/div><div class=\"question-choices watupro-choices-columns \" id=\"questionChoices19\"><div class=\"watupro-question-choice  \" dir=\"auto\"><input type=\"radio\" name=\"answer-19[]\" id=\"answer-id-84\" class=\"answer   answerof-19 \" value=\"84\"><label for=\"answer-id-84\" id=\"answer-label-84\" class=\" answer\"><span><p>Jah<\/p><\/span><\/label><\/div><div class=\"watupro-question-choice  \" dir=\"auto\"><input type=\"radio\" name=\"answer-19[]\" id=\"answer-id-85\" class=\"answer   answerof-19 \" value=\"85\"><label for=\"answer-id-85\" id=\"answer-label-85\" class=\" answer\"><span><p>Ei<\/p><\/span><\/label><\/div><div class=\"watupro-question-choice  \" dir=\"auto\"><input type=\"radio\" name=\"answer-19[]\" id=\"answer-id-86\" class=\"answer   answerof-19 \" value=\"86\"><label for=\"answer-id-86\" id=\"answer-label-86\" class=\" answer\"><span><p>Jah, kui teos on registreeritud<\/p><\/span><\/label><\/div><!-- end question-choices--><\/div><!-- end questionWrap--><\/div><\/div><div class=\"watu-question \" id=\"question-3\" style=\";\"><div id=\"questionWrap-3\" class=\"   watupro-question-id-20\">\n\t\t\t<div class=\"question-content\"><div><p><span>\u00d5petaja r\u00e4\u00e4gib kolleegile oma harjutuse idee ning p\u00e4rast kolleeg loob sellest ise \u00f5ppematerjali. Kellele kuuluvad autori\u00f5igused?<\/span><\/p><\/div><input type=\"hidden\" name=\"question_id[]\" id=\"qID_3\" value=\"20\" class=\"watupro-question-id\"><input type=\"hidden\" id=\"answerType20\" class=\"answerTypeCnt3\" value=\"radio\"><!-- end question-content--><\/div><div class=\"question-choices watupro-choices-columns \" id=\"questionChoices20\"><div class=\"watupro-question-choice  \" dir=\"auto\"><input type=\"radio\" name=\"answer-20[]\" id=\"answer-id-87\" class=\"answer   answerof-20 \" value=\"87\"><label for=\"answer-id-87\" id=\"answer-label-87\" class=\" answer\"><span><p>Kolleegile, kes l\u00f5i \u00f5ppematerjali<\/p><\/span><\/label><\/div><div class=\"watupro-question-choice  \" dir=\"auto\"><input type=\"radio\" name=\"answer-20[]\" id=\"answer-id-88\" class=\"answer   answerof-20 \" value=\"88\"><label for=\"answer-id-88\" id=\"answer-label-88\" class=\" answer\"><span><p>\u00d5petajale, kes jagas oma ideed<\/p><\/span><\/label><\/div><div class=\"watupro-question-choice  \" dir=\"auto\"><input type=\"radio\" name=\"answer-20[]\" id=\"answer-id-89\" class=\"answer   answerof-20 \" value=\"89\"><label for=\"answer-id-89\" id=\"answer-label-89\" class=\" answer\"><span><p>M\u00f5lemale<\/p><\/span><\/label><\/div><!-- end question-choices--><\/div><!-- end questionWrap--><\/div><\/div><div class=\"watu-question \" id=\"question-4\" style=\";\"><div id=\"questionWrap-4\" class=\"   watupro-question-id-18\">\n\t\t\t<div class=\"question-content\"><div><p><span>\u00d5petaja on loonud t\u00f6\u00f6lehe ning tahab, et sellele rakenduksid autori\u00f5igused. Mida ta peaks tegema?<\/span><\/p><\/div><input type=\"hidden\" name=\"question_id[]\" id=\"qID_4\" value=\"18\" class=\"watupro-question-id\"><input type=\"hidden\" id=\"answerType18\" class=\"answerTypeCnt4\" value=\"checkbox\"><!-- end question-content--><\/div><div class=\"question-choices watupro-choices-columns \" id=\"questionChoices18\"><div class=\"watupro-question-choice  \" dir=\"auto\"><input type=\"checkbox\" name=\"answer-18[]\" id=\"answer-id-80\" class=\"answer   answerof-18 \" value=\"80\"><label for=\"answer-id-80\" id=\"answer-label-80\" class=\" answer\"><span><p>Autori\u00f5igused tekivad automaatselt ja midagi tegema ei pea.<\/p><\/span><\/label><\/div><div class=\"watupro-question-choice  \" dir=\"auto\"><input type=\"checkbox\" name=\"answer-18[]\" id=\"answer-id-81\" class=\"answer   answerof-18 \" value=\"81\"><label for=\"answer-id-81\" id=\"answer-label-81\" class=\" answer\"><span><p>P\u00f6\u00f6rduma t\u00f6\u00f6andja poole, et loodud teos registreeritaks.<\/p><\/span><\/label><\/div><div class=\"watupro-question-choice  \" dir=\"auto\"><input type=\"checkbox\" name=\"answer-18[]\" id=\"answer-id-82\" class=\"answer   answerof-18 \" value=\"82\"><label for=\"answer-id-82\" id=\"answer-label-82\" class=\" answer\"><span><p>Registreerima ise oma t\u00f6\u00f6lehe Eesti Autori\u00f5iguste Kaitse Organisatsioonis.<\/p><\/span><\/label><\/div><div class=\"watupro-question-choice  \" dir=\"auto\"><input type=\"checkbox\" name=\"answer-18[]\" id=\"answer-id-83\" class=\"answer   answerof-18 \" value=\"83\"><label for=\"answer-id-83\" id=\"answer-label-83\" class=\" answer\"><span><p><span id=\"docs-internal-guid-f4444294-b19e-017c-7fe7-63957aeff9be\"><span>Lisama t\u00f6\u00f6lehele copyright m\u00e4rgi v\u00f5i m\u00f5ne avatud sisulitsentsi m\u00e4rgi.<\/span><\/span><\/p><\/span><\/label><\/div><!-- end question-choices--><\/div><!-- end questionWrap--><\/div><\/div><div style=\"display:none\" id=\"question-5\">\n\t<div class=\"question-content\">\n\t\t<img loading=\"lazy\" decoding=\"async\" src=\"https:\/\/sisu.ut.ee\/wp-content\/plugins\/watupro\/img\/loading.gif\" width=\"16\" height=\"16\" alt=\"Loading...\" title=\"Loading...\">\u00a0Loading...\t<\/div>\n<\/div>\n\n<br>\n\t\n\t\t\t<div class=\"watupro_buttons flex \" id=\"watuPROButtons5\">\n\t\t  <div id=\"prev-question\" style=\"display:none;\"><input type=\"button\" value=\"&lt; Previous\" onclick=\"WatuPRO.nextQuestion(event, 'previous');\"><\/div>\t\t  \t\t  \t\t   \n\t\t   \t  \t\t<div><input type=\"button\" name=\"action\" class=\"watupro-submit-button\" onclick=\"WatuPRO.submitResult(event)\" id=\"action-button\" value=\"Vaata tulemusi\">\n\t\t<\/div>\n\t\t<\/div>\n\t\t\n\t<input type=\"hidden\" name=\"quiz_id\" value=\"5\" id=\"watuPROExamID\">\n\t<input type=\"hidden\" name=\"start_time\" id=\"startTime\" value=\"2026-04-11 12:46:26\">\n\t<input type=\"hidden\" name=\"start_timestamp\" id=\"startTimeStamp\" value=\"1775911586\">\n\t<input type=\"hidden\" name=\"question_ids\" value=\"\">\n\t<input type=\"hidden\" name=\"watupro_questions\" value=\"21:90,91,92 | 19:84,85,86 | 20:87,88,89 | 18:80,81,82,83\">\n\t<input type=\"hidden\" name=\"no_ajax\" value=\"0\">\t\t\t<\/form>\n\t<p>\u00a0<\/p>\n<\/div>\n\n<script type=\"text\/javascript\">\n\/\/jQuery(document).ready(function(){\ndocument.addEventListener(\"DOMContentLoaded\", function(event) { \t\nvar question_ids = \"21,19,20,18\";\nWatuPROSettings[5] = {};\nWatuPRO.qArr = question_ids.split(',');\nWatuPRO.exam_id = 5;\t    \nWatuPRO.post_id = 125;\nWatuPRO.store_progress = 0;\nWatuPRO.curCatPage = 1;\nWatuPRO.requiredIDs=\"0\".split(\",\");\nWatuPRO.hAppID = \"0.60359100 1775900786\";\nvar url = \"https:\/\/sisu.ut.ee\/wp-content\/plugins\/watupro\/show_exam.php\";\nWatuPRO.examMode = 1;\nWatuPRO.siteURL=\"https:\/\/sisu.ut.ee\/autorioigused\/wp-admin\/admin-ajax.php\";\nWatuPRO.emailIsNotRequired = 0;\nWatuPRO.perDecade = 10;\nWatuPROIntel.init(5);\nWatuPRO.inCategoryPages=1;});    \t \n<\/script>\n\n","protected":false},"excerpt":{"rendered":"","protected":false},"author":6,"featured_media":0,"parent":0,"menu_order":0,"comment_status":"closed","ping_status":"closed","template":"","meta":{"_acf_changed":false,"inline_featured_image":false,"footnotes":""},"class_list":["post-125","page","type-page","status-publish","hentry"],"acf":[],"_links":{"self":[{"href":"https:\/\/sisu.ut.ee\/autorioigused\/wp-json\/wp\/v2\/pages\/125","targetHints":{"allow":["GET"]}}],"collection":[{"href":"https:\/\/sisu.ut.ee\/autorioigused\/wp-json\/wp\/v2\/pages"}],"about":[{"href":"https:\/\/sisu.ut.ee\/autorioigused\/wp-json\/wp\/v2\/types\/page"}],"author":[{"embeddable":true,"href":"https:\/\/sisu.ut.ee\/autorioigused\/wp-json\/wp\/v2\/users\/6"}],"replies":[{"embeddable":true,"href":"https:\/\/sisu.ut.ee\/autorioigused\/wp-json\/wp\/v2\/comments?post=125"}],"version-history":[{"count":0,"href":"https:\/\/sisu.ut.ee\/autorioigused\/wp-json\/wp\/v2\/pages\/125\/revisions"}],"wp:attachment":[{"href":"https:\/\/sisu.ut.ee\/autorioigused\/wp-json\/wp\/v2\/media?parent=125"}],"curies":[{"name":"wp","href":"https:\/\/api.w.org\/{rel}","templated":true}]}}