{"id":123,"date":"2024-04-11T18:39:37","date_gmt":"2024-04-11T15:39:37","guid":{"rendered":"https:\/\/sisu.ut.ee\/autorioigused\/3-2-test-creative-commonsi-litsentside-kasutamine\/"},"modified":"2024-04-11T18:39:37","modified_gmt":"2024-04-11T15:39:37","slug":"3-2-test-creative-commonsi-litsentside-kasutamine","status":"publish","type":"page","link":"https:\/\/sisu.ut.ee\/autorioigused\/3-2-test-creative-commonsi-litsentside-kasutamine\/","title":{"rendered":"3.2 TEST: Creative Commonsi litsentside kasutamine"},"content":{"rendered":"<div id=\"watupro_quiz\" class=\"quiz-area single-page-quiz\">\n<p id=\"submittingExam8\" style=\"display:none;text-align:center;\"><img loading=\"lazy\" decoding=\"async\" src=\"https:\/\/sisu.ut.ee\/wp-content\/plugins\/watupro\/img\/loading.gif\" width=\"16\" height=\"16\"><\/p>\n\n<div class=\"watupro-exam-description\" id=\"description-quiz-8\"><\/div>\n\n<form action=\"\" method=\"post\" class=\"quiz-form\" id=\"quiz-8\" enctype=\"multipart\/form-data\">\n<div class=\"watu-question \" id=\"question-1\" style=\";\"><div id=\"questionWrap-1\" class=\"   watupro-question-id-33\">\n\t\t\t<div class=\"question-content\"><div><p><span>\u00d5ppej\u00f5ud on leidnud veebist hulga CC litsentsiga pilte ning tahab neid n\u00fc\u00fcd oma esitluses kasutada. Pildid on erineva litsentsiga. Millise litsentsiga pilte tohib ta kasutada, kui ta plaanib piltidele m\u00e4rks\u00f5nad peale kirjutada ning esitlust ainult klassis n\u00e4idata? Litsentsi ta oma t\u00f6\u00f6le ei lisa.<\/span><\/p><\/div><input type=\"hidden\" name=\"question_id[]\" id=\"qID_1\" value=\"33\" class=\"watupro-question-id\"><input type=\"hidden\" id=\"answerType33\" class=\"answerTypeCnt1\" value=\"checkbox\"><!-- end question-content--><\/div><div class=\"question-choices watupro-choices-columns \" id=\"questionChoices33\"><div class=\"watupro-question-choice  \" dir=\"auto\"><input type=\"checkbox\" name=\"answer-33[]\" id=\"answer-id-128\" class=\"answer   answerof-33 \" value=\"128\"><label for=\"answer-id-128\" id=\"answer-label-128\" class=\" answer\"><span><p>by<\/p><\/span><\/label><\/div><div class=\"watupro-question-choice  \" dir=\"auto\"><input type=\"checkbox\" name=\"answer-33[]\" id=\"answer-id-129\" class=\"answer   answerof-33 \" value=\"129\"><label for=\"answer-id-129\" id=\"answer-label-129\" class=\" answer\"><span><p>by-sa<\/p><\/span><\/label><\/div><div class=\"watupro-question-choice  \" dir=\"auto\"><input type=\"checkbox\" name=\"answer-33[]\" id=\"answer-id-130\" class=\"answer   answerof-33 \" value=\"130\"><label for=\"answer-id-130\" id=\"answer-label-130\" class=\" answer\"><span><p>by-nd<\/p><\/span><\/label><\/div><div class=\"watupro-question-choice  \" dir=\"auto\"><input type=\"checkbox\" name=\"answer-33[]\" id=\"answer-id-131\" class=\"answer   answerof-33 \" value=\"131\"><label for=\"answer-id-131\" id=\"answer-label-131\" class=\" answer\"><span><p>by-nc<\/p><\/span><\/label><\/div><div class=\"watupro-question-choice  \" dir=\"auto\"><input type=\"checkbox\" name=\"answer-33[]\" id=\"answer-id-132\" class=\"answer   answerof-33 \" value=\"132\"><label for=\"answer-id-132\" id=\"answer-label-132\" class=\" answer\"><span><p>by-nc-sa<\/p><\/span><\/label><\/div><div class=\"watupro-question-choice  \" dir=\"auto\"><input type=\"checkbox\" name=\"answer-33[]\" id=\"answer-id-133\" class=\"answer   answerof-33 \" value=\"133\"><label for=\"answer-id-133\" id=\"answer-label-133\" class=\" answer\"><span><p>by-nc-nd<\/p><\/span><\/label><\/div><div class=\"watupro-question-choice  \" dir=\"auto\"><input type=\"checkbox\" name=\"answer-33[]\" id=\"answer-id-134\" class=\"answer   answerof-33 \" value=\"134\"><label for=\"answer-id-134\" id=\"answer-label-134\" class=\" answer\"><span><p>Public domain<\/p><\/span><\/label><\/div><!-- end question-choices--><\/div><!-- end questionWrap--><\/div><\/div><div class=\"watu-question \" id=\"question-2\" style=\";\"><div id=\"questionWrap-2\" class=\"   watupro-question-id-34\">\n\t\t\t<div class=\"question-content\"><div><p><span>\u00d5petaja tahab lisada oma t\u00f6\u00f6le CC litsentsi. Mida ta peab selleks tegema?<\/span><\/p><\/div><input type=\"hidden\" name=\"question_id[]\" id=\"qID_2\" value=\"34\" class=\"watupro-question-id\"><input type=\"hidden\" id=\"answerType34\" class=\"answerTypeCnt2\" value=\"checkbox\"><!-- end question-content--><\/div><div class=\"question-choices watupro-choices-columns \" id=\"questionChoices34\"><div class=\"watupro-question-choice  \" dir=\"auto\"><input type=\"checkbox\" name=\"answer-34[]\" id=\"answer-id-135\" class=\"answer   answerof-34 \" value=\"135\"><label for=\"answer-id-135\" id=\"answer-label-135\" class=\" answer\"><span><p>Kirjutama l\u00fchikese avalduse CC organisatsioonile.<\/p><\/span><\/label><\/div><div class=\"watupro-question-choice  \" dir=\"auto\"><input type=\"checkbox\" name=\"answer-34[]\" id=\"answer-id-136\" class=\"answer   answerof-34 \" value=\"136\"><label for=\"answer-id-136\" id=\"answer-label-136\" class=\" answer\"><span><p>Lisama oma t\u00f6\u00f6le CC m\u00e4rgi ja lingi litsentsi kirjelduse.<\/p><\/span><\/label><\/div><div class=\"watupro-question-choice  \" dir=\"auto\"><input type=\"checkbox\" name=\"answer-34[]\" id=\"answer-id-137\" class=\"answer   answerof-34 \" value=\"137\"><label for=\"answer-id-137\" id=\"answer-label-137\" class=\" answer\"><span><p>Minema creativecommons.org lehele ja valima sobiva litsentsi.<\/p><\/span><\/label><\/div><!-- end question-choices--><\/div><!-- end questionWrap--><\/div><\/div><div class=\"watu-question \" id=\"question-3\" style=\";\"><div id=\"questionWrap-3\" class=\"   watupro-question-id-36\">\n\t\t\t<div class=\"question-content\"><div><p><span>Millistes keskkondades saab oma materjalidele otse keskkonnast lisada Creative Commonsi litsentsi?<\/span><\/p><\/div><input type=\"hidden\" name=\"question_id[]\" id=\"qID_3\" value=\"36\" class=\"watupro-question-id\"><input type=\"hidden\" id=\"answerType36\" class=\"answerTypeCnt3\" value=\"checkbox\"><!-- end question-content--><\/div><div class=\"question-choices watupro-choices-columns \" id=\"questionChoices36\"><div class=\"watupro-question-choice  \" dir=\"auto\"><input type=\"checkbox\" name=\"answer-36[]\" id=\"answer-id-144\" class=\"answer   answerof-36 \" value=\"144\"><label for=\"answer-id-144\" id=\"answer-label-144\" class=\" answer\"><span><p>Youtube<\/p><\/span><\/label><\/div><div class=\"watupro-question-choice  \" dir=\"auto\"><input type=\"checkbox\" name=\"answer-36[]\" id=\"answer-id-145\" class=\"answer   answerof-36 \" value=\"145\"><label for=\"answer-id-145\" id=\"answer-label-145\" class=\" answer\"><span><p>Slideshare<\/p><\/span><\/label><\/div><div class=\"watupro-question-choice  \" dir=\"auto\"><input type=\"checkbox\" name=\"answer-36[]\" id=\"answer-id-146\" class=\"answer   answerof-36 \" value=\"146\"><label for=\"answer-id-146\" id=\"answer-label-146\" class=\" answer\"><span><p>Flickr<\/p><\/span><\/label><\/div><div class=\"watupro-question-choice  \" dir=\"auto\"><input type=\"checkbox\" name=\"answer-36[]\" id=\"answer-id-147\" class=\"answer   answerof-36 \" value=\"147\"><label for=\"answer-id-147\" id=\"answer-label-147\" class=\" answer\"><span><p>Padlet<\/p><\/span><\/label><\/div><div class=\"watupro-question-choice  \" dir=\"auto\"><input type=\"checkbox\" name=\"answer-36[]\" id=\"answer-id-148\" class=\"answer   answerof-36 \" value=\"148\"><label for=\"answer-id-148\" id=\"answer-label-148\" class=\" answer\"><span><p>Soundcloud<\/p><\/span><\/label><\/div><div class=\"watupro-question-choice  \" dir=\"auto\"><input type=\"checkbox\" name=\"answer-36[]\" id=\"answer-id-149\" class=\"answer   answerof-36 \" value=\"149\"><label for=\"answer-id-149\" id=\"answer-label-149\" class=\" answer\"><span><p>Storybird<\/p><\/span><\/label><\/div><div class=\"watupro-question-choice  \" dir=\"auto\"><input type=\"checkbox\" name=\"answer-36[]\" id=\"answer-id-150\" class=\"answer   answerof-36 \" value=\"150\"><label for=\"answer-id-150\" id=\"answer-label-150\" class=\" answer\"><span><p>Prezi<\/p><\/span><\/label><\/div><!-- end question-choices--><\/div><!-- end questionWrap--><\/div><\/div><div class=\"watu-question \" id=\"question-4\" style=\";\"><div id=\"questionWrap-4\" class=\"   watupro-question-id-32\">\n\t\t\t<div class=\"question-content\"><div><p><span>Millised v\u00e4ited on \u00f5iged?<\/span><\/p><\/div><input type=\"hidden\" name=\"question_id[]\" id=\"qID_4\" value=\"32\" class=\"watupro-question-id\"><input type=\"hidden\" id=\"answerType32\" class=\"answerTypeCnt4\" value=\"checkbox\"><!-- end question-content--><\/div><div class=\"question-choices watupro-choices-columns \" id=\"questionChoices32\"><div class=\"watupro-question-choice  \" dir=\"auto\"><input type=\"checkbox\" name=\"answer-32[]\" id=\"answer-id-124\" class=\"answer   answerof-32 \" value=\"124\"><label for=\"answer-id-124\" id=\"answer-label-124\" class=\" answer\"><span><p>Korraga tohib kasutada oma t\u00f6\u00f6s ainult \u00fche CC litsentsiga t\u00f6id.<\/p><\/span><\/label><\/div><div class=\"watupro-question-choice  \" dir=\"auto\"><input type=\"checkbox\" name=\"answer-32[]\" id=\"answer-id-125\" class=\"answer   answerof-32 \" value=\"125\"><label for=\"answer-id-125\" id=\"answer-label-125\" class=\" answer\"><span><p>Kasutades CC litsentsiga t\u00f6id, peab oma t\u00f6\u00f6le andma CC litsentsi.<\/p><\/span><\/label><\/div><div class=\"watupro-question-choice  \" dir=\"auto\"><input type=\"checkbox\" name=\"answer-32[]\" id=\"answer-id-126\" class=\"answer   answerof-32 \" value=\"126\"><label for=\"answer-id-126\" id=\"answer-label-126\" class=\" answer\"><span><p>Autoreid, kes on kasutanud oma t\u00f6\u00f6des CC litsentsi, tuleb alati teavitada, kui nende t\u00f6id kasutada.<\/p><\/span><\/label><\/div><div class=\"watupro-question-choice  \" dir=\"auto\"><input type=\"checkbox\" name=\"answer-32[]\" id=\"answer-id-127\" class=\"answer   answerof-32 \" value=\"127\"><label for=\"answer-id-127\" id=\"answer-label-127\" class=\" answer\"><span><p>CC litsentse v\u00f5ib kasutada hariduses.<\/p><\/span><\/label><\/div><!-- end question-choices--><\/div><!-- end questionWrap--><\/div><\/div><div class=\"watu-question \" id=\"question-5\" style=\";\"><div id=\"questionWrap-5\" class=\"   watupro-question-id-35\">\n\t\t\t<div class=\"question-content\"><div><p>Bioloogia\u00f5petaja Maril on vaja oma esitlusse pilte Aafrika loomadest. Esitlust plaanib ta hiljem jagada Slideshare.net keskkonnas CC by-sa litsensiga. Milliseid pilte ta kasutada tohib?<\/p><\/div><input type=\"hidden\" name=\"question_id[]\" id=\"qID_5\" value=\"35\" class=\"watupro-question-id\"><input type=\"hidden\" id=\"answerType35\" class=\"answerTypeCnt5\" value=\"checkbox\"><!-- end question-content--><\/div><div class=\"question-choices watupro-choices-columns \" id=\"questionChoices35\"><div class=\"watupro-question-choice  \" dir=\"auto\"><input type=\"checkbox\" name=\"answer-35[]\" id=\"answer-id-138\" class=\"answer   answerof-35 \" value=\"138\"><label for=\"answer-id-138\" id=\"answer-label-138\" class=\" answer\"><span><p>by<\/p><\/span><\/label><\/div><div class=\"watupro-question-choice  \" dir=\"auto\"><input type=\"checkbox\" name=\"answer-35[]\" id=\"answer-id-139\" class=\"answer   answerof-35 \" value=\"139\"><label for=\"answer-id-139\" id=\"answer-label-139\" class=\" answer\"><span><p>by-sa<\/p><\/span><\/label><\/div><div class=\"watupro-question-choice  \" dir=\"auto\"><input type=\"checkbox\" name=\"answer-35[]\" id=\"answer-id-140\" class=\"answer   answerof-35 \" value=\"140\"><label for=\"answer-id-140\" id=\"answer-label-140\" class=\" answer\"><span><p>by-nd<\/p><\/span><\/label><\/div><div class=\"watupro-question-choice  \" dir=\"auto\"><input type=\"checkbox\" name=\"answer-35[]\" id=\"answer-id-141\" class=\"answer   answerof-35 \" value=\"141\"><label for=\"answer-id-141\" id=\"answer-label-141\" class=\" answer\"><span><p>by-nc<\/p><\/span><\/label><\/div><div class=\"watupro-question-choice  \" dir=\"auto\"><input type=\"checkbox\" name=\"answer-35[]\" id=\"answer-id-142\" class=\"answer   answerof-35 \" value=\"142\"><label for=\"answer-id-142\" id=\"answer-label-142\" class=\" answer\"><span><p>by-nc-sa<\/p><\/span><\/label><\/div><div class=\"watupro-question-choice  \" dir=\"auto\"><input type=\"checkbox\" name=\"answer-35[]\" id=\"answer-id-143\" class=\"answer   answerof-35 \" value=\"143\"><label for=\"answer-id-143\" id=\"answer-label-143\" class=\" answer\"><span><p>by-nc-nd<\/p><\/span><\/label><\/div><!-- end question-choices--><\/div><!-- end questionWrap--><\/div><\/div><div style=\"display:none\" id=\"question-6\">\n\t<div class=\"question-content\">\n\t\t<img loading=\"lazy\" decoding=\"async\" src=\"https:\/\/sisu.ut.ee\/wp-content\/plugins\/watupro\/img\/loading.gif\" width=\"16\" height=\"16\" alt=\"Loading...\" title=\"Loading...\">\u00a0Loading...\t<\/div>\n<\/div>\n\n<br>\n\t\n\t\t\t<div class=\"watupro_buttons flex \" id=\"watuPROButtons8\">\n\t\t  <div id=\"prev-question\" style=\"display:none;\"><input type=\"button\" value=\"&lt; Previous\" onclick=\"WatuPRO.nextQuestion(event, 'previous');\"><\/div>\t\t  \t\t  \t\t   \n\t\t   \t  \t\t<div><input type=\"button\" name=\"action\" class=\"watupro-submit-button\" onclick=\"WatuPRO.submitResult(event)\" id=\"action-button\" value=\"Vaata tulemusi\">\n\t\t<\/div>\n\t\t<\/div>\n\t\t\n\t<input type=\"hidden\" name=\"quiz_id\" value=\"8\" id=\"watuPROExamID\">\n\t<input type=\"hidden\" name=\"start_time\" id=\"startTime\" value=\"2026-04-11 10:04:23\">\n\t<input type=\"hidden\" name=\"start_timestamp\" id=\"startTimeStamp\" value=\"1775901863\">\n\t<input type=\"hidden\" name=\"question_ids\" value=\"\">\n\t<input type=\"hidden\" name=\"watupro_questions\" value=\"33:128,129,130,131,132,133,134 | 34:135,136,137 | 36:144,145,146,147,148,149,150 | 32:124,125,126,127 | 35:138,139,140,141,142,143\">\n\t<input type=\"hidden\" name=\"no_ajax\" value=\"0\">\t\t\t<\/form>\n\t<p>\u00a0<\/p>\n<\/div>\n\n<script type=\"text\/javascript\">\n\/\/jQuery(document).ready(function(){\ndocument.addEventListener(\"DOMContentLoaded\", function(event) { \t\nvar question_ids = \"33,34,36,32,35\";\nWatuPROSettings[8] = {};\nWatuPRO.qArr = question_ids.split(',');\nWatuPRO.exam_id = 8;\t    \nWatuPRO.post_id = 123;\nWatuPRO.store_progress = 0;\nWatuPRO.curCatPage = 1;\nWatuPRO.requiredIDs=\"0\".split(\",\");\nWatuPRO.hAppID = \"0.23804000 1775891063\";\nvar url = \"https:\/\/sisu.ut.ee\/wp-content\/plugins\/watupro\/show_exam.php\";\nWatuPRO.examMode = 1;\nWatuPRO.siteURL=\"https:\/\/sisu.ut.ee\/autorioigused\/wp-admin\/admin-ajax.php\";\nWatuPRO.emailIsNotRequired = 0;\nWatuPRO.perDecade = 10;\nWatuPROIntel.init(8);\nWatuPRO.inCategoryPages=1;});    \t \n<\/script>\n\n","protected":false},"excerpt":{"rendered":"","protected":false},"author":6,"featured_media":0,"parent":0,"menu_order":0,"comment_status":"closed","ping_status":"closed","template":"","meta":{"_acf_changed":false,"inline_featured_image":false,"footnotes":""},"class_list":["post-123","page","type-page","status-publish","hentry"],"acf":[],"_links":{"self":[{"href":"https:\/\/sisu.ut.ee\/autorioigused\/wp-json\/wp\/v2\/pages\/123","targetHints":{"allow":["GET"]}}],"collection":[{"href":"https:\/\/sisu.ut.ee\/autorioigused\/wp-json\/wp\/v2\/pages"}],"about":[{"href":"https:\/\/sisu.ut.ee\/autorioigused\/wp-json\/wp\/v2\/types\/page"}],"author":[{"embeddable":true,"href":"https:\/\/sisu.ut.ee\/autorioigused\/wp-json\/wp\/v2\/users\/6"}],"replies":[{"embeddable":true,"href":"https:\/\/sisu.ut.ee\/autorioigused\/wp-json\/wp\/v2\/comments?post=123"}],"version-history":[{"count":0,"href":"https:\/\/sisu.ut.ee\/autorioigused\/wp-json\/wp\/v2\/pages\/123\/revisions"}],"wp:attachment":[{"href":"https:\/\/sisu.ut.ee\/autorioigused\/wp-json\/wp\/v2\/media?parent=123"}],"curies":[{"name":"wp","href":"https:\/\/api.w.org\/{rel}","templated":true}]}}