{"id":117,"date":"2024-04-11T18:32:53","date_gmt":"2024-04-11T15:32:53","guid":{"rendered":"https:\/\/sisu.ut.ee\/autorioigused\/1-5-test-teose-vaba-avalik-esitamine\/"},"modified":"2024-04-11T18:32:53","modified_gmt":"2024-04-11T15:32:53","slug":"1-5-test-teose-vaba-avalik-esitamine","status":"publish","type":"page","link":"https:\/\/sisu.ut.ee\/autorioigused\/1-5-test-teose-vaba-avalik-esitamine\/","title":{"rendered":"1.5 TEST: Teose vaba avalik esitamine"},"content":{"rendered":"<div id=\"watupro_quiz\" class=\"quiz-area single-page-quiz\">\n<p id=\"submittingExam4\" style=\"display:none;text-align:center;\"><img loading=\"lazy\" decoding=\"async\" src=\"https:\/\/sisu.ut.ee\/wp-content\/plugins\/watupro\/img\/loading.gif\" width=\"16\" height=\"16\"><\/p>\n\n<div class=\"watupro-exam-description\" id=\"description-quiz-4\"><\/div>\n\n<form action=\"\" method=\"post\" class=\"quiz-form\" id=\"quiz-4\" enctype=\"multipart\/form-data\">\n<div class=\"watu-question \" id=\"question-1\" style=\";\"><div id=\"questionWrap-1\" class=\"   watupro-question-id-14\">\n\t\t\t<div class=\"question-content\"><div><p><span>Huvijuht tahab aktusel esitada kooriga Uno Naissoo laulu \u201cKoolikell\u201d. Kas ta tohib seda teha autori n\u00f5usolekuta?<\/span><\/p><\/div><input type=\"hidden\" name=\"question_id[]\" id=\"qID_1\" value=\"14\" class=\"watupro-question-id\"><input type=\"hidden\" id=\"answerType14\" class=\"answerTypeCnt1\" value=\"radio\"><!-- end question-content--><\/div><div class=\"question-choices watupro-choices-columns \" id=\"questionChoices14\"><div class=\"watupro-question-choice  \" dir=\"auto\"><input type=\"radio\" name=\"answer-14[]\" id=\"answer-id-69\" class=\"answer   answerof-14 \" value=\"69\"><label for=\"answer-id-69\" id=\"answer-label-69\" class=\" answer\"><span><p>Jah<\/p><\/span><\/label><\/div><div class=\"watupro-question-choice  \" dir=\"auto\"><input type=\"radio\" name=\"answer-14[]\" id=\"answer-id-70\" class=\"answer   answerof-14 \" value=\"70\"><label for=\"answer-id-70\" id=\"answer-label-70\" class=\" answer\"><span><p>Ei<\/p><\/span><\/label><\/div><!-- end question-choices--><\/div><!-- end questionWrap--><\/div><\/div><div class=\"watu-question \" id=\"question-2\" style=\";\"><div id=\"questionWrap-2\" class=\"   watupro-question-id-17\">\n\t\t\t<div class=\"question-content\"><div><p>\u00d5petaja tahab lastega laulda Gunnar Grapsi laulu \u201cImelik masin\u201d ja sellest teha videot, mis p\u00e4rast avaldatakse veebis. Kellelt peaks ta k\u00fcsima selleks luba?<\/p><\/div><input type=\"hidden\" name=\"question_id[]\" id=\"qID_2\" value=\"17\" class=\"watupro-question-id\"><input type=\"hidden\" id=\"answerType17\" class=\"answerTypeCnt2\" value=\"checkbox\"><!-- end question-content--><\/div><div class=\"question-choices watupro-choices-columns \" id=\"questionChoices17\"><div class=\"watupro-question-choice  \" dir=\"auto\"><input type=\"checkbox\" name=\"answer-17[]\" id=\"answer-id-77\" class=\"answer   answerof-17 \" value=\"77\"><label for=\"answer-id-77\" id=\"answer-label-77\" class=\" answer\"><span><p>Eesti Audiovisuaalautorite Liit<\/p><\/span><\/label><\/div><div class=\"watupro-question-choice  \" dir=\"auto\"><input type=\"checkbox\" name=\"answer-17[]\" id=\"answer-id-78\" class=\"answer   answerof-17 \" value=\"78\"><label for=\"answer-id-78\" id=\"answer-label-78\" class=\" answer\"><span><p>Autorih\u00fcvitusfond<\/p><\/span><\/label><\/div><div class=\"watupro-question-choice  \" dir=\"auto\"><input type=\"checkbox\" name=\"answer-17[]\" id=\"answer-id-79\" class=\"answer   answerof-17 \" value=\"79\"><label for=\"answer-id-79\" id=\"answer-label-79\" class=\" answer\"><span><p>Eesti Autorite \u00dching<\/p><\/span><\/label><\/div><!-- end question-choices--><\/div><!-- end questionWrap--><\/div><\/div><div class=\"watu-question \" id=\"question-3\" style=\";\"><div id=\"questionWrap-3\" class=\"   watupro-question-id-16\">\n\t\t\t<div class=\"question-content\"><div><p>\u00d5petaja tahab \u00f5pilastega esineda k\u00fclap\u00e4evadel ning paneb kokku kava. Mida ta tohib k\u00fclap\u00e4evadel ilma autoritelt k\u00fcsimata esitada?<\/p><\/div><input type=\"hidden\" name=\"question_id[]\" id=\"qID_3\" value=\"16\" class=\"watupro-question-id\"><input type=\"hidden\" id=\"answerType16\" class=\"answerTypeCnt3\" value=\"checkbox\"><!-- end question-content--><\/div><div class=\"question-choices watupro-choices-columns \" id=\"questionChoices16\"><div class=\"watupro-question-choice  \" dir=\"auto\"><input type=\"checkbox\" name=\"answer-16[]\" id=\"answer-id-73\" class=\"answer   answerof-16 \" value=\"73\"><label for=\"answer-id-73\" id=\"answer-label-73\" class=\" answer\"><span><p>Rahvalaulu \u201cMiks sina nutad tammekene\u201d<\/p><\/span><\/label><\/div><div class=\"watupro-question-choice  \" dir=\"auto\"><input type=\"checkbox\" name=\"answer-16[]\" id=\"answer-id-74\" class=\"answer   answerof-16 \" value=\"74\"><label for=\"answer-id-74\" id=\"answer-label-74\" class=\" answer\"><span><p>Hando Runneli luuletust \u201cMida sa arvad\u201d<\/p><\/span><\/label><\/div><div class=\"watupro-question-choice  \" dir=\"auto\"><input type=\"checkbox\" name=\"answer-16[]\" id=\"answer-id-75\" class=\"answer   answerof-16 \" value=\"75\"><label for=\"answer-id-75\" id=\"answer-label-75\" class=\" answer\"><span><p>Tantsu \u201cKaerajaan\u201d<\/p><\/span><\/label><\/div><div class=\"watupro-question-choice  \" dir=\"auto\"><input type=\"checkbox\" name=\"answer-16[]\" id=\"answer-id-76\" class=\"answer   answerof-16 \" value=\"76\"><label for=\"answer-id-76\" id=\"answer-label-76\" class=\" answer\"><span><p>A. H. Tammsaare miniatuuri \u201cPoiss ja liblik\u201d<\/p><\/span><\/label><\/div><!-- end question-choices--><\/div><!-- end questionWrap--><\/div><\/div><div class=\"watu-question \" id=\"question-4\" style=\";\"><div id=\"questionWrap-4\" class=\"   watupro-question-id-15\">\n\t\t\t<div class=\"question-content\"><div><p><span>Huvijuht tahab aktusel esitada kooriga Uno Naissoo laulu \u201cKoolikell\u201d. Kas ta tohib seda teha, kui aktust kantakse veebist avalikult \u00fcle?<\/span><\/p><\/div><input type=\"hidden\" name=\"question_id[]\" id=\"qID_4\" value=\"15\" class=\"watupro-question-id\"><input type=\"hidden\" id=\"answerType15\" class=\"answerTypeCnt4\" value=\"radio\"><!-- end question-content--><\/div><div class=\"question-choices watupro-choices-columns \" id=\"questionChoices15\"><div class=\"watupro-question-choice  \" dir=\"auto\"><input type=\"radio\" name=\"answer-15[]\" id=\"answer-id-71\" class=\"answer   answerof-15 \" value=\"71\"><label for=\"answer-id-71\" id=\"answer-label-71\" class=\" answer\"><span><p>Jah<\/p><\/span><\/label><\/div><div class=\"watupro-question-choice  \" dir=\"auto\"><input type=\"radio\" name=\"answer-15[]\" id=\"answer-id-72\" class=\"answer   answerof-15 \" value=\"72\"><label for=\"answer-id-72\" id=\"answer-label-72\" class=\" answer\"><span><p>Ei<\/p><\/span><\/label><\/div><!-- end question-choices--><\/div><!-- end questionWrap--><\/div><\/div><div style=\"display:none\" id=\"question-5\">\n\t<div class=\"question-content\">\n\t\t<img loading=\"lazy\" decoding=\"async\" src=\"https:\/\/sisu.ut.ee\/wp-content\/plugins\/watupro\/img\/loading.gif\" width=\"16\" height=\"16\" alt=\"Loading...\" title=\"Loading...\">\u00a0Loading...\t<\/div>\n<\/div>\n\n<br>\n\t\n\t\t\t<div class=\"watupro_buttons flex \" id=\"watuPROButtons4\">\n\t\t  <div id=\"prev-question\" style=\"display:none;\"><input type=\"button\" value=\"&lt; Previous\" onclick=\"WatuPRO.nextQuestion(event, 'previous');\"><\/div>\t\t  \t\t  \t\t   \n\t\t   \t  \t\t<div><input type=\"button\" name=\"action\" class=\"watupro-submit-button\" onclick=\"WatuPRO.submitResult(event)\" id=\"action-button\" value=\"Vaata tulemusi\">\n\t\t<\/div>\n\t\t<\/div>\n\t\t\n\t<input type=\"hidden\" name=\"quiz_id\" value=\"4\" id=\"watuPROExamID\">\n\t<input type=\"hidden\" name=\"start_time\" id=\"startTime\" value=\"2026-04-11 14:55:19\">\n\t<input type=\"hidden\" name=\"start_timestamp\" id=\"startTimeStamp\" value=\"1775919319\">\n\t<input type=\"hidden\" name=\"question_ids\" value=\"\">\n\t<input type=\"hidden\" name=\"watupro_questions\" value=\"14:69,70 | 17:77,78,79 | 16:73,74,75,76 | 15:71,72\">\n\t<input type=\"hidden\" name=\"no_ajax\" value=\"0\">\t\t\t<\/form>\n\t<p>\u00a0<\/p>\n<\/div>\n\n<script type=\"text\/javascript\">\n\/\/jQuery(document).ready(function(){\ndocument.addEventListener(\"DOMContentLoaded\", function(event) { \t\nvar question_ids = \"14,17,16,15\";\nWatuPROSettings[4] = {};\nWatuPRO.qArr = question_ids.split(',');\nWatuPRO.exam_id = 4;\t    \nWatuPRO.post_id = 117;\nWatuPRO.store_progress = 0;\nWatuPRO.curCatPage = 1;\nWatuPRO.requiredIDs=\"0\".split(\",\");\nWatuPRO.hAppID = \"0.91360900 1775908519\";\nvar url = \"https:\/\/sisu.ut.ee\/wp-content\/plugins\/watupro\/show_exam.php\";\nWatuPRO.examMode = 1;\nWatuPRO.siteURL=\"https:\/\/sisu.ut.ee\/autorioigused\/wp-admin\/admin-ajax.php\";\nWatuPRO.emailIsNotRequired = 0;\nWatuPRO.perDecade = 10;\nWatuPROIntel.init(4);\nWatuPRO.inCategoryPages=1;});    \t \n<\/script>\n\n","protected":false},"excerpt":{"rendered":"","protected":false},"author":6,"featured_media":0,"parent":0,"menu_order":0,"comment_status":"closed","ping_status":"closed","template":"","meta":{"_acf_changed":false,"inline_featured_image":false,"footnotes":""},"class_list":["post-117","page","type-page","status-publish","hentry"],"acf":[],"_links":{"self":[{"href":"https:\/\/sisu.ut.ee\/autorioigused\/wp-json\/wp\/v2\/pages\/117","targetHints":{"allow":["GET"]}}],"collection":[{"href":"https:\/\/sisu.ut.ee\/autorioigused\/wp-json\/wp\/v2\/pages"}],"about":[{"href":"https:\/\/sisu.ut.ee\/autorioigused\/wp-json\/wp\/v2\/types\/page"}],"author":[{"embeddable":true,"href":"https:\/\/sisu.ut.ee\/autorioigused\/wp-json\/wp\/v2\/users\/6"}],"replies":[{"embeddable":true,"href":"https:\/\/sisu.ut.ee\/autorioigused\/wp-json\/wp\/v2\/comments?post=117"}],"version-history":[{"count":0,"href":"https:\/\/sisu.ut.ee\/autorioigused\/wp-json\/wp\/v2\/pages\/117\/revisions"}],"wp:attachment":[{"href":"https:\/\/sisu.ut.ee\/autorioigused\/wp-json\/wp\/v2\/media?parent=117"}],"curies":[{"name":"wp","href":"https:\/\/api.w.org\/{rel}","templated":true}]}}