{"id":116,"date":"2024-04-11T18:32:39","date_gmt":"2024-04-11T15:32:39","guid":{"rendered":"https:\/\/sisu.ut.ee\/autorioigused\/1-4-test-teose-vaba-kasutamine-oppe-eesmargil\/"},"modified":"2024-04-11T18:32:39","modified_gmt":"2024-04-11T15:32:39","slug":"1-4-test-teose-vaba-kasutamine-oppe-eesmargil","status":"publish","type":"page","link":"https:\/\/sisu.ut.ee\/autorioigused\/1-4-test-teose-vaba-kasutamine-oppe-eesmargil\/","title":{"rendered":"1.4 TEST: Teose vaba kasutamine \u00f5ppe-eesm\u00e4rgil"},"content":{"rendered":"<div id=\"watupro_quiz\" class=\"quiz-area single-page-quiz\">\n<p id=\"submittingExam3\" style=\"display:none;text-align:center;\"><img loading=\"lazy\" decoding=\"async\" src=\"https:\/\/sisu.ut.ee\/wp-content\/plugins\/watupro\/img\/loading.gif\" width=\"16\" height=\"16\"><\/p>\n\n<div class=\"watupro-exam-description\" id=\"description-quiz-3\"><\/div>\n\n<form action=\"\" method=\"post\" class=\"quiz-form\" id=\"quiz-3\" enctype=\"multipart\/form-data\">\n<div class=\"watu-question \" id=\"question-1\" style=\";\"><div id=\"questionWrap-1\" class=\"   watupro-question-id-11\">\n\t\t\t<div class=\"question-content\"><div><p>Kui \u00f5petaja tahab klassile teha koopiat t\u00f6\u00f6vihiku \u00fchest harjutusest, siis mida ta peab kindlasti koopia peale veel kirjutama?<\/p><\/div><input type=\"hidden\" name=\"question_id[]\" id=\"qID_1\" value=\"11\" class=\"watupro-question-id\"><input type=\"hidden\" id=\"answerType11\" class=\"answerTypeCnt1\" value=\"checkbox\"><!-- end question-content--><\/div><div class=\"question-choices watupro-choices-columns \" id=\"questionChoices11\"><div class=\"watupro-question-choice  \" dir=\"auto\"><input type=\"checkbox\" name=\"answer-11[]\" id=\"answer-id-55\" class=\"answer   answerof-11 \" value=\"55\"><label for=\"answer-id-55\" id=\"answer-label-55\" class=\" answer\"><span><p>Autori nime<\/p><\/span><\/label><\/div><div class=\"watupro-question-choice  \" dir=\"auto\"><input type=\"checkbox\" name=\"answer-11[]\" id=\"answer-id-56\" class=\"answer   answerof-11 \" value=\"56\"><label for=\"answer-id-56\" id=\"answer-label-56\" class=\" answer\"><span><p>V\u00e4ljaandmise aasta<\/p><\/span><\/label><\/div><div class=\"watupro-question-choice  \" dir=\"auto\"><input type=\"checkbox\" name=\"answer-11[]\" id=\"answer-id-57\" class=\"answer   answerof-11 \" value=\"57\"><label for=\"answer-id-57\" id=\"answer-label-57\" class=\" answer\"><span><p>Kunstniku nime<\/p><\/span><\/label><\/div><div class=\"watupro-question-choice  \" dir=\"auto\"><input type=\"checkbox\" name=\"answer-11[]\" id=\"answer-id-58\" class=\"answer   answerof-11 \" value=\"58\"><label for=\"answer-id-58\" id=\"answer-label-58\" class=\" answer\"><span><p>T\u00f6\u00f6vihiku pealkirja<\/p><\/span><\/label><\/div><div class=\"watupro-question-choice  \" dir=\"auto\"><input type=\"checkbox\" name=\"answer-11[]\" id=\"answer-id-59\" class=\"answer   answerof-11 \" value=\"59\"><label for=\"answer-id-59\" id=\"answer-label-59\" class=\" answer\"><span><p>Lehek\u00fclje numbri<\/p><\/span><\/label><\/div><div class=\"watupro-question-choice  \" dir=\"auto\"><input type=\"checkbox\" name=\"answer-11[]\" id=\"answer-id-60\" class=\"answer   answerof-11 \" value=\"60\"><label for=\"answer-id-60\" id=\"answer-label-60\" class=\" answer\"><span><p>Kirjastuse nime<\/p><\/span><\/label><\/div><!-- end question-choices--><\/div><!-- end questionWrap--><\/div><\/div><div class=\"watu-question \" id=\"question-2\" style=\";\"><div id=\"questionWrap-2\" class=\"   watupro-question-id-13\">\n\t\t\t<div class=\"question-content\"><div><p>\u00d5ppej\u00f5ud leidis Youtube\u2019ist video, mida ta soovib oma s\u00f5prade ja \u00f5pilastega jagada. Mida ta tohib teha?<\/p><\/div><input type=\"hidden\" name=\"question_id[]\" id=\"qID_2\" value=\"13\" class=\"watupro-question-id\"><input type=\"hidden\" id=\"answerType13\" class=\"answerTypeCnt2\" value=\"checkbox\"><!-- end question-content--><\/div><div class=\"question-choices watupro-choices-columns \" id=\"questionChoices13\"><div class=\"watupro-question-choice  \" dir=\"auto\"><input type=\"checkbox\" name=\"answer-13[]\" id=\"answer-id-65\" class=\"answer   answerof-13 \" value=\"65\"><label for=\"answer-id-65\" id=\"answer-label-65\" class=\" answer\"><span><p>Lisada video lingi oma Facebook\u2019i seinale.<\/p><\/span><\/label><\/div><div class=\"watupro-question-choice  \" dir=\"auto\"><input type=\"checkbox\" name=\"answer-13[]\" id=\"answer-id-66\" class=\"answer   answerof-13 \" value=\"66\"><label for=\"answer-id-66\" id=\"answer-label-66\" class=\" answer\"><span><p>Saata allalaaditud video oma s\u00f5pradele.<\/p><\/span><\/label><\/div><div class=\"watupro-question-choice  \" dir=\"auto\"><input type=\"checkbox\" name=\"answer-13[]\" id=\"answer-id-67\" class=\"answer   answerof-13 \" value=\"67\"><label for=\"answer-id-67\" id=\"answer-label-67\" class=\" answer\"><span><p>Manustada koodiga video oma kodulehele.<\/p><\/span><\/label><\/div><div class=\"watupro-question-choice  \" dir=\"auto\"><input type=\"checkbox\" name=\"answer-13[]\" id=\"answer-id-68\" class=\"answer   answerof-13 \" value=\"68\"><label for=\"answer-id-68\" id=\"answer-label-68\" class=\" answer\"><span><p>Laadida video Youtube'ist alla ning lisada see Moodle\u2019isse.<\/p><\/span><\/label><\/div><!-- end question-choices--><\/div><!-- end questionWrap--><\/div><\/div><div class=\"watu-question \" id=\"question-3\" style=\";\"><div id=\"questionWrap-3\" class=\"   watupro-question-id-12\">\n\t\t\t<div class=\"question-content\"><div><p>Lasteaia\u00f5petaja teeb lastele tasulist inglise keele ringi ning soovib kasutada harjutusi \u00fchest USA-s v\u00e4lja antud \u00f5pikust. Kas ta tohib seda teha?<\/p><\/div><input type=\"hidden\" name=\"question_id[]\" id=\"qID_3\" value=\"12\" class=\"watupro-question-id\"><input type=\"hidden\" id=\"answerType12\" class=\"answerTypeCnt3\" value=\"checkbox\"><!-- end question-content--><\/div><div class=\"question-choices watupro-choices-columns \" id=\"questionChoices12\"><div class=\"watupro-question-choice  \" dir=\"auto\"><input type=\"checkbox\" name=\"answer-12[]\" id=\"answer-id-61\" class=\"answer   answerof-12 \" value=\"61\"><label for=\"answer-id-61\" id=\"answer-label-61\" class=\" answer\"><span><p>Jah, sest \u00f5pik on v\u00e4lja antud USA-s.<\/p><\/span><\/label><\/div><div class=\"watupro-question-choice  \" dir=\"auto\"><input type=\"checkbox\" name=\"answer-12[]\" id=\"answer-id-62\" class=\"answer   answerof-12 \" value=\"62\"><label for=\"answer-id-62\" id=\"answer-label-62\" class=\" answer\"><span><p>Jah, sest ta teeb seda koolis ja \u00f5ppet\u00f6\u00f6 raames.<\/p><\/span><\/label><\/div><div class=\"watupro-question-choice  \" dir=\"auto\"><input type=\"checkbox\" name=\"answer-12[]\" id=\"answer-id-63\" class=\"answer   answerof-12 \" value=\"63\"><label for=\"answer-id-63\" id=\"answer-label-63\" class=\" answer\"><span><p>Ei, sest \u00f5pik on v\u00e4lja antud USA-s.<\/p><\/span><\/label><\/div><div class=\"watupro-question-choice  \" dir=\"auto\"><input type=\"checkbox\" name=\"answer-12[]\" id=\"answer-id-64\" class=\"answer   answerof-12 \" value=\"64\"><label for=\"answer-id-64\" id=\"answer-label-64\" class=\" answer\"><span><p>Ei, sest inglise keele ring on tasuline.<\/p><\/span><\/label><\/div><!-- end question-choices--><\/div><!-- end questionWrap--><\/div><\/div><div class=\"watu-question \" id=\"question-4\" style=\";\"><div id=\"questionWrap-4\" class=\"   watupro-question-id-10\">\n\t\t\t<div class=\"question-content\"><div><p><span>Muusika\u00f5petaja J\u00fcri tahab oma tunniks paljundada j\u00e4rgnevaid asju, et neid kasutada ainult oma tunnis. Mida ta antud materjalidest tohib paljundada ja \u00f5pilastega jagada?<\/span><\/p><\/div><input type=\"hidden\" name=\"question_id[]\" id=\"qID_4\" value=\"10\" class=\"watupro-question-id\"><input type=\"hidden\" id=\"answerType10\" class=\"answerTypeCnt4\" value=\"checkbox\"><!-- end question-content--><\/div><div class=\"question-choices watupro-choices-columns \" id=\"questionChoices10\"><div class=\"watupro-question-choice  \" dir=\"auto\"><input type=\"checkbox\" name=\"answer-10[]\" id=\"answer-id-51\" class=\"answer   answerof-10 \" value=\"51\"><label for=\"answer-id-51\" id=\"answer-label-51\" class=\" answer\"><span><p>Noodid Anu R\u00f6\u00f6meli laulust \u201cUued kummikud\u201d Muusikamaa, III klassi muusika\u00f5pik, 2017.<\/p><\/span><\/label><\/div><div class=\"watupro-question-choice  \" dir=\"auto\"><input type=\"checkbox\" name=\"answer-10[]\" id=\"answer-id-52\" class=\"answer   answerof-10 \" value=\"52\"><label for=\"answer-id-52\" id=\"answer-label-52\" class=\" answer\"><span><p>Rahvalalulu \u201cKui mina hakkan laulemaie\u201d s\u00f5nad\u00a0<a href=\"http:\/\/www.folklore.ee\/laulud\/erla\/e14.htm\">http:\/\/www.folklore.ee\/laulud\/erla\/e14.htm<\/a><\/p><\/span><\/label><\/div><div class=\"watupro-question-choice  \" dir=\"auto\"><input type=\"checkbox\" name=\"answer-10[]\" id=\"answer-id-53\" class=\"answer   answerof-10 \" value=\"53\"><label for=\"answer-id-53\" id=\"answer-label-53\" class=\" answer\"><span><p>Pildi Mozartist\u00a0<a href=\"https:\/\/en.wikipedia.org\/wiki\/Wolfgang_Amadeus_Mozart#\/media\/File:Wolfgang-amadeus-mozart_1.jpg\">https:\/\/en.wikipedia.org\/wiki\/Wolfgang_Amadeus_Mozart#\/media\/File:Wolfgang-amadeus-mozart_1.jpg<\/a>\u00a0<\/p><\/span><\/label><\/div><div class=\"watupro-question-choice  \" dir=\"auto\"><input type=\"checkbox\" name=\"answer-10[]\" id=\"answer-id-54\" class=\"answer   answerof-10 \" value=\"54\"><label for=\"answer-id-54\" id=\"answer-label-54\" class=\" answer\"><span><p>\u00d5pilase Martin L\u00f5vi luuletuse p\u00f6\u00f6ningult leitud vihikust. Vihik p\u00e4rineb aastast 1980.<\/p><\/span><\/label><\/div><!-- end question-choices--><\/div><!-- end questionWrap--><\/div><\/div><div class=\"watu-question \" id=\"question-5\" style=\";\"><div id=\"questionWrap-5\" class=\"   watupro-question-id-9\">\n\t\t\t<div class=\"question-content\"><div><p><span>Millisel juhul tohib kasutada teiste loodud materjale \u00f5ppet\u00f6\u00f6s?<\/span><\/p><\/div><input type=\"hidden\" name=\"question_id[]\" id=\"qID_5\" value=\"9\" class=\"watupro-question-id\"><input type=\"hidden\" id=\"answerType9\" class=\"answerTypeCnt5\" value=\"checkbox\"><!-- end question-content--><\/div><div class=\"question-choices watupro-choices-columns \" id=\"questionChoices9\"><div class=\"watupro-question-choice  \" dir=\"auto\"><input type=\"checkbox\" name=\"answer-9[]\" id=\"answer-id-44\" class=\"answer   answerof-9 \" value=\"44\"><label for=\"answer-id-44\" id=\"answer-label-44\" class=\" answer\"><span><p>Seda tehakse motiveeritud mahus.<\/p><\/span><\/label><\/div><div class=\"watupro-question-choice  \" dir=\"auto\"><input type=\"checkbox\" name=\"answer-9[]\" id=\"answer-id-45\" class=\"answer   answerof-9 \" value=\"45\"><label for=\"answer-id-45\" id=\"answer-label-45\" class=\" answer\"><span><p>Teost kasutatakse hariduslikel eesm\u00e4rkidel.<\/p><\/span><\/label><\/div><div class=\"watupro-question-choice  \" dir=\"auto\"><input type=\"checkbox\" name=\"answer-9[]\" id=\"answer-id-46\" class=\"answer   answerof-9 \" value=\"46\"><label for=\"answer-id-46\" id=\"answer-label-46\" class=\" answer\"><span><p>Materjal on \u00f5igusp\u00e4raselt avaldatud.<\/p><\/span><\/label><\/div><div class=\"watupro-question-choice  \" dir=\"auto\"><input type=\"checkbox\" name=\"answer-9[]\" id=\"answer-id-47\" class=\"answer   answerof-9 \" value=\"47\"><label for=\"answer-id-47\" id=\"answer-label-47\" class=\" answer\"><span><p>Materjali kasutatakse illustreeriva materjalina.<\/p><\/span><\/label><\/div><div class=\"watupro-question-choice  \" dir=\"auto\"><input type=\"checkbox\" name=\"answer-9[]\" id=\"answer-id-48\" class=\"answer   answerof-9 \" value=\"48\"><label for=\"answer-id-48\" id=\"answer-label-48\" class=\" answer\"><span><p>Kasutamine ei ole vastuolus tavap\u00e4rase kasutamisega.<\/p><\/span><\/label><\/div><div class=\"watupro-question-choice  \" dir=\"auto\"><input type=\"checkbox\" name=\"answer-9[]\" id=\"answer-id-49\" class=\"answer   answerof-9 \" value=\"49\"><label for=\"answer-id-49\" id=\"answer-label-49\" class=\" answer\"><span><p>Kasutaja ei taotleta \u00e4rilisi eesm\u00e4rke.<\/p><\/span><\/label><\/div><div class=\"watupro-question-choice  \" dir=\"auto\"><input type=\"checkbox\" name=\"answer-9[]\" id=\"answer-id-50\" class=\"answer   answerof-9 \" value=\"50\"><label for=\"answer-id-50\" id=\"answer-label-50\" class=\" answer\"><span><p>T\u00f6\u00f6p\u00e4evadel kella 8.00-20.00 vahel.<\/p><\/span><\/label><\/div><!-- end question-choices--><\/div><!-- end questionWrap--><\/div><\/div><div style=\"display:none\" id=\"question-6\">\n\t<div class=\"question-content\">\n\t\t<img loading=\"lazy\" decoding=\"async\" src=\"https:\/\/sisu.ut.ee\/wp-content\/plugins\/watupro\/img\/loading.gif\" width=\"16\" height=\"16\" alt=\"Loading...\" title=\"Loading...\">\u00a0Loading...\t<\/div>\n<\/div>\n\n<br>\n\t\n\t\t\t<div class=\"watupro_buttons flex \" id=\"watuPROButtons3\">\n\t\t  <div id=\"prev-question\" style=\"display:none;\"><input type=\"button\" value=\"&lt; Previous\" onclick=\"WatuPRO.nextQuestion(event, 'previous');\"><\/div>\t\t  \t\t  \t\t   \n\t\t   \t  \t\t<div><input type=\"button\" name=\"action\" class=\"watupro-submit-button\" onclick=\"WatuPRO.submitResult(event)\" id=\"action-button\" value=\"Vaata tulemusi\">\n\t\t<\/div>\n\t\t<\/div>\n\t\t\n\t<input type=\"hidden\" name=\"quiz_id\" value=\"3\" id=\"watuPROExamID\">\n\t<input type=\"hidden\" name=\"start_time\" id=\"startTime\" value=\"2026-04-11 14:53:42\">\n\t<input type=\"hidden\" name=\"start_timestamp\" id=\"startTimeStamp\" value=\"1775919222\">\n\t<input type=\"hidden\" name=\"question_ids\" value=\"\">\n\t<input type=\"hidden\" name=\"watupro_questions\" value=\"11:55,56,57,58,59,60 | 13:65,66,67,68 | 12:61,62,63,64 | 10:51,52,53,54 | 9:44,45,46,47,48,49,50\">\n\t<input type=\"hidden\" name=\"no_ajax\" value=\"0\">\t\t\t<\/form>\n\t<p>\u00a0<\/p>\n<\/div>\n\n<script type=\"text\/javascript\">\n\/\/jQuery(document).ready(function(){\ndocument.addEventListener(\"DOMContentLoaded\", function(event) { \t\nvar question_ids = \"11,13,12,10,9\";\nWatuPROSettings[3] = {};\nWatuPRO.qArr = question_ids.split(',');\nWatuPRO.exam_id = 3;\t    \nWatuPRO.post_id = 116;\nWatuPRO.store_progress = 0;\nWatuPRO.curCatPage = 1;\nWatuPRO.requiredIDs=\"0\".split(\",\");\nWatuPRO.hAppID = \"0.57116400 1775908422\";\nvar url = \"https:\/\/sisu.ut.ee\/wp-content\/plugins\/watupro\/show_exam.php\";\nWatuPRO.examMode = 1;\nWatuPRO.siteURL=\"https:\/\/sisu.ut.ee\/autorioigused\/wp-admin\/admin-ajax.php\";\nWatuPRO.emailIsNotRequired = 0;\nWatuPRO.perDecade = 10;\nWatuPROIntel.init(3);\nWatuPRO.inCategoryPages=1;});    \t \n<\/script>\n\n","protected":false},"excerpt":{"rendered":"","protected":false},"author":6,"featured_media":0,"parent":0,"menu_order":0,"comment_status":"closed","ping_status":"closed","template":"","meta":{"_acf_changed":false,"inline_featured_image":false,"footnotes":""},"class_list":["post-116","page","type-page","status-publish","hentry"],"acf":[],"_links":{"self":[{"href":"https:\/\/sisu.ut.ee\/autorioigused\/wp-json\/wp\/v2\/pages\/116","targetHints":{"allow":["GET"]}}],"collection":[{"href":"https:\/\/sisu.ut.ee\/autorioigused\/wp-json\/wp\/v2\/pages"}],"about":[{"href":"https:\/\/sisu.ut.ee\/autorioigused\/wp-json\/wp\/v2\/types\/page"}],"author":[{"embeddable":true,"href":"https:\/\/sisu.ut.ee\/autorioigused\/wp-json\/wp\/v2\/users\/6"}],"replies":[{"embeddable":true,"href":"https:\/\/sisu.ut.ee\/autorioigused\/wp-json\/wp\/v2\/comments?post=116"}],"version-history":[{"count":0,"href":"https:\/\/sisu.ut.ee\/autorioigused\/wp-json\/wp\/v2\/pages\/116\/revisions"}],"wp:attachment":[{"href":"https:\/\/sisu.ut.ee\/autorioigused\/wp-json\/wp\/v2\/media?parent=116"}],"curies":[{"name":"wp","href":"https:\/\/api.w.org\/{rel}","templated":true}]}}